{"id":3961,"date":"2022-07-26T09:58:36","date_gmt":"2022-07-26T07:58:36","guid":{"rendered":"https:\/\/termemarconi.it\/piscine\/"},"modified":"2022-09-06T18:35:52","modified_gmt":"2022-09-06T16:35:52","slug":"piscines","status":"publish","type":"page","link":"https:\/\/termemarconi.it\/fr\/piscines\/","title":{"rendered":"Piscines"},"content":{"rendered":"<p>[vc_row full_width=\u00a0\u00bbstretch_row\u00a0\u00bb parallax=\u00a0\u00bbcontent-moving\u00a0\u00bb parallax_image=\u00a0\u00bb2798&Prime; css=\u00a0\u00bb.vc_custom_1658827021267{margin-top: 0px !important;margin-bottom: 0px !important;border-top-width: 0px !important;border-bottom-width: 0px !important;padding-top: 0px !important;padding-bottom: 0px !important;}\u00a0\u00bb el_class=\u00a0\u00bbnd_options_vc_parallax_filter_2_5&Prime;][vc_column width=\u00a0\u00bb1\/6&Prime;][\/vc_column][vc_column width=\u00a0\u00bb2\/3&Prime; el_class=\u00a0\u00bbnd_options_text_align_center\u00a0\u00bb][vc_empty_space height=\u00a0\u00bb200&Prime;] <h1 style=\"color:#ffffff;padding:px;text-align:center;font-size:95px;line-height:95px;letter-spacing: 2px;font-weight:lighter\" class=\"   nd_options_third_font \">Piscines thermales<\/h1> <div style=\"background-color:;height: 30px\" class=\"nicdark_section  \"><\/div> <p style=\"color:#ffffff;padding:px;text-align:center;font-size:22px;line-height:33px;letter-spacing: 1px;font-weight:normal\" class=\"   nd_options_second_font \">Quatre piscines thermales agr\u00e9menteront en permanence votre s\u00e9jour, que celui-ci soit pr\u00e9vu pour une simple journ\u00e9e Spa, pour un week-end ou pour des s\u00e9jours plus longs.<\/p> [vc_empty_space height=\u00a0\u00bb200&Prime;]<div style=\"background-color:;height: 30px\" class=\"nicdark_section  \"><\/div>[\/vc_column][vc_column width=\u00a0\u00bb1\/6&Prime;][\/vc_column][\/vc_row][vc_row css=\u00a0\u00bb.vc_custom_1655978825926{margin-top: -110px !important;}\u00a0\u00bb][vc_column width=\u00a0\u00bb1\/2&Prime; css=\u00a0\u00bb.vc_custom_1655978891941{margin-top: 10px !important;margin-bottom: 10px !important;}\u00a0\u00bb][vc_single_image image=\u00a0\u00bb1964&Prime; img_size=\u00a0\u00bblarge\u00a0\u00bb]<div style=\"background-color:;height: 30px\" class=\"nicdark_section  \"><\/div> <h2 style=\"color:#eeeeee;padding:px;text-align:;font-size:70px;line-height:px;letter-spacing: px;font-weight:normal\" class=\"   nd_options_third_font \">Relax indoor<\/h2>  <h2 style=\"color:;padding:px;text-align:;font-size:42px;line-height:40px;letter-spacing: 2px;font-weight:lighter\" class=\"  nd_options_font_size_40_important_all_iphone nd_options_first_font \">PISCINE COUVERTE<\/h2> <div style=\"background-color:;height: 30px\" class=\"nicdark_section  \"><\/div>[vc_column_text]V\u00eatu(e) de votre peignoir de bain et avec la serviette que nous vous aurons fournis, vous acc\u00e9derez \u00e0 la zone Spa gr\u00e2ce aux deux ascenseurs pratiques pr\u00e9vus \u00e0 cet effet. Vous pourrez donc profiter des bienfaits de l\u2019<strong>eau thermale des piscines<\/strong> sans devoir sortir de l\u2019h\u00f4tel. Par cons\u00e9quent, m\u00eame en cas de mauvais temps, pas de probl\u00e8mes&#8230; Bien au contraire, vous d\u00e9couvrirez le <strong>plaisir de vous baigner dans l\u2019eau chaude<\/strong> en observant la pluie ou la neige. Pour vous \u00e9viter de tomber malade, la piscine couverte vous permettra de rester bien au chaud. [\/vc_column_text]<div style=\"background-color:;height: 60px\" class=\"nicdark_section  \"><\/div>[\/vc_column][vc_column width=\u00a0\u00bb1\/2&Prime; css=\u00a0\u00bb.vc_custom_1655978884312{margin-top: 10px !important;margin-bottom: 10px !important;}\u00a0\u00bb][vc_single_image image=\u00a0\u00bb2810&Prime; img_size=\u00a0\u00bblarge\u00a0\u00bb]<div style=\"background-color:;height: 30px\" class=\"nicdark_section  \"><\/div> <h2 style=\"color:#eeeeee;padding:px;text-align:;font-size:70px;line-height:px;letter-spacing: px;font-weight:normal\" class=\"   nd_options_third_font \">Idromassaggi e lettini<\/h2>  <h2 style=\"color:;padding:px;text-align:;font-size:42px;line-height:40px;letter-spacing: 2px;font-weight:lighter\" class=\"  nd_options_font_size_40_important_all_iphone nd_options_first_font \">PISCINES EN PLEIN AIR <\/h2> <div style=\"background-color:;height: 30px\" class=\"nicdark_section  \"><\/div>[vc_column_text]Mais la magie et la praticit\u00e9 de cette piscine r\u00e9side dans le fait qu\u2019en traversant un petit couloir au sein de celle-ci, vous pourrez vous retrouver dans une piscine d\u00e9couverte, pourvue d\u2019un <strong>parcours d\u2019hydromassage<\/strong>, avec des <strong>petits lits o\u00f9 l\u2019eau vous massera agr\u00e9ablement<\/strong>, et o\u00f9 vous pourrez prendre un peu de soleil. La derni\u00e8re n\u00e9e des <strong>4 piscines<\/strong> dispose, autour des murs, de cabines d\u2019<strong>hydromassage tr\u00e8s pratiques<\/strong>. Une fois \u00e0 l\u2019int\u00e9rieur, vous n\u2019aurez plus aucune notion du temps surtout en \u00e9changeant quelques mots avec la personne qui occupera la cabine contigu\u00eb \u00e0 la v\u00f4tre.[\/vc_column_text]<div style=\"background-color:;height: 70px\" class=\"nicdark_section  \"><\/div>[\/vc_column][\/vc_row][vc_row full_width=\u00a0\u00bbstretch_row\u00a0\u00bb parallax=\u00a0\u00bbcontent-moving\u00a0\u00bb css=\u00a0\u00bb.vc_custom_1658822604976{padding-top: 80px !important;padding-bottom: 70px !important;background-color: #113d34 !important;background-position: 0 0;background-repeat: no-repeat !important;}\u00a0\u00bb][vc_column css=\u00a0\u00bb.vc_custom_1548861971286{background-position: center !important;background-repeat: no-repeat !important;background-size: cover !important;}\u00a0\u00bb][vc_row_inner][vc_column_inner width=\u00a0\u00bb1\/3&Prime; css=\u00a0\u00bb.vc_custom_1655974412412{background-color: #113d34 !important;background-position: center !important;background-repeat: no-repeat !important;background-size: cover !important;}\u00a0\u00bb] <h2 style=\"color:#ffffff;padding:px;text-align:;font-size:70px;line-height:70px;letter-spacing: px;font-weight:normal\" class=\"   nd_options_third_font \">D\u00e9tente bien m\u00e9rit\u00e9e<\/h2> [vc_empty_space height=\u00a0\u00bb15&Prime;][\/vc_column_inner][vc_column_inner width=\u00a0\u00bb2\/3&Prime;][vc_empty_space height=\u00a0\u00bb10&Prime;][vc_column_text]<\/p>\n<p style=\"color: #fff;\">Pour un repos bien m\u00e9rit\u00e9, la section Spa dispose de lits confortables aussi bien en zone couverte que dans le parc verdoyant.<\/p>\n<p>[\/vc_column_text][\/vc_column_inner][\/vc_row_inner][\/vc_column][\/vc_row][vc_row full_width=\u00a0\u00bbstretch_row_content\u00a0\u00bb parallax=\u00a0\u00bbcontent-moving\u00a0\u00bb css=\u00a0\u00bb.vc_custom_1658245789302{margin-top: 0px !important;border-top-width: 0px !important;padding-top: 0px !important;}\u00a0\u00bb][vc_column css=\u00a0\u00bb.vc_custom_1548861971286{background-position: center !important;background-repeat: no-repeat !important;background-size: cover !important;}\u00a0\u00bb][vc_row_inner][vc_column_inner][vc_empty_space height=\u00a0\u00bb15&Prime;][vc_masonry_media_grid element_width=\u00a0\u00bb2&Prime; gap=\u00a0\u00bb15&Prime; item=\u00a0\u00bbmediaGrid_Default\u00a0\u00bb grid_id=\u00a0\u00bbvc_gid:1662482064925-0b51bc57-e705-9&Prime; include=\u00a0\u00bb2812,2816,2821,2819,1882,2814&Prime;][vc_empty_space height=\u00a0\u00bb95&Prime;][\/vc_column_inner][\/vc_row_inner][\/vc_column][\/vc_row][vc_row][vc_column width=\u00a0\u00bb1\/2&Prime; css=\u00a0\u00bb.vc_custom_1655978891941{margin-top: 10px !important;margin-bottom: 10px !important;}\u00a0\u00bb] <h2 style=\"color:#eeeeee;padding:px;text-align:;font-size:70px;line-height:px;letter-spacing: px;font-weight:normal\" class=\"   nd_options_third_font \">Pour la natation<\/h2>  <h2 style=\"color:;padding:px;text-align:;font-size:42px;line-height:40px;letter-spacing: 2px;font-weight:lighter\" class=\"  nd_options_font_size_40_important_all_iphone nd_options_first_font \">PISCINE OLYMPIQUE<\/h2> <div style=\"background-color:;height: 30px\" class=\"nicdark_section  \"><\/div>[vc_column_text]La <strong>piscine olympique<\/strong>, situ\u00e9e en pleine verdure, vous permettra de nager ou de vous baigner au beau milieu d\u2019\u00e9quipements et de jouets flottants pratiques et color\u00e9s pour la plus grande joie des enfants et des apprentis-nageurs. Selon la saison et les exigences des invit\u00e9s, toutes les piscines thermales <strong>proposent des activit\u00e9s d\u2019hydrokin\u00e9sith\u00e9rapie<\/strong>, d\u2019<strong>aquagym <\/strong>ou des exercices de r\u00e9habilitation. [\/vc_column_text]<div style=\"background-color:;height: 60px\" class=\"nicdark_section  \"><\/div>[\/vc_column][vc_column width=\u00a0\u00bb1\/2&Prime; css=\u00a0\u00bb.vc_custom_1655978884312{margin-top: 10px !important;margin-bottom: 10px !important;}\u00a0\u00bb][vc_single_image image=\u00a0\u00bb1878&Prime; img_size=\u00a0\u00bblarge\u00a0\u00bb]<div style=\"background-color:;height: 70px\" class=\"nicdark_section  \"><\/div>[\/vc_column][\/vc_row][vc_row full_width=\u00a0\u00bbstretch_row\u00a0\u00bb parallax=\u00a0\u00bbcontent-moving\u00a0\u00bb css=\u00a0\u00bb.vc_custom_1658837251214{padding-top: 60px !important;padding-bottom: 80px !important;background-color: #113d34 !important;background-position: 0 0;background-repeat: no-repeat !important;}\u00a0\u00bb][vc_column css=\u00a0\u00bb.vc_custom_1548861971286{background-position: center !important;background-repeat: no-repeat !important;background-size: cover !important;}\u00a0\u00bb][vc_row_inner][vc_column_inner css=\u00a0\u00bb.vc_custom_1655974412412{background-color: #113d34 !important;background-position: center !important;background-repeat: no-repeat !important;background-size: cover !important;}\u00a0\u00bb] <h2 style=\"color:#ffffff;padding:px;text-align:center;font-size:70px;line-height:73px;letter-spacing: px;font-weight:normal\" class=\"   nd_options_third_font \">La valeur th\u00e9rapeutiques de l'eau thermale<\/h2> [vc_empty_space height=\u00a0\u00bb67&Prime;][\/vc_column_inner][\/vc_row_inner][\/vc_column][\/vc_row][vc_row css=\u00a0\u00bb.vc_custom_1658144647164{margin-top: -75px !important;}\u00a0\u00bb][vc_column width=\u00a0\u00bb1\/3&Prime;][vc_masonry_media_grid element_width=\u00a0\u00bb12&Prime; gap=\u00a0\u00bb0&Prime; item=\u00a0\u00bbmediaGrid_Default\u00a0\u00bb grid_id=\u00a0\u00bbvc_gid:1662482064938-5c102aa9-7ec6-4&Prime; include=\u00a0\u00bb2351&Prime;][vc_empty_space height=\u00a0\u00bb30&Prime;] <h2 style=\"color:;padding:px;text-align:;font-size:42px;line-height:40px;letter-spacing: 2px;font-weight:lighter\" class=\"  nd_options_font_size_40_important_all_iphone nd_options_first_font \">HYDROKIN\u00c9SI<\/h2> [vc_empty_space height=\u00a0\u00bb30&Prime;][vc_column_text]C&rsquo;est un programme visant \u00e0 r\u00e9tablir la fonction physiologique et articulaire de muscles et d&rsquo;articulations ayant subi un traumatisme.<br \/>\nLes caract\u00e9ristiques de l&rsquo;environnement compos\u00e9 d&rsquo;eau thermale o\u00f9 il se pratique permettent aux patients de se d\u00e9placer avec l\u00e9g\u00e8ret\u00e9 et libert\u00e9, gr\u00e2ce \u00e0 la pouss\u00e9e hydrostatique qui soutient le corps et aide \u00e0 d\u00e9tendre la musculature et \u00e0 soulager la douleur, gr\u00e2ce au massage de l&rsquo;eau sur le physique. Le tout se produit sans stress musculaire.<br \/>\n[\/vc_column_text][vc_empty_space height=\u00a0\u00bb27&Prime;][\/vc_column][vc_column width=\u00a0\u00bb1\/3&Prime;][vc_masonry_media_grid element_width=\u00a0\u00bb12&Prime; gap=\u00a0\u00bb0&Prime; item=\u00a0\u00bbmediaGrid_Default\u00a0\u00bb grid_id=\u00a0\u00bbvc_gid:1662482064940-556217a8-2e3f-2&Prime; include=\u00a0\u00bb2356&Prime;][vc_empty_space height=\u00a0\u00bb30&Prime;] <h2 style=\"color:;padding:px;text-align:;font-size:42px;line-height:40px;letter-spacing: 2px;font-weight:lighter\" class=\"  nd_options_font_size_40_important_all_iphone nd_options_first_font \">NATATION<\/h2> [vc_empty_space height=\u00a0\u00bb30&Prime;][vc_column_text]Nager dans de l&rsquo;eau de mer ou de lac, m\u00eame dans des piscines normales o\u00f9 la temp\u00e9rature de l&rsquo;eau est de 25\u00b0 C environ, demande souvent des exercices d&rsquo;\u00e9chauffement, une adaptation soudaine \u00e0 la temp\u00e9rature de l&rsquo;eau et des mouvements \u00e0 faire rapidement. Ces sont des raisons pour lesquelles nager est une activit\u00e9 qui n&rsquo;est pas accept\u00e9e par tous. Au contraire, si on a la possibilit\u00e9 de nager dans de l&rsquo;eau thermale &#8211; comme, par exemple, dans de l&rsquo;eau de nos piscines thermales o\u00f9 elle est \u00e0 une temp\u00e9rature de 35\u00b0 C -, ce type d&rsquo;exercice prends des caract\u00e9ristique tr\u00e8s particuliers en ce qui concerne les aspects physiologiques. En premier lieu, la temp\u00e9rature de l&rsquo;eau thermale ne demande pas des exercices d&rsquo;\u00e9chauffement avant de nager; on peut commencer \u00e0 nager lentement et varier l&rsquo;intensit\u00e9 des exercices progressivement.<\/p>\n<p>Le rythme des mouvements m\u00eame est moins intense, en permettant aux muscles tendus d&rsquo;avoir une p\u00e9riode de rel\u00e2chement et un bon recouvrement physiologique. Donc, gr\u00e2ce \u00e0 son caract\u00e9ristiques nager dans de l&rsquo;eau thermale bien s&rsquo;adapte \u00e0 toutes exigences.[\/vc_column_text][vc_empty_space height=\u00a0\u00bb27&Prime;][\/vc_column][vc_column width=\u00a0\u00bb1\/3&Prime;][vc_masonry_media_grid element_width=\u00a0\u00bb12&Prime; gap=\u00a0\u00bb0&Prime; item=\u00a0\u00bbmediaGrid_Default\u00a0\u00bb grid_id=\u00a0\u00bbvc_gid:1662482064942-8a2e9d28-69c6-3&Prime; include=\u00a0\u00bb2350&Prime;][vc_empty_space height=\u00a0\u00bb30&Prime;] <h2 style=\"color:;padding:px;text-align:;font-size:42px;line-height:40px;letter-spacing: 2px;font-weight:lighter\" class=\"  nd_options_font_size_40_important_all_iphone nd_options_first_font \">ACQUAGYM<\/h2> [vc_empty_space height=\u00a0\u00bb30&Prime;][vc_column_text]Convient \u00e0 tout le monde. C\u2019est une gymnastique compl\u00e8te qui permet d\u2019am\u00e9liorer le tonus et l\u2019\u00e9lasticit\u00e9 musculaire par la pratique d\u2019exercices simples ; faire de la gymnastique dans l\u2019eau est plus fatigant que dans l\u2019air, il suffit donc d\u2019effectuer quelques mouvements pour raffermir la musculation et la faire devenir plus dure et tonique. L\u2019aquagym permet de maigrir et surtout de modeler notre corps sans trop faire augmenter la masse musculaire. Apr\u00e8s une le\u00e7on d\u2019aquagym, les muscles sont plus forts et votre physique est d\u00e9j\u00e0 plus \u00e9lanc\u00e9.<\/p>\n<p>Profitez des massages de l\u2019eau sur tout votre corps. Lorsque vous faites de la gymnastique, la pression de l\u2019eau a un effet b\u00e9n\u00e9fique sur les tissus adipeux et aide \u00e0 combattre la cellulite. C\u2019est pour cette raison que cette activit\u00e9 physique est tr\u00e8s appr\u00e9ci\u00e9e des femmes.<\/p>\n<p>Elle a aussi un effet b\u00e9n\u00e9fique sur la circulation sanguine et lymphatique et combat efficacement la sensation de lourdeur au niveau des membres inf\u00e9rieurs, les varices et la r\u00e9tention d\u2019eau. Il n\u2019est pas n\u00e9cessaire de savoir nager pour pratiquer ce sport. Les cours d\u2019aquagym se d\u00e9roulent dans des piscines peu profondes, o\u00f9 vous avez pied, ou au bord des bassins \u00e0 l\u2019aide d\u2019halt\u00e8res flottantes.[\/vc_column_text][vc_empty_space height=\u00a0\u00bb27&Prime;][\/vc_column][\/vc_row][vc_row][vc_column][vc_empty_space height=\u00a0\u00bb100&Prime;][\/vc_column][\/vc_row]<\/p>\n","protected":false},"excerpt":{"rendered":"<p>[vc_row full_width=\u00a0\u00bbstretch_row\u00a0\u00bb parallax=\u00a0\u00bbcontent-moving\u00a0\u00bb parallax_image=\u00a0\u00bb2798&Prime; css=\u00a0\u00bb.vc_custom_1658827021267{margin-top: 0px !important;margin-bottom: 0px !important;border-top-width: 0px !important;border-bottom-width: 0px !important;padding-top: 0px !important;padding-bottom: 0px !important;}\u00a0\u00bb el_class=\u00a0\u00bbnd_options_vc_parallax_filter_2_5&Prime;][vc_column width=\u00a0\u00bb1\/6&Prime;][\/vc_column][vc_column width=\u00a0\u00bb2\/3&Prime; el_class=\u00a0\u00bbnd_options_text_align_center\u00a0\u00bb][vc_empty_space height=\u00a0\u00bb200&Prime;][vc_empty_space height=\u00a0\u00bb200&Prime;][\/vc_column][vc_column width=\u00a0\u00bb1\/6&Prime;][\/vc_column][\/vc_row][vc_row css=\u00a0\u00bb.vc_custom_1655978825926{margin-top: -110px !important;}\u00a0\u00bb][vc_column width=\u00a0\u00bb1\/2&Prime; css=\u00a0\u00bb.vc_custom_1655978891941{margin-top: 10px !important;margin-bottom: 10px !important;}\u00a0\u00bb][vc_single_image image=\u00a0\u00bb1964&Prime; img_size=\u00a0\u00bblarge\u00a0\u00bb][vc_column_text]V\u00eatu(e) de votre peignoir de bain et avec la serviette que nous vous aurons fournis, vous acc\u00e9derez \u00e0 la zone Spa [&hellip;]<\/p>\n","protected":false},"author":2,"featured_media":0,"parent":0,"menu_order":0,"comment_status":"closed","ping_status":"closed","template":"","meta":{"footnotes":""},"class_list":["post-3961","page","type-page","status-publish","hentry"],"yoast_head":"<!-- This site is optimized with the Yoast SEO plugin v23.2 - https:\/\/yoast.com\/wordpress\/plugins\/seo\/ -->\n<title>Piscines - Hotel Terme Marconi - Hotel 3* a Montegrotto Terme<\/title>\n<meta name=\"description\" content=\"L&#039;Hotel dispone di 4 piscine termali, 3 esterne di cui una olimpionica ed una interna. Le piscine provviste di idromassaggi e cascate.\" \/>\n<meta name=\"robots\" content=\"index, follow, max-snippet:-1, max-image-preview:large, max-video-preview:-1\" \/>\n<link rel=\"canonical\" href=\"https:\/\/termemarconi.it\/fr\/piscines\/\" \/>\n<meta property=\"og:locale\" content=\"fr_FR\" \/>\n<meta property=\"og:type\" content=\"article\" \/>\n<meta property=\"og:title\" content=\"Piscines - Hotel Terme Marconi - Hotel 3* a Montegrotto Terme\" \/>\n<meta property=\"og:description\" content=\"L&#039;Hotel dispone di 4 piscine termali, 3 esterne di cui una olimpionica ed una interna. Le piscine provviste di idromassaggi e cascate.\" \/>\n<meta property=\"og:url\" content=\"https:\/\/termemarconi.it\/fr\/piscines\/\" \/>\n<meta property=\"og:site_name\" content=\"Hotel Terme Marconi - Hotel 3* a Montegrotto Terme\" \/>\n<meta property=\"article:publisher\" content=\"https:\/\/www.facebook.com\/termemarconi\" \/>\n<meta property=\"article:modified_time\" content=\"2022-09-06T16:35:52+00:00\" \/>\n<meta name=\"twitter:card\" content=\"summary_large_image\" \/>\n<meta name=\"twitter:label1\" content=\"Dur\u00e9e de lecture estim\u00e9e\" \/>\n\t<meta name=\"twitter:data1\" content=\"6 minutes\" \/>\n<script type=\"application\/ld+json\" class=\"yoast-schema-graph\">{\"@context\":\"https:\/\/schema.org\",\"@graph\":[{\"@type\":\"WebPage\",\"@id\":\"https:\/\/termemarconi.it\/fr\/piscines\/\",\"url\":\"https:\/\/termemarconi.it\/fr\/piscines\/\",\"name\":\"Piscines - Hotel Terme Marconi - Hotel 3* a Montegrotto Terme\",\"isPartOf\":{\"@id\":\"https:\/\/termemarconi.it\/#website\"},\"datePublished\":\"2022-07-26T07:58:36+00:00\",\"dateModified\":\"2022-09-06T16:35:52+00:00\",\"description\":\"L'Hotel dispone di 4 piscine termali, 3 esterne di cui una olimpionica ed una interna. Le piscine provviste di idromassaggi e cascate.\",\"breadcrumb\":{\"@id\":\"https:\/\/termemarconi.it\/fr\/piscines\/#breadcrumb\"},\"inLanguage\":\"fr-FR\",\"potentialAction\":[{\"@type\":\"ReadAction\",\"target\":[\"https:\/\/termemarconi.it\/fr\/piscines\/\"]}]},{\"@type\":\"BreadcrumbList\",\"@id\":\"https:\/\/termemarconi.it\/fr\/piscines\/#breadcrumb\",\"itemListElement\":[{\"@type\":\"ListItem\",\"position\":1,\"name\":\"Home\",\"item\":\"https:\/\/termemarconi.it\/fr\/\"},{\"@type\":\"ListItem\",\"position\":2,\"name\":\"Piscines\"}]},{\"@type\":\"WebSite\",\"@id\":\"https:\/\/termemarconi.it\/#website\",\"url\":\"https:\/\/termemarconi.it\/\",\"name\":\"Hotel Terme Marconi - Hotel 3* a Montegrotto Terme\",\"description\":\"Hotel Termale Spa e Piscine a Montegrotto Terme\",\"publisher\":{\"@id\":\"https:\/\/termemarconi.it\/#organization\"},\"potentialAction\":[{\"@type\":\"SearchAction\",\"target\":{\"@type\":\"EntryPoint\",\"urlTemplate\":\"https:\/\/termemarconi.it\/?s={search_term_string}\"},\"query-input\":\"required name=search_term_string\"}],\"inLanguage\":\"fr-FR\"},{\"@type\":\"Organization\",\"@id\":\"https:\/\/termemarconi.it\/#organization\",\"name\":\"Hotel Terme Marconi - Hotel 3* a Montegrotto Terme\",\"url\":\"https:\/\/termemarconi.it\/\",\"logo\":{\"@type\":\"ImageObject\",\"inLanguage\":\"fr-FR\",\"@id\":\"https:\/\/termemarconi.it\/#\/schema\/logo\/image\/\",\"url\":\"http:\/\/termemarconi.it\/web\/wp-content\/uploads\/2022\/06\/marconi-logo.png\",\"contentUrl\":\"http:\/\/termemarconi.it\/web\/wp-content\/uploads\/2022\/06\/marconi-logo.png\",\"width\":275,\"height\":76,\"caption\":\"Hotel Terme Marconi - Hotel 3* a Montegrotto Terme\"},\"image\":{\"@id\":\"https:\/\/termemarconi.it\/#\/schema\/logo\/image\/\"},\"sameAs\":[\"https:\/\/www.facebook.com\/termemarconi\",\"https:\/\/www.instagram.com\/hotel_terme_marconi\/\"]}]}<\/script>\n<!-- \/ Yoast SEO plugin. -->","yoast_head_json":{"title":"Piscines - Hotel Terme Marconi - Hotel 3* a Montegrotto Terme","description":"L'Hotel dispone di 4 piscine termali, 3 esterne di cui una olimpionica ed una interna. Le piscine provviste di idromassaggi e cascate.","robots":{"index":"index","follow":"follow","max-snippet":"max-snippet:-1","max-image-preview":"max-image-preview:large","max-video-preview":"max-video-preview:-1"},"canonical":"https:\/\/termemarconi.it\/fr\/piscines\/","og_locale":"fr_FR","og_type":"article","og_title":"Piscines - Hotel Terme Marconi - Hotel 3* a Montegrotto Terme","og_description":"L'Hotel dispone di 4 piscine termali, 3 esterne di cui una olimpionica ed una interna. Le piscine provviste di idromassaggi e cascate.","og_url":"https:\/\/termemarconi.it\/fr\/piscines\/","og_site_name":"Hotel Terme Marconi - Hotel 3* a Montegrotto Terme","article_publisher":"https:\/\/www.facebook.com\/termemarconi","article_modified_time":"2022-09-06T16:35:52+00:00","twitter_card":"summary_large_image","twitter_misc":{"Dur\u00e9e de lecture estim\u00e9e":"6 minutes"},"schema":{"@context":"https:\/\/schema.org","@graph":[{"@type":"WebPage","@id":"https:\/\/termemarconi.it\/fr\/piscines\/","url":"https:\/\/termemarconi.it\/fr\/piscines\/","name":"Piscines - Hotel Terme Marconi - Hotel 3* a Montegrotto Terme","isPartOf":{"@id":"https:\/\/termemarconi.it\/#website"},"datePublished":"2022-07-26T07:58:36+00:00","dateModified":"2022-09-06T16:35:52+00:00","description":"L'Hotel dispone di 4 piscine termali, 3 esterne di cui una olimpionica ed una interna. Le piscine provviste di idromassaggi e cascate.","breadcrumb":{"@id":"https:\/\/termemarconi.it\/fr\/piscines\/#breadcrumb"},"inLanguage":"fr-FR","potentialAction":[{"@type":"ReadAction","target":["https:\/\/termemarconi.it\/fr\/piscines\/"]}]},{"@type":"BreadcrumbList","@id":"https:\/\/termemarconi.it\/fr\/piscines\/#breadcrumb","itemListElement":[{"@type":"ListItem","position":1,"name":"Home","item":"https:\/\/termemarconi.it\/fr\/"},{"@type":"ListItem","position":2,"name":"Piscines"}]},{"@type":"WebSite","@id":"https:\/\/termemarconi.it\/#website","url":"https:\/\/termemarconi.it\/","name":"Hotel Terme Marconi - Hotel 3* a Montegrotto Terme","description":"Hotel Termale Spa e Piscine a Montegrotto Terme","publisher":{"@id":"https:\/\/termemarconi.it\/#organization"},"potentialAction":[{"@type":"SearchAction","target":{"@type":"EntryPoint","urlTemplate":"https:\/\/termemarconi.it\/?s={search_term_string}"},"query-input":"required name=search_term_string"}],"inLanguage":"fr-FR"},{"@type":"Organization","@id":"https:\/\/termemarconi.it\/#organization","name":"Hotel Terme Marconi - Hotel 3* a Montegrotto Terme","url":"https:\/\/termemarconi.it\/","logo":{"@type":"ImageObject","inLanguage":"fr-FR","@id":"https:\/\/termemarconi.it\/#\/schema\/logo\/image\/","url":"http:\/\/termemarconi.it\/web\/wp-content\/uploads\/2022\/06\/marconi-logo.png","contentUrl":"http:\/\/termemarconi.it\/web\/wp-content\/uploads\/2022\/06\/marconi-logo.png","width":275,"height":76,"caption":"Hotel Terme Marconi - Hotel 3* a Montegrotto Terme"},"image":{"@id":"https:\/\/termemarconi.it\/#\/schema\/logo\/image\/"},"sameAs":["https:\/\/www.facebook.com\/termemarconi","https:\/\/www.instagram.com\/hotel_terme_marconi\/"]}]}},"_links":{"self":[{"href":"https:\/\/termemarconi.it\/fr\/wp-json\/wp\/v2\/pages\/3961","targetHints":{"allow":["GET"]}}],"collection":[{"href":"https:\/\/termemarconi.it\/fr\/wp-json\/wp\/v2\/pages"}],"about":[{"href":"https:\/\/termemarconi.it\/fr\/wp-json\/wp\/v2\/types\/page"}],"author":[{"embeddable":true,"href":"https:\/\/termemarconi.it\/fr\/wp-json\/wp\/v2\/users\/2"}],"replies":[{"embeddable":true,"href":"https:\/\/termemarconi.it\/fr\/wp-json\/wp\/v2\/comments?post=3961"}],"version-history":[{"count":4,"href":"https:\/\/termemarconi.it\/fr\/wp-json\/wp\/v2\/pages\/3961\/revisions"}],"predecessor-version":[{"id":3962,"href":"https:\/\/termemarconi.it\/fr\/wp-json\/wp\/v2\/pages\/3961\/revisions\/3962"}],"wp:attachment":[{"href":"https:\/\/termemarconi.it\/fr\/wp-json\/wp\/v2\/media?parent=3961"}],"curies":[{"name":"wp","href":"https:\/\/api.w.org\/{rel}","templated":true}]}}