{"id":3951,"date":"2022-07-26T14:20:09","date_gmt":"2022-07-26T12:20:09","guid":{"rendered":"https:\/\/termemarconi.it\/palestra\/"},"modified":"2022-09-06T17:52:47","modified_gmt":"2022-09-06T15:52:47","slug":"salle-de-gym","status":"publish","type":"page","link":"https:\/\/termemarconi.it\/fr\/salle-de-gym\/","title":{"rendered":"Salle de gym"},"content":{"rendered":"<p>[vc_row full_width=\u00a0\u00bbstretch_row\u00a0\u00bb parallax=\u00a0\u00bbcontent-moving\u00a0\u00bb parallax_image=\u00a0\u00bb2843&Prime; css=\u00a0\u00bb.vc_custom_1658839772410{margin-top: 0px !important;margin-bottom: 0px !important;border-top-width: 0px !important;border-bottom-width: 0px !important;padding-top: 0px !important;padding-bottom: 0px !important;}\u00a0\u00bb el_class=\u00a0\u00bbnd_options_vc_parallax_filter_2_5&Prime;][vc_column width=\u00a0\u00bb1\/6&Prime;][\/vc_column][vc_column width=\u00a0\u00bb2\/3&Prime; el_class=\u00a0\u00bbnd_options_text_align_center\u00a0\u00bb][vc_empty_space height=\u00a0\u00bb200&Prime;] <h1 style=\"color:#ffffff;padding:px;text-align:center;font-size:95px;line-height:95px;letter-spacing: 2px;font-weight:lighter\" class=\"   nd_options_third_font \">Salle de gym<\/h1> <div style=\"background-color:;height: 30px\" class=\"nicdark_section  \"><\/div> <p style=\"color:#ffffff;padding:px;text-align:center;font-size:22px;line-height:33px;letter-spacing: 1px;font-weight:normal\" class=\"   nd_options_second_font \">Proc\u00e9d\u00e9 visant \u00e0 am\u00e9liorer l\u2019appareil cardiovasculaire et respiratoire par l\u2019utilisation d\u2019\u00e9quipements sp\u00e9cifiques proposant un suivi constant de la fr\u00e9quence cardiaque.<\/p> [vc_empty_space height=\u00a0\u00bb200&Prime;]<div style=\"background-color:;height: 30px\" class=\"nicdark_section  \"><\/div>[\/vc_column][vc_column width=\u00a0\u00bb1\/6&Prime;][\/vc_column][\/vc_row][vc_row css=\u00a0\u00bb.vc_custom_1655978825926{margin-top: -110px !important;}\u00a0\u00bb][vc_column width=\u00a0\u00bb1\/2&Prime; css=\u00a0\u00bb.vc_custom_1655978891941{margin-top: 10px !important;margin-bottom: 10px !important;}\u00a0\u00bb][vc_single_image image=\u00a0\u00bb2845&Prime; img_size=\u00a0\u00bblarge\u00a0\u00bb]<div style=\"background-color:;height: 30px\" class=\"nicdark_section  \"><\/div> <h2 style=\"color:#eeeeee;padding:px;text-align:;font-size:70px;line-height:px;letter-spacing: px;font-weight:normal\" class=\"   nd_options_third_font \">Attrezzata<\/h2>  <h2 style=\"color:;padding:px;text-align:;font-size:42px;line-height:40px;letter-spacing: 2px;font-weight:lighter\" class=\"  nd_options_font_size_40_important_all_iphone nd_options_first_font \">SALLE DE GYM<\/h2> <div style=\"background-color:;height: 30px\" class=\"nicdark_section  \"><\/div>[vc_column_text]<strong>La salle spacieuse<\/strong>, <strong>lumineuse <\/strong>et<strong> \u00e9quip\u00e9e <\/strong>est un espace appr\u00e9ci\u00e9 des sportifs qui ne veulent pas renoncer \u00e0 leur entra\u00eenement quotidien m\u00eame en \u00e9tant aux thermes, ou de quiconque souhaite essayer ce type d\u2019appareil.<br \/>\n[\/vc_column_text]<div style=\"background-color:;height: 60px\" class=\"nicdark_section  \"><\/div>[\/vc_column][vc_column width=\u00a0\u00bb1\/2&Prime; css=\u00a0\u00bb.vc_custom_1655978884312{margin-top: 10px !important;margin-bottom: 10px !important;}\u00a0\u00bb][vc_single_image image=\u00a0\u00bb2846&Prime; img_size=\u00a0\u00bblarge\u00a0\u00bb]<div style=\"background-color:;height: 30px\" class=\"nicdark_section  \"><\/div> <h2 style=\"color:#eeeeee;padding:px;text-align:;font-size:70px;line-height:px;letter-spacing: px;font-weight:normal\" class=\"   nd_options_third_font \">Bien commencer<\/h2>  <h2 style=\"color:;padding:px;text-align:;font-size:42px;line-height:40px;letter-spacing: 2px;font-weight:lighter\" class=\"  nd_options_font_size_40_important_all_iphone nd_options_first_font \">GYMNASTIQUE SP\u00c9CIFIQUES<\/h2> <div style=\"background-color:;height: 30px\" class=\"nicdark_section  \"><\/div>[vc_column_text]Le matin, un <strong>enseignant sp\u00e9cialis\u00e9<\/strong> aussi en gymnastique posturale pourra prendre en charge des petits groupes ou, pour celles et ceux qui le souhaitent en priv\u00e9, et <strong>proposera des exercices de gymnastique sp\u00e9cifiques<\/strong>, utiles au r\u00e9veil musculaire pour commencer au mieux la journ\u00e9e.[\/vc_column_text]<div style=\"background-color:;height: 70px\" class=\"nicdark_section  \"><\/div>[\/vc_column][\/vc_row][vc_row full_width=\u00a0\u00bbstretch_row\u00a0\u00bb parallax=\u00a0\u00bbcontent-moving\u00a0\u00bb css=\u00a0\u00bb.vc_custom_1658822604976{padding-top: 80px !important;padding-bottom: 70px !important;background-color: #113d34 !important;background-position: 0 0;background-repeat: no-repeat !important;}\u00a0\u00bb][vc_column css=\u00a0\u00bb.vc_custom_1548861971286{background-position: center !important;background-repeat: no-repeat !important;background-size: cover !important;}\u00a0\u00bb][vc_row_inner][vc_column_inner width=\u00a0\u00bb1\/3&Prime; css=\u00a0\u00bb.vc_custom_1655974412412{background-color: #113d34 !important;background-position: center !important;background-repeat: no-repeat !important;background-size: cover !important;}\u00a0\u00bb] <h2 style=\"color:#ffffff;padding:px;text-align:;font-size:70px;line-height:70px;letter-spacing: px;font-weight:normal\" class=\"   nd_options_third_font \">Retrouver le temps<\/h2> [vc_empty_space height=\u00a0\u00bb15&Prime;][\/vc_column_inner][vc_column_inner width=\u00a0\u00bb2\/3&Prime;][vc_empty_space height=\u00a0\u00bb10&Prime;][vc_column_text]<\/p>\n<p style=\"color: #fff;\">Votre s\u00e9jour au thermes sera donc pour vous l\u2019occasion de faire ce que chez vous, vous n\u2019aviez pas parfois le temps d\u2019accomplir.<\/p>\n<p>[\/vc_column_text][\/vc_column_inner][\/vc_row_inner][\/vc_column][\/vc_row][vc_row][vc_column][vc_empty_space height=\u00a0\u00bb60&Prime;][\/vc_column][\/vc_row][vc_row][vc_column width=\u00a0\u00bb1\/4&Prime;][vc_empty_space height=\u00a0\u00bb30&Prime;] <h2 style=\"color:;padding:px;text-align:;font-size:42px;line-height:40px;letter-spacing: 2px;font-weight:lighter\" class=\"  nd_options_font_size_40_important_all_iphone nd_options_first_font \">GYM POSTURALE<\/h2> [vc_empty_space height=\u00a0\u00bb30&Prime;][vc_column_text]M\u00e9thode efficace et durable, qui par des exercices sp\u00e9cifiques se propose d&rsquo;am\u00e9liorer l&rsquo;alignement du corps dans l&rsquo;espace, les postures et l&rsquo;utilisation de celles-ci. Cette m\u00e9thode permet d&rsquo;acqu\u00e9rir les capacit\u00e9s de contr\u00f4le du corps, d&rsquo;am\u00e9liorer l&rsquo;\u00e9lasticit\u00e9 musculaire et l&rsquo;action des muscles posturaux.<\/p>\n<p>De plus, en agissant sur une \u00e9ducation respiratoire et une mobilisation lente et douce, alli\u00e9es \u00e0 des techniques de relaxation, les tensions musculaires sont d\u00e9bloqu\u00e9es.[\/vc_column_text][vc_empty_space height=\u00a0\u00bb27&Prime;][\/vc_column][vc_column width=\u00a0\u00bb1\/4&Prime;][vc_empty_space height=\u00a0\u00bb30&Prime;] <h2 style=\"color:;padding:px;text-align:;font-size:42px;line-height:40px;letter-spacing: 2px;font-weight:lighter\" class=\"  nd_options_font_size_40_important_all_iphone nd_options_first_font \">\u00c9COLE POUR LE DOS<\/h2> [vc_empty_space height=\u00a0\u00bb30&Prime;][vc_column_text]M\u00e9thode efficace et durable pour le traitement des douleurs vert\u00e9brales : lombalgie, lombosciatique, dorsalgie et cervicalgie.<br \/>\nCours th\u00e9orique et pratique destin\u00e9 aux personnes qui ont une pr\u00e9disposition au mal de dos et \u00e0 celles qui veulent le pr\u00e9venir! C&rsquo;est une v\u00e9ritable \u00e9cole pour apprendre \u00e0 g\u00e9rer correctement sa propre colonne vert\u00e9brale et la prot\u00e9ger au cours des diff\u00e9rentes activit\u00e9s de la vie quotidienne avec des exercices sp\u00e9cifiques de pr\u00e9vention et de r\u00e9\u00e9ducation motricea.[\/vc_column_text][vc_empty_space height=\u00a0\u00bb27&Prime;][\/vc_column][vc_column width=\u00a0\u00bb1\/4&Prime;][vc_empty_space height=\u00a0\u00bb30&Prime;] <h2 style=\"color:;padding:px;text-align:;font-size:42px;line-height:40px;letter-spacing: 2px;font-weight:lighter\" class=\"  nd_options_font_size_40_important_all_iphone nd_options_first_font \">STRETCHING<\/h2> [vc_empty_space height=\u00a0\u00bb30&Prime;][vc_column_text]Il se propose d&rsquo;aider \u00e0 r\u00e9soudre les tensions, les blocages musculaires et \u00e9nerg\u00e9tiques, \u00e0 travers des exercices d&rsquo;allongement musculaire visant \u00e0 am\u00e9liorer la flexibilit\u00e9 g\u00e9n\u00e9rale, c&rsquo;est-\u00e0-dire la capacit\u00e9 d&rsquo;effectuer des mouvements et des gestes dans la vie quotidienne de mani\u00e8re fluide, coordonn\u00e9e, avec une \u00e9conomie d&rsquo;\u00e9nergie remarquable et une diminution de la fatigue. De bons r\u00e9sultats peuvent \u00eatre obtenus en r\u00e9alisant ces m\u00eames exercices dans l&rsquo;eau thermale.[\/vc_column_text][vc_empty_space height=\u00a0\u00bb27&Prime;][\/vc_column][vc_column width=\u00a0\u00bb1\/4&Prime;][vc_empty_space height=\u00a0\u00bb30&Prime;] <h2 style=\"color:;padding:px;text-align:;font-size:42px;line-height:40px;letter-spacing: 2px;font-weight:lighter\" class=\"  nd_options_font_size_40_important_all_iphone nd_options_first_font \">PHYSIOTH\u00c9RAPIE<\/h2> [vc_empty_space height=\u00a0\u00bb30&Prime;][vc_column_text]Dans le domaine de la m\u00e9decine physique et de r\u00e9\u00e9ducation, l&rsquo;h\u00f4tel a \u00e9galement un secteur d\u00e9di\u00e9 \u00e0 la physioth\u00e9rapie qui traite une s\u00e9rie de pathologies li\u00e9es \u00e0 des troubles de motricit\u00e9, ou \u00e0 une s\u00e9rie de maladies invalidantes.<\/p>\n<p>Les traitements de r\u00e9\u00e9ducation, souvent combin\u00e9s avec l&rsquo;utilisation d&rsquo;appareils, ont tendance \u00e0 \u00e9liminer les rigidit\u00e9s musculaires, les hypotrophies les hypotonies musculaires, ainsi que les douleurs et les contractures, les troubles trophiques, circulatoires et les d\u00e9ficits neurologiques.<\/p>\n<p>Ils agissent \u00e9galement sur les muscles du thorax et de la respiration, en l&rsquo;am\u00e9liorant.<br \/>\n[\/vc_column_text][vc_empty_space height=\u00a0\u00bb27&Prime;][\/vc_column][\/vc_row][vc_row][vc_column][vc_empty_space height=\u00a0\u00bb60&Prime;][\/vc_column][\/vc_row]<\/p>\n","protected":false},"excerpt":{"rendered":"<p>[vc_row full_width=\u00a0\u00bbstretch_row\u00a0\u00bb parallax=\u00a0\u00bbcontent-moving\u00a0\u00bb parallax_image=\u00a0\u00bb2843&Prime; css=\u00a0\u00bb.vc_custom_1658839772410{margin-top: 0px !important;margin-bottom: 0px !important;border-top-width: 0px !important;border-bottom-width: 0px !important;padding-top: 0px !important;padding-bottom: 0px !important;}\u00a0\u00bb el_class=\u00a0\u00bbnd_options_vc_parallax_filter_2_5&Prime;][vc_column width=\u00a0\u00bb1\/6&Prime;][\/vc_column][vc_column width=\u00a0\u00bb2\/3&Prime; el_class=\u00a0\u00bbnd_options_text_align_center\u00a0\u00bb][vc_empty_space height=\u00a0\u00bb200&Prime;][vc_empty_space height=\u00a0\u00bb200&Prime;][\/vc_column][vc_column width=\u00a0\u00bb1\/6&Prime;][\/vc_column][\/vc_row][vc_row css=\u00a0\u00bb.vc_custom_1655978825926{margin-top: -110px !important;}\u00a0\u00bb][vc_column width=\u00a0\u00bb1\/2&Prime; css=\u00a0\u00bb.vc_custom_1655978891941{margin-top: 10px !important;margin-bottom: 10px !important;}\u00a0\u00bb][vc_single_image image=\u00a0\u00bb2845&Prime; img_size=\u00a0\u00bblarge\u00a0\u00bb][vc_column_text]La salle spacieuse, lumineuse et \u00e9quip\u00e9e est un espace appr\u00e9ci\u00e9 des sportifs qui ne veulent pas renoncer \u00e0 leur entra\u00eenement quotidien [&hellip;]<\/p>\n","protected":false},"author":2,"featured_media":0,"parent":0,"menu_order":0,"comment_status":"closed","ping_status":"closed","template":"","meta":{"footnotes":""},"class_list":["post-3951","page","type-page","status-publish","hentry"],"yoast_head":"<!-- This site is optimized with the Yoast SEO plugin v23.2 - https:\/\/yoast.com\/wordpress\/plugins\/seo\/ -->\n<title>Salle de gym - Hotel Terme Marconi - Hotel 3* a Montegrotto Terme<\/title>\n<meta name=\"description\" content=\"La palestra, spaziosa luminosa e attrezzata, \u00e8 un angolo per gli sportivi che non vogliono rinunciare al loro allenamento quotidiano.\" \/>\n<meta name=\"robots\" content=\"index, follow, max-snippet:-1, max-image-preview:large, max-video-preview:-1\" \/>\n<link rel=\"canonical\" href=\"https:\/\/termemarconi.it\/fr\/salle-de-gym\/\" \/>\n<meta property=\"og:locale\" content=\"fr_FR\" \/>\n<meta property=\"og:type\" content=\"article\" \/>\n<meta property=\"og:title\" content=\"Salle de gym - Hotel Terme Marconi - Hotel 3* a Montegrotto Terme\" \/>\n<meta property=\"og:description\" content=\"La palestra, spaziosa luminosa e attrezzata, \u00e8 un angolo per gli sportivi che non vogliono rinunciare al loro allenamento quotidiano.\" \/>\n<meta property=\"og:url\" content=\"https:\/\/termemarconi.it\/fr\/salle-de-gym\/\" \/>\n<meta property=\"og:site_name\" content=\"Hotel Terme Marconi - Hotel 3* a Montegrotto Terme\" \/>\n<meta property=\"article:publisher\" content=\"https:\/\/www.facebook.com\/termemarconi\" \/>\n<meta property=\"article:modified_time\" content=\"2022-09-06T15:52:47+00:00\" \/>\n<meta name=\"twitter:card\" content=\"summary_large_image\" \/>\n<meta name=\"twitter:label1\" content=\"Dur\u00e9e de lecture estim\u00e9e\" \/>\n\t<meta name=\"twitter:data1\" content=\"4 minutes\" \/>\n<script type=\"application\/ld+json\" class=\"yoast-schema-graph\">{\"@context\":\"https:\/\/schema.org\",\"@graph\":[{\"@type\":\"WebPage\",\"@id\":\"https:\/\/termemarconi.it\/fr\/salle-de-gym\/\",\"url\":\"https:\/\/termemarconi.it\/fr\/salle-de-gym\/\",\"name\":\"Salle de gym - Hotel Terme Marconi - Hotel 3* a Montegrotto Terme\",\"isPartOf\":{\"@id\":\"https:\/\/termemarconi.it\/#website\"},\"datePublished\":\"2022-07-26T12:20:09+00:00\",\"dateModified\":\"2022-09-06T15:52:47+00:00\",\"description\":\"La palestra, spaziosa luminosa e attrezzata, \u00e8 un angolo per gli sportivi che non vogliono rinunciare al loro allenamento quotidiano.\",\"breadcrumb\":{\"@id\":\"https:\/\/termemarconi.it\/fr\/salle-de-gym\/#breadcrumb\"},\"inLanguage\":\"fr-FR\",\"potentialAction\":[{\"@type\":\"ReadAction\",\"target\":[\"https:\/\/termemarconi.it\/fr\/salle-de-gym\/\"]}]},{\"@type\":\"BreadcrumbList\",\"@id\":\"https:\/\/termemarconi.it\/fr\/salle-de-gym\/#breadcrumb\",\"itemListElement\":[{\"@type\":\"ListItem\",\"position\":1,\"name\":\"Home\",\"item\":\"https:\/\/termemarconi.it\/fr\/\"},{\"@type\":\"ListItem\",\"position\":2,\"name\":\"Salle de gym\"}]},{\"@type\":\"WebSite\",\"@id\":\"https:\/\/termemarconi.it\/#website\",\"url\":\"https:\/\/termemarconi.it\/\",\"name\":\"Hotel Terme Marconi - Hotel 3* a Montegrotto Terme\",\"description\":\"Hotel Termale Spa e Piscine a Montegrotto Terme\",\"publisher\":{\"@id\":\"https:\/\/termemarconi.it\/#organization\"},\"potentialAction\":[{\"@type\":\"SearchAction\",\"target\":{\"@type\":\"EntryPoint\",\"urlTemplate\":\"https:\/\/termemarconi.it\/?s={search_term_string}\"},\"query-input\":\"required name=search_term_string\"}],\"inLanguage\":\"fr-FR\"},{\"@type\":\"Organization\",\"@id\":\"https:\/\/termemarconi.it\/#organization\",\"name\":\"Hotel Terme Marconi - Hotel 3* a Montegrotto Terme\",\"url\":\"https:\/\/termemarconi.it\/\",\"logo\":{\"@type\":\"ImageObject\",\"inLanguage\":\"fr-FR\",\"@id\":\"https:\/\/termemarconi.it\/#\/schema\/logo\/image\/\",\"url\":\"http:\/\/termemarconi.it\/web\/wp-content\/uploads\/2022\/06\/marconi-logo.png\",\"contentUrl\":\"http:\/\/termemarconi.it\/web\/wp-content\/uploads\/2022\/06\/marconi-logo.png\",\"width\":275,\"height\":76,\"caption\":\"Hotel Terme Marconi - Hotel 3* a Montegrotto Terme\"},\"image\":{\"@id\":\"https:\/\/termemarconi.it\/#\/schema\/logo\/image\/\"},\"sameAs\":[\"https:\/\/www.facebook.com\/termemarconi\",\"https:\/\/www.instagram.com\/hotel_terme_marconi\/\"]}]}<\/script>\n<!-- \/ Yoast SEO plugin. -->","yoast_head_json":{"title":"Salle de gym - Hotel Terme Marconi - Hotel 3* a Montegrotto Terme","description":"La palestra, spaziosa luminosa e attrezzata, \u00e8 un angolo per gli sportivi che non vogliono rinunciare al loro allenamento quotidiano.","robots":{"index":"index","follow":"follow","max-snippet":"max-snippet:-1","max-image-preview":"max-image-preview:large","max-video-preview":"max-video-preview:-1"},"canonical":"https:\/\/termemarconi.it\/fr\/salle-de-gym\/","og_locale":"fr_FR","og_type":"article","og_title":"Salle de gym - Hotel Terme Marconi - Hotel 3* a Montegrotto Terme","og_description":"La palestra, spaziosa luminosa e attrezzata, \u00e8 un angolo per gli sportivi che non vogliono rinunciare al loro allenamento quotidiano.","og_url":"https:\/\/termemarconi.it\/fr\/salle-de-gym\/","og_site_name":"Hotel Terme Marconi - Hotel 3* a Montegrotto Terme","article_publisher":"https:\/\/www.facebook.com\/termemarconi","article_modified_time":"2022-09-06T15:52:47+00:00","twitter_card":"summary_large_image","twitter_misc":{"Dur\u00e9e de lecture estim\u00e9e":"4 minutes"},"schema":{"@context":"https:\/\/schema.org","@graph":[{"@type":"WebPage","@id":"https:\/\/termemarconi.it\/fr\/salle-de-gym\/","url":"https:\/\/termemarconi.it\/fr\/salle-de-gym\/","name":"Salle de gym - Hotel Terme Marconi - Hotel 3* a Montegrotto Terme","isPartOf":{"@id":"https:\/\/termemarconi.it\/#website"},"datePublished":"2022-07-26T12:20:09+00:00","dateModified":"2022-09-06T15:52:47+00:00","description":"La palestra, spaziosa luminosa e attrezzata, \u00e8 un angolo per gli sportivi che non vogliono rinunciare al loro allenamento quotidiano.","breadcrumb":{"@id":"https:\/\/termemarconi.it\/fr\/salle-de-gym\/#breadcrumb"},"inLanguage":"fr-FR","potentialAction":[{"@type":"ReadAction","target":["https:\/\/termemarconi.it\/fr\/salle-de-gym\/"]}]},{"@type":"BreadcrumbList","@id":"https:\/\/termemarconi.it\/fr\/salle-de-gym\/#breadcrumb","itemListElement":[{"@type":"ListItem","position":1,"name":"Home","item":"https:\/\/termemarconi.it\/fr\/"},{"@type":"ListItem","position":2,"name":"Salle de gym"}]},{"@type":"WebSite","@id":"https:\/\/termemarconi.it\/#website","url":"https:\/\/termemarconi.it\/","name":"Hotel Terme Marconi - Hotel 3* a Montegrotto Terme","description":"Hotel Termale Spa e Piscine a Montegrotto Terme","publisher":{"@id":"https:\/\/termemarconi.it\/#organization"},"potentialAction":[{"@type":"SearchAction","target":{"@type":"EntryPoint","urlTemplate":"https:\/\/termemarconi.it\/?s={search_term_string}"},"query-input":"required name=search_term_string"}],"inLanguage":"fr-FR"},{"@type":"Organization","@id":"https:\/\/termemarconi.it\/#organization","name":"Hotel Terme Marconi - Hotel 3* a Montegrotto Terme","url":"https:\/\/termemarconi.it\/","logo":{"@type":"ImageObject","inLanguage":"fr-FR","@id":"https:\/\/termemarconi.it\/#\/schema\/logo\/image\/","url":"http:\/\/termemarconi.it\/web\/wp-content\/uploads\/2022\/06\/marconi-logo.png","contentUrl":"http:\/\/termemarconi.it\/web\/wp-content\/uploads\/2022\/06\/marconi-logo.png","width":275,"height":76,"caption":"Hotel Terme Marconi - Hotel 3* a Montegrotto Terme"},"image":{"@id":"https:\/\/termemarconi.it\/#\/schema\/logo\/image\/"},"sameAs":["https:\/\/www.facebook.com\/termemarconi","https:\/\/www.instagram.com\/hotel_terme_marconi\/"]}]}},"_links":{"self":[{"href":"https:\/\/termemarconi.it\/fr\/wp-json\/wp\/v2\/pages\/3951","targetHints":{"allow":["GET"]}}],"collection":[{"href":"https:\/\/termemarconi.it\/fr\/wp-json\/wp\/v2\/pages"}],"about":[{"href":"https:\/\/termemarconi.it\/fr\/wp-json\/wp\/v2\/types\/page"}],"author":[{"embeddable":true,"href":"https:\/\/termemarconi.it\/fr\/wp-json\/wp\/v2\/users\/2"}],"replies":[{"embeddable":true,"href":"https:\/\/termemarconi.it\/fr\/wp-json\/wp\/v2\/comments?post=3951"}],"version-history":[{"count":4,"href":"https:\/\/termemarconi.it\/fr\/wp-json\/wp\/v2\/pages\/3951\/revisions"}],"predecessor-version":[{"id":3956,"href":"https:\/\/termemarconi.it\/fr\/wp-json\/wp\/v2\/pages\/3951\/revisions\/3956"}],"wp:attachment":[{"href":"https:\/\/termemarconi.it\/fr\/wp-json\/wp\/v2\/media?parent=3951"}],"curies":[{"name":"wp","href":"https:\/\/api.w.org\/{rel}","templated":true}]}}