{"id":3946,"date":"2022-07-21T14:17:37","date_gmt":"2022-07-21T12:17:37","guid":{"rendered":"https:\/\/termemarconi.it\/nordic-walking\/"},"modified":"2022-09-06T17:43:36","modified_gmt":"2022-09-06T15:43:36","slug":"nordic-walking","status":"publish","type":"page","link":"https:\/\/termemarconi.it\/fr\/nordic-walking\/","title":{"rendered":"Nordic Walking"},"content":{"rendered":"<p>[vc_row full_width=\u00a0\u00bbstretch_row\u00a0\u00bb parallax=\u00a0\u00bbcontent-moving\u00a0\u00bb parallax_image=\u00a0\u00bb2580&Prime; css=\u00a0\u00bb.vc_custom_1658406630575{margin-top: 0px !important;margin-bottom: 0px !important;border-top-width: 0px !important;border-bottom-width: 0px !important;padding-top: 0px !important;padding-bottom: 0px !important;}\u00a0\u00bb el_class=\u00a0\u00bbnd_options_vc_parallax_filter_2_5&Prime;][vc_column width=\u00a0\u00bb1\/6&Prime;][\/vc_column][vc_column width=\u00a0\u00bb2\/3&Prime; el_class=\u00a0\u00bbnd_options_text_align_center\u00a0\u00bb][vc_empty_space height=\u00a0\u00bb200&Prime;] <h1 style=\"color:#ffffff;padding:px;text-align:center;font-size:95px;line-height:95px;letter-spacing: 2px;font-weight:lighter\" class=\"   nd_options_third_font \">Nordic Walking<\/h1> <div style=\"background-color:;height: 30px\" class=\"nicdark_section  \"><\/div> <p style=\"color:#ffffff;padding:px;text-align:center;font-size:22px;line-height:33px;letter-spacing: 1px;font-weight:normal\" class=\"   nd_options_second_font \">Le Nordic Walking est une magnifique discipline de sport et bien-\u00eatre qui se pratique \u00e0 l'air libre.<\/p> [vc_empty_space height=\u00a0\u00bb200&Prime;]<div style=\"background-color:;height: 30px\" class=\"nicdark_section  \"><\/div>[\/vc_column][vc_column width=\u00a0\u00bb1\/6&Prime;][\/vc_column][\/vc_row][vc_row css=\u00a0\u00bb.vc_custom_1655978825926{margin-top: -110px !important;}\u00a0\u00bb][vc_column width=\u00a0\u00bb1\/2&Prime; css=\u00a0\u00bb.vc_custom_1655978891941{margin-top: 10px !important;margin-bottom: 10px !important;}\u00a0\u00bb][vc_single_image image=\u00a0\u00bb2574&Prime; img_size=\u00a0\u00bblarge\u00a0\u00bb]<div style=\"background-color:;height: 30px\" class=\"nicdark_section  \"><\/div> <h2 style=\"color:#eeeeee;padding:px;text-align:;font-size:70px;line-height:px;letter-spacing: px;font-weight:normal\" class=\"   nd_options_third_font \">En plein air<\/h2>  <h2 style=\"color:;padding:px;text-align:;font-size:42px;line-height:40px;letter-spacing: 2px;font-weight:lighter\" class=\"  nd_options_font_size_40_important_all_iphone nd_options_first_font \">NORDIC WALKING<\/h2> <div style=\"background-color:;height: 30px\" class=\"nicdark_section  \"><\/div>[vc_column_text]Elle a \u00e9t\u00e9 cr\u00e9\u00e9e, il y a de nombreuses ann\u00e9es, par des skieurs de fond finlandais qui l&rsquo;utilisaient pour leurs entra\u00eenements d&rsquo;\u00e9t\u00e9. C&rsquo;est une activit\u00e9 douce qui <strong>tonifie la musculature<\/strong>, qui est attentive \u00e0 <strong>maintenir la posture correcte du corps<\/strong>, qui ne fatigue pas les articulations, et qui<strong> peut \u00eatre pratiqu\u00e9e par n&rsquo;importe qui et \u00e0 tout \u00e2ge<\/strong>.[\/vc_column_text]<div style=\"background-color:;height: 60px\" class=\"nicdark_section  \"><\/div>[\/vc_column][vc_column width=\u00a0\u00bb1\/2&Prime; css=\u00a0\u00bb.vc_custom_1655978884312{margin-top: 10px !important;margin-bottom: 10px !important;}\u00a0\u00bb][vc_single_image image=\u00a0\u00bb2571&Prime; img_size=\u00a0\u00bblarge\u00a0\u00bb]<div style=\"background-color:;height: 30px\" class=\"nicdark_section  \"><\/div> <h2 style=\"color:#eeeeee;padding:px;text-align:;font-size:70px;line-height:px;letter-spacing: px;font-weight:normal\" class=\"   nd_options_third_font \">Nordic Walking<\/h2>  <h2 style=\"color:;padding:px;text-align:;font-size:42px;line-height:40px;letter-spacing: 2px;font-weight:lighter\" class=\"  nd_options_font_size_40_important_all_iphone nd_options_first_font \">LES BIENFAITS<\/h2> <div style=\"background-color:;height: 30px\" class=\"nicdark_section  \"><\/div>[vc_column_text]Il est 40% plus efficace par rapport \u00e0 la marche sans b\u00e2tons; il <strong>augmente la consommation d&rsquo;\u00e9nergie<\/strong>; all\u00e8ge la charge sur l&rsquo;appareil moteur, <strong>augmente l&rsquo;oxyg\u00e9nation <\/strong>de tout l&rsquo;organisme, maintient en activit\u00e9: <strong>r\u00e9sistance, force, mobilit\u00e9 et coordination<\/strong>; il \u00e9limine les contractions au niveau des \u00e9paules et de la nuque, retarde le processus de vieillissement; \u00e9conomise le travail effectu\u00e9 par le c\u0153ur, renforce le syst\u00e8me immunitaire et <strong>stimule l&rsquo;\u00e9limination du stress<\/strong>.[\/vc_column_text]<div style=\"background-color:;height: 70px\" class=\"nicdark_section  \"><\/div>[\/vc_column][\/vc_row][vc_row full_width=\u00a0\u00bbstretch_row\u00a0\u00bb parallax=\u00a0\u00bbcontent-moving\u00a0\u00bb css=\u00a0\u00bb.vc_custom_1657805097557{padding-top: 80px !important;padding-bottom: 80px !important;background-color: #113d34 !important;background-position: 0 0;background-repeat: no-repeat !important;}\u00a0\u00bb][vc_column css=\u00a0\u00bb.vc_custom_1548861971286{background-position: center !important;background-repeat: no-repeat !important;background-size: cover !important;}\u00a0\u00bb][vc_row_inner][vc_column_inner width=\u00a0\u00bb1\/3&Prime; css=\u00a0\u00bb.vc_custom_1655974412412{background-color: #113d34 !important;background-position: center !important;background-repeat: no-repeat !important;background-size: cover !important;}\u00a0\u00bb][vc_empty_space height=\u00a0\u00bb20&Prime;] <h2 style=\"color:#ffffff;padding:px;text-align:;font-size:70px;line-height:px;letter-spacing: px;font-weight:normal\" class=\"   nd_options_third_font \">Soft Sport<\/h2> [vc_empty_space height=\u00a0\u00bb27&Prime;][\/vc_column_inner][vc_column_inner width=\u00a0\u00bb2\/3&Prime;][vc_column_text]<\/p>\n<p style=\"color: #ffffff; text-align: left; padding: 0px 20px 0px 0px;\">Il est donc excellent pour les personne en convalescence qui am\u00e9liorent leur condition en r\u00e9cup\u00e9rant plus rapidement.<br \/>\nL\u2019h\u00f4tel <strong>met \u00e0 la disposition<\/strong> des invit\u00e9s <strong>des b\u00e2tons <\/strong>et un <strong>enseignant dipl\u00f4m\u00e9<\/strong> pouvant donner des le\u00e7ons ou cr\u00e9er des petits groupes afin de pratiquer cette discipline, m\u00eame dans le parc du Marconi.<\/p>\n<p>[\/vc_column_text][\/vc_column_inner][\/vc_row_inner][\/vc_column][\/vc_row][vc_row full_width=\u00a0\u00bbstretch_row_content\u00a0\u00bb parallax=\u00a0\u00bbcontent-moving\u00a0\u00bb css=\u00a0\u00bb.vc_custom_1658406813579{margin-top: 0px !important;border-top-width: 0px !important;padding-top: 0px !important;}\u00a0\u00bb][vc_column css=\u00a0\u00bb.vc_custom_1548861971286{background-position: center !important;background-repeat: no-repeat !important;background-size: cover !important;}\u00a0\u00bb][vc_row_inner][vc_column_inner][vc_empty_space height=\u00a0\u00bb15&Prime;][vc_masonry_media_grid element_width=\u00a0\u00bb3&Prime; gap=\u00a0\u00bb15&Prime; item=\u00a0\u00bbmediaGrid_Default\u00a0\u00bb grid_id=\u00a0\u00bbvc_gid:1662478897222-41ac0253-b05d-1&Prime; include=\u00a0\u00bb2574,2578,2571,2174&Prime;][vc_empty_space height=\u00a0\u00bb15&Prime;][\/vc_column_inner][\/vc_row_inner][\/vc_column][\/vc_row]<\/p>\n","protected":false},"excerpt":{"rendered":"<p>[vc_row full_width=\u00a0\u00bbstretch_row\u00a0\u00bb parallax=\u00a0\u00bbcontent-moving\u00a0\u00bb parallax_image=\u00a0\u00bb2580&Prime; css=\u00a0\u00bb.vc_custom_1658406630575{margin-top: 0px !important;margin-bottom: 0px !important;border-top-width: 0px !important;border-bottom-width: 0px !important;padding-top: 0px !important;padding-bottom: 0px !important;}\u00a0\u00bb el_class=\u00a0\u00bbnd_options_vc_parallax_filter_2_5&Prime;][vc_column width=\u00a0\u00bb1\/6&Prime;][\/vc_column][vc_column width=\u00a0\u00bb2\/3&Prime; el_class=\u00a0\u00bbnd_options_text_align_center\u00a0\u00bb][vc_empty_space height=\u00a0\u00bb200&Prime;][vc_empty_space height=\u00a0\u00bb200&Prime;][\/vc_column][vc_column width=\u00a0\u00bb1\/6&Prime;][\/vc_column][\/vc_row][vc_row css=\u00a0\u00bb.vc_custom_1655978825926{margin-top: -110px !important;}\u00a0\u00bb][vc_column width=\u00a0\u00bb1\/2&Prime; css=\u00a0\u00bb.vc_custom_1655978891941{margin-top: 10px !important;margin-bottom: 10px !important;}\u00a0\u00bb][vc_single_image image=\u00a0\u00bb2574&Prime; img_size=\u00a0\u00bblarge\u00a0\u00bb][vc_column_text]Elle a \u00e9t\u00e9 cr\u00e9\u00e9e, il y a de nombreuses ann\u00e9es, par des skieurs de fond finlandais qui l&rsquo;utilisaient pour leurs entra\u00eenements [&hellip;]<\/p>\n","protected":false},"author":2,"featured_media":0,"parent":0,"menu_order":0,"comment_status":"closed","ping_status":"closed","template":"","meta":{"footnotes":""},"class_list":["post-3946","page","type-page","status-publish","hentry"],"yoast_head":"<!-- This site is optimized with the Yoast SEO plugin v23.2 - https:\/\/yoast.com\/wordpress\/plugins\/seo\/ -->\n<title>Nordic Walking - Hotel Terme Marconi - Hotel 3* a Montegrotto Terme<\/title>\n<meta name=\"description\" content=\"L\u2019Hotel mette a disposizione degli ospiti i bastoncini, e un\u2019insegnante diplomata che pu\u00f2 dare lezioni per praticare anche nel grande parco.\" \/>\n<meta name=\"robots\" content=\"index, follow, max-snippet:-1, max-image-preview:large, max-video-preview:-1\" \/>\n<link rel=\"canonical\" href=\"https:\/\/termemarconi.it\/fr\/nordic-walking\/\" \/>\n<meta property=\"og:locale\" content=\"fr_FR\" \/>\n<meta property=\"og:type\" content=\"article\" \/>\n<meta property=\"og:title\" content=\"Nordic Walking - Hotel Terme Marconi - Hotel 3* a Montegrotto Terme\" \/>\n<meta property=\"og:description\" content=\"L\u2019Hotel mette a disposizione degli ospiti i bastoncini, e un\u2019insegnante diplomata che pu\u00f2 dare lezioni per praticare anche nel grande parco.\" \/>\n<meta property=\"og:url\" content=\"https:\/\/termemarconi.it\/fr\/nordic-walking\/\" \/>\n<meta property=\"og:site_name\" content=\"Hotel Terme Marconi - Hotel 3* a Montegrotto Terme\" \/>\n<meta property=\"article:publisher\" content=\"https:\/\/www.facebook.com\/termemarconi\" \/>\n<meta property=\"article:modified_time\" content=\"2022-09-06T15:43:36+00:00\" \/>\n<meta name=\"twitter:card\" content=\"summary_large_image\" \/>\n<meta name=\"twitter:label1\" content=\"Dur\u00e9e de lecture estim\u00e9e\" \/>\n\t<meta name=\"twitter:data1\" content=\"2 minutes\" \/>\n<script type=\"application\/ld+json\" class=\"yoast-schema-graph\">{\"@context\":\"https:\/\/schema.org\",\"@graph\":[{\"@type\":\"WebPage\",\"@id\":\"https:\/\/termemarconi.it\/fr\/nordic-walking\/\",\"url\":\"https:\/\/termemarconi.it\/fr\/nordic-walking\/\",\"name\":\"Nordic Walking - Hotel Terme Marconi - Hotel 3* a Montegrotto Terme\",\"isPartOf\":{\"@id\":\"https:\/\/termemarconi.it\/#website\"},\"datePublished\":\"2022-07-21T12:17:37+00:00\",\"dateModified\":\"2022-09-06T15:43:36+00:00\",\"description\":\"L\u2019Hotel mette a disposizione degli ospiti i bastoncini, e un\u2019insegnante diplomata che pu\u00f2 dare lezioni per praticare anche nel grande parco.\",\"breadcrumb\":{\"@id\":\"https:\/\/termemarconi.it\/fr\/nordic-walking\/#breadcrumb\"},\"inLanguage\":\"fr-FR\",\"potentialAction\":[{\"@type\":\"ReadAction\",\"target\":[\"https:\/\/termemarconi.it\/fr\/nordic-walking\/\"]}]},{\"@type\":\"BreadcrumbList\",\"@id\":\"https:\/\/termemarconi.it\/fr\/nordic-walking\/#breadcrumb\",\"itemListElement\":[{\"@type\":\"ListItem\",\"position\":1,\"name\":\"Home\",\"item\":\"https:\/\/termemarconi.it\/fr\/\"},{\"@type\":\"ListItem\",\"position\":2,\"name\":\"Nordic Walking\"}]},{\"@type\":\"WebSite\",\"@id\":\"https:\/\/termemarconi.it\/#website\",\"url\":\"https:\/\/termemarconi.it\/\",\"name\":\"Hotel Terme Marconi - Hotel 3* a Montegrotto Terme\",\"description\":\"Hotel Termale Spa e Piscine a Montegrotto Terme\",\"publisher\":{\"@id\":\"https:\/\/termemarconi.it\/#organization\"},\"potentialAction\":[{\"@type\":\"SearchAction\",\"target\":{\"@type\":\"EntryPoint\",\"urlTemplate\":\"https:\/\/termemarconi.it\/?s={search_term_string}\"},\"query-input\":\"required name=search_term_string\"}],\"inLanguage\":\"fr-FR\"},{\"@type\":\"Organization\",\"@id\":\"https:\/\/termemarconi.it\/#organization\",\"name\":\"Hotel Terme Marconi - Hotel 3* a Montegrotto Terme\",\"url\":\"https:\/\/termemarconi.it\/\",\"logo\":{\"@type\":\"ImageObject\",\"inLanguage\":\"fr-FR\",\"@id\":\"https:\/\/termemarconi.it\/#\/schema\/logo\/image\/\",\"url\":\"http:\/\/termemarconi.it\/web\/wp-content\/uploads\/2022\/06\/marconi-logo.png\",\"contentUrl\":\"http:\/\/termemarconi.it\/web\/wp-content\/uploads\/2022\/06\/marconi-logo.png\",\"width\":275,\"height\":76,\"caption\":\"Hotel Terme Marconi - Hotel 3* a Montegrotto Terme\"},\"image\":{\"@id\":\"https:\/\/termemarconi.it\/#\/schema\/logo\/image\/\"},\"sameAs\":[\"https:\/\/www.facebook.com\/termemarconi\",\"https:\/\/www.instagram.com\/hotel_terme_marconi\/\"]}]}<\/script>\n<!-- \/ Yoast SEO plugin. -->","yoast_head_json":{"title":"Nordic Walking - Hotel Terme Marconi - Hotel 3* a Montegrotto Terme","description":"L\u2019Hotel mette a disposizione degli ospiti i bastoncini, e un\u2019insegnante diplomata che pu\u00f2 dare lezioni per praticare anche nel grande parco.","robots":{"index":"index","follow":"follow","max-snippet":"max-snippet:-1","max-image-preview":"max-image-preview:large","max-video-preview":"max-video-preview:-1"},"canonical":"https:\/\/termemarconi.it\/fr\/nordic-walking\/","og_locale":"fr_FR","og_type":"article","og_title":"Nordic Walking - Hotel Terme Marconi - Hotel 3* a Montegrotto Terme","og_description":"L\u2019Hotel mette a disposizione degli ospiti i bastoncini, e un\u2019insegnante diplomata che pu\u00f2 dare lezioni per praticare anche nel grande parco.","og_url":"https:\/\/termemarconi.it\/fr\/nordic-walking\/","og_site_name":"Hotel Terme Marconi - Hotel 3* a Montegrotto Terme","article_publisher":"https:\/\/www.facebook.com\/termemarconi","article_modified_time":"2022-09-06T15:43:36+00:00","twitter_card":"summary_large_image","twitter_misc":{"Dur\u00e9e de lecture estim\u00e9e":"2 minutes"},"schema":{"@context":"https:\/\/schema.org","@graph":[{"@type":"WebPage","@id":"https:\/\/termemarconi.it\/fr\/nordic-walking\/","url":"https:\/\/termemarconi.it\/fr\/nordic-walking\/","name":"Nordic Walking - Hotel Terme Marconi - Hotel 3* a Montegrotto Terme","isPartOf":{"@id":"https:\/\/termemarconi.it\/#website"},"datePublished":"2022-07-21T12:17:37+00:00","dateModified":"2022-09-06T15:43:36+00:00","description":"L\u2019Hotel mette a disposizione degli ospiti i bastoncini, e un\u2019insegnante diplomata che pu\u00f2 dare lezioni per praticare anche nel grande parco.","breadcrumb":{"@id":"https:\/\/termemarconi.it\/fr\/nordic-walking\/#breadcrumb"},"inLanguage":"fr-FR","potentialAction":[{"@type":"ReadAction","target":["https:\/\/termemarconi.it\/fr\/nordic-walking\/"]}]},{"@type":"BreadcrumbList","@id":"https:\/\/termemarconi.it\/fr\/nordic-walking\/#breadcrumb","itemListElement":[{"@type":"ListItem","position":1,"name":"Home","item":"https:\/\/termemarconi.it\/fr\/"},{"@type":"ListItem","position":2,"name":"Nordic Walking"}]},{"@type":"WebSite","@id":"https:\/\/termemarconi.it\/#website","url":"https:\/\/termemarconi.it\/","name":"Hotel Terme Marconi - Hotel 3* a Montegrotto Terme","description":"Hotel Termale Spa e Piscine a Montegrotto Terme","publisher":{"@id":"https:\/\/termemarconi.it\/#organization"},"potentialAction":[{"@type":"SearchAction","target":{"@type":"EntryPoint","urlTemplate":"https:\/\/termemarconi.it\/?s={search_term_string}"},"query-input":"required name=search_term_string"}],"inLanguage":"fr-FR"},{"@type":"Organization","@id":"https:\/\/termemarconi.it\/#organization","name":"Hotel Terme Marconi - Hotel 3* a Montegrotto Terme","url":"https:\/\/termemarconi.it\/","logo":{"@type":"ImageObject","inLanguage":"fr-FR","@id":"https:\/\/termemarconi.it\/#\/schema\/logo\/image\/","url":"http:\/\/termemarconi.it\/web\/wp-content\/uploads\/2022\/06\/marconi-logo.png","contentUrl":"http:\/\/termemarconi.it\/web\/wp-content\/uploads\/2022\/06\/marconi-logo.png","width":275,"height":76,"caption":"Hotel Terme Marconi - Hotel 3* a Montegrotto Terme"},"image":{"@id":"https:\/\/termemarconi.it\/#\/schema\/logo\/image\/"},"sameAs":["https:\/\/www.facebook.com\/termemarconi","https:\/\/www.instagram.com\/hotel_terme_marconi\/"]}]}},"_links":{"self":[{"href":"https:\/\/termemarconi.it\/fr\/wp-json\/wp\/v2\/pages\/3946","targetHints":{"allow":["GET"]}}],"collection":[{"href":"https:\/\/termemarconi.it\/fr\/wp-json\/wp\/v2\/pages"}],"about":[{"href":"https:\/\/termemarconi.it\/fr\/wp-json\/wp\/v2\/types\/page"}],"author":[{"embeddable":true,"href":"https:\/\/termemarconi.it\/fr\/wp-json\/wp\/v2\/users\/2"}],"replies":[{"embeddable":true,"href":"https:\/\/termemarconi.it\/fr\/wp-json\/wp\/v2\/comments?post=3946"}],"version-history":[{"count":3,"href":"https:\/\/termemarconi.it\/fr\/wp-json\/wp\/v2\/pages\/3946\/revisions"}],"predecessor-version":[{"id":3948,"href":"https:\/\/termemarconi.it\/fr\/wp-json\/wp\/v2\/pages\/3946\/revisions\/3948"}],"wp:attachment":[{"href":"https:\/\/termemarconi.it\/fr\/wp-json\/wp\/v2\/media?parent=3946"}],"curies":[{"name":"wp","href":"https:\/\/api.w.org\/{rel}","templated":true}]}}