{"id":3935,"date":"2022-07-20T16:58:49","date_gmt":"2022-07-20T14:58:49","guid":{"rendered":"https:\/\/termemarconi.it\/massaggi-e-wellness\/"},"modified":"2025-03-21T17:09:09","modified_gmt":"2025-03-21T16:09:09","slug":"massages-et-soins","status":"publish","type":"page","link":"https:\/\/termemarconi.it\/fr\/massages-et-soins\/","title":{"rendered":"Massages et soins"},"content":{"rendered":"<p>[vc_row full_width=\u00a0\u00bbstretch_row\u00a0\u00bb parallax=\u00a0\u00bbcontent-moving\u00a0\u00bb parallax_image=\u00a0\u00bb2473&Prime; css=\u00a0\u00bb.vc_custom_1658396948669{margin-top: 0px !important;margin-bottom: 0px !important;border-top-width: 0px !important;border-bottom-width: 0px !important;padding-top: 0px !important;padding-bottom: 0px !important;}\u00a0\u00bb el_class=\u00a0\u00bbnd_options_vc_parallax_filter_2_5&Prime;][vc_column width=\u00a0\u00bb1\/6&Prime;][\/vc_column][vc_column width=\u00a0\u00bb2\/3&Prime; el_class=\u00a0\u00bbnd_options_text_align_center\u00a0\u00bb][vc_empty_space height=\u00a0\u00bb200&Prime;] <h1 style=\"color:#ffffff;padding:px;text-align:center;font-size:95px;line-height:95px;letter-spacing: 2px;font-weight:lighter\" class=\"   nd_options_third_font \">Massages et soins<\/h1> <div style=\"background-color:;height: 30px\" class=\"nicdark_section  \"><\/div> <p style=\"color:#ffffff;padding:px;text-align:center;font-size:22px;line-height:33px;letter-spacing: 1px;font-weight:normal\" class=\"   nd_options_second_font \">L\u2019h\u00f4tel est dot\u00e9 d\u2019un centre de soins tr\u00e8s appr\u00e9ci\u00e9 o\u00f9 sont r\u00e9alis\u00e9s tous les traitements sp\u00e9cifiques pour le corps et pour le visage<\/p> [vc_empty_space height=\u00a0\u00bb200&Prime;]<div style=\"background-color:;height: 30px\" class=\"nicdark_section  \"><\/div>[\/vc_column][vc_column width=\u00a0\u00bb1\/6&Prime;][\/vc_column][\/vc_row][vc_row full_width=\u00a0\u00bbstretch_row_content\u00a0\u00bb equal_height=\u00a0\u00bbyes\u00a0\u00bb content_placement=\u00a0\u00bbmiddle\u00a0\u00bb css=\u00a0\u00bb.vc_custom_1658329263001{margin-top: 15px !important;}\u00a0\u00bb][vc_column parallax=\u00a0\u00bbcontent-moving\u00a0\u00bb width=\u00a0\u00bb1\/3&Prime; css=\u00a0\u00bb.vc_custom_1658397077834{margin-right: 7px !important;background-image: url(http:\/\/termemarconi.it\/web\/wp-content\/uploads\/2022\/07\/trattamento-schiena.jpg?id=2476) !important;background-position: center !important;background-repeat: no-repeat !important;background-size: cover !important;}\u00a0\u00bb el_class=\u00a0\u00bbnd_options_margin_0_first_div_important_responsive\u00a0\u00bb]<div style=\"background-color:;height: 180px\" class=\"nicdark_section  \"><\/div> <h2 style=\"color:#ffffff;padding:px;text-align:center;font-size:70px;line-height:px;letter-spacing: px;font-weight:normal\" class=\"  nd_options_font_size_60_important_all_iphone nd_options_third_font \">Massages<\/h2> <div style=\"background-color:;height: 25px\" class=\"nicdark_section  \"><\/div> <h3 style=\"color:#ffffff;padding:px;text-align:center;font-size:20px;line-height:20px;letter-spacing: 2px;font-weight:normal\" class=\"   nd_options_first_font \">TH\u00c9RAPEUTIQUES<\/h3> <div style=\"background-color:;height: 40px\" class=\"nicdark_section  \"><\/div>[\/vc_column][vc_column width=\u00a0\u00bb1\/3&Prime; css=\u00a0\u00bb.vc_custom_1658397072617{margin-right: 7px !important;margin-left: 7px !important;background-image: url(http:\/\/termemarconi.it\/web\/wp-content\/uploads\/2022\/07\/trattamento-piedi.jpg?id=2475) !important;background-position: center !important;background-repeat: no-repeat !important;background-size: cover !important;}\u00a0\u00bb el_class=\u00a0\u00bbnd_options_margin_0_first_div_important_responsive\u00a0\u00bb]<div style=\"background-color:;height: 180px\" class=\"nicdark_section  \"><\/div> <h2 style=\"color:#ffffff;padding:px;text-align:center;font-size:70px;line-height:px;letter-spacing: px;font-weight:normal\" class=\"  nd_options_font_size_60_important_all_iphone nd_options_third_font \">Soins<\/h2> <div style=\"background-color:;height: 25px\" class=\"nicdark_section  \"><\/div> <h3 style=\"color:#ffffff;padding:px;text-align:center;font-size:20px;line-height:20px;letter-spacing: 2px;font-weight:normal\" class=\"   nd_options_first_font \">ORIENTAUX<\/h3> <div style=\"background-color:;height: 40px\" class=\"nicdark_section  \"><\/div>[\/vc_column][vc_column width=\u00a0\u00bb1\/3&Prime; css=\u00a0\u00bb.vc_custom_1658329910246{margin-left: 7px !important;background-image: url(http:\/\/termemarconi.it\/web\/wp-content\/uploads\/2022\/07\/banner-beauty4.jpg?id=2494) !important;background-position: center !important;background-repeat: no-repeat !important;background-size: cover !important;}\u00a0\u00bb el_class=\u00a0\u00bbnd_options_margin_0_first_div_important_responsive\u00a0\u00bb]<div style=\"background-color:;height: 180px\" class=\"nicdark_section  \"><\/div> <h2 style=\"color:#ffffff;padding:px;text-align:center;font-size:70px;line-height:px;letter-spacing: px;font-weight:normal\" class=\"  nd_options_font_size_60_important_all_iphone nd_options_third_font \">Massages<\/h2> <div style=\"background-color:;height: 25px\" class=\"nicdark_section  \"><\/div> <h3 style=\"color:#ffffff;padding:px;text-align:center;font-size:20px;line-height:20px;letter-spacing: 2px;font-weight:normal\" class=\"   nd_options_first_font \">SP\u00c9CIFIQUES<\/h3> <div style=\"background-color:;height: 40px\" class=\"nicdark_section  \"><\/div>[\/vc_column][\/vc_row][vc_row][vc_column][vc_empty_space height=\u00a0\u00bb15&Prime;][\/vc_column][\/vc_row][vc_row full_width=\u00a0\u00bbstretch_row\u00a0\u00bb parallax=\u00a0\u00bbcontent-moving\u00a0\u00bb css=\u00a0\u00bb.vc_custom_1657805097557{padding-top: 80px !important;padding-bottom: 80px !important;background-color: #113d34 !important;background-position: 0 0;background-repeat: no-repeat !important;}\u00a0\u00bb][vc_column css=\u00a0\u00bb.vc_custom_1548861971286{background-position: center !important;background-repeat: no-repeat !important;background-size: cover !important;}\u00a0\u00bb][vc_row_inner][vc_column_inner width=\u00a0\u00bb1\/3&Prime; css=\u00a0\u00bb.vc_custom_1655974412412{background-color: #113d34 !important;background-position: center !important;background-repeat: no-repeat !important;background-size: cover !important;}\u00a0\u00bb][vc_empty_space height=\u00a0\u00bb20&Prime;] <h2 style=\"color:#ffffff;padding:px;text-align:;font-size:70px;line-height:70px;letter-spacing: px;font-weight:normal\" class=\"   nd_options_third_font \">Massages et soins<\/h2> [vc_empty_space height=\u00a0\u00bb27&Prime;][\/vc_column_inner][vc_column_inner width=\u00a0\u00bb2\/3&Prime;][vc_column_text]<\/p>\n<p style=\"color: #fff;\"><strong>R\u00e9servations et Infos :<br \/>\n<\/strong> Reception Hotel Marconi<\/p>\n<p>&nbsp;<\/p>\n<p style=\"color: #fff; line-height: 19px; font-weight: light;\">Il est n\u00e9cessaire de prendre rendez-vous pour les soins.<br \/>\nTous les soins sont sur rendez-vous.<br \/>\nVeuillez annuler le rendez-vous au moins 24 heures avant le m\u00eame, de cette fa\u00e7on vous n\u2019aurez pas de pr\u00e9l\u00e8vement automatique sur la chambre.<br \/>\nLes annulations doivent \u00eatre faites \u00e0 la r\u00e9ception de l&rsquo;h\u00f4tel.<br \/>\nLe personnel remercie les aimables clients pour leur coop\u00e9ration.<\/p>\n<p>[\/vc_column_text][\/vc_column_inner][\/vc_row_inner][\/vc_column][\/vc_row][vc_row][vc_column][vc_empty_space height=\u00a0\u00bb15&Prime;][\/vc_column][\/vc_row][vc_row full_width=\u00a0\u00bbstretch_row\u00a0\u00bb parallax=\u00a0\u00bbcontent-moving\u00a0\u00bb parallax_image=\u00a0\u00bb2198&Prime; css=\u00a0\u00bb.vc_custom_1658329124269{margin-top: 0px !important;border-top-width: 0px !important;padding-top: 0px !important;}\u00a0\u00bb el_class=\u00a0\u00bbnd_options_vc_parallax_filter_2_5&Prime;][vc_column css=\u00a0\u00bb.vc_custom_1658244984710{padding-right: 30px !important;padding-left: 30px !important;}\u00a0\u00bb][vc_row_inner css=\u00a0\u00bb.vc_custom_1658245145463{padding-top: 40px !important;padding-right: 40px !important;padding-bottom: 40px !important;padding-left: 40px !important;background-position: center !important;background-repeat: no-repeat !important;background-size: cover !important;}\u00a0\u00bb][vc_column_inner width=\u00a0\u00bb2\/3&Prime;]\n\n    <div class=\"nd_options_section nd_options_position_relative home_calltoaction_service\">\n\n        <img decoding=\"async\" style=\"top:5px\" alt=\"\" class=\"nd_options_position_absolute nd_options_left_0\" width=\"50\" src=\"https:\/\/termemarconi.it\/web\/wp-content\/uploads\/2019\/01\/ico-05.png\">\n\n        <div style=\"padding-left:70px\" class=\"nd_options_section nd_options_box_sizing_border_box\">\n            \n            <h3 class=\"nd_options_first_font underline_phone \" style=\"margin:;color:#ffffff;font-size:30px;line-height:30px\">TARIFS<\/h3> \n            <p class=\"nd_options_second_font  \" style=\"margin:10px 0px 0px 0px;color:#ffffff;font-size:17px;line-height:27px\">DES MASSAGES ET DES TRAITEMENTS<\/p> \n            \n\n        <\/div>\n\n    <\/div>\n\n  [\/vc_column_inner][vc_column_inner el_class=\u00a0\u00bbnd_options_text_align_right\u00a0\u00bb width=\u00a0\u00bb1\/3&Prime;]<div style=\"background-color:;height: 8px\" class=\"nicdark_section  \"><\/div>\n\t\n\t<a style=\"border: px solid;border-radius:0px;letter-spacing:1px;line-height:17px;font-size:17px;background-color:#ffffff;padding:15px 35px;margin:;color:#113d34\" rel=\"\" target=\"_blank\" href=\"\/web\/wp-content\/uploads\/pdf\/Listino-Massaggi-Trattamenti-Hotel-Marconi-FRA.pdf\" class=\"nicdark_display_inline_block nd_options_float_left nd_options_font_weight_normal nd_options_first_font home_calltoaction_service_button \">T\u00c9L\u00c9CHARGER LE PDF<\/a>\n\t\n[\/vc_column_inner][\/vc_row_inner][\/vc_column][\/vc_row][vc_row][vc_column][vc_empty_space height=\u00a0\u00bb15&Prime;][\/vc_column][\/vc_row][vc_row full_width=\u00a0\u00bbstretch_row\u00a0\u00bb parallax=\u00a0\u00bbcontent-moving\u00a0\u00bb parallax_image=\u00a0\u00bb2198&Prime; css=\u00a0\u00bb.vc_custom_1658329124269{margin-top: 0px !important;border-top-width: 0px !important;padding-top: 0px !important;}\u00a0\u00bb el_class=\u00a0\u00bbnd_options_vc_parallax_filter_2_5&Prime;][vc_column css=\u00a0\u00bb.vc_custom_1658244984710{padding-right: 30px !important;padding-left: 30px !important;}\u00a0\u00bb][vc_row_inner css=\u00a0\u00bb.vc_custom_1658245145463{padding-top: 40px !important;padding-right: 40px !important;padding-bottom: 40px !important;padding-left: 40px !important;background-position: center !important;background-repeat: no-repeat !important;background-size: cover !important;}\u00a0\u00bb][vc_column_inner width=\u00a0\u00bb2\/3&Prime;]\n\n    <div class=\"nd_options_section nd_options_position_relative home_calltoaction_service\">\n\n        <img decoding=\"async\" style=\"top:5px\" alt=\"\" class=\"nd_options_position_absolute nd_options_left_0\" width=\"50\" src=\"https:\/\/termemarconi.it\/web\/wp-content\/uploads\/2019\/01\/ico-05.png\">\n\n        <div style=\"padding-left:70px\" class=\"nd_options_section nd_options_box_sizing_border_box\">\n            \n            <h3 class=\"nd_options_first_font underline_phone \" style=\"margin:;color:#ffffff;font-size:30px;line-height:30px\">NOTRE BROCHURE<\/h3> \n            <p class=\"nd_options_second_font  \" style=\"margin:10px 0px 0px 0px;color:#ffffff;font-size:17px;line-height:27px\">LES SOINS - SANT\u00c9 ET BIEN-\u00caTRE<\/p> \n            \n\n        <\/div>\n\n    <\/div>\n\n  [\/vc_column_inner][vc_column_inner el_class=\u00a0\u00bbnd_options_text_align_right\u00a0\u00bb width=\u00a0\u00bb1\/3&Prime;]<div style=\"background-color:;height: 8px\" class=\"nicdark_section  \"><\/div>\n\t\n\t<a style=\"border: px solid;border-radius:0px;letter-spacing:1px;line-height:17px;font-size:17px;background-color:#ffffff;padding:15px 35px;margin:;color:#113d34\" rel=\"\" target=\"_blank\" href=\"\/web\/wp-content\/uploads\/pdf\/Brochure-Marconi-Le-Cure.pdf\" class=\"nicdark_display_inline_block nd_options_float_left nd_options_font_weight_normal nd_options_first_font home_calltoaction_service_button \">T\u00c9L\u00c9CHARGER LE PDF<\/a>\n\t\n[\/vc_column_inner][\/vc_row_inner][\/vc_column][\/vc_row][vc_row full_width=\u00a0\u00bbstretch_row_content\u00a0\u00bb parallax=\u00a0\u00bbcontent-moving\u00a0\u00bb css=\u00a0\u00bb.vc_custom_1658245789302{margin-top: 0px !important;border-top-width: 0px !important;padding-top: 0px !important;}\u00a0\u00bb][vc_column css=\u00a0\u00bb.vc_custom_1548861971286{background-position: center !important;background-repeat: no-repeat !important;background-size: cover !important;}\u00a0\u00bb][vc_row_inner][vc_column_inner][vc_empty_space height=\u00a0\u00bb15&Prime;][vc_masonry_media_grid gap=\u00a0\u00bb15&Prime; item=\u00a0\u00bbmediaGrid_Default\u00a0\u00bb grid_id=\u00a0\u00bbvc_gid:1742573320588-9500146e-c82a-3&Prime; include=\u00a0\u00bb2475,2476,2858&Prime;][vc_empty_space height=\u00a0\u00bb15&Prime;][\/vc_column_inner][\/vc_row_inner][\/vc_column][\/vc_row]<\/p>\n","protected":false},"excerpt":{"rendered":"<p>[vc_row full_width=\u00a0\u00bbstretch_row\u00a0\u00bb parallax=\u00a0\u00bbcontent-moving\u00a0\u00bb parallax_image=\u00a0\u00bb2473&Prime; css=\u00a0\u00bb.vc_custom_1658396948669{margin-top: 0px !important;margin-bottom: 0px !important;border-top-width: 0px !important;border-bottom-width: 0px !important;padding-top: 0px !important;padding-bottom: 0px !important;}\u00a0\u00bb el_class=\u00a0\u00bbnd_options_vc_parallax_filter_2_5&Prime;][vc_column width=\u00a0\u00bb1\/6&Prime;][\/vc_column][vc_column width=\u00a0\u00bb2\/3&Prime; el_class=\u00a0\u00bbnd_options_text_align_center\u00a0\u00bb][vc_empty_space height=\u00a0\u00bb200&Prime;][vc_empty_space height=\u00a0\u00bb200&Prime;][\/vc_column][vc_column width=\u00a0\u00bb1\/6&Prime;][\/vc_column][\/vc_row][vc_row full_width=\u00a0\u00bbstretch_row_content\u00a0\u00bb equal_height=\u00a0\u00bbyes\u00a0\u00bb content_placement=\u00a0\u00bbmiddle\u00a0\u00bb css=\u00a0\u00bb.vc_custom_1658329263001{margin-top: 15px !important;}\u00a0\u00bb][vc_column parallax=\u00a0\u00bbcontent-moving\u00a0\u00bb width=\u00a0\u00bb1\/3&Prime; css=\u00a0\u00bb.vc_custom_1658397077834{margin-right: 7px !important;background-image: url(http:\/\/termemarconi.it\/web\/wp-content\/uploads\/2022\/07\/trattamento-schiena.jpg?id=2476) !important;background-position: center !important;background-repeat: no-repeat !important;background-size: cover !important;}\u00a0\u00bb el_class=\u00a0\u00bbnd_options_margin_0_first_div_important_responsive\u00a0\u00bb][\/vc_column][vc_column width=\u00a0\u00bb1\/3&Prime; css=\u00a0\u00bb.vc_custom_1658397072617{margin-right: 7px !important;margin-left: 7px !important;background-image: url(http:\/\/termemarconi.it\/web\/wp-content\/uploads\/2022\/07\/trattamento-piedi.jpg?id=2475) !important;background-position: center !important;background-repeat: no-repeat [&hellip;]<\/p>\n","protected":false},"author":2,"featured_media":0,"parent":0,"menu_order":0,"comment_status":"closed","ping_status":"closed","template":"","meta":{"footnotes":""},"class_list":["post-3935","page","type-page","status-publish","hentry"],"yoast_head":"<!-- This site is optimized with the Yoast SEO plugin v23.2 - https:\/\/yoast.com\/wordpress\/plugins\/seo\/ -->\n<title>Massages et soins - Hotel Terme Marconi - Hotel 3* a Montegrotto Terme<\/title>\n<meta name=\"description\" content=\"All\u2019interno dell\u2019hotel si svolgono molteplici e innovativi massaggi e trattamenti per il relax e la salute di viso e corpo.\" \/>\n<meta name=\"robots\" content=\"index, follow, max-snippet:-1, max-image-preview:large, max-video-preview:-1\" \/>\n<link rel=\"canonical\" href=\"https:\/\/termemarconi.it\/fr\/massages-et-soins\/\" \/>\n<meta property=\"og:locale\" content=\"fr_FR\" \/>\n<meta property=\"og:type\" content=\"article\" \/>\n<meta property=\"og:title\" content=\"Massages et soins - Hotel Terme Marconi - Hotel 3* a Montegrotto Terme\" \/>\n<meta property=\"og:description\" content=\"All\u2019interno dell\u2019hotel si svolgono molteplici e innovativi massaggi e trattamenti per il relax e la salute di viso e corpo.\" \/>\n<meta property=\"og:url\" content=\"https:\/\/termemarconi.it\/fr\/massages-et-soins\/\" \/>\n<meta property=\"og:site_name\" content=\"Hotel Terme Marconi - Hotel 3* a Montegrotto Terme\" \/>\n<meta property=\"article:publisher\" content=\"https:\/\/www.facebook.com\/termemarconi\" \/>\n<meta property=\"article:modified_time\" content=\"2025-03-21T16:09:09+00:00\" \/>\n<meta name=\"twitter:card\" content=\"summary_large_image\" \/>\n<meta name=\"twitter:label1\" content=\"Dur\u00e9e de lecture estim\u00e9e\" \/>\n\t<meta name=\"twitter:data1\" content=\"4 minutes\" \/>\n<script type=\"application\/ld+json\" class=\"yoast-schema-graph\">{\"@context\":\"https:\/\/schema.org\",\"@graph\":[{\"@type\":\"WebPage\",\"@id\":\"https:\/\/termemarconi.it\/fr\/massages-et-soins\/\",\"url\":\"https:\/\/termemarconi.it\/fr\/massages-et-soins\/\",\"name\":\"Massages et soins - Hotel Terme Marconi - Hotel 3* a Montegrotto Terme\",\"isPartOf\":{\"@id\":\"https:\/\/termemarconi.it\/#website\"},\"datePublished\":\"2022-07-20T14:58:49+00:00\",\"dateModified\":\"2025-03-21T16:09:09+00:00\",\"description\":\"All\u2019interno dell\u2019hotel si svolgono molteplici e innovativi massaggi e trattamenti per il relax e la salute di viso e corpo.\",\"breadcrumb\":{\"@id\":\"https:\/\/termemarconi.it\/fr\/massages-et-soins\/#breadcrumb\"},\"inLanguage\":\"fr-FR\",\"potentialAction\":[{\"@type\":\"ReadAction\",\"target\":[\"https:\/\/termemarconi.it\/fr\/massages-et-soins\/\"]}]},{\"@type\":\"BreadcrumbList\",\"@id\":\"https:\/\/termemarconi.it\/fr\/massages-et-soins\/#breadcrumb\",\"itemListElement\":[{\"@type\":\"ListItem\",\"position\":1,\"name\":\"Home\",\"item\":\"https:\/\/termemarconi.it\/fr\/\"},{\"@type\":\"ListItem\",\"position\":2,\"name\":\"Massages et soins\"}]},{\"@type\":\"WebSite\",\"@id\":\"https:\/\/termemarconi.it\/#website\",\"url\":\"https:\/\/termemarconi.it\/\",\"name\":\"Hotel Terme Marconi - Hotel 3* a Montegrotto Terme\",\"description\":\"Hotel Termale Spa e Piscine a Montegrotto Terme\",\"publisher\":{\"@id\":\"https:\/\/termemarconi.it\/#organization\"},\"potentialAction\":[{\"@type\":\"SearchAction\",\"target\":{\"@type\":\"EntryPoint\",\"urlTemplate\":\"https:\/\/termemarconi.it\/?s={search_term_string}\"},\"query-input\":\"required name=search_term_string\"}],\"inLanguage\":\"fr-FR\"},{\"@type\":\"Organization\",\"@id\":\"https:\/\/termemarconi.it\/#organization\",\"name\":\"Hotel Terme Marconi - Hotel 3* a Montegrotto Terme\",\"url\":\"https:\/\/termemarconi.it\/\",\"logo\":{\"@type\":\"ImageObject\",\"inLanguage\":\"fr-FR\",\"@id\":\"https:\/\/termemarconi.it\/#\/schema\/logo\/image\/\",\"url\":\"http:\/\/termemarconi.it\/web\/wp-content\/uploads\/2022\/06\/marconi-logo.png\",\"contentUrl\":\"http:\/\/termemarconi.it\/web\/wp-content\/uploads\/2022\/06\/marconi-logo.png\",\"width\":275,\"height\":76,\"caption\":\"Hotel Terme Marconi - Hotel 3* a Montegrotto Terme\"},\"image\":{\"@id\":\"https:\/\/termemarconi.it\/#\/schema\/logo\/image\/\"},\"sameAs\":[\"https:\/\/www.facebook.com\/termemarconi\",\"https:\/\/www.instagram.com\/hotel_terme_marconi\/\"]}]}<\/script>\n<!-- \/ Yoast SEO plugin. -->","yoast_head_json":{"title":"Massages et soins - Hotel Terme Marconi - Hotel 3* a Montegrotto Terme","description":"All\u2019interno dell\u2019hotel si svolgono molteplici e innovativi massaggi e trattamenti per il relax e la salute di viso e corpo.","robots":{"index":"index","follow":"follow","max-snippet":"max-snippet:-1","max-image-preview":"max-image-preview:large","max-video-preview":"max-video-preview:-1"},"canonical":"https:\/\/termemarconi.it\/fr\/massages-et-soins\/","og_locale":"fr_FR","og_type":"article","og_title":"Massages et soins - Hotel Terme Marconi - Hotel 3* a Montegrotto Terme","og_description":"All\u2019interno dell\u2019hotel si svolgono molteplici e innovativi massaggi e trattamenti per il relax e la salute di viso e corpo.","og_url":"https:\/\/termemarconi.it\/fr\/massages-et-soins\/","og_site_name":"Hotel Terme Marconi - Hotel 3* a Montegrotto Terme","article_publisher":"https:\/\/www.facebook.com\/termemarconi","article_modified_time":"2025-03-21T16:09:09+00:00","twitter_card":"summary_large_image","twitter_misc":{"Dur\u00e9e de lecture estim\u00e9e":"4 minutes"},"schema":{"@context":"https:\/\/schema.org","@graph":[{"@type":"WebPage","@id":"https:\/\/termemarconi.it\/fr\/massages-et-soins\/","url":"https:\/\/termemarconi.it\/fr\/massages-et-soins\/","name":"Massages et soins - Hotel Terme Marconi - Hotel 3* a Montegrotto Terme","isPartOf":{"@id":"https:\/\/termemarconi.it\/#website"},"datePublished":"2022-07-20T14:58:49+00:00","dateModified":"2025-03-21T16:09:09+00:00","description":"All\u2019interno dell\u2019hotel si svolgono molteplici e innovativi massaggi e trattamenti per il relax e la salute di viso e corpo.","breadcrumb":{"@id":"https:\/\/termemarconi.it\/fr\/massages-et-soins\/#breadcrumb"},"inLanguage":"fr-FR","potentialAction":[{"@type":"ReadAction","target":["https:\/\/termemarconi.it\/fr\/massages-et-soins\/"]}]},{"@type":"BreadcrumbList","@id":"https:\/\/termemarconi.it\/fr\/massages-et-soins\/#breadcrumb","itemListElement":[{"@type":"ListItem","position":1,"name":"Home","item":"https:\/\/termemarconi.it\/fr\/"},{"@type":"ListItem","position":2,"name":"Massages et soins"}]},{"@type":"WebSite","@id":"https:\/\/termemarconi.it\/#website","url":"https:\/\/termemarconi.it\/","name":"Hotel Terme Marconi - Hotel 3* a Montegrotto Terme","description":"Hotel Termale Spa e Piscine a Montegrotto Terme","publisher":{"@id":"https:\/\/termemarconi.it\/#organization"},"potentialAction":[{"@type":"SearchAction","target":{"@type":"EntryPoint","urlTemplate":"https:\/\/termemarconi.it\/?s={search_term_string}"},"query-input":"required name=search_term_string"}],"inLanguage":"fr-FR"},{"@type":"Organization","@id":"https:\/\/termemarconi.it\/#organization","name":"Hotel Terme Marconi - Hotel 3* a Montegrotto Terme","url":"https:\/\/termemarconi.it\/","logo":{"@type":"ImageObject","inLanguage":"fr-FR","@id":"https:\/\/termemarconi.it\/#\/schema\/logo\/image\/","url":"http:\/\/termemarconi.it\/web\/wp-content\/uploads\/2022\/06\/marconi-logo.png","contentUrl":"http:\/\/termemarconi.it\/web\/wp-content\/uploads\/2022\/06\/marconi-logo.png","width":275,"height":76,"caption":"Hotel Terme Marconi - Hotel 3* a Montegrotto Terme"},"image":{"@id":"https:\/\/termemarconi.it\/#\/schema\/logo\/image\/"},"sameAs":["https:\/\/www.facebook.com\/termemarconi","https:\/\/www.instagram.com\/hotel_terme_marconi\/"]}]}},"_links":{"self":[{"href":"https:\/\/termemarconi.it\/fr\/wp-json\/wp\/v2\/pages\/3935","targetHints":{"allow":["GET"]}}],"collection":[{"href":"https:\/\/termemarconi.it\/fr\/wp-json\/wp\/v2\/pages"}],"about":[{"href":"https:\/\/termemarconi.it\/fr\/wp-json\/wp\/v2\/types\/page"}],"author":[{"embeddable":true,"href":"https:\/\/termemarconi.it\/fr\/wp-json\/wp\/v2\/users\/2"}],"replies":[{"embeddable":true,"href":"https:\/\/termemarconi.it\/fr\/wp-json\/wp\/v2\/comments?post=3935"}],"version-history":[{"count":10,"href":"https:\/\/termemarconi.it\/fr\/wp-json\/wp\/v2\/pages\/3935\/revisions"}],"predecessor-version":[{"id":4989,"href":"https:\/\/termemarconi.it\/fr\/wp-json\/wp\/v2\/pages\/3935\/revisions\/4989"}],"wp:attachment":[{"href":"https:\/\/termemarconi.it\/fr\/wp-json\/wp\/v2\/media?parent=3935"}],"curies":[{"name":"wp","href":"https:\/\/api.w.org\/{rel}","templated":true}]}}