{"id":3911,"date":"2022-07-15T12:27:05","date_gmt":"2022-07-15T10:27:05","guid":{"rendered":"https:\/\/termemarconi.it\/fangoterapia\/"},"modified":"2022-09-06T16:47:24","modified_gmt":"2022-09-06T14:47:24","slug":"fangotherapie","status":"publish","type":"page","link":"https:\/\/termemarconi.it\/fr\/fangotherapie\/","title":{"rendered":"Fangoth\u00e9rapie"},"content":{"rendered":"<p>[vc_row full_width=\u00a0\u00bbstretch_row\u00a0\u00bb parallax=\u00a0\u00bbcontent-moving\u00a0\u00bb parallax_image=\u00a0\u00bb2209&Prime; css=\u00a0\u00bb.vc_custom_1661436768650{margin-top: 0px !important;margin-bottom: 0px !important;border-top-width: 0px !important;border-bottom-width: 0px !important;padding-top: 0px !important;padding-bottom: 0px !important;}\u00a0\u00bb el_class=\u00a0\u00bbnd_options_vc_parallax_filter_2_5&Prime;][vc_column width=\u00a0\u00bb1\/6&Prime;][\/vc_column][vc_column width=\u00a0\u00bb2\/3&Prime; el_class=\u00a0\u00bbnd_options_text_align_center\u00a0\u00bb][vc_empty_space height=\u00a0\u00bb200&Prime;] <h1 style=\"color:#ffffff;padding:px;text-align:center;font-size:95px;line-height:95px;letter-spacing: 2px;font-weight:lighter\" class=\"   nd_options_third_font \">Fangoth\u00e9rapie<\/h1> <div style=\"background-color:;height: 30px\" class=\"nicdark_section  \"><\/div> <p style=\"color:#ffffff;padding:px;text-align:center;font-size:22px;line-height:33px;letter-spacing: 1px;font-weight:normal\" class=\"   nd_options_second_font \">C'est un soin tr\u00e8s ancien et absolument naturel. La boue, alli\u00e9e \u00e0 l'eau thermale qui jaillit spontan\u00e9ment du terrain d'origine volcanique, `` m\u00fbrit `` dans des bacs sp\u00e9ciaux pendant environ 60 jours. \u00c0 la fin de ce processus, il en ressort une boue profond\u00e9ment modifi\u00e9e dans sa composante organique, avec des qualit\u00e9s thermo-isolantes am\u00e9lior\u00e9es. Elle est \u00e9galement enrichie de prot\u00e9ines.<\/p> [vc_empty_space height=\u00a0\u00bb200&Prime;]<div style=\"background-color:;height: 30px\" class=\"nicdark_section  \"><\/div>[\/vc_column][vc_column width=\u00a0\u00bb1\/6&Prime;][\/vc_column][\/vc_row][vc_row][vc_column][vc_empty_space height=\u00a0\u00bb150&Prime;][\/vc_column][\/vc_row][vc_row][vc_column width=\u00a0\u00bb1\/2&Prime;] <h2 style=\"color:#eeeeee;padding:px;text-align:;font-size:70px;line-height:px;letter-spacing: px;font-weight:normal\" class=\"   nd_options_third_font \">La boue thermale<\/h2>  <h2 style=\"color:;padding:px;text-align:;font-size:42px;line-height:40px;letter-spacing: 2px;font-weight:lighter\" class=\"  nd_options_font_size_40_important_all_iphone nd_options_first_font \">INDICATIONS TH\u00c9RAPEUTIQUES<\/h2> <div style=\"background-color:;height: 30px\" class=\"nicdark_section  \"><\/div>[vc_column_text]<strong>Rehumatismes, arthrites<\/strong> et <strong>arthrose,<\/strong> dans leurs diff\u00e9rentes formes, <strong>sciatique, lombago, s\u00e9quelles de fractures<\/strong>, contusions, <strong>distorsions <\/strong>et <strong>luxations<\/strong>. Excellente pour la <strong>pr\u00e9vention de traumatismes<\/strong> et pour le renforcement du syst\u00e8me immunitaire, la boue \u00e9limine les toxines, agit contre le stress et le vieillissement, contribue \u00e0 maintenir la beaut\u00e9 de la peau. Voici les raisons pour lesquelles les personnes de plus en plus jeunes, en ayant une pr\u00e9dilection pour les cures naturelles, <strong>priv\u00e9es de contre-indications<\/strong>, profitent avec enthousiasme de la fangoth\u00e9rapie.[\/vc_column_text]<div style=\"background-color:;height: 60px\" class=\"nicdark_section  \"><\/div>[\/vc_column][vc_column width=\u00a0\u00bb1\/2&Prime;][vc_single_image image=\u00a0\u00bb2649&Prime; img_size=\u00a0\u00bblarge\u00a0\u00bb][\/vc_column][\/vc_row][vc_row][vc_column][vc_empty_space height=\u00a0\u00bb100&Prime;][\/vc_column][\/vc_row][vc_row][vc_column width=\u00a0\u00bb1\/2&Prime;][vc_single_image image=\u00a0\u00bb2329&Prime; img_size=\u00a0\u00bblarge\u00a0\u00bb][\/vc_column][vc_column width=\u00a0\u00bb1\/2&Prime;] <h2 style=\"color:#eeeeee;padding:px;text-align:;font-size:70px;line-height:px;letter-spacing: px;font-weight:normal\" class=\"   nd_options_third_font \">Beaut\u00e9 &amp; Bien-\u00eatre<\/h2>  <h2 style=\"color:;padding:px;text-align:;font-size:42px;line-height:40px;letter-spacing: 2px;font-weight:lighter\" class=\"  nd_options_font_size_40_important_all_iphone nd_options_first_font \">BOUE POUR LA BEAUT\u00c9<\/h2> <div style=\"background-color:;height: 30px\" class=\"nicdark_section  \"><\/div>[vc_column_text]Voici les raisons pour lesquelles les personnes de plus en plus jeunes, en ayant une pr\u00e9dilection pour les cures naturelles, <strong>priv\u00e9es de contre-indications<\/strong>, profitent avec enthousiasme de la fangoth\u00e9rapie. La <strong>boue thermale<\/strong> agit comme un<strong> r\u00e9g\u00e9n\u00e9rateur de la peau<\/strong>, comme <strong>antioxydant<\/strong>, et, associ\u00e9e \u00e0 vaporisation ant\u00e9rieure et \u00e0 une huile et un massage sp\u00e9cifique, nous obtenons un masque r\u00e9g\u00e9n\u00e9rant optimal et compl\u00e8tement naturel pour le visage.[\/vc_column_text]<div style=\"background-color:;height: 60px\" class=\"nicdark_section  \"><\/div>[\/vc_column][\/vc_row][vc_row][vc_column][vc_empty_space height=\u00a0\u00bb100&Prime;][\/vc_column][\/vc_row][vc_row full_width=\u00a0\u00bbstretch_row\u00a0\u00bb parallax=\u00a0\u00bbcontent-moving\u00a0\u00bb css=\u00a0\u00bb.vc_custom_1657805097557{padding-top: 80px !important;padding-bottom: 80px !important;background-color: #113d34 !important;background-position: 0 0;background-repeat: no-repeat !important;}\u00a0\u00bb][vc_column css=\u00a0\u00bb.vc_custom_1548861971286{background-position: center !important;background-repeat: no-repeat !important;background-size: cover !important;}\u00a0\u00bb][vc_row_inner][vc_column_inner width=\u00a0\u00bb1\/3&Prime; css=\u00a0\u00bb.vc_custom_1655974412412{background-color: #113d34 !important;background-position: center !important;background-repeat: no-repeat !important;background-size: cover !important;}\u00a0\u00bb] <h2 style=\"color:#ffffff;padding:px;text-align:;font-size:70px;line-height:70px;letter-spacing: px;font-weight:normal\" class=\"   nd_options_third_font \">En quoi consiste la fangoth\u00e9rapie?<\/h2> [vc_empty_space height=\u00a0\u00bb27&Prime;][\/vc_column_inner][vc_column_inner width=\u00a0\u00bb2\/3&Prime;][vc_column_text]<\/p>\n<p style=\"color: #ffffff; text-align: left; padding: 0px 20px 0px 0px;\">Elle est effectu\u00e9e dans le secteur Cures de l&rsquo;H\u00f4tel, par du <strong>personnel sp\u00e9cialis\u00e9<\/strong> qui applique directement la boue sur les parties concern\u00e9es, \u00e0 une temp\u00e9rature et avec une dur\u00e9e, pr\u00e9c\u00e9demment prescrites par le m\u00e9decin de l&rsquo;H\u00f4tel. On assiste ensuite au retrait de la boue, \u00e0 la douche thermale et au BAIN D&rsquo;OZONE, pratiqu\u00e9 dans des baignoires individuelles, presque \u00e0 temp\u00e9rature corporelle. L&rsquo;<strong>ozone stimule et active la circulation<\/strong> de la peau humide et arrive \u00e0 atteindre les couches les plus profondes des tissus rendus plus perm\u00e9ables par l&rsquo;eau chaude.<br \/>\n<strong>Le Bain Thermal \u00e0 l&rsquo;ozone<\/strong> stimule la circulation et le m\u00e9tabolisme circulaire. Il est conseill\u00e9 pour les personnes souffrant de nervosit\u00e9, art\u00e9rioscl\u00e9rose, ob\u00e9sit\u00e9, goutte, d\u00e9pression, probl\u00e8mes circulatoires ou articulaires.<\/p>\n<p>[\/vc_column_text][\/vc_column_inner][\/vc_row_inner][\/vc_column][\/vc_row][vc_row full_width=\u00a0\u00bbstretch_row_content\u00a0\u00bb parallax=\u00a0\u00bbcontent-moving\u00a0\u00bb css=\u00a0\u00bb.vc_custom_1657895386711{margin-top: 0px !important;margin-bottom: 0px !important;border-top-width: 0px !important;border-bottom-width: 0px !important;padding-top: 0px !important;padding-bottom: 0px !important;}\u00a0\u00bb][vc_column css=\u00a0\u00bb.vc_custom_1548861971286{background-position: center !important;background-repeat: no-repeat !important;background-size: cover !important;}\u00a0\u00bb][vc_row_inner css=\u00a0\u00bb.vc_custom_1657895391231{margin-bottom: 0px !important;border-bottom-width: 0px !important;padding-bottom: 0px !important;}\u00a0\u00bb][vc_column_inner][vc_empty_space height=\u00a0\u00bb15&Prime;][vc_masonry_media_grid gap=\u00a0\u00bb15&Prime; item=\u00a0\u00bbmediaGrid_Default\u00a0\u00bb grid_id=\u00a0\u00bbvc_gid:1662474646893-a226d585-5c81-8&Prime; include=\u00a0\u00bb2209,2207,2646&Prime;][vc_empty_space height=\u00a0\u00bb15&Prime;][\/vc_column_inner][\/vc_row_inner][\/vc_column][\/vc_row]<\/p>\n","protected":false},"excerpt":{"rendered":"<p>[vc_row full_width=\u00a0\u00bbstretch_row\u00a0\u00bb parallax=\u00a0\u00bbcontent-moving\u00a0\u00bb parallax_image=\u00a0\u00bb2209&Prime; css=\u00a0\u00bb.vc_custom_1661436768650{margin-top: 0px !important;margin-bottom: 0px !important;border-top-width: 0px !important;border-bottom-width: 0px !important;padding-top: 0px !important;padding-bottom: 0px !important;}\u00a0\u00bb el_class=\u00a0\u00bbnd_options_vc_parallax_filter_2_5&Prime;][vc_column width=\u00a0\u00bb1\/6&Prime;][\/vc_column][vc_column width=\u00a0\u00bb2\/3&Prime; el_class=\u00a0\u00bbnd_options_text_align_center\u00a0\u00bb][vc_empty_space height=\u00a0\u00bb200&Prime;][vc_empty_space height=\u00a0\u00bb200&Prime;][\/vc_column][vc_column width=\u00a0\u00bb1\/6&Prime;][\/vc_column][\/vc_row][vc_row][vc_column][vc_empty_space height=\u00a0\u00bb150&Prime;][\/vc_column][\/vc_row][vc_row][vc_column width=\u00a0\u00bb1\/2&Prime;][vc_column_text]Rehumatismes, arthrites et arthrose, dans leurs diff\u00e9rentes formes, sciatique, lombago, s\u00e9quelles de fractures, contusions, distorsions et luxations. Excellente pour la pr\u00e9vention de traumatismes et pour le renforcement du syst\u00e8me immunitaire, [&hellip;]<\/p>\n","protected":false},"author":2,"featured_media":0,"parent":0,"menu_order":0,"comment_status":"closed","ping_status":"closed","template":"","meta":{"footnotes":""},"class_list":["post-3911","page","type-page","status-publish","hentry"],"yoast_head":"<!-- This site is optimized with the Yoast SEO plugin v23.2 - https:\/\/yoast.com\/wordpress\/plugins\/seo\/ -->\n<title>Fangoth\u00e9rapie - Hotel Terme Marconi - Hotel 3* a Montegrotto Terme<\/title>\n<meta name=\"description\" content=\"L&#039;hotel dispone di centro termale fangoterapico. La Fangoterapia \u00e8 indicata per reumatismi, artriti ed artrosi, sciatica, lombaggine.\" \/>\n<meta name=\"robots\" content=\"index, follow, max-snippet:-1, max-image-preview:large, max-video-preview:-1\" \/>\n<link rel=\"canonical\" href=\"https:\/\/termemarconi.it\/fr\/fangotherapie\/\" \/>\n<meta property=\"og:locale\" content=\"fr_FR\" \/>\n<meta property=\"og:type\" content=\"article\" \/>\n<meta property=\"og:title\" content=\"Fangoth\u00e9rapie - Hotel Terme Marconi - Hotel 3* a Montegrotto Terme\" \/>\n<meta property=\"og:description\" content=\"L&#039;hotel dispone di centro termale fangoterapico. La Fangoterapia \u00e8 indicata per reumatismi, artriti ed artrosi, sciatica, lombaggine.\" \/>\n<meta property=\"og:url\" content=\"https:\/\/termemarconi.it\/fr\/fangotherapie\/\" \/>\n<meta property=\"og:site_name\" content=\"Hotel Terme Marconi - Hotel 3* a Montegrotto Terme\" \/>\n<meta property=\"article:publisher\" content=\"https:\/\/www.facebook.com\/termemarconi\" \/>\n<meta property=\"article:modified_time\" content=\"2022-09-06T14:47:24+00:00\" \/>\n<meta name=\"twitter:card\" content=\"summary_large_image\" \/>\n<meta name=\"twitter:label1\" content=\"Dur\u00e9e de lecture estim\u00e9e\" \/>\n\t<meta name=\"twitter:data1\" content=\"3 minutes\" \/>\n<script type=\"application\/ld+json\" class=\"yoast-schema-graph\">{\"@context\":\"https:\/\/schema.org\",\"@graph\":[{\"@type\":\"WebPage\",\"@id\":\"https:\/\/termemarconi.it\/fr\/fangotherapie\/\",\"url\":\"https:\/\/termemarconi.it\/fr\/fangotherapie\/\",\"name\":\"Fangoth\u00e9rapie - Hotel Terme Marconi - Hotel 3* a Montegrotto Terme\",\"isPartOf\":{\"@id\":\"https:\/\/termemarconi.it\/#website\"},\"datePublished\":\"2022-07-15T10:27:05+00:00\",\"dateModified\":\"2022-09-06T14:47:24+00:00\",\"description\":\"L'hotel dispone di centro termale fangoterapico. La Fangoterapia \u00e8 indicata per reumatismi, artriti ed artrosi, sciatica, lombaggine.\",\"breadcrumb\":{\"@id\":\"https:\/\/termemarconi.it\/fr\/fangotherapie\/#breadcrumb\"},\"inLanguage\":\"fr-FR\",\"potentialAction\":[{\"@type\":\"ReadAction\",\"target\":[\"https:\/\/termemarconi.it\/fr\/fangotherapie\/\"]}]},{\"@type\":\"BreadcrumbList\",\"@id\":\"https:\/\/termemarconi.it\/fr\/fangotherapie\/#breadcrumb\",\"itemListElement\":[{\"@type\":\"ListItem\",\"position\":1,\"name\":\"Home\",\"item\":\"https:\/\/termemarconi.it\/fr\/\"},{\"@type\":\"ListItem\",\"position\":2,\"name\":\"Fangoth\u00e9rapie\"}]},{\"@type\":\"WebSite\",\"@id\":\"https:\/\/termemarconi.it\/#website\",\"url\":\"https:\/\/termemarconi.it\/\",\"name\":\"Hotel Terme Marconi - Hotel 3* a Montegrotto Terme\",\"description\":\"Hotel Termale Spa e Piscine a Montegrotto Terme\",\"publisher\":{\"@id\":\"https:\/\/termemarconi.it\/#organization\"},\"potentialAction\":[{\"@type\":\"SearchAction\",\"target\":{\"@type\":\"EntryPoint\",\"urlTemplate\":\"https:\/\/termemarconi.it\/?s={search_term_string}\"},\"query-input\":\"required name=search_term_string\"}],\"inLanguage\":\"fr-FR\"},{\"@type\":\"Organization\",\"@id\":\"https:\/\/termemarconi.it\/#organization\",\"name\":\"Hotel Terme Marconi - Hotel 3* a Montegrotto Terme\",\"url\":\"https:\/\/termemarconi.it\/\",\"logo\":{\"@type\":\"ImageObject\",\"inLanguage\":\"fr-FR\",\"@id\":\"https:\/\/termemarconi.it\/#\/schema\/logo\/image\/\",\"url\":\"http:\/\/termemarconi.it\/web\/wp-content\/uploads\/2022\/06\/marconi-logo.png\",\"contentUrl\":\"http:\/\/termemarconi.it\/web\/wp-content\/uploads\/2022\/06\/marconi-logo.png\",\"width\":275,\"height\":76,\"caption\":\"Hotel Terme Marconi - Hotel 3* a Montegrotto Terme\"},\"image\":{\"@id\":\"https:\/\/termemarconi.it\/#\/schema\/logo\/image\/\"},\"sameAs\":[\"https:\/\/www.facebook.com\/termemarconi\",\"https:\/\/www.instagram.com\/hotel_terme_marconi\/\"]}]}<\/script>\n<!-- \/ Yoast SEO plugin. -->","yoast_head_json":{"title":"Fangoth\u00e9rapie - Hotel Terme Marconi - Hotel 3* a Montegrotto Terme","description":"L'hotel dispone di centro termale fangoterapico. La Fangoterapia \u00e8 indicata per reumatismi, artriti ed artrosi, sciatica, lombaggine.","robots":{"index":"index","follow":"follow","max-snippet":"max-snippet:-1","max-image-preview":"max-image-preview:large","max-video-preview":"max-video-preview:-1"},"canonical":"https:\/\/termemarconi.it\/fr\/fangotherapie\/","og_locale":"fr_FR","og_type":"article","og_title":"Fangoth\u00e9rapie - Hotel Terme Marconi - Hotel 3* a Montegrotto Terme","og_description":"L'hotel dispone di centro termale fangoterapico. La Fangoterapia \u00e8 indicata per reumatismi, artriti ed artrosi, sciatica, lombaggine.","og_url":"https:\/\/termemarconi.it\/fr\/fangotherapie\/","og_site_name":"Hotel Terme Marconi - Hotel 3* a Montegrotto Terme","article_publisher":"https:\/\/www.facebook.com\/termemarconi","article_modified_time":"2022-09-06T14:47:24+00:00","twitter_card":"summary_large_image","twitter_misc":{"Dur\u00e9e de lecture estim\u00e9e":"3 minutes"},"schema":{"@context":"https:\/\/schema.org","@graph":[{"@type":"WebPage","@id":"https:\/\/termemarconi.it\/fr\/fangotherapie\/","url":"https:\/\/termemarconi.it\/fr\/fangotherapie\/","name":"Fangoth\u00e9rapie - Hotel Terme Marconi - Hotel 3* a Montegrotto Terme","isPartOf":{"@id":"https:\/\/termemarconi.it\/#website"},"datePublished":"2022-07-15T10:27:05+00:00","dateModified":"2022-09-06T14:47:24+00:00","description":"L'hotel dispone di centro termale fangoterapico. La Fangoterapia \u00e8 indicata per reumatismi, artriti ed artrosi, sciatica, lombaggine.","breadcrumb":{"@id":"https:\/\/termemarconi.it\/fr\/fangotherapie\/#breadcrumb"},"inLanguage":"fr-FR","potentialAction":[{"@type":"ReadAction","target":["https:\/\/termemarconi.it\/fr\/fangotherapie\/"]}]},{"@type":"BreadcrumbList","@id":"https:\/\/termemarconi.it\/fr\/fangotherapie\/#breadcrumb","itemListElement":[{"@type":"ListItem","position":1,"name":"Home","item":"https:\/\/termemarconi.it\/fr\/"},{"@type":"ListItem","position":2,"name":"Fangoth\u00e9rapie"}]},{"@type":"WebSite","@id":"https:\/\/termemarconi.it\/#website","url":"https:\/\/termemarconi.it\/","name":"Hotel Terme Marconi - Hotel 3* a Montegrotto Terme","description":"Hotel Termale Spa e Piscine a Montegrotto Terme","publisher":{"@id":"https:\/\/termemarconi.it\/#organization"},"potentialAction":[{"@type":"SearchAction","target":{"@type":"EntryPoint","urlTemplate":"https:\/\/termemarconi.it\/?s={search_term_string}"},"query-input":"required name=search_term_string"}],"inLanguage":"fr-FR"},{"@type":"Organization","@id":"https:\/\/termemarconi.it\/#organization","name":"Hotel Terme Marconi - Hotel 3* a Montegrotto Terme","url":"https:\/\/termemarconi.it\/","logo":{"@type":"ImageObject","inLanguage":"fr-FR","@id":"https:\/\/termemarconi.it\/#\/schema\/logo\/image\/","url":"http:\/\/termemarconi.it\/web\/wp-content\/uploads\/2022\/06\/marconi-logo.png","contentUrl":"http:\/\/termemarconi.it\/web\/wp-content\/uploads\/2022\/06\/marconi-logo.png","width":275,"height":76,"caption":"Hotel Terme Marconi - Hotel 3* a Montegrotto Terme"},"image":{"@id":"https:\/\/termemarconi.it\/#\/schema\/logo\/image\/"},"sameAs":["https:\/\/www.facebook.com\/termemarconi","https:\/\/www.instagram.com\/hotel_terme_marconi\/"]}]}},"_links":{"self":[{"href":"https:\/\/termemarconi.it\/fr\/wp-json\/wp\/v2\/pages\/3911","targetHints":{"allow":["GET"]}}],"collection":[{"href":"https:\/\/termemarconi.it\/fr\/wp-json\/wp\/v2\/pages"}],"about":[{"href":"https:\/\/termemarconi.it\/fr\/wp-json\/wp\/v2\/types\/page"}],"author":[{"embeddable":true,"href":"https:\/\/termemarconi.it\/fr\/wp-json\/wp\/v2\/users\/2"}],"replies":[{"embeddable":true,"href":"https:\/\/termemarconi.it\/fr\/wp-json\/wp\/v2\/comments?post=3911"}],"version-history":[{"count":3,"href":"https:\/\/termemarconi.it\/fr\/wp-json\/wp\/v2\/pages\/3911\/revisions"}],"predecessor-version":[{"id":3913,"href":"https:\/\/termemarconi.it\/fr\/wp-json\/wp\/v2\/pages\/3911\/revisions\/3913"}],"wp:attachment":[{"href":"https:\/\/termemarconi.it\/fr\/wp-json\/wp\/v2\/media?parent=3911"}],"curies":[{"name":"wp","href":"https:\/\/api.w.org\/{rel}","templated":true}]}}