{"id":3898,"date":"2022-08-24T15:45:57","date_gmt":"2022-08-24T13:45:57","guid":{"rendered":"https:\/\/termemarconi.it\/cicloturismo\/"},"modified":"2022-09-07T13:53:04","modified_gmt":"2022-09-07T11:53:04","slug":"cyclotourisme","status":"publish","type":"page","link":"https:\/\/termemarconi.it\/fr\/cyclotourisme\/","title":{"rendered":"Cyclotourisme"},"content":{"rendered":"<p>[vc_row full_width=\u00a0\u00bbstretch_row\u00a0\u00bb parallax=\u00a0\u00bbcontent-moving\u00a0\u00bb parallax_image=\u00a0\u00bb3299&Prime; css=\u00a0\u00bb.vc_custom_1661350136318{margin-top: 0px !important;margin-bottom: 0px !important;border-top-width: 0px !important;border-bottom-width: 0px !important;padding-top: 0px !important;padding-bottom: 0px !important;}\u00a0\u00bb el_class=\u00a0\u00bbnd_options_vc_parallax_filter_2_4&Prime;][vc_column width=\u00a0\u00bb1\/6&Prime;][\/vc_column][vc_column width=\u00a0\u00bb2\/3&Prime; el_class=\u00a0\u00bbnd_options_text_align_center\u00a0\u00bb][vc_empty_space height=\u00a0\u00bb200&Prime;] <h1 style=\"color:#ffffff;padding:px;text-align:center;font-size:95px;line-height:95px;letter-spacing: 2px;font-weight:lighter\" class=\"   nd_options_third_font \">Cyclotourisme<\/h1> <div style=\"background-color:;height: 30px\" class=\"nicdark_section  \"><\/div> <p style=\"color:#ffffff;padding:px;text-align:center;font-size:22px;line-height:33px;letter-spacing: 1px;font-weight:normal\" class=\"   nd_options_second_font \">Cyclotourisme et pistes cyclables<\/p> [vc_empty_space height=\u00a0\u00bb200&Prime;][\/vc_column][vc_column width=\u00a0\u00bb1\/6&Prime;][\/vc_column][\/vc_row][vc_row][vc_column][vc_empty_space height=\u00a0\u00bb70&Prime;][\/vc_column][\/vc_row][vc_row][vc_column] <h2 style=\"color:;padding:px;text-align:;font-size:42px;line-height:40px;letter-spacing: 2px;font-weight:lighter\" class=\"  nd_options_font_size_40_important_all_iphone nd_options_first_font \">Anneau cyclable des Monts Eugan\u00e9ens \u00ab E2 \u00bb<\/h2> <div style=\"background-color:;height: 30px\" class=\"nicdark_section  \"><\/div>[vc_column_text]\u00c0 100 m\u00e8tres de l\u2019h\u00f4tel Marconi se trouve l\u2019anneau cyclable des Monts Eugan\u00e9ens \u00ab E2 \u00bb. Il s\u2019agit d\u2019une piste cyclopi\u00e9tonne plate de 63 km au total qui serpente tout le long de la bordure du Parc r\u00e9gional des <strong>Monts Eugan\u00e9ens <\/strong>qu\u2019il est donc possible de parcourir \u00e0 v\u00e9lo ou \u00e0 pied. <strong>Une piste id\u00e9ale pour les passionn\u00e9s des promenades<\/strong> ou du v\u00e9lo en pleine nature. L\u2019anneau peut \u00eatre parcouru en une journ\u00e9e et n\u00e9cessite d\u2019avoir une bonne forme physique mais il est possible de n\u2019en parcourir que de petits tron\u00e7ons.[\/vc_column_text][vc_empty_space height=\u00a0\u00bb30&Prime;][vc_masonry_media_grid gap=\u00a0\u00bb15&Prime; item=\u00a0\u00bbmediaGrid_Default\u00a0\u00bb grid_id=\u00a0\u00bbvc_gid:1662551561998-91ccd10d-e4d5-5&Prime; include=\u00a0\u00bb3321,3269,3319&Prime;][\/vc_column][\/vc_row][vc_row][vc_column][vc_empty_space height=\u00a0\u00bb65&Prime;][\/vc_column][\/vc_row][vc_row full_width=\u00a0\u00bbstretch_row\u00a0\u00bb parallax=\u00a0\u00bbcontent-moving\u00a0\u00bb css=\u00a0\u00bb.vc_custom_1657805097557{padding-top: 80px !important;padding-bottom: 80px !important;background-color: #113d34 !important;background-position: 0 0;background-repeat: no-repeat !important;}\u00a0\u00bb][vc_column css=\u00a0\u00bb.vc_custom_1548861971286{background-position: center !important;background-repeat: no-repeat !important;background-size: cover !important;}\u00a0\u00bb][vc_row_inner][vc_column_inner css=\u00a0\u00bb.vc_custom_1655974412412{background-color: #113d34 !important;background-position: center !important;background-repeat: no-repeat !important;background-size: cover !important;}\u00a0\u00bb] <h2 style=\"color:#ffffff;padding:px;text-align:center;font-size:70px;line-height:70px;letter-spacing: px;font-weight:normal\" class=\"   nd_options_third_font \">\u00c0 quelques kilom\u00e8tres de l\u2019h\u00f4tel..<\/h2> [vc_column_text]<\/p>\n<p style=\"color: #ffffff; padding: 0px 20px 0px 0px; text-align: center;\">il est possible de visiter:<\/p>\n<p>[\/vc_column_text][vc_empty_space height=\u00a0\u00bb27&Prime;][\/vc_column_inner][\/vc_row_inner][\/vc_column][\/vc_row][vc_row css=\u00a0\u00bb.vc_custom_1661351687319{margin-top: -50px !important;}\u00a0\u00bb][vc_column width=\u00a0\u00bb1\/3&Prime;][vc_single_image image=\u00a0\u00bb3338&Prime; img_size=\u00a0\u00bblarge\u00a0\u00bb]<div style=\"background-color:;height: 30px\" class=\"nicdark_section  \"><\/div> <h2 style=\"color:;padding:px;text-align:;font-size:42px;line-height:40px;letter-spacing: 2px;font-weight:lighter\" class=\"  nd_options_font_size_40_important_all_iphone nd_options_first_font \">`` Villa Draghi ``<\/h2> <div style=\"background-color:;height: 30px\" class=\"nicdark_section  \"><\/div>[vc_column_text]\u00c0 Montegrotto Terme, \u00e0 environ 2 km. Apr\u00e8s la visite de la Villa, vous pourrez vous promener sur les sentiers forestiers qui l\u2019entourent et occupent une surface d\u2019environ 32 hectares.<br \/>\n<strong><a href=\"http:\/\/www.associazionevilladraghi.org\" target=\"_blank\" rel=\"noopener\">www.associazionevilladraghi.org<\/a><\/strong>[\/vc_column_text]<div style=\"background-color:;height: 44px\" class=\"nicdark_section  \"><\/div>[\/vc_column][vc_column width=\u00a0\u00bb1\/3&Prime;][vc_single_image image=\u00a0\u00bb3334&Prime; img_size=\u00a0\u00bblarge\u00a0\u00bb]<div style=\"background-color:;height: 30px\" class=\"nicdark_section  \"><\/div> <h2 style=\"color:;padding:px;text-align:;font-size:42px;line-height:40px;letter-spacing: 2px;font-weight:lighter\" class=\"  nd_options_font_size_40_important_all_iphone nd_options_first_font \">Le monast\u00e8re de San Daniele<\/h2> <div style=\"background-color:;height: 30px\" class=\"nicdark_section  \"><\/div>[vc_column_text]\u00c0 Abano Terme, \u00e0 environ 4,5 km. Il s\u2019agit d\u2019un \u00e9difice datant du d\u00e9but du XIe si\u00e8cle, construit au sommet du mont du m\u00eame nom, qu\u2019il est possible de voir de l\u2019anneau cyclable, qui, apr\u00e8s de nombreuses vicissitudes a fini par accueillir, \u00e0 partir de 1948, les s\u0153urs b\u00e9n\u00e9dictines de Fiume. \u00c0 l\u2019int\u00e9rieur du b\u00e2timent se trouve une petite \u00e9glise, un mus\u00e9e et un point de vente de produits naturels \u00e0 base d\u2019herbes et du fruit du travail des abeilles.<br \/>\n<strong><a href=\"http:\/\/www.monasterosandaniele.it\" target=\"_blank\" rel=\"noopener\">www.monasterosandaniele.it<\/a><\/strong>[\/vc_column_text]<div style=\"background-color:;height: 44px\" class=\"nicdark_section  \"><\/div>[\/vc_column][vc_column width=\u00a0\u00bb1\/3&Prime;][vc_single_image image=\u00a0\u00bb3340&Prime; img_size=\u00a0\u00bblarge\u00a0\u00bb]<div style=\"background-color:;height: 30px\" class=\"nicdark_section  \"><\/div> <h2 style=\"color:;padding:px;text-align:;font-size:42px;line-height:40px;letter-spacing: 2px;font-weight:lighter\" class=\"  nd_options_font_size_40_important_all_iphone nd_options_first_font \">L\u2019 Abbaye de Praglia<\/h2> <div style=\"background-color:;height: 30px\" class=\"nicdark_section  \"><\/div>[vc_column_text]\u00c0 Teolo, \u00e0 environ 9 km. Il s\u2019agit d\u2019un \u00e9difice construit entre les XIe et XIIe si\u00e8cles abritant une communaut\u00e9 de moines b\u00e9n\u00e9dictins.<br \/>\n<strong><a href=\"http:\/\/www.praglia.it\" target=\"_blank\" rel=\"noopener\">www.praglia.it<\/a><\/strong>[\/vc_column_text]<div style=\"background-color:;height: 44px\" class=\"nicdark_section  \"><\/div>[\/vc_column][\/vc_row][vc_row][vc_column width=\u00a0\u00bb1\/3&Prime;][vc_single_image image=\u00a0\u00bb3337&Prime; img_size=\u00a0\u00bblarge\u00a0\u00bb]<div style=\"background-color:;height: 30px\" class=\"nicdark_section  \"><\/div> <h2 style=\"color:;padding:px;text-align:;font-size:42px;line-height:40px;letter-spacing: 2px;font-weight:lighter\" class=\"  nd_options_font_size_40_important_all_iphone nd_options_first_font \">Le Ch\u00e2teau du Catajo<\/h2> <div style=\"background-color:;height: 30px\" class=\"nicdark_section  \"><\/div>[vc_column_text]\u00c0 Battaglia Terme, \u00e0 environ 4 km. Il s\u2019agit d\u2019un \u00e9difice monumental construit \u00e0 partir du d\u00e9but du XVIe si\u00e8cle pour c\u00e9l\u00e9brer le faste des Obizzi. Il se compose de plus de 350 pi\u00e8ces, d\u2019un jardin appel\u00e9 \u00ab le jardin des plaisirs \u00bb et de d\u00e9pendances sur 40 hectares. Le ch\u00e2teau du Catajo est consid\u00e9r\u00e9 comme \u00e9tant une des demeures historiques europ\u00e9ennes les plus imposantes.<br \/>\n<strong><a href=\"http:\/\/www.castellodelcatajo.it\" target=\"_blank\" rel=\"noopener\">www.castellodelcatajo.it<\/a><\/strong>[\/vc_column_text]<div style=\"background-color:;height: 44px\" class=\"nicdark_section  \"><\/div>[\/vc_column][vc_column width=\u00a0\u00bb1\/3&Prime;][vc_single_image image=\u00a0\u00bb3339&Prime; img_size=\u00a0\u00bblarge\u00a0\u00bb]<div style=\"background-color:;height: 30px\" class=\"nicdark_section  \"><\/div> <h2 style=\"color:;padding:px;text-align:;font-size:42px;line-height:40px;letter-spacing: 2px;font-weight:lighter\" class=\"  nd_options_font_size_40_important_all_iphone nd_options_first_font \">La Ville de Monselice<\/h2> <div style=\"background-color:;height: 30px\" class=\"nicdark_section  \"><\/div>[vc_column_text]Le Ch\u00e2teau Cini, avec sa forteresse et le sentier des 7 petites \u00e9glises, \u00e0 environ 11 km.<br \/>\n<strong><a href=\"http:\/\/www.castellodimonselice.it\" target=\"_blank\" rel=\"noopener\">www.castellodimonselice.it<\/a><\/strong>[\/vc_column_text]<div style=\"background-color:;height: 44px\" class=\"nicdark_section  \"><\/div>[\/vc_column][vc_column width=\u00a0\u00bb1\/3&Prime;][vc_single_image image=\u00a0\u00bb3341&Prime; img_size=\u00a0\u00bblarge\u00a0\u00bb]<div style=\"background-color:;height: 30px\" class=\"nicdark_section  \"><\/div> <h2 style=\"color:;padding:px;text-align:;font-size:42px;line-height:40px;letter-spacing: 2px;font-weight:lighter\" class=\"  nd_options_font_size_40_important_all_iphone nd_options_first_font \">Villa dei Vescovi<\/h2> <div style=\"background-color:;height: 30px\" class=\"nicdark_section  \"><\/div>[vc_column_text]\u00c0 environ 8 km. Offerte en donation au FAI, le Fondo Ambiente Italiano, en 2005, la Villa a \u00e9t\u00e9 construite au d\u00e9but du XVIe si\u00e8cle par Alvise Cornaro sur commande de l&rsquo;\u00e9v\u00eaque de Padoue.<br \/>\n<strong><a href=\"http:\/\/www.fondoambiente.it\/luoghi\/villa-dei-vescovi\" target=\"_blank\" rel=\"noopener\">www.fondoambiente.it\/luoghi\/villa-dei-vescovi<\/a><\/strong>[\/vc_column_text]<div style=\"background-color:;height: 44px\" class=\"nicdark_section  \"><\/div>[\/vc_column][\/vc_row][vc_row full_width=\u00a0\u00bbstretch_row\u00a0\u00bb parallax=\u00a0\u00bbcontent-moving\u00a0\u00bb css=\u00a0\u00bb.vc_custom_1657805097557{padding-top: 80px !important;padding-bottom: 80px !important;background-color: #113d34 !important;background-position: 0 0;background-repeat:-repeat !important;}\u00a0\u00bb][vc_column css=\u00a0\u00bb.vc_custom_1548861971286{background-position: center !important;background-repeat: no-repeat !important;background-size: cover !important;}\u00a0\u00bb][vc_row_inner][vc_column_inner width=\u00a0\u00bb1\/3&Prime; css=\u00a0\u00bb.vc_custom_1655974412412{background-color: #113d34 !important;background-position: center !important;background-repeat: no-repeat !important;background-size: cover !important;}\u00a0\u00bb] <h2 style=\"color:#ffffff;padding:px;text-align:;font-size:70px;line-height:70px;letter-spacing: px;font-weight:normal\" class=\"   nd_options_third_font \">Le sc\u00e9nario des Monts Eugan\u00e9ens<\/h2> [vc_empty_space height=\u00a0\u00bb27&Prime;][\/vc_column_inner][vc_column_inner width=\u00a0\u00bb2\/3&Prime;][vc_column_text]<\/p>\n<p style=\"color: #ffffff; text-align: left; padding: 0px 20px 0px 0px;\">Le panorama des Monts Eugan\u00e9ens accompagnent vos pas alors que vous vous prom\u00e8nerez au c\u0153ur d\u2019un paysage de champs cultiv\u00e9s et d\u2019arbres en fleur. Le long du parcours, il vous sera aussi possible de vous arr\u00eater et de d\u00e9guster des produits typiques de la r\u00e9gion.<br \/>\nL\u2019h\u00f4tel Marconi dispose d\u2019un local \u00e0 v\u00e9los. Il vous sera donc possible d\u2019y d\u00e9poser les v\u00f4tres ou de les louer. Un point de location se trouve \u00e0 l\u2019entr\u00e9e principale de l\u2019h\u00f4tel.<br \/>\nLes pistes cyclopi\u00e9tonnes sont aussi tr\u00e8s souvent utilis\u00e9es par les passionn\u00e9s de marche nordique. L\u2019h\u00f4tel met \u00e0 la disposition des invit\u00e9s des b\u00e2tons et un enseignant dipl\u00f4m\u00e9 pouvant donner des le\u00e7ons ou cr\u00e9er des petits groupes afin de pratiquer cette discipline, m\u00eame dans le parc du Marconi.<\/p>\n<p style=\"color: #ffffff; text-align: left; padding: 0px 20px 0px 0px;\"><strong><a style=\"color: #ffffff;\" href=\"http:\/\/www.piste-ciclabili.com\/comune-montegrotto_terme\" target=\"_blank\" rel=\"noopener\">www.piste-ciclabili.com\/comune-montegrotto_terme<\/a><\/strong><\/p>\n<p>[\/vc_column_text][\/vc_column_inner][\/vc_row_inner][\/vc_column][\/vc_row][vc_row full_width=\u00a0\u00bbstretch_row_content\u00a0\u00bb][vc_column][vc_empty_space height=\u00a0\u00bb15&Prime;][vc_masonry_media_grid gap=\u00a0\u00bb15&Prime; grid_id=\u00a0\u00bbvc_gid:1662551562017-acc02efd-1ca2-6&Prime; include=\u00a0\u00bb3268,3309,2578&Prime;][vc_empty_space height=\u00a0\u00bb15&Prime;][\/vc_column][\/vc_row]<\/p>\n","protected":false},"excerpt":{"rendered":"<p>[vc_row full_width=\u00a0\u00bbstretch_row\u00a0\u00bb parallax=\u00a0\u00bbcontent-moving\u00a0\u00bb parallax_image=\u00a0\u00bb3299&Prime; css=\u00a0\u00bb.vc_custom_1661350136318{margin-top: 0px !important;margin-bottom: 0px !important;border-top-width: 0px !important;border-bottom-width: 0px !important;padding-top: 0px !important;padding-bottom: 0px !important;}\u00a0\u00bb el_class=\u00a0\u00bbnd_options_vc_parallax_filter_2_4&Prime;][vc_column width=\u00a0\u00bb1\/6&Prime;][\/vc_column][vc_column width=\u00a0\u00bb2\/3&Prime; el_class=\u00a0\u00bbnd_options_text_align_center\u00a0\u00bb][vc_empty_space height=\u00a0\u00bb200&Prime;][vc_empty_space height=\u00a0\u00bb200&Prime;][\/vc_column][vc_column width=\u00a0\u00bb1\/6&Prime;][\/vc_column][\/vc_row][vc_row][vc_column][vc_empty_space height=\u00a0\u00bb70&Prime;][\/vc_column][\/vc_row][vc_row][vc_column][vc_column_text]\u00c0 100 m\u00e8tres de l\u2019h\u00f4tel Marconi se trouve l\u2019anneau cyclable des Monts Eugan\u00e9ens \u00ab E2 \u00bb. Il s\u2019agit d\u2019une piste cyclopi\u00e9tonne plate de 63 km au total qui serpente tout le [&hellip;]<\/p>\n","protected":false},"author":2,"featured_media":0,"parent":0,"menu_order":0,"comment_status":"closed","ping_status":"closed","template":"","meta":{"footnotes":""},"class_list":["post-3898","page","type-page","status-publish","hentry"],"yoast_head":"<!-- This site is optimized with the Yoast SEO plugin v23.2 - https:\/\/yoast.com\/wordpress\/plugins\/seo\/ -->\n<title>Cyclotourisme - Hotel Terme Marconi - Hotel 3* a Montegrotto Terme<\/title>\n<meta name=\"description\" content=\"L&#039;Hotel Terme Marconi da la possibilit\u00e0 di noleggiare la bicicletta per percorsi sui Colli Euganei e citt\u00e0 d&#039;arte.\" \/>\n<meta name=\"robots\" content=\"index, follow, max-snippet:-1, max-image-preview:large, max-video-preview:-1\" \/>\n<link rel=\"canonical\" href=\"https:\/\/termemarconi.it\/fr\/cyclotourisme\/\" \/>\n<meta property=\"og:locale\" content=\"fr_FR\" \/>\n<meta property=\"og:type\" content=\"article\" \/>\n<meta property=\"og:title\" content=\"Cyclotourisme - Hotel Terme Marconi - Hotel 3* a Montegrotto Terme\" \/>\n<meta property=\"og:description\" content=\"L&#039;Hotel Terme Marconi da la possibilit\u00e0 di noleggiare la bicicletta per percorsi sui Colli Euganei e citt\u00e0 d&#039;arte.\" \/>\n<meta property=\"og:url\" content=\"https:\/\/termemarconi.it\/fr\/cyclotourisme\/\" \/>\n<meta property=\"og:site_name\" content=\"Hotel Terme Marconi - Hotel 3* a Montegrotto Terme\" \/>\n<meta property=\"article:publisher\" content=\"https:\/\/www.facebook.com\/termemarconi\" \/>\n<meta property=\"article:modified_time\" content=\"2022-09-07T11:53:04+00:00\" \/>\n<meta name=\"twitter:card\" content=\"summary_large_image\" \/>\n<meta name=\"twitter:label1\" content=\"Dur\u00e9e de lecture estim\u00e9e\" \/>\n\t<meta name=\"twitter:data1\" content=\"4 minutes\" \/>\n<script type=\"application\/ld+json\" class=\"yoast-schema-graph\">{\"@context\":\"https:\/\/schema.org\",\"@graph\":[{\"@type\":\"WebPage\",\"@id\":\"https:\/\/termemarconi.it\/fr\/cyclotourisme\/\",\"url\":\"https:\/\/termemarconi.it\/fr\/cyclotourisme\/\",\"name\":\"Cyclotourisme - Hotel Terme Marconi - Hotel 3* a Montegrotto Terme\",\"isPartOf\":{\"@id\":\"https:\/\/termemarconi.it\/#website\"},\"datePublished\":\"2022-08-24T13:45:57+00:00\",\"dateModified\":\"2022-09-07T11:53:04+00:00\",\"description\":\"L'Hotel Terme Marconi da la possibilit\u00e0 di noleggiare la bicicletta per percorsi sui Colli Euganei e citt\u00e0 d'arte.\",\"breadcrumb\":{\"@id\":\"https:\/\/termemarconi.it\/fr\/cyclotourisme\/#breadcrumb\"},\"inLanguage\":\"fr-FR\",\"potentialAction\":[{\"@type\":\"ReadAction\",\"target\":[\"https:\/\/termemarconi.it\/fr\/cyclotourisme\/\"]}]},{\"@type\":\"BreadcrumbList\",\"@id\":\"https:\/\/termemarconi.it\/fr\/cyclotourisme\/#breadcrumb\",\"itemListElement\":[{\"@type\":\"ListItem\",\"position\":1,\"name\":\"Home\",\"item\":\"https:\/\/termemarconi.it\/fr\/\"},{\"@type\":\"ListItem\",\"position\":2,\"name\":\"Cyclotourisme\"}]},{\"@type\":\"WebSite\",\"@id\":\"https:\/\/termemarconi.it\/#website\",\"url\":\"https:\/\/termemarconi.it\/\",\"name\":\"Hotel Terme Marconi - Hotel 3* a Montegrotto Terme\",\"description\":\"Hotel Termale Spa e Piscine a Montegrotto Terme\",\"publisher\":{\"@id\":\"https:\/\/termemarconi.it\/#organization\"},\"potentialAction\":[{\"@type\":\"SearchAction\",\"target\":{\"@type\":\"EntryPoint\",\"urlTemplate\":\"https:\/\/termemarconi.it\/?s={search_term_string}\"},\"query-input\":\"required name=search_term_string\"}],\"inLanguage\":\"fr-FR\"},{\"@type\":\"Organization\",\"@id\":\"https:\/\/termemarconi.it\/#organization\",\"name\":\"Hotel Terme Marconi - Hotel 3* a Montegrotto Terme\",\"url\":\"https:\/\/termemarconi.it\/\",\"logo\":{\"@type\":\"ImageObject\",\"inLanguage\":\"fr-FR\",\"@id\":\"https:\/\/termemarconi.it\/#\/schema\/logo\/image\/\",\"url\":\"http:\/\/termemarconi.it\/web\/wp-content\/uploads\/2022\/06\/marconi-logo.png\",\"contentUrl\":\"http:\/\/termemarconi.it\/web\/wp-content\/uploads\/2022\/06\/marconi-logo.png\",\"width\":275,\"height\":76,\"caption\":\"Hotel Terme Marconi - Hotel 3* a Montegrotto Terme\"},\"image\":{\"@id\":\"https:\/\/termemarconi.it\/#\/schema\/logo\/image\/\"},\"sameAs\":[\"https:\/\/www.facebook.com\/termemarconi\",\"https:\/\/www.instagram.com\/hotel_terme_marconi\/\"]}]}<\/script>\n<!-- \/ Yoast SEO plugin. -->","yoast_head_json":{"title":"Cyclotourisme - Hotel Terme Marconi - Hotel 3* a Montegrotto Terme","description":"L'Hotel Terme Marconi da la possibilit\u00e0 di noleggiare la bicicletta per percorsi sui Colli Euganei e citt\u00e0 d'arte.","robots":{"index":"index","follow":"follow","max-snippet":"max-snippet:-1","max-image-preview":"max-image-preview:large","max-video-preview":"max-video-preview:-1"},"canonical":"https:\/\/termemarconi.it\/fr\/cyclotourisme\/","og_locale":"fr_FR","og_type":"article","og_title":"Cyclotourisme - Hotel Terme Marconi - Hotel 3* a Montegrotto Terme","og_description":"L'Hotel Terme Marconi da la possibilit\u00e0 di noleggiare la bicicletta per percorsi sui Colli Euganei e citt\u00e0 d'arte.","og_url":"https:\/\/termemarconi.it\/fr\/cyclotourisme\/","og_site_name":"Hotel Terme Marconi - Hotel 3* a Montegrotto Terme","article_publisher":"https:\/\/www.facebook.com\/termemarconi","article_modified_time":"2022-09-07T11:53:04+00:00","twitter_card":"summary_large_image","twitter_misc":{"Dur\u00e9e de lecture estim\u00e9e":"4 minutes"},"schema":{"@context":"https:\/\/schema.org","@graph":[{"@type":"WebPage","@id":"https:\/\/termemarconi.it\/fr\/cyclotourisme\/","url":"https:\/\/termemarconi.it\/fr\/cyclotourisme\/","name":"Cyclotourisme - Hotel Terme Marconi - Hotel 3* a Montegrotto Terme","isPartOf":{"@id":"https:\/\/termemarconi.it\/#website"},"datePublished":"2022-08-24T13:45:57+00:00","dateModified":"2022-09-07T11:53:04+00:00","description":"L'Hotel Terme Marconi da la possibilit\u00e0 di noleggiare la bicicletta per percorsi sui Colli Euganei e citt\u00e0 d'arte.","breadcrumb":{"@id":"https:\/\/termemarconi.it\/fr\/cyclotourisme\/#breadcrumb"},"inLanguage":"fr-FR","potentialAction":[{"@type":"ReadAction","target":["https:\/\/termemarconi.it\/fr\/cyclotourisme\/"]}]},{"@type":"BreadcrumbList","@id":"https:\/\/termemarconi.it\/fr\/cyclotourisme\/#breadcrumb","itemListElement":[{"@type":"ListItem","position":1,"name":"Home","item":"https:\/\/termemarconi.it\/fr\/"},{"@type":"ListItem","position":2,"name":"Cyclotourisme"}]},{"@type":"WebSite","@id":"https:\/\/termemarconi.it\/#website","url":"https:\/\/termemarconi.it\/","name":"Hotel Terme Marconi - Hotel 3* a Montegrotto Terme","description":"Hotel Termale Spa e Piscine a Montegrotto Terme","publisher":{"@id":"https:\/\/termemarconi.it\/#organization"},"potentialAction":[{"@type":"SearchAction","target":{"@type":"EntryPoint","urlTemplate":"https:\/\/termemarconi.it\/?s={search_term_string}"},"query-input":"required name=search_term_string"}],"inLanguage":"fr-FR"},{"@type":"Organization","@id":"https:\/\/termemarconi.it\/#organization","name":"Hotel Terme Marconi - Hotel 3* a Montegrotto Terme","url":"https:\/\/termemarconi.it\/","logo":{"@type":"ImageObject","inLanguage":"fr-FR","@id":"https:\/\/termemarconi.it\/#\/schema\/logo\/image\/","url":"http:\/\/termemarconi.it\/web\/wp-content\/uploads\/2022\/06\/marconi-logo.png","contentUrl":"http:\/\/termemarconi.it\/web\/wp-content\/uploads\/2022\/06\/marconi-logo.png","width":275,"height":76,"caption":"Hotel Terme Marconi - Hotel 3* a Montegrotto Terme"},"image":{"@id":"https:\/\/termemarconi.it\/#\/schema\/logo\/image\/"},"sameAs":["https:\/\/www.facebook.com\/termemarconi","https:\/\/www.instagram.com\/hotel_terme_marconi\/"]}]}},"_links":{"self":[{"href":"https:\/\/termemarconi.it\/fr\/wp-json\/wp\/v2\/pages\/3898","targetHints":{"allow":["GET"]}}],"collection":[{"href":"https:\/\/termemarconi.it\/fr\/wp-json\/wp\/v2\/pages"}],"about":[{"href":"https:\/\/termemarconi.it\/fr\/wp-json\/wp\/v2\/types\/page"}],"author":[{"embeddable":true,"href":"https:\/\/termemarconi.it\/fr\/wp-json\/wp\/v2\/users\/2"}],"replies":[{"embeddable":true,"href":"https:\/\/termemarconi.it\/fr\/wp-json\/wp\/v2\/comments?post=3898"}],"version-history":[{"count":5,"href":"https:\/\/termemarconi.it\/fr\/wp-json\/wp\/v2\/pages\/3898\/revisions"}],"predecessor-version":[{"id":4017,"href":"https:\/\/termemarconi.it\/fr\/wp-json\/wp\/v2\/pages\/3898\/revisions\/4017"}],"wp:attachment":[{"href":"https:\/\/termemarconi.it\/fr\/wp-json\/wp\/v2\/media?parent=3898"}],"curies":[{"name":"wp","href":"https:\/\/api.w.org\/{rel}","templated":true}]}}