{"id":3864,"date":"2022-07-21T15:39:34","date_gmt":"2022-07-21T13:39:34","guid":{"rendered":"https:\/\/termemarconi.it\/camere\/"},"modified":"2024-08-29T11:10:06","modified_gmt":"2024-08-29T09:10:06","slug":"chambres","status":"publish","type":"page","link":"https:\/\/termemarconi.it\/fr\/chambres\/","title":{"rendered":"Chambres"},"content":{"rendered":"<p>[vc_row full_width=\u00a0\u00bbstretch_row\u00a0\u00bb parallax=\u00a0\u00bbcontent-moving\u00a0\u00bb parallax_image=\u00a0\u00bb4803&Prime; css=\u00a0\u00bb.vc_custom_1724922589486{margin-top: 0px !important;margin-bottom: 0px !important;border-top-width: 0px !important;border-bottom-width: 0px !important;padding-top: 0px !important;padding-bottom: 0px !important;}\u00a0\u00bb el_class=\u00a0\u00bbnd_options_vc_parallax_filter_2_5&Prime;][vc_column width=\u00a0\u00bb1\/6&Prime;][\/vc_column][vc_column width=\u00a0\u00bb2\/3&Prime; el_class=\u00a0\u00bbnd_options_text_align_center\u00a0\u00bb][vc_empty_space height=\u00a0\u00bb200&Prime;] <h1 style=\"color:#ffffff;padding:px;text-align:center;font-size:95px;line-height:95px;letter-spacing: 2px;font-weight:lighter\" class=\"   nd_options_third_font \">Les Chambres<\/h1> <div style=\"background-color:;height: 30px\" class=\"nicdark_section  \"><\/div> <p style=\"color:#ffffff;padding:px;text-align:center;font-size:22px;line-height:33px;letter-spacing: 1px;font-weight:normal\" class=\"   nd_options_second_font \">L\u2019h\u00f4tel Marconi propose diff\u00e9rents types de chambres toutes aussi confortables et accueillantes les unes que les autres, pour un repos d\u00fbment m\u00e9rit\u00e9 pendant ou \u00e0 la fin d\u2019une journ\u00e9e pass\u00e9e aux thermes.<\/p> [vc_empty_space height=\u00a0\u00bb200&Prime;]<div style=\"background-color:;height: 30px\" class=\"nicdark_section  \"><\/div>[\/vc_column][vc_column width=\u00a0\u00bb1\/6&Prime;][\/vc_column][\/vc_row][vc_row css=\u00a0\u00bb.vc_custom_1658410828457{margin-top: -95px !important;background-position: 0 0 !important;background-repeat: no-repeat !important;}\u00a0\u00bb][vc_column width=\u00a0\u00bb2\/3&Prime; css=\u00a0\u00bb.vc_custom_1548405352794{padding-top: 70px !important;padding-right: 70px !important;padding-bottom: 70px !important;padding-left: 70px !important;}\u00a0\u00bb el_class=\u00a0\u00bbnd_options_home_4_section_1 nd_options_padding_20_first_div_important_responsive\u00a0\u00bb]<div style=\"background-color:;height: 110px\" class=\"nicdark_section  \"><\/div> <h2 style=\"color:#eeeeee;padding:px;text-align:;font-size:70px;line-height:px;letter-spacing: 0px;font-weight:normal\" class=\"   nd_options_third_font \">D\u00e9tente<\/h2>  <h1 style=\"color:;padding:px;text-align:;font-size:50px;line-height:px;letter-spacing: 2px;font-weight:lighter\" class=\"  nd_options_font_size_40_important_all_iphone nd_options_first_font \">LES CHAMBRES<\/h1> <div style=\"background-color:;height: 35px\" class=\"nicdark_section  \"><\/div>[vc_row_inner][vc_column_inner width=\u00a0\u00bb1\/2&Prime;][vc_column_text]Elles disposent toutes de salles de<strong> bain privatives<\/strong>, de l\u2019<strong>air conditionn\u00e9<\/strong> ainsi que des autres services indispensables gratuits tels que la <strong>TV satellite<\/strong>, un <strong>coffre-fort<\/strong>,[\/vc_column_text][\/vc_column_inner][vc_column_inner width=\u00a0\u00bb1\/2&Prime;][vc_column_text]un <strong>r\u00e9frig\u00e9rateur <\/strong>(sur demande), le r\u00e9seau Internet par <strong>wifi<\/strong>, un <strong>grand bureau<\/strong> pour quiconque n\u2019abandonne pas totalement son activit\u00e9 professionnelle, m\u00eame en vacance.[\/vc_column_text][\/vc_column_inner][\/vc_row_inner]<div style=\"background-color:;height: 35px\" class=\"nicdark_section  \"><\/div>\n\t\n\t<a style=\"border: px solid;border-radius:3px;letter-spacing:2px;line-height:16px;font-size:16px;background-color:#113d34;padding:15px 35px;margin:;color:#ffffff\" rel=\"\" href=\"\/fr\/contacts\/\" class=\"nicdark_display_inline_block nd_options_float_left nd_options_font_weight_normal nd_options_first_font  \">R\u00c9SERVEZ VOTRE CHAMBRE<\/a>\n\t\n<div style=\"background-color:;height: 25px\" class=\"nicdark_section  \"><\/div>[\/vc_column][vc_column width=\u00a0\u00bb1\/3&Prime; css=\u00a0\u00bb.vc_custom_1724922603494{margin-top: 25px !important;background-image: url(https:\/\/termemarconi.it\/web\/wp-content\/uploads\/2024\/08\/camera-vert-2.webp?id=4808) !important;background-position: center !important;background-repeat: no-repeat !important;background-size: cover !important;}\u00a0\u00bb]<div style=\"background-color:;height: 200px\" class=\"nicdark_section  \"><\/div><div style=\"background-color:;height: 250px\" class=\"nicdark_section  \"><\/div>[\/vc_column][\/vc_row][vc_row full_width=\u00a0\u00bbstretch_row\u00a0\u00bb parallax=\u00a0\u00bbcontent-moving\u00a0\u00bb css=\u00a0\u00bb.vc_custom_1658909557670{padding-top: 80px !important;padding-bottom: 90px !important;background-color: #113d34 !important;background-position: 0 0;background-repeat: no-repeat !important;}\u00a0\u00bb][vc_column css=\u00a0\u00bb.vc_custom_1548861971286{background-position: center !important;background-repeat: no-repeat !important;background-size: cover !important;}\u00a0\u00bb][vc_row_inner][vc_column_inner width=\u00a0\u00bb1\/3&Prime; css=\u00a0\u00bb.vc_custom_1655974412412{background-color: #113d34 !important;background-position: center !important;background-repeat: no-repeat !important;background-size: cover !important;}\u00a0\u00bb][vc_empty_space height=\u00a0\u00bb20&Prime;] <h2 style=\"color:#ffffff;padding:px;text-align:;font-size:60px;line-height:px;letter-spacing: px;font-weight:normal\" class=\"   nd_options_third_font \">Toutes les chambres...<\/h2> [vc_empty_space height=\u00a0\u00bb27&Prime;][\/vc_column_inner][vc_column_inner width=\u00a0\u00bb2\/3&Prime;][vc_column_text]<\/p>\n<p style=\"color: #ffffff; text-align: left; padding: 0px 20px 0px 0px;\">Les chambres sont lumineuses et a\u00e9r\u00e9es. Elles sont \u00e9quip\u00e9es d\u2019une porte-fen\u00eatre donnant sur une belle terrasse o\u00f9 vous pourrez vous relaxer en profitant du panorama sur les Monts Eugan\u00e9ens, les piscines \u00e0 hydromassage, le parc luxuriant et le jardin et, enfin, sur la grande coupole caract\u00e9ristique du D\u00f4me de Montegrotto Terme. La vue propos\u00e9e change selon leur position. Les chambres sont toutes pratiques et confortables. Nous laissons le soin aux visiteurs de choisir la cat\u00e9gorie en fonction de leurs besoins.<\/p>\n<p>[\/vc_column_text][vc_empty_space height=\u00a0\u00bb27&Prime;][\/vc_column_inner][\/vc_row_inner][\/vc_column][\/vc_row][vc_row full_width=\u00a0\u00bbstretch_row_content\u00a0\u00bb css=\u00a0\u00bb.vc_custom_1658759252260{margin-top: -77px !important;padding-right: 50px !important;padding-left: 50px !important;}\u00a0\u00bb][vc_column width=\u00a0\u00bb1\/3&Prime;][vc_masonry_media_grid element_width=\u00a0\u00bb12&Prime; gap=\u00a0\u00bb0&Prime; item=\u00a0\u00bbmasonryMedia_BorderedScale\u00a0\u00bb grid_id=\u00a0\u00bbvc_gid:1724922510942-985e6d23-5054-6&Prime; include=\u00a0\u00bb4755&Prime;][vc_empty_space height=\u00a0\u00bb3&Prime;][vc_masonry_media_grid gap=\u00a0\u00bb3&Prime; item=\u00a0\u00bbmasonryMedia_BorderedScale\u00a0\u00bb grid_id=\u00a0\u00bbvc_gid:1724922510943-c2c7781a-b396-7&Prime; include=\u00a0\u00bb4775,4770,4765,4760,4650,4655&Prime;]<div style=\"background-color:;height: 15px\" class=\"nicdark_section  \"><\/div> <h2 style=\"color:#eeeeee;padding:px;text-align:;font-size:70px;line-height:px;letter-spacing: 0px;font-weight:normal\" class=\"   nd_options_third_font \">Chambre<\/h2>  <h1 style=\"color:;padding:px;text-align:;font-size:40px;line-height:px;letter-spacing: 2px;font-weight:lighter\" class=\"  nd_options_font_size_40_important_all_iphone nd_options_first_font \">COMFORT<\/h1> <div style=\"background-color:;height: 25px\" class=\"nicdark_section  \"><\/div>[vc_column_text]Les chambres Comfort sont toutes \u00e9quip\u00e9es de deux lits, s\u00e9par\u00e9s ou doubles selon les besoins de la client\u00e8le. Les personnes voyageant seules peuvent aussi profiter de ces chambres.[\/vc_column_text]<div style=\"background-color:;height: 32px\" class=\"nicdark_section  \"><\/div>[\/vc_column][vc_column width=\u00a0\u00bb1\/3&Prime;][vc_masonry_media_grid element_width=\u00a0\u00bb12&Prime; gap=\u00a0\u00bb0&Prime; item=\u00a0\u00bbmasonryMedia_BorderedScale\u00a0\u00bb grid_id=\u00a0\u00bbvc_gid:1724922510948-52d5a427-5418-1&Prime; include=\u00a0\u00bb4665&Prime;][vc_empty_space height=\u00a0\u00bb3&Prime;][vc_masonry_media_grid gap=\u00a0\u00bb3&Prime; item=\u00a0\u00bbmasonryMedia_BorderedScale\u00a0\u00bb grid_id=\u00a0\u00bbvc_gid:1724922510949-0025fa53-e463-4&Prime; include=\u00a0\u00bb4670,4675,4680,4685,4690,4695&Prime;]<div style=\"background-color:;height: 15px\" class=\"nicdark_section  \"><\/div> <h2 style=\"color:#eeeeee;padding:px;text-align:;font-size:70px;line-height:px;letter-spacing: 0px;font-weight:normal\" class=\"   nd_options_third_font \">Chambre<\/h2>  <h1 style=\"color:;padding:px;text-align:;font-size:40px;line-height:px;letter-spacing: 2px;font-weight:lighter\" class=\"  nd_options_font_size_40_important_all_iphone nd_options_first_font \">JUNIOR SUITE<\/h1> <div style=\"background-color:;height: 25px\" class=\"nicdark_section  \"><\/div>[vc_column_text]La Junior Suite de 32 m2 est toute r\u00e9cente. Il s\u2019agit de la chambre la plus moderne par le choix de la d\u00e9coration et de l\u2019ameublement. Elle dispose d\u2019un lit double et d\u2019un divan confortable qui, en cas de besoin, se transformer en canap\u00e9-lit (pour un troisi\u00e8me visiteur). Elle donne sur le jardin.<br \/>\n[\/vc_column_text]<div style=\"background-color:;height: 32px\" class=\"nicdark_section  \"><\/div>[\/vc_column][vc_column width=\u00a0\u00bb1\/3&Prime;][vc_masonry_media_grid element_width=\u00a0\u00bb12&Prime; gap=\u00a0\u00bb0&Prime; item=\u00a0\u00bbmasonryMedia_BorderedScale\u00a0\u00bb grid_id=\u00a0\u00bbvc_gid:1724922510955-b33dd255-5dec-6&Prime; include=\u00a0\u00bb4725&Prime;][vc_empty_space height=\u00a0\u00bb3&Prime;][vc_masonry_media_grid gap=\u00a0\u00bb3&Prime; item=\u00a0\u00bbmasonryMedia_BorderedScale\u00a0\u00bb grid_id=\u00a0\u00bbvc_gid:1724922510957-8b2b6403-ddef-5&Prime; include=\u00a0\u00bb4715,4720,4740,4745,4750,4785&Prime;]<div style=\"background-color:;height: 15px\" class=\"nicdark_section  \"><\/div> <h2 style=\"color:#eeeeee;padding:px;text-align:;font-size:70px;line-height:px;letter-spacing: 0px;font-weight:normal\" class=\"   nd_options_third_font \">Chambre<\/h2>  <h1 style=\"color:;padding:px;text-align:;font-size:40px;line-height:px;letter-spacing: 2px;font-weight:lighter\" class=\"  nd_options_font_size_40_important_all_iphone nd_options_first_font \">SUITE<\/h1> <div style=\"background-color:;height: 25px\" class=\"nicdark_section  \"><\/div>[vc_column_text]Les Suite de 42 m2 sont pr\u00e9vues pour quiconque souhaite davantage de confort et de praticit\u00e9. Elles disposent d\u2019une entr\u00e9e et d\u2019une salle de bain plus grande par rapport aux chambre Comfort, d\u2019un r\u00e9frig\u00e9rateur fixe et sont dot\u00e9es d\u2019un petit salon confortable meubl\u00e9 d\u2019un fauteuil et d\u2019un canap\u00e9 o\u00f9 vous pourrez vous d\u00e9tendre. Le coin salon est s\u00e9par\u00e9 du coin nuit en les rendant ind\u00e9pendants.<br \/>\nCertaines Suite sont am\u00e9nag\u00e9es comme \u00e9tant de petits appartements plus spacieux de 60 m2 pr\u00e9vus pour des familles nombreuses mais aussi pour quiconque souhaite profiter de plus d\u2019espace pour des s\u00e9jours de plus longue dur\u00e9e.[\/vc_column_text]<div style=\"background-color:;height: 32px\" class=\"nicdark_section  \"><\/div>[\/vc_column][\/vc_row][vc_row][vc_column][vc_empty_space height=\u00a0\u00bb40&Prime;][\/vc_column][\/vc_row][vc_row full_width=\u00a0\u00bbstretch_row\u00a0\u00bb css=\u00a0\u00bb.vc_custom_1724922573221{background-image: url(https:\/\/termemarconi.it\/web\/wp-content\/uploads\/2024\/08\/accappatoio-sfondo.webp?id=4797) !important;background-position: center !important;background-repeat: no-repeat !important;background-size: cover !important;}\u00a0\u00bb][vc_column css=\u00a0\u00bb.vc_custom_1491985274415{padding-right: 30px !important;padding-left: 30px !important;}\u00a0\u00bb][vc_row_inner css=\u00a0\u00bb.vc_custom_1658413052199{padding-top: 40px !important;padding-right: 40px !important;padding-bottom: 40px !important;padding-left: 40px !important;background-position: center !important;background-repeat: no-repeat !important;background-size: cover !important;}\u00a0\u00bb][vc_column_inner width=\u00a0\u00bb2\/3&Prime;]\n\n    <div class=\"nd_options_section nd_options_position_relative home_calltoaction_service\">\n\n        <img decoding=\"async\" style=\"top:5px\" alt=\"\" class=\"nd_options_position_absolute nd_options_left_0\" width=\"50\" src=\"https:\/\/termemarconi.it\/web\/wp-content\/uploads\/2019\/01\/ico-05.png\">\n\n        <div style=\"padding-left:70px\" class=\"nd_options_section nd_options_box_sizing_border_box\">\n            \n            <h3 class=\"nd_options_first_font underline_phone \" style=\"margin:;color:#ffffff;font-size:30px;line-height:30px\">R\u00c9SERVEZ VOTRE CHAMBRE<\/h3> \n            <p class=\"nd_options_second_font  \" style=\"margin:10px 0px 0px 0px;color:#ffffff;font-size:17px;line-height:27px\">Ecrivez-nous un message avec les dates que vous avez choisi pour votre s\u00e9jour et nous vous enverrons notre offre personnalis\u00e9e.<\/p> \n            \n\n        <\/div>\n\n    <\/div>\n\n  [\/vc_column_inner][vc_column_inner el_class=\u00a0\u00bbnd_options_text_align_right\u00a0\u00bb width=\u00a0\u00bb1\/3&Prime;]<div style=\"background-color:;height: 8px\" class=\"nicdark_section  \"><\/div>\n\t\n\t<a style=\"border: px solid;border-radius:3px;letter-spacing:px;line-height:16px;font-size:16px;background-color:#ffffff;padding:15px 35px;margin:;color:#113d34\" rel=\"\" href=\"\/fr\/contacts\/\" class=\"nicdark_display_inline_block nd_options_float_right nd_options_font_weight_normal nd_options_first_font home_calltoaction_service_button \">ENVOYEZ VOTRE DEMANDE<\/a>\n\t\n[\/vc_column_inner][\/vc_row_inner][\/vc_column][\/vc_row]<\/p>\n","protected":false},"excerpt":{"rendered":"<p>[vc_row full_width=\u00a0\u00bbstretch_row\u00a0\u00bb parallax=\u00a0\u00bbcontent-moving\u00a0\u00bb parallax_image=\u00a0\u00bb4803&Prime; css=\u00a0\u00bb.vc_custom_1724922589486{margin-top: 0px !important;margin-bottom: 0px !important;border-top-width: 0px !important;border-bottom-width: 0px !important;padding-top: 0px !important;padding-bottom: 0px !important;}\u00a0\u00bb el_class=\u00a0\u00bbnd_options_vc_parallax_filter_2_5&Prime;][vc_column width=\u00a0\u00bb1\/6&Prime;][\/vc_column][vc_column width=\u00a0\u00bb2\/3&Prime; el_class=\u00a0\u00bbnd_options_text_align_center\u00a0\u00bb][vc_empty_space height=\u00a0\u00bb200&Prime;][vc_empty_space height=\u00a0\u00bb200&Prime;][\/vc_column][vc_column width=\u00a0\u00bb1\/6&Prime;][\/vc_column][\/vc_row][vc_row css=\u00a0\u00bb.vc_custom_1658410828457{margin-top: -95px !important;background-position: 0 0 !important;background-repeat: no-repeat !important;}\u00a0\u00bb][vc_column width=\u00a0\u00bb2\/3&Prime; css=\u00a0\u00bb.vc_custom_1548405352794{padding-top: 70px !important;padding-right: 70px !important;padding-bottom: 70px !important;padding-left: 70px !important;}\u00a0\u00bb el_class=\u00a0\u00bbnd_options_home_4_section_1 nd_options_padding_20_first_div_important_responsive\u00a0\u00bb][vc_row_inner][vc_column_inner width=\u00a0\u00bb1\/2&Prime;][vc_column_text]Elles disposent toutes de salles de bain privatives, de l\u2019air conditionn\u00e9 [&hellip;]<\/p>\n","protected":false},"author":2,"featured_media":0,"parent":0,"menu_order":0,"comment_status":"closed","ping_status":"closed","template":"","meta":{"footnotes":""},"class_list":["post-3864","page","type-page","status-publish","hentry"],"yoast_head":"<!-- This site is optimized with the Yoast SEO plugin v23.2 - https:\/\/yoast.com\/wordpress\/plugins\/seo\/ -->\n<title>Chambres - Hotel Terme Marconi - Hotel 3* a Montegrotto Terme<\/title>\n<meta name=\"description\" content=\"All\u2019Hotel Marconi ci sono diverse tipologie di camere, tutte ugualmente confortevoli e accoglienti, con vista panoramica sui Colli Euganei.\" \/>\n<meta name=\"robots\" content=\"index, follow, max-snippet:-1, max-image-preview:large, max-video-preview:-1\" \/>\n<link rel=\"canonical\" href=\"https:\/\/termemarconi.it\/fr\/chambres\/\" \/>\n<meta property=\"og:locale\" content=\"fr_FR\" \/>\n<meta property=\"og:type\" content=\"article\" \/>\n<meta property=\"og:title\" content=\"Chambres - Hotel Terme Marconi - Hotel 3* a Montegrotto Terme\" \/>\n<meta property=\"og:description\" content=\"All\u2019Hotel Marconi ci sono diverse tipologie di camere, tutte ugualmente confortevoli e accoglienti, con vista panoramica sui Colli Euganei.\" \/>\n<meta property=\"og:url\" content=\"https:\/\/termemarconi.it\/fr\/chambres\/\" \/>\n<meta property=\"og:site_name\" content=\"Hotel Terme Marconi - Hotel 3* a Montegrotto Terme\" \/>\n<meta property=\"article:publisher\" content=\"https:\/\/www.facebook.com\/termemarconi\" \/>\n<meta property=\"article:modified_time\" content=\"2024-08-29T09:10:06+00:00\" \/>\n<meta name=\"twitter:card\" content=\"summary_large_image\" \/>\n<meta name=\"twitter:label1\" content=\"Dur\u00e9e de lecture estim\u00e9e\" \/>\n\t<meta name=\"twitter:data1\" content=\"4 minutes\" \/>\n<script type=\"application\/ld+json\" class=\"yoast-schema-graph\">{\"@context\":\"https:\/\/schema.org\",\"@graph\":[{\"@type\":\"WebPage\",\"@id\":\"https:\/\/termemarconi.it\/fr\/chambres\/\",\"url\":\"https:\/\/termemarconi.it\/fr\/chambres\/\",\"name\":\"Chambres - Hotel Terme Marconi - Hotel 3* a Montegrotto Terme\",\"isPartOf\":{\"@id\":\"https:\/\/termemarconi.it\/#website\"},\"datePublished\":\"2022-07-21T13:39:34+00:00\",\"dateModified\":\"2024-08-29T09:10:06+00:00\",\"description\":\"All\u2019Hotel Marconi ci sono diverse tipologie di camere, tutte ugualmente confortevoli e accoglienti, con vista panoramica sui Colli Euganei.\",\"breadcrumb\":{\"@id\":\"https:\/\/termemarconi.it\/fr\/chambres\/#breadcrumb\"},\"inLanguage\":\"fr-FR\",\"potentialAction\":[{\"@type\":\"ReadAction\",\"target\":[\"https:\/\/termemarconi.it\/fr\/chambres\/\"]}]},{\"@type\":\"BreadcrumbList\",\"@id\":\"https:\/\/termemarconi.it\/fr\/chambres\/#breadcrumb\",\"itemListElement\":[{\"@type\":\"ListItem\",\"position\":1,\"name\":\"Home\",\"item\":\"https:\/\/termemarconi.it\/fr\/\"},{\"@type\":\"ListItem\",\"position\":2,\"name\":\"Chambres\"}]},{\"@type\":\"WebSite\",\"@id\":\"https:\/\/termemarconi.it\/#website\",\"url\":\"https:\/\/termemarconi.it\/\",\"name\":\"Hotel Terme Marconi - Hotel 3* a Montegrotto Terme\",\"description\":\"Hotel Termale Spa e Piscine a Montegrotto Terme\",\"publisher\":{\"@id\":\"https:\/\/termemarconi.it\/#organization\"},\"potentialAction\":[{\"@type\":\"SearchAction\",\"target\":{\"@type\":\"EntryPoint\",\"urlTemplate\":\"https:\/\/termemarconi.it\/?s={search_term_string}\"},\"query-input\":\"required name=search_term_string\"}],\"inLanguage\":\"fr-FR\"},{\"@type\":\"Organization\",\"@id\":\"https:\/\/termemarconi.it\/#organization\",\"name\":\"Hotel Terme Marconi - Hotel 3* a Montegrotto Terme\",\"url\":\"https:\/\/termemarconi.it\/\",\"logo\":{\"@type\":\"ImageObject\",\"inLanguage\":\"fr-FR\",\"@id\":\"https:\/\/termemarconi.it\/#\/schema\/logo\/image\/\",\"url\":\"http:\/\/termemarconi.it\/web\/wp-content\/uploads\/2022\/06\/marconi-logo.png\",\"contentUrl\":\"http:\/\/termemarconi.it\/web\/wp-content\/uploads\/2022\/06\/marconi-logo.png\",\"width\":275,\"height\":76,\"caption\":\"Hotel Terme Marconi - Hotel 3* a Montegrotto Terme\"},\"image\":{\"@id\":\"https:\/\/termemarconi.it\/#\/schema\/logo\/image\/\"},\"sameAs\":[\"https:\/\/www.facebook.com\/termemarconi\",\"https:\/\/www.instagram.com\/hotel_terme_marconi\/\"]}]}<\/script>\n<!-- \/ Yoast SEO plugin. -->","yoast_head_json":{"title":"Chambres - Hotel Terme Marconi - Hotel 3* a Montegrotto Terme","description":"All\u2019Hotel Marconi ci sono diverse tipologie di camere, tutte ugualmente confortevoli e accoglienti, con vista panoramica sui Colli Euganei.","robots":{"index":"index","follow":"follow","max-snippet":"max-snippet:-1","max-image-preview":"max-image-preview:large","max-video-preview":"max-video-preview:-1"},"canonical":"https:\/\/termemarconi.it\/fr\/chambres\/","og_locale":"fr_FR","og_type":"article","og_title":"Chambres - Hotel Terme Marconi - Hotel 3* a Montegrotto Terme","og_description":"All\u2019Hotel Marconi ci sono diverse tipologie di camere, tutte ugualmente confortevoli e accoglienti, con vista panoramica sui Colli Euganei.","og_url":"https:\/\/termemarconi.it\/fr\/chambres\/","og_site_name":"Hotel Terme Marconi - Hotel 3* a Montegrotto Terme","article_publisher":"https:\/\/www.facebook.com\/termemarconi","article_modified_time":"2024-08-29T09:10:06+00:00","twitter_card":"summary_large_image","twitter_misc":{"Dur\u00e9e de lecture estim\u00e9e":"4 minutes"},"schema":{"@context":"https:\/\/schema.org","@graph":[{"@type":"WebPage","@id":"https:\/\/termemarconi.it\/fr\/chambres\/","url":"https:\/\/termemarconi.it\/fr\/chambres\/","name":"Chambres - Hotel Terme Marconi - Hotel 3* a Montegrotto Terme","isPartOf":{"@id":"https:\/\/termemarconi.it\/#website"},"datePublished":"2022-07-21T13:39:34+00:00","dateModified":"2024-08-29T09:10:06+00:00","description":"All\u2019Hotel Marconi ci sono diverse tipologie di camere, tutte ugualmente confortevoli e accoglienti, con vista panoramica sui Colli Euganei.","breadcrumb":{"@id":"https:\/\/termemarconi.it\/fr\/chambres\/#breadcrumb"},"inLanguage":"fr-FR","potentialAction":[{"@type":"ReadAction","target":["https:\/\/termemarconi.it\/fr\/chambres\/"]}]},{"@type":"BreadcrumbList","@id":"https:\/\/termemarconi.it\/fr\/chambres\/#breadcrumb","itemListElement":[{"@type":"ListItem","position":1,"name":"Home","item":"https:\/\/termemarconi.it\/fr\/"},{"@type":"ListItem","position":2,"name":"Chambres"}]},{"@type":"WebSite","@id":"https:\/\/termemarconi.it\/#website","url":"https:\/\/termemarconi.it\/","name":"Hotel Terme Marconi - Hotel 3* a Montegrotto Terme","description":"Hotel Termale Spa e Piscine a Montegrotto Terme","publisher":{"@id":"https:\/\/termemarconi.it\/#organization"},"potentialAction":[{"@type":"SearchAction","target":{"@type":"EntryPoint","urlTemplate":"https:\/\/termemarconi.it\/?s={search_term_string}"},"query-input":"required name=search_term_string"}],"inLanguage":"fr-FR"},{"@type":"Organization","@id":"https:\/\/termemarconi.it\/#organization","name":"Hotel Terme Marconi - Hotel 3* a Montegrotto Terme","url":"https:\/\/termemarconi.it\/","logo":{"@type":"ImageObject","inLanguage":"fr-FR","@id":"https:\/\/termemarconi.it\/#\/schema\/logo\/image\/","url":"http:\/\/termemarconi.it\/web\/wp-content\/uploads\/2022\/06\/marconi-logo.png","contentUrl":"http:\/\/termemarconi.it\/web\/wp-content\/uploads\/2022\/06\/marconi-logo.png","width":275,"height":76,"caption":"Hotel Terme Marconi - Hotel 3* a Montegrotto Terme"},"image":{"@id":"https:\/\/termemarconi.it\/#\/schema\/logo\/image\/"},"sameAs":["https:\/\/www.facebook.com\/termemarconi","https:\/\/www.instagram.com\/hotel_terme_marconi\/"]}]}},"_links":{"self":[{"href":"https:\/\/termemarconi.it\/fr\/wp-json\/wp\/v2\/pages\/3864","targetHints":{"allow":["GET"]}}],"collection":[{"href":"https:\/\/termemarconi.it\/fr\/wp-json\/wp\/v2\/pages"}],"about":[{"href":"https:\/\/termemarconi.it\/fr\/wp-json\/wp\/v2\/types\/page"}],"author":[{"embeddable":true,"href":"https:\/\/termemarconi.it\/fr\/wp-json\/wp\/v2\/users\/2"}],"replies":[{"embeddable":true,"href":"https:\/\/termemarconi.it\/fr\/wp-json\/wp\/v2\/comments?post=3864"}],"version-history":[{"count":6,"href":"https:\/\/termemarconi.it\/fr\/wp-json\/wp\/v2\/pages\/3864\/revisions"}],"predecessor-version":[{"id":4830,"href":"https:\/\/termemarconi.it\/fr\/wp-json\/wp\/v2\/pages\/3864\/revisions\/4830"}],"wp:attachment":[{"href":"https:\/\/termemarconi.it\/fr\/wp-json\/wp\/v2\/media?parent=3864"}],"curies":[{"name":"wp","href":"https:\/\/api.w.org\/{rel}","templated":true}]}}