{"id":3774,"date":"2022-07-18T13:25:57","date_gmt":"2022-07-18T11:25:57","guid":{"rendered":"https:\/\/termemarconi.it\/acqua-termale\/"},"modified":"2022-09-06T13:14:38","modified_gmt":"2022-09-06T11:14:38","slug":"eau-thermale","status":"publish","type":"page","link":"https:\/\/termemarconi.it\/fr\/eau-thermale\/","title":{"rendered":"Eau thermale"},"content":{"rendered":"<p>[vc_row full_width=\u00a0\u00bbstretch_row\u00a0\u00bb parallax=\u00a0\u00bbcontent-moving\u00a0\u00bb parallax_image=\u00a0\u00bb2869&Prime; css=\u00a0\u00bb.vc_custom_1658843952465{margin-top: 0px !important;margin-bottom: 0px !important;border-top-width: 0px !important;border-bottom-width: 0px !important;padding-top: 0px !important;padding-bottom: 0px !important;}\u00a0\u00bb el_class=\u00a0\u00bbnd_options_vc_parallax_filter_2_4&Prime;][vc_column width=\u00a0\u00bb1\/6&Prime;][\/vc_column][vc_column width=\u00a0\u00bb2\/3&Prime; el_class=\u00a0\u00bbnd_options_text_align_center\u00a0\u00bb][vc_empty_space height=\u00a0\u00bb200&Prime;] <h1 style=\"color:#ffffff;padding:px;text-align:center;font-size:95px;line-height:95px;letter-spacing: 2px;font-weight:lighter\" class=\"   nd_options_third_font \">Eau thermale<\/h1> <div style=\"background-color:;height: 30px\" class=\"nicdark_section  \"><\/div> <p style=\"color:#ffffff;padding:px;text-align:center;font-size:22px;line-height:33px;letter-spacing: 1px;font-weight:normal\" class=\"   nd_options_second_font \">Les eaux du bassin thermal d'Abano et Montegrotto Terme appartiennent \u00e0 la cat\u00e9gorie des eaux de source souterraine profonde. Leur pr\u00e9cieuse unicit\u00e9 vient du long voyage qu'elles doivent parcourir.<\/p> [vc_empty_space height=\u00a0\u00bb200&Prime;][\/vc_column][vc_column width=\u00a0\u00bb1\/6&Prime;][\/vc_column][\/vc_row][vc_row][vc_column][vc_empty_space height=\u00a0\u00bb70&Prime;][\/vc_column][\/vc_row][vc_row css=\u00a0\u00bb.vc_custom_1655978825926{margin-top: -110px !important;}\u00a0\u00bb][vc_column width=\u00a0\u00bb1\/2&Prime; css=\u00a0\u00bb.vc_custom_1655978891941{margin-top: 10px !important;margin-bottom: 10px !important;}\u00a0\u00bb][vc_single_image image=\u00a0\u00bb2378&Prime; img_size=\u00a0\u00bblarge\u00a0\u00bb]<div style=\"background-color:;height: 30px\" class=\"nicdark_section  \"><\/div> <h2 style=\"color:#eeeeee;padding:px;text-align:;font-size:70px;line-height:px;letter-spacing: px;font-weight:normal\" class=\"   nd_options_third_font \">Long parcours<\/h2>  <h2 style=\"color:;padding:px;text-align:;font-size:42px;line-height:40px;letter-spacing: 2px;font-weight:lighter\" class=\"  nd_options_font_size_40_important_all_iphone nd_options_first_font \">LES EAUX DES LES PR\u00c9ALPES<\/h2> <div style=\"background-color:;height: 30px\" class=\"nicdark_section  \"><\/div>[vc_column_text]Les eaux proviennent des bassins pures des <strong>monts Lessini<\/strong> dans les <strong>Pr\u00e9alpes<\/strong>, s&rsquo;\u00e9coulent dans le sous-sol \u00e0 travers des roches calcaires et arrivent \u00e0 une profondeur de 2.000 &#8211; 3.000 m\u00e8tres. Donc, les eaux sont retenues \u00e0 haute temp\u00e9rature et forte pression pendant un parcours de 80 kilom\u00e8tres environ pendant une p\u00e9riode de <strong>25 ou 30 ans<\/strong>. Elles s&rsquo;enrichissent en sels min\u00e9raux et arrivent aux \u00e9tablissements des <strong>Thermes Eugan\u00e9ennes<\/strong>, o\u00f9 elles jaillissent \u00e0 la temp\u00e9rature de 87\u00b0 C.[\/vc_column_text]<div style=\"background-color:;height: 70px\" class=\"nicdark_section  \"><\/div>[\/vc_column][vc_column width=\u00a0\u00bb1\/2&Prime; css=\u00a0\u00bb.vc_custom_1655978884312{margin-top: 10px !important;margin-bottom: 10px !important;}\u00a0\u00bb][vc_single_image image=\u00a0\u00bb2223&Prime; img_size=\u00a0\u00bblarge\u00a0\u00bb]<div style=\"background-color:;height: 30px\" class=\"nicdark_section  \"><\/div> <h2 style=\"color:#eeeeee;padding:px;text-align:;font-size:70px;line-height:px;letter-spacing: px;font-weight:normal\" class=\"   nd_options_third_font \">L'eau<\/h2>  <h2 style=\"color:;padding:px;text-align:;font-size:42px;line-height:40px;letter-spacing: 2px;font-weight:lighter\" class=\"  nd_options_font_size_40_important_all_iphone nd_options_first_font \">SALSO-BROMO-IODIQUE HYPERTHERMALE<\/h2> <div style=\"background-color:;height: 30px\" class=\"nicdark_section  \"><\/div>[vc_column_text]La <strong>richesse <\/strong>en substances dissoutes rends ces eaux une<strong> ressource thermale unique <\/strong>en son genre qui a \u00e9t\u00e9 classifi\u00e9e, selon un point de vue chimique, comme <strong>salso-bromo-iodique hyperthermale<\/strong> avec un r\u00e9sidu fixe de<strong> 5-6 grammes des sels<\/strong> dissous par litre \u00e0 la temp\u00e9rature de 180\u00b0 C.[\/vc_column_text]<div style=\"background-color:;height: 70px\" class=\"nicdark_section  \"><\/div>[\/vc_column][\/vc_row][vc_row][vc_column][vc_empty_space height=\u00a0\u00bb15&Prime;][\/vc_column][\/vc_row][vc_row full_width=\u00a0\u00bbstretch_row\u00a0\u00bb parallax=\u00a0\u00bbcontent-moving\u00a0\u00bb css=\u00a0\u00bb.vc_custom_1657805097557{padding-top: 80px !important;padding-bottom: 80px !important;background-color: #113d34 !important;background-position: 0 0;background-repeat: no-repeat !important;}\u00a0\u00bb][vc_column css=\u00a0\u00bb.vc_custom_1548861971286{background-position: center !important;background-repeat: no-repeat !important;background-size: cover !important;}\u00a0\u00bb][vc_row_inner][vc_column_inner width=\u00a0\u00bb1\/3&Prime; css=\u00a0\u00bb.vc_custom_1655974412412{background-color: #113d34 !important;background-position: center !important;background-repeat: no-repeat !important;background-size: cover !important;}\u00a0\u00bb] <h2 style=\"color:#ffffff;padding:px;text-align:;font-size:70px;line-height:70px;letter-spacing: px;font-weight:normal\" class=\"   nd_options_third_font \">La valeur th\u00e9rapeutique<\/h2> [vc_empty_space height=\u00a0\u00bb27&Prime;][\/vc_column_inner][vc_column_inner width=\u00a0\u00bb2\/3&Prime;][vc_column_text]<\/p>\n<p style=\"color: #ffffff; text-align: left; padding: 0px 20px 0px 0px;\">L&rsquo;extraordinaire valeur th\u00e9rapeutique des eaux et boues d&rsquo;Abano et Montegrotto Terme vient aussi de la s\u00e9v\u00e9rit\u00e9 des normes qui r\u00e9glementent l&rsquo;extraction et l&rsquo;exploitation thermale, en \u00e9vitant ainsi l&rsquo;utilisation sans discrimination des ressources et leur appauvrissement.<\/p>\n<p>[\/vc_column_text][\/vc_column_inner][\/vc_row_inner][\/vc_column][\/vc_row][vc_row full_width=\u00a0\u00bbstretch_row_content\u00a0\u00bb][vc_column][vc_empty_space height=\u00a0\u00bb15&Prime;][vc_masonry_media_grid gap=\u00a0\u00bb15&Prime; item=\u00a0\u00bbmediaGrid_Default\u00a0\u00bb grid_id=\u00a0\u00bbvc_gid:1662462848968-8e299844-3c44-9&Prime; include=\u00a0\u00bb2815,2293,2365&Prime;][vc_empty_space height=\u00a0\u00bb15&Prime;][\/vc_column][\/vc_row]<\/p>\n","protected":false},"excerpt":{"rendered":"<p>[vc_row full_width=\u00a0\u00bbstretch_row\u00a0\u00bb parallax=\u00a0\u00bbcontent-moving\u00a0\u00bb parallax_image=\u00a0\u00bb2869&Prime; css=\u00a0\u00bb.vc_custom_1658843952465{margin-top: 0px !important;margin-bottom: 0px !important;border-top-width: 0px !important;border-bottom-width: 0px !important;padding-top: 0px !important;padding-bottom: 0px !important;}\u00a0\u00bb el_class=\u00a0\u00bbnd_options_vc_parallax_filter_2_4&Prime;][vc_column width=\u00a0\u00bb1\/6&Prime;][\/vc_column][vc_column width=\u00a0\u00bb2\/3&Prime; el_class=\u00a0\u00bbnd_options_text_align_center\u00a0\u00bb][vc_empty_space height=\u00a0\u00bb200&Prime;][vc_empty_space height=\u00a0\u00bb200&Prime;][\/vc_column][vc_column width=\u00a0\u00bb1\/6&Prime;][\/vc_column][\/vc_row][vc_row][vc_column][vc_empty_space height=\u00a0\u00bb70&Prime;][\/vc_column][\/vc_row][vc_row css=\u00a0\u00bb.vc_custom_1655978825926{margin-top: -110px !important;}\u00a0\u00bb][vc_column width=\u00a0\u00bb1\/2&Prime; css=\u00a0\u00bb.vc_custom_1655978891941{margin-top: 10px !important;margin-bottom: 10px !important;}\u00a0\u00bb][vc_single_image image=\u00a0\u00bb2378&Prime; img_size=\u00a0\u00bblarge\u00a0\u00bb][vc_column_text]Les eaux proviennent des bassins pures des monts Lessini dans les Pr\u00e9alpes, s&rsquo;\u00e9coulent dans le sous-sol \u00e0 travers des roches [&hellip;]<\/p>\n","protected":false},"author":2,"featured_media":0,"parent":0,"menu_order":0,"comment_status":"closed","ping_status":"closed","template":"","meta":{"footnotes":""},"class_list":["post-3774","page","type-page","status-publish","hentry"],"yoast_head":"<!-- This site is optimized with the Yoast SEO plugin v23.2 - https:\/\/yoast.com\/wordpress\/plugins\/seo\/ -->\n<title>Eau thermale - Hotel Terme Marconi - Hotel 3* a Montegrotto Terme<\/title>\n<meta name=\"description\" content=\"Le acque del bacino termale di Abano e Montegrotto appartengono alla categoria delle acque sotterranee profonde.\" \/>\n<meta name=\"robots\" content=\"index, follow, max-snippet:-1, max-image-preview:large, max-video-preview:-1\" \/>\n<link rel=\"canonical\" href=\"https:\/\/termemarconi.it\/fr\/eau-thermale\/\" \/>\n<meta property=\"og:locale\" content=\"fr_FR\" \/>\n<meta property=\"og:type\" content=\"article\" \/>\n<meta property=\"og:title\" content=\"Eau thermale - Hotel Terme Marconi - Hotel 3* a Montegrotto Terme\" \/>\n<meta property=\"og:description\" content=\"Le acque del bacino termale di Abano e Montegrotto appartengono alla categoria delle acque sotterranee profonde.\" \/>\n<meta property=\"og:url\" content=\"https:\/\/termemarconi.it\/fr\/eau-thermale\/\" \/>\n<meta property=\"og:site_name\" content=\"Hotel Terme Marconi - Hotel 3* a Montegrotto Terme\" \/>\n<meta property=\"article:publisher\" content=\"https:\/\/www.facebook.com\/termemarconi\" \/>\n<meta property=\"article:modified_time\" content=\"2022-09-06T11:14:38+00:00\" \/>\n<meta name=\"twitter:card\" content=\"summary_large_image\" \/>\n<meta name=\"twitter:label1\" content=\"Dur\u00e9e de lecture estim\u00e9e\" \/>\n\t<meta name=\"twitter:data1\" content=\"2 minutes\" \/>\n<script type=\"application\/ld+json\" class=\"yoast-schema-graph\">{\"@context\":\"https:\/\/schema.org\",\"@graph\":[{\"@type\":\"WebPage\",\"@id\":\"https:\/\/termemarconi.it\/fr\/eau-thermale\/\",\"url\":\"https:\/\/termemarconi.it\/fr\/eau-thermale\/\",\"name\":\"Eau thermale - Hotel Terme Marconi - Hotel 3* a Montegrotto Terme\",\"isPartOf\":{\"@id\":\"https:\/\/termemarconi.it\/#website\"},\"datePublished\":\"2022-07-18T11:25:57+00:00\",\"dateModified\":\"2022-09-06T11:14:38+00:00\",\"description\":\"Le acque del bacino termale di Abano e Montegrotto appartengono alla categoria delle acque sotterranee profonde.\",\"breadcrumb\":{\"@id\":\"https:\/\/termemarconi.it\/fr\/eau-thermale\/#breadcrumb\"},\"inLanguage\":\"fr-FR\",\"potentialAction\":[{\"@type\":\"ReadAction\",\"target\":[\"https:\/\/termemarconi.it\/fr\/eau-thermale\/\"]}]},{\"@type\":\"BreadcrumbList\",\"@id\":\"https:\/\/termemarconi.it\/fr\/eau-thermale\/#breadcrumb\",\"itemListElement\":[{\"@type\":\"ListItem\",\"position\":1,\"name\":\"Home\",\"item\":\"https:\/\/termemarconi.it\/fr\/\"},{\"@type\":\"ListItem\",\"position\":2,\"name\":\"Eau thermale\"}]},{\"@type\":\"WebSite\",\"@id\":\"https:\/\/termemarconi.it\/#website\",\"url\":\"https:\/\/termemarconi.it\/\",\"name\":\"Hotel Terme Marconi - Hotel 3* a Montegrotto Terme\",\"description\":\"Hotel Termale Spa e Piscine a Montegrotto Terme\",\"publisher\":{\"@id\":\"https:\/\/termemarconi.it\/#organization\"},\"potentialAction\":[{\"@type\":\"SearchAction\",\"target\":{\"@type\":\"EntryPoint\",\"urlTemplate\":\"https:\/\/termemarconi.it\/?s={search_term_string}\"},\"query-input\":\"required name=search_term_string\"}],\"inLanguage\":\"fr-FR\"},{\"@type\":\"Organization\",\"@id\":\"https:\/\/termemarconi.it\/#organization\",\"name\":\"Hotel Terme Marconi - Hotel 3* a Montegrotto Terme\",\"url\":\"https:\/\/termemarconi.it\/\",\"logo\":{\"@type\":\"ImageObject\",\"inLanguage\":\"fr-FR\",\"@id\":\"https:\/\/termemarconi.it\/#\/schema\/logo\/image\/\",\"url\":\"http:\/\/termemarconi.it\/web\/wp-content\/uploads\/2022\/06\/marconi-logo.png\",\"contentUrl\":\"http:\/\/termemarconi.it\/web\/wp-content\/uploads\/2022\/06\/marconi-logo.png\",\"width\":275,\"height\":76,\"caption\":\"Hotel Terme Marconi - Hotel 3* a Montegrotto Terme\"},\"image\":{\"@id\":\"https:\/\/termemarconi.it\/#\/schema\/logo\/image\/\"},\"sameAs\":[\"https:\/\/www.facebook.com\/termemarconi\",\"https:\/\/www.instagram.com\/hotel_terme_marconi\/\"]}]}<\/script>\n<!-- \/ Yoast SEO plugin. -->","yoast_head_json":{"title":"Eau thermale - Hotel Terme Marconi - Hotel 3* a Montegrotto Terme","description":"Le acque del bacino termale di Abano e Montegrotto appartengono alla categoria delle acque sotterranee profonde.","robots":{"index":"index","follow":"follow","max-snippet":"max-snippet:-1","max-image-preview":"max-image-preview:large","max-video-preview":"max-video-preview:-1"},"canonical":"https:\/\/termemarconi.it\/fr\/eau-thermale\/","og_locale":"fr_FR","og_type":"article","og_title":"Eau thermale - Hotel Terme Marconi - Hotel 3* a Montegrotto Terme","og_description":"Le acque del bacino termale di Abano e Montegrotto appartengono alla categoria delle acque sotterranee profonde.","og_url":"https:\/\/termemarconi.it\/fr\/eau-thermale\/","og_site_name":"Hotel Terme Marconi - Hotel 3* a Montegrotto Terme","article_publisher":"https:\/\/www.facebook.com\/termemarconi","article_modified_time":"2022-09-06T11:14:38+00:00","twitter_card":"summary_large_image","twitter_misc":{"Dur\u00e9e de lecture estim\u00e9e":"2 minutes"},"schema":{"@context":"https:\/\/schema.org","@graph":[{"@type":"WebPage","@id":"https:\/\/termemarconi.it\/fr\/eau-thermale\/","url":"https:\/\/termemarconi.it\/fr\/eau-thermale\/","name":"Eau thermale - Hotel Terme Marconi - Hotel 3* a Montegrotto Terme","isPartOf":{"@id":"https:\/\/termemarconi.it\/#website"},"datePublished":"2022-07-18T11:25:57+00:00","dateModified":"2022-09-06T11:14:38+00:00","description":"Le acque del bacino termale di Abano e Montegrotto appartengono alla categoria delle acque sotterranee profonde.","breadcrumb":{"@id":"https:\/\/termemarconi.it\/fr\/eau-thermale\/#breadcrumb"},"inLanguage":"fr-FR","potentialAction":[{"@type":"ReadAction","target":["https:\/\/termemarconi.it\/fr\/eau-thermale\/"]}]},{"@type":"BreadcrumbList","@id":"https:\/\/termemarconi.it\/fr\/eau-thermale\/#breadcrumb","itemListElement":[{"@type":"ListItem","position":1,"name":"Home","item":"https:\/\/termemarconi.it\/fr\/"},{"@type":"ListItem","position":2,"name":"Eau thermale"}]},{"@type":"WebSite","@id":"https:\/\/termemarconi.it\/#website","url":"https:\/\/termemarconi.it\/","name":"Hotel Terme Marconi - Hotel 3* a Montegrotto Terme","description":"Hotel Termale Spa e Piscine a Montegrotto Terme","publisher":{"@id":"https:\/\/termemarconi.it\/#organization"},"potentialAction":[{"@type":"SearchAction","target":{"@type":"EntryPoint","urlTemplate":"https:\/\/termemarconi.it\/?s={search_term_string}"},"query-input":"required name=search_term_string"}],"inLanguage":"fr-FR"},{"@type":"Organization","@id":"https:\/\/termemarconi.it\/#organization","name":"Hotel Terme Marconi - Hotel 3* a Montegrotto Terme","url":"https:\/\/termemarconi.it\/","logo":{"@type":"ImageObject","inLanguage":"fr-FR","@id":"https:\/\/termemarconi.it\/#\/schema\/logo\/image\/","url":"http:\/\/termemarconi.it\/web\/wp-content\/uploads\/2022\/06\/marconi-logo.png","contentUrl":"http:\/\/termemarconi.it\/web\/wp-content\/uploads\/2022\/06\/marconi-logo.png","width":275,"height":76,"caption":"Hotel Terme Marconi - Hotel 3* a Montegrotto Terme"},"image":{"@id":"https:\/\/termemarconi.it\/#\/schema\/logo\/image\/"},"sameAs":["https:\/\/www.facebook.com\/termemarconi","https:\/\/www.instagram.com\/hotel_terme_marconi\/"]}]}},"_links":{"self":[{"href":"https:\/\/termemarconi.it\/fr\/wp-json\/wp\/v2\/pages\/3774","targetHints":{"allow":["GET"]}}],"collection":[{"href":"https:\/\/termemarconi.it\/fr\/wp-json\/wp\/v2\/pages"}],"about":[{"href":"https:\/\/termemarconi.it\/fr\/wp-json\/wp\/v2\/types\/page"}],"author":[{"embeddable":true,"href":"https:\/\/termemarconi.it\/fr\/wp-json\/wp\/v2\/users\/2"}],"replies":[{"embeddable":true,"href":"https:\/\/termemarconi.it\/fr\/wp-json\/wp\/v2\/comments?post=3774"}],"version-history":[{"count":3,"href":"https:\/\/termemarconi.it\/fr\/wp-json\/wp\/v2\/pages\/3774\/revisions"}],"predecessor-version":[{"id":3776,"href":"https:\/\/termemarconi.it\/fr\/wp-json\/wp\/v2\/pages\/3774\/revisions\/3776"}],"wp:attachment":[{"href":"https:\/\/termemarconi.it\/fr\/wp-json\/wp\/v2\/media?parent=3774"}],"curies":[{"name":"wp","href":"https:\/\/api.w.org\/{rel}","templated":true}]}}