{"id":4600,"date":"2024-05-24T16:53:46","date_gmt":"2024-05-24T14:53:46","guid":{"rendered":"https:\/\/termemarconi.it\/offerte\/"},"modified":"2024-10-18T15:37:50","modified_gmt":"2024-10-18T13:37:50","slug":"angebote","status":"publish","type":"page","link":"https:\/\/termemarconi.it\/de\/angebote\/","title":{"rendered":"Angebote"},"content":{"rendered":"<p>[vc_row full_width=&#8220;stretch_row&#8220; css=&#8220;.vc_custom_1716579389922{margin-top: 0px !important;padding-top: 40px !important;padding-bottom: 40px !important;background-color: #113d34 !important;}&#8220;][vc_column width=&#8220;1\/6&#8243;][\/vc_column][vc_column width=&#8220;2\/3&#8243; el_class=&#8220;nd_options_text_align_center&#8220;] <h1 style=\"color:#ffffff;padding:px;text-align:center;font-size:95px;line-height:95px;letter-spacing: 2px;font-weight:lighter\" class=\"  nd_options_font_size_40_important_all_iphone nd_options_third_font \">Angebote<\/h1> <div style=\"background-color:;height: 15px\" class=\"nicdark_section  \"><\/div> <p style=\"color:#ffffff;padding:px;text-align:center;font-size:22px;line-height:33px;letter-spacing: 1px;font-weight:normal\" class=\"   nd_options_second_font \">F\u00fcr einen einzigartigen Urlaub im Zeichen des Wohlbefindens<\/p> [\/vc_column][vc_column width=&#8220;1\/6&#8243;][\/vc_column][\/vc_row][vc_row full_width=&#8220;stretch_row_content&#8220;][vc_column][vc_empty_space height=&#8220;60&#8243;][\/vc_column][\/vc_row][vc_row][vc_column width=&#8220;1\/2&#8243; css=&#8220;.vc_custom_1655978891941{margin-top: 10px !important;margin-bottom: 10px !important;}&#8220;][vc_single_image image=&#8220;2329&#8243; img_size=&#8220;large&#8220;][\/vc_column][vc_column width=&#8220;1\/2&#8243; css=&#8220;.vc_custom_1655978884312{margin-top: 10px !important;margin-bottom: 10px !important;}&#8220;][vc_column_text]<\/p>\n<p class=\"offertatit\">Aufenthalt mit Fango<\/p>\n<p>[\/vc_column_text][vc_column_text css=&#8220;.vc_custom_1729258041632{padding-bottom: 15px !important;}&#8220;]<i>G\u00fcltig bis 31\/12\/2024<\/i><br \/>\nLernen Sie die therapeutischen und \u00e4sthetischen Eigenschaften des Fango kennen, ein altes und absolut nat\u00fcrliches Heilmittel.[\/vc_column_text][vc_column_text]<strong>Das Angebot gilt f\u00fcr einen Aufenthalt von mindestens 6 N\u00e4chten und beinhaltet:<\/strong><\/p>\n<ul>\n<li>Comfort Doppelzimmer;<\/li>\n<li>Zugang zu den 4 Thermalbecken;<\/li>\n<li>Zugang zur Spa und Bademantel + Badetuch;<\/li>\n<li>\u00c4rztliche Untersuchung;<\/li>\n<li>6 Fango- und Ozonb\u00e4der.<\/li>\n<\/ul>\n<p>[\/vc_column_text][vc_column_text css=&#8220;.vc_custom_1729258163487{padding-top: 25px !important;}&#8220;]<\/p>\n<table style=\"width: 100%;\">\n<tbody>\n<tr>\n<td class=\"offertaapersona\" valign=\"bottom\">Pro Person f\u0171r 6 N\u00e4chte mit Vollpension<\/td>\n<td class=\"offertaprezzo\">\u20ac <strong>688.00<\/strong><\/td>\n<\/tr>\n<\/tbody>\n<\/table>\n<p>[\/vc_column_text][vc_column_text css=&#8220;.vc_custom_1729258198277{padding-top: 25px !important;}&#8220;]<\/p>\n<table style=\"width: 100%;\">\n<tbody>\n<tr>\n<td class=\"offertaapersona\" valign=\"bottom\">Pro Person f\u0171r 6 N\u00e4chte mit Halbpension<\/td>\n<td class=\"offertaprezzo\">\u20ac <strong>652.00<\/strong><\/td>\n<\/tr>\n<\/tbody>\n<\/table>\n<p>[\/vc_column_text][vc_empty_space height=&#8220;10px&#8220;][vc_column_text]<strong>Um dieses Angebot zu buchen:<\/strong><br \/>\nSchreiben Sie uns eine E-Mail an: info@termemarconi.it<br \/>\noder rufen Sie uns an unter +39 049 793 144[\/vc_column_text][\/vc_column][\/vc_row][vc_row][vc_column][vc_empty_space height=&#8220;35&#8243;][vc_separator][vc_empty_space height=&#8220;35&#8243;][\/vc_column][\/vc_row][vc_row][vc_column][vc_empty_space height=&#8220;40&#8243;][\/vc_column][\/vc_row]<\/p>\n","protected":false},"excerpt":{"rendered":"<p>[vc_row full_width=&#8220;stretch_row&#8220; css=&#8220;.vc_custom_1716579389922{margin-top: 0px !important;padding-top: 40px !important;padding-bottom: 40px !important;background-color: #113d34 !important;}&#8220;][vc_column width=&#8220;1\/6&#8243;][\/vc_column][vc_column width=&#8220;2\/3&#8243; el_class=&#8220;nd_options_text_align_center&#8220;][\/vc_column][vc_column width=&#8220;1\/6&#8243;][\/vc_column][\/vc_row][vc_row full_width=&#8220;stretch_row_content&#8220;][vc_column][vc_empty_space height=&#8220;60&#8243;][\/vc_column][\/vc_row][vc_row][vc_column width=&#8220;1\/2&#8243; css=&#8220;.vc_custom_1655978891941{margin-top: 10px !important;margin-bottom: 10px !important;}&#8220;][vc_single_image image=&#8220;2329&#8243; img_size=&#8220;large&#8220;][\/vc_column][vc_column width=&#8220;1\/2&#8243; css=&#8220;.vc_custom_1655978884312{margin-top: 10px !important;margin-bottom: 10px !important;}&#8220;][vc_column_text] Aufenthalt mit Fango [\/vc_column_text][vc_column_text css=&#8220;.vc_custom_1729258041632{padding-bottom: 15px !important;}&#8220;]G\u00fcltig bis 31\/12\/2024 Lernen Sie die therapeutischen und \u00e4sthetischen Eigenschaften des Fango kennen, ein altes und absolut nat\u00fcrliches [&hellip;]<\/p>\n","protected":false},"author":2,"featured_media":0,"parent":0,"menu_order":0,"comment_status":"closed","ping_status":"closed","template":"","meta":{"footnotes":""},"class_list":["post-4600","page","type-page","status-publish","hentry"],"yoast_head":"<!-- This site is optimized with the Yoast SEO plugin v23.2 - https:\/\/yoast.com\/wordpress\/plugins\/seo\/ -->\n<title>Angebote - Hotel Terme Marconi - Hotel 3* a Montegrotto Terme<\/title>\n<meta name=\"description\" content=\"Sonderangebote f\u00fcr einen Aufenthalt in Montegrotto Terme: Hotel mit Thermalbecken, Spa, Wellnesscenter, Tennispl\u00e4tzen und gro\u00dfem gr\u00fcnen Park.\" \/>\n<meta name=\"robots\" content=\"index, follow, max-snippet:-1, max-image-preview:large, max-video-preview:-1\" \/>\n<link rel=\"canonical\" href=\"https:\/\/termemarconi.it\/de\/angebote\/\" \/>\n<meta property=\"og:locale\" content=\"de_DE\" \/>\n<meta property=\"og:type\" content=\"article\" \/>\n<meta property=\"og:title\" content=\"Angebote - Hotel Terme Marconi - Hotel 3* a Montegrotto Terme\" \/>\n<meta property=\"og:description\" content=\"Sonderangebote f\u00fcr einen Aufenthalt in Montegrotto Terme: Hotel mit Thermalbecken, Spa, Wellnesscenter, Tennispl\u00e4tzen und gro\u00dfem gr\u00fcnen Park.\" \/>\n<meta property=\"og:url\" content=\"https:\/\/termemarconi.it\/de\/angebote\/\" \/>\n<meta property=\"og:site_name\" content=\"Hotel Terme Marconi - Hotel 3* a Montegrotto Terme\" \/>\n<meta property=\"article:publisher\" content=\"https:\/\/www.facebook.com\/termemarconi\" \/>\n<meta property=\"article:modified_time\" content=\"2024-10-18T13:37:50+00:00\" \/>\n<meta name=\"twitter:card\" content=\"summary_large_image\" \/>\n<meta name=\"twitter:label1\" content=\"Gesch\u00e4tzte Lesezeit\" \/>\n\t<meta name=\"twitter:data1\" content=\"2\u00a0Minuten\" \/>\n<script type=\"application\/ld+json\" class=\"yoast-schema-graph\">{\"@context\":\"https:\/\/schema.org\",\"@graph\":[{\"@type\":\"WebPage\",\"@id\":\"https:\/\/termemarconi.it\/de\/angebote\/\",\"url\":\"https:\/\/termemarconi.it\/de\/angebote\/\",\"name\":\"Angebote - Hotel Terme Marconi - Hotel 3* a Montegrotto Terme\",\"isPartOf\":{\"@id\":\"https:\/\/termemarconi.it\/#website\"},\"datePublished\":\"2024-05-24T14:53:46+00:00\",\"dateModified\":\"2024-10-18T13:37:50+00:00\",\"description\":\"Sonderangebote f\u00fcr einen Aufenthalt in Montegrotto Terme: Hotel mit Thermalbecken, Spa, Wellnesscenter, Tennispl\u00e4tzen und gro\u00dfem gr\u00fcnen Park.\",\"breadcrumb\":{\"@id\":\"https:\/\/termemarconi.it\/de\/angebote\/#breadcrumb\"},\"inLanguage\":\"de\",\"potentialAction\":[{\"@type\":\"ReadAction\",\"target\":[\"https:\/\/termemarconi.it\/de\/angebote\/\"]}]},{\"@type\":\"BreadcrumbList\",\"@id\":\"https:\/\/termemarconi.it\/de\/angebote\/#breadcrumb\",\"itemListElement\":[{\"@type\":\"ListItem\",\"position\":1,\"name\":\"Home\",\"item\":\"https:\/\/termemarconi.it\/de\/\"},{\"@type\":\"ListItem\",\"position\":2,\"name\":\"Angebote\"}]},{\"@type\":\"WebSite\",\"@id\":\"https:\/\/termemarconi.it\/#website\",\"url\":\"https:\/\/termemarconi.it\/\",\"name\":\"Hotel Terme Marconi - Hotel 3* a Montegrotto Terme\",\"description\":\"Hotel Termale Spa e Piscine a Montegrotto Terme\",\"publisher\":{\"@id\":\"https:\/\/termemarconi.it\/#organization\"},\"potentialAction\":[{\"@type\":\"SearchAction\",\"target\":{\"@type\":\"EntryPoint\",\"urlTemplate\":\"https:\/\/termemarconi.it\/?s={search_term_string}\"},\"query-input\":\"required name=search_term_string\"}],\"inLanguage\":\"de\"},{\"@type\":\"Organization\",\"@id\":\"https:\/\/termemarconi.it\/#organization\",\"name\":\"Hotel Terme Marconi - Hotel 3* a Montegrotto Terme\",\"url\":\"https:\/\/termemarconi.it\/\",\"logo\":{\"@type\":\"ImageObject\",\"inLanguage\":\"de\",\"@id\":\"https:\/\/termemarconi.it\/#\/schema\/logo\/image\/\",\"url\":\"http:\/\/termemarconi.it\/web\/wp-content\/uploads\/2022\/06\/marconi-logo.png\",\"contentUrl\":\"http:\/\/termemarconi.it\/web\/wp-content\/uploads\/2022\/06\/marconi-logo.png\",\"width\":275,\"height\":76,\"caption\":\"Hotel Terme Marconi - Hotel 3* a Montegrotto Terme\"},\"image\":{\"@id\":\"https:\/\/termemarconi.it\/#\/schema\/logo\/image\/\"},\"sameAs\":[\"https:\/\/www.facebook.com\/termemarconi\",\"https:\/\/www.instagram.com\/hotel_terme_marconi\/\"]}]}<\/script>\n<!-- \/ Yoast SEO plugin. -->","yoast_head_json":{"title":"Angebote - Hotel Terme Marconi - Hotel 3* a Montegrotto Terme","description":"Sonderangebote f\u00fcr einen Aufenthalt in Montegrotto Terme: Hotel mit Thermalbecken, Spa, Wellnesscenter, Tennispl\u00e4tzen und gro\u00dfem gr\u00fcnen Park.","robots":{"index":"index","follow":"follow","max-snippet":"max-snippet:-1","max-image-preview":"max-image-preview:large","max-video-preview":"max-video-preview:-1"},"canonical":"https:\/\/termemarconi.it\/de\/angebote\/","og_locale":"de_DE","og_type":"article","og_title":"Angebote - Hotel Terme Marconi - Hotel 3* a Montegrotto Terme","og_description":"Sonderangebote f\u00fcr einen Aufenthalt in Montegrotto Terme: Hotel mit Thermalbecken, Spa, Wellnesscenter, Tennispl\u00e4tzen und gro\u00dfem gr\u00fcnen Park.","og_url":"https:\/\/termemarconi.it\/de\/angebote\/","og_site_name":"Hotel Terme Marconi - Hotel 3* a Montegrotto Terme","article_publisher":"https:\/\/www.facebook.com\/termemarconi","article_modified_time":"2024-10-18T13:37:50+00:00","twitter_card":"summary_large_image","twitter_misc":{"Gesch\u00e4tzte Lesezeit":"2\u00a0Minuten"},"schema":{"@context":"https:\/\/schema.org","@graph":[{"@type":"WebPage","@id":"https:\/\/termemarconi.it\/de\/angebote\/","url":"https:\/\/termemarconi.it\/de\/angebote\/","name":"Angebote - Hotel Terme Marconi - Hotel 3* a Montegrotto Terme","isPartOf":{"@id":"https:\/\/termemarconi.it\/#website"},"datePublished":"2024-05-24T14:53:46+00:00","dateModified":"2024-10-18T13:37:50+00:00","description":"Sonderangebote f\u00fcr einen Aufenthalt in Montegrotto Terme: Hotel mit Thermalbecken, Spa, Wellnesscenter, Tennispl\u00e4tzen und gro\u00dfem gr\u00fcnen Park.","breadcrumb":{"@id":"https:\/\/termemarconi.it\/de\/angebote\/#breadcrumb"},"inLanguage":"de","potentialAction":[{"@type":"ReadAction","target":["https:\/\/termemarconi.it\/de\/angebote\/"]}]},{"@type":"BreadcrumbList","@id":"https:\/\/termemarconi.it\/de\/angebote\/#breadcrumb","itemListElement":[{"@type":"ListItem","position":1,"name":"Home","item":"https:\/\/termemarconi.it\/de\/"},{"@type":"ListItem","position":2,"name":"Angebote"}]},{"@type":"WebSite","@id":"https:\/\/termemarconi.it\/#website","url":"https:\/\/termemarconi.it\/","name":"Hotel Terme Marconi - Hotel 3* a Montegrotto Terme","description":"Hotel Termale Spa e Piscine a Montegrotto Terme","publisher":{"@id":"https:\/\/termemarconi.it\/#organization"},"potentialAction":[{"@type":"SearchAction","target":{"@type":"EntryPoint","urlTemplate":"https:\/\/termemarconi.it\/?s={search_term_string}"},"query-input":"required name=search_term_string"}],"inLanguage":"de"},{"@type":"Organization","@id":"https:\/\/termemarconi.it\/#organization","name":"Hotel Terme Marconi - Hotel 3* a Montegrotto Terme","url":"https:\/\/termemarconi.it\/","logo":{"@type":"ImageObject","inLanguage":"de","@id":"https:\/\/termemarconi.it\/#\/schema\/logo\/image\/","url":"http:\/\/termemarconi.it\/web\/wp-content\/uploads\/2022\/06\/marconi-logo.png","contentUrl":"http:\/\/termemarconi.it\/web\/wp-content\/uploads\/2022\/06\/marconi-logo.png","width":275,"height":76,"caption":"Hotel Terme Marconi - Hotel 3* a Montegrotto Terme"},"image":{"@id":"https:\/\/termemarconi.it\/#\/schema\/logo\/image\/"},"sameAs":["https:\/\/www.facebook.com\/termemarconi","https:\/\/www.instagram.com\/hotel_terme_marconi\/"]}]}},"_links":{"self":[{"href":"https:\/\/termemarconi.it\/de\/wp-json\/wp\/v2\/pages\/4600","targetHints":{"allow":["GET"]}}],"collection":[{"href":"https:\/\/termemarconi.it\/de\/wp-json\/wp\/v2\/pages"}],"about":[{"href":"https:\/\/termemarconi.it\/de\/wp-json\/wp\/v2\/types\/page"}],"author":[{"embeddable":true,"href":"https:\/\/termemarconi.it\/de\/wp-json\/wp\/v2\/users\/2"}],"replies":[{"embeddable":true,"href":"https:\/\/termemarconi.it\/de\/wp-json\/wp\/v2\/comments?post=4600"}],"version-history":[{"count":17,"href":"https:\/\/termemarconi.it\/de\/wp-json\/wp\/v2\/pages\/4600\/revisions"}],"predecessor-version":[{"id":4896,"href":"https:\/\/termemarconi.it\/de\/wp-json\/wp\/v2\/pages\/4600\/revisions\/4896"}],"wp:attachment":[{"href":"https:\/\/termemarconi.it\/de\/wp-json\/wp\/v2\/media?parent=4600"}],"curies":[{"name":"wp","href":"https:\/\/api.w.org\/{rel}","templated":true}]}}