{"id":3569,"date":"2022-07-05T15:22:07","date_gmt":"2022-07-05T13:22:07","guid":{"rendered":"https:\/\/termemarconi.it\/ristorante\/"},"modified":"2022-08-30T15:18:09","modified_gmt":"2022-08-30T13:18:09","slug":"restaurant","status":"publish","type":"page","link":"https:\/\/termemarconi.it\/de\/restaurant\/","title":{"rendered":"Restaurant"},"content":{"rendered":"<p>[vc_row full_width=&#8220;stretch_row&#8220; parallax=&#8220;content-moving&#8220; parallax_image=&#8220;2656&#8243; css=&#8220;.vc_custom_1658750312705{margin-top: 0px !important;margin-bottom: 0px !important;border-top-width: 0px !important;border-bottom-width: 0px !important;padding-top: 0px !important;padding-bottom: 0px !important;}&#8220; el_class=&#8220;nd_options_vc_parallax_filter_2_5&#8243;][vc_column width=&#8220;1\/6&#8243;][\/vc_column][vc_column width=&#8220;2\/3&#8243; el_class=&#8220;nd_options_text_align_center&#8220;][vc_empty_space height=&#8220;200&#8243;] <h1 style=\"color:#ffffff;padding:px;text-align:center;font-size:95px;line-height:95px;letter-spacing: 2px;font-weight:lighter\" class=\"   nd_options_third_font \">Das Restaurant<\/h1> <div style=\"background-color:;height: 30px\" class=\"nicdark_section  \"><\/div> <p style=\"color:#ffffff;padding:px;text-align:center;font-size:22px;line-height:33px;letter-spacing: 1px;font-weight:normal\" class=\"   nd_options_second_font \">Wir k\u00f6nnen beruhigt behaupten, dass die K\u00fcche eine unserer St\u00e4rken darstellt.<\/p> [vc_empty_space height=&#8220;200&#8243;]<div style=\"background-color:;height: 30px\" class=\"nicdark_section  \"><\/div>[\/vc_column][vc_column width=&#8220;1\/6&#8243;][\/vc_column][\/vc_row][vc_row css=&#8220;.vc_custom_1655978825926{margin-top: -110px !important;}&#8220;][vc_column width=&#8220;1\/2&#8243; css=&#8220;.vc_custom_1655978891941{margin-top: 10px !important;margin-bottom: 10px !important;}&#8220;][vc_single_image image=&#8220;2660&#8243; img_size=&#8220;large&#8220;]<div style=\"background-color:;height: 30px\" class=\"nicdark_section  \"><\/div> <h2 style=\"color:#eeeeee;padding:px;text-align:;font-size:70px;line-height:px;letter-spacing: px;font-weight:normal\" class=\"   nd_options_third_font \">Saisonal<\/h2>  <h2 style=\"color:;padding:px;text-align:;font-size:42px;line-height:40px;letter-spacing: 2px;font-weight:lighter\" class=\"  nd_options_font_size_40_important_all_iphone nd_options_first_font \">K\u00dcCHE<\/h2> <div style=\"background-color:;height: 30px\" class=\"nicdark_section  \"><\/div>[vc_column_text]Der <strong>Chef<\/strong> und das ganze Koch-Team werden es verstehen, Sie mit hervorragenden Gerichten zu verw\u00f6hnen, die die Liebhaber der <strong>guten italienischen doch<\/strong> auch <strong>internationalen K\u00fcche<\/strong> gl\u00fccklich machen werden, von den k\u00f6stlichen ersten G\u00e4ngen bis zu den zweiten G\u00e4ngen mit Fleisch und Fisch, die mit der nunmehr seit Jahren bew\u00e4hrten Sorgfalt und Erfahrung zubereitet werden.[\/vc_column_text]<div style=\"background-color:;height: 60px\" class=\"nicdark_section  \"><\/div>[\/vc_column][vc_column width=&#8220;1\/2&#8243; css=&#8220;.vc_custom_1655978884312{margin-top: 10px !important;margin-bottom: 10px !important;}&#8220;][vc_single_image image=&#8220;2664&#8243; img_size=&#8220;large&#8220;]<div style=\"background-color:;height: 30px\" class=\"nicdark_section  \"><\/div> <h2 style=\"color:#eeeeee;padding:px;text-align:;font-size:70px;line-height:px;letter-spacing: px;font-weight:normal\" class=\"   nd_options_third_font \">Vorspeisen<\/h2>  <h2 style=\"color:;padding:px;text-align:;font-size:42px;line-height:40px;letter-spacing: 2px;font-weight:lighter\" class=\"  nd_options_font_size_40_important_all_iphone nd_options_first_font \">DAS B\u00dcFFET <\/h2> <div style=\"background-color:;height: 30px\" class=\"nicdark_section  \"><\/div>[vc_column_text]Ein reichhaltiges <strong>Vorspeisenbuffet<\/strong> und<strong> Obst<\/strong> und <strong>Gem\u00fcse der Saison<\/strong> geh\u00f6ren in unserem gro\u00dfz\u00fcgigen und hellen Speisesaal stets dazu.<\/p>\n<p>Au\u00dferdem werden <strong>Men\u00fcs nach Thema<\/strong>, <strong>Galaabende<\/strong> und <strong>Abende mit typischen Men\u00fcs<\/strong> zu bestimmten Feiertagen oder aus einer unserer italienischen Regionen nicht fehlen.[\/vc_column_text]<div style=\"background-color:;height: 60px\" class=\"nicdark_section  \"><\/div>[\/vc_column][\/vc_row][vc_row full_width=&#8220;stretch_row_content&#8220;][vc_column][vc_empty_space height=&#8220;15&#8243;][vc_masonry_media_grid element_width=&#8220;3&#8243; gap=&#8220;15&#8243; item=&#8220;mediaGrid_Default&#8220; grid_id=&#8220;vc_gid:1661865235275-08e57d7a-2da2-8&#8243; include=&#8220;2669,2659,2046,2662&#8243;][vc_empty_space height=&#8220;15&#8243;][\/vc_column][\/vc_row][vc_row full_width=&#8220;stretch_row&#8220; parallax=&#8220;content-moving&#8220; css=&#8220;.vc_custom_1657805097557{padding-top: 80px !important;padding-bottom: 80px !important;background-color: #113d34 !important;background-position: 0 0;background-repeat: no-repeat !important;}&#8220;][vc_column css=&#8220;.vc_custom_1548861971286{background-position: center !important;background-repeat: no-repeat !important;background-size: cover !important;}&#8220;][vc_row_inner][vc_column_inner width=&#8220;1\/3&#8243; css=&#8220;.vc_custom_1655974412412{background-color: #113d34 !important;background-position: center !important;background-repeat: no-repeat !important;background-size: cover !important;}&#8220;][vc_empty_space height=&#8220;20&#8243;] <h2 style=\"color:#ffffff;padding:px;text-align:;font-size:70px;line-height:px;letter-spacing: px;font-weight:normal\" class=\"   nd_options_third_font \">F\u00fcr unsere G\u00e4ste<\/h2> [vc_empty_space height=&#8220;27&#8243;][\/vc_column_inner][vc_column_inner width=&#8220;2\/3&#8243;][vc_column_text]<\/p>\n<p style=\"color: #ffffff; text-align: left; padding: 0px 20px 0px 0px;\">Wir m\u00f6chten darauf hinzuweisen, dass wir stets eventuelle <strong>Lebensmittelallergien <\/strong>oder <strong>Vorlieben beim Essen<\/strong> (z. B. vegetarische Gerichte) oder aber besondere Di\u00e4ten ber\u00fccksichtigen und die M\u00f6glichkeit bieten, das Essen f\u00fcr unsere kleinsten G\u00e4ste zuzubereiten. Wir bitten Sie in diesem Fall nur, uns dies im Moment der Reservierung mitzuteilen.<\/p>\n<p>[\/vc_column_text][\/vc_column_inner][\/vc_row_inner][\/vc_column][\/vc_row][vc_row full_width=&#8220;stretch_row_content&#8220;][vc_column][vc_empty_space height=&#8220;15&#8243;][vc_masonry_media_grid gap=&#8220;15&#8243; item=&#8220;mediaGrid_Default&#8220; grid_id=&#8220;vc_gid:1661865235284-f0d3d273-90a7-5&#8243; include=&#8220;2674,2678,2676&#8243;][vc_empty_space height=&#8220;15&#8243;][\/vc_column][\/vc_row][vc_row full_width=&#8220;stretch_row_content&#8220;][vc_column][vc_empty_space height=&#8220;95&#8243;][\/vc_column][\/vc_row][vc_row][vc_column width=&#8220;1\/2&#8243; css=&#8220;.vc_custom_1655978891941{margin-top: 10px !important;margin-bottom: 10px !important;}&#8220;][vc_single_image image=&#8220;3065&#8243; img_size=&#8220;large&#8220;][\/vc_column][vc_column width=&#8220;1\/2&#8243; css=&#8220;.vc_custom_1655978884312{margin-top: 10px !important;margin-bottom: 10px !important;}&#8220;]<div style=\"background-color:;height: 30px\" class=\"nicdark_section  \"><\/div> <h2 style=\"color:#eeeeee;padding:px;text-align:;font-size:70px;line-height:px;letter-spacing: px;font-weight:normal\" class=\"   nd_options_third_font \">Leckeres Fr\u00fchst\u00fcck<\/h2>  <h2 style=\"color:;padding:px;text-align:;font-size:42px;line-height:40px;letter-spacing: 2px;font-weight:lighter\" class=\"  nd_options_font_size_40_important_all_iphone nd_options_first_font \">FR\u00dcHST\u00dcCK<\/h2> <div style=\"background-color:;height: 30px\" class=\"nicdark_section  \"><\/div>[vc_column_text]Morgens begr\u00fc\u00dfen wir Sie in unserem Fr\u00fchst\u00fccksraum mit Service am Tisch, w\u00e4hrend Sie am <strong>Buffet<\/strong> in der Mitte unter verschiedenen <strong>Croissants, von uns zubereitetem Geb\u00e4ck, Zerealien, frischem Brot, Butter und Marmelade,<\/strong> Joghurt, Eiern und Wurst- und K\u00e4sespezialit\u00e4ten w\u00e4hlen k\u00f6nnen. Ein <strong>entspannter und k\u00f6stlicher Moment<\/strong>, der Sie mit Energie f\u00fcr den kommenden Tag versorgt![\/vc_column_text][\/vc_column][\/vc_row][vc_row full_width=&#8220;stretch_row_content&#8220;][vc_column][vc_empty_space height=&#8220;60&#8243;][\/vc_column][\/vc_row][vc_row][vc_column width=&#8220;1\/2&#8243;]<div style=\"background-color:;height: 30px\" class=\"nicdark_section  \"><\/div> <h2 style=\"color:#eeeeee;padding:px;text-align:;font-size:70px;line-height:px;letter-spacing: px;font-weight:normal\" class=\"   nd_options_third_font \">Im Innenbereich<\/h2>  <h2 style=\"color:;padding:px;text-align:;font-size:42px;line-height:40px;letter-spacing: 2px;font-weight:lighter\" class=\"  nd_options_font_size_40_important_all_iphone nd_options_first_font \">DIE BAR<\/h2> <div style=\"background-color:;height: 30px\" class=\"nicdark_section  \"><\/div>[vc_column_text]Die einladende und gut best\u00fcckte Bar im Hotel Marconi wartet nur darauf, den G\u00e4sten ihre W\u00fcnsche zu erf\u00fcllen, die bei einer <strong>Kaffeepause<\/strong> oder einem <strong>Aperitif vor dem Abendessen<\/strong> bequem in der gro\u00dfen Halle sitzen.[\/vc_column_text]<div style=\"background-color:;height: 45px\" class=\"nicdark_section  \"><\/div>[\/vc_column][vc_column width=&#8220;1\/2&#8243;][vc_single_image image=&#8220;2060&#8243; img_size=&#8220;full&#8220;][\/vc_column][\/vc_row][vc_row full_width=&#8220;stretch_row_content&#8220;][vc_column][vc_empty_space height=&#8220;60&#8243;][\/vc_column][\/vc_row][vc_row][vc_column width=&#8220;1\/2&#8243;][vc_single_image image=&#8220;2118&#8243; img_size=&#8220;full&#8220;][\/vc_column][vc_column width=&#8220;1\/2&#8243;]<div style=\"background-color:;height: 30px\" class=\"nicdark_section  \"><\/div> <h2 style=\"color:#eeeeee;padding:px;text-align:;font-size:70px;line-height:px;letter-spacing: px;font-weight:normal\" class=\"   nd_options_third_font \">Au\u00dfen<\/h2>  <h2 style=\"color:;padding:px;text-align:;font-size:42px;line-height:40px;letter-spacing: 2px;font-weight:lighter\" class=\"  nd_options_font_size_40_important_all_iphone nd_options_first_font \">POOLBAR<\/h2> <div style=\"background-color:;height: 30px\" class=\"nicdark_section  \"><\/div>[vc_column_text]Die Barkeeper stehen auch im Swimmingpoolbereich stets zur Verf\u00fcgung, in dem sich ein ruhiger und einladender <strong>Pavillon<\/strong> befindet. Was gibt es an warmen Tagen nach dem Schwimmen oder einem<strong> entspannenden Whirlpool Besseres<\/strong>, als an einem k\u00fchlen Getr\u00e4nk zu nippen oder eine Kleinigkeit zu essen? Das Gleiche gilt f\u00fcr warme <strong>Sommerabende<\/strong>, an denen im Mondschein am Poolrand getanzt wird.[\/vc_column_text][\/vc_column][\/vc_row][vc_row full_width=&#8220;stretch_row_content&#8220;][vc_column][vc_empty_space height=&#8220;95&#8243;][\/vc_column][\/vc_row]<\/p>\n","protected":false},"excerpt":{"rendered":"<p>[vc_row full_width=&#8220;stretch_row&#8220; parallax=&#8220;content-moving&#8220; parallax_image=&#8220;2656&#8243; css=&#8220;.vc_custom_1658750312705{margin-top: 0px !important;margin-bottom: 0px !important;border-top-width: 0px !important;border-bottom-width: 0px !important;padding-top: 0px !important;padding-bottom: 0px !important;}&#8220; el_class=&#8220;nd_options_vc_parallax_filter_2_5&#8243;][vc_column width=&#8220;1\/6&#8243;][\/vc_column][vc_column width=&#8220;2\/3&#8243; el_class=&#8220;nd_options_text_align_center&#8220;][vc_empty_space height=&#8220;200&#8243;][vc_empty_space height=&#8220;200&#8243;][\/vc_column][vc_column width=&#8220;1\/6&#8243;][\/vc_column][\/vc_row][vc_row css=&#8220;.vc_custom_1655978825926{margin-top: -110px !important;}&#8220;][vc_column width=&#8220;1\/2&#8243; css=&#8220;.vc_custom_1655978891941{margin-top: 10px !important;margin-bottom: 10px !important;}&#8220;][vc_single_image image=&#8220;2660&#8243; img_size=&#8220;large&#8220;][vc_column_text]Der Chef und das ganze Koch-Team werden es verstehen, Sie mit hervorragenden Gerichten zu verw\u00f6hnen, die die Liebhaber der guten italienischen [&hellip;]<\/p>\n","protected":false},"author":2,"featured_media":0,"parent":0,"menu_order":0,"comment_status":"closed","ping_status":"closed","template":"","meta":{"footnotes":""},"class_list":["post-3569","page","type-page","status-publish","hentry"],"yoast_head":"<!-- This site is optimized with the Yoast SEO plugin v23.2 - https:\/\/yoast.com\/wordpress\/plugins\/seo\/ -->\n<title>Restaurant - Hotel Terme Marconi - Hotel 3* a Montegrotto Terme<\/title>\n<meta name=\"description\" content=\"Cucina tradizionale italiana e mediterranea, che prevede tre importanti pasti, con ricette tradizionali e rivisitazioni internazionali.\" \/>\n<meta name=\"robots\" content=\"index, follow, max-snippet:-1, max-image-preview:large, max-video-preview:-1\" \/>\n<link rel=\"canonical\" href=\"https:\/\/termemarconi.it\/de\/restaurant\/?lang=de\" \/>\n<meta property=\"og:locale\" content=\"de_DE\" \/>\n<meta property=\"og:type\" content=\"article\" \/>\n<meta property=\"og:title\" content=\"Restaurant - Hotel Terme Marconi - Hotel 3* a Montegrotto Terme\" \/>\n<meta property=\"og:description\" content=\"Cucina tradizionale italiana e mediterranea, che prevede tre importanti pasti, con ricette tradizionali e rivisitazioni internazionali.\" \/>\n<meta property=\"og:url\" content=\"https:\/\/termemarconi.it\/restaurant\/?lang=de\" \/>\n<meta property=\"og:site_name\" content=\"Hotel Terme Marconi - Hotel 3* a Montegrotto Terme\" \/>\n<meta property=\"article:publisher\" content=\"https:\/\/www.facebook.com\/termemarconi\" \/>\n<meta property=\"article:modified_time\" content=\"2022-08-30T13:18:09+00:00\" \/>\n<meta name=\"twitter:card\" content=\"summary_large_image\" \/>\n<meta name=\"twitter:label1\" content=\"Gesch\u00e4tzte Lesezeit\" \/>\n\t<meta name=\"twitter:data1\" content=\"3\u00a0Minuten\" \/>\n<script type=\"application\/ld+json\" class=\"yoast-schema-graph\">{\"@context\":\"https:\/\/schema.org\",\"@graph\":[{\"@type\":\"WebPage\",\"@id\":\"https:\/\/termemarconi.it\/restaurant\/?lang=de\",\"url\":\"https:\/\/termemarconi.it\/restaurant\/?lang=de\",\"name\":\"Restaurant - Hotel Terme Marconi - Hotel 3* a Montegrotto Terme\",\"isPartOf\":{\"@id\":\"https:\/\/termemarconi.it\/#website\"},\"datePublished\":\"2022-07-05T13:22:07+00:00\",\"dateModified\":\"2022-08-30T13:18:09+00:00\",\"description\":\"Cucina tradizionale italiana e mediterranea, che prevede tre importanti pasti, con ricette tradizionali e rivisitazioni internazionali.\",\"breadcrumb\":{\"@id\":\"https:\/\/termemarconi.it\/restaurant\/?lang=de#breadcrumb\"},\"inLanguage\":\"de\",\"potentialAction\":[{\"@type\":\"ReadAction\",\"target\":[\"https:\/\/termemarconi.it\/restaurant\/?lang=de\"]}]},{\"@type\":\"BreadcrumbList\",\"@id\":\"https:\/\/termemarconi.it\/restaurant\/?lang=de#breadcrumb\",\"itemListElement\":[{\"@type\":\"ListItem\",\"position\":1,\"name\":\"Home\",\"item\":\"https:\/\/termemarconi.it\/de\/\"},{\"@type\":\"ListItem\",\"position\":2,\"name\":\"Restaurant\"}]},{\"@type\":\"WebSite\",\"@id\":\"https:\/\/termemarconi.it\/#website\",\"url\":\"https:\/\/termemarconi.it\/\",\"name\":\"Hotel Terme Marconi - Hotel 3* a Montegrotto Terme\",\"description\":\"Hotel Termale Spa e Piscine a Montegrotto Terme\",\"publisher\":{\"@id\":\"https:\/\/termemarconi.it\/#organization\"},\"potentialAction\":[{\"@type\":\"SearchAction\",\"target\":{\"@type\":\"EntryPoint\",\"urlTemplate\":\"https:\/\/termemarconi.it\/?s={search_term_string}\"},\"query-input\":\"required name=search_term_string\"}],\"inLanguage\":\"de\"},{\"@type\":\"Organization\",\"@id\":\"https:\/\/termemarconi.it\/#organization\",\"name\":\"Hotel Terme Marconi - Hotel 3* a Montegrotto Terme\",\"url\":\"https:\/\/termemarconi.it\/\",\"logo\":{\"@type\":\"ImageObject\",\"inLanguage\":\"de\",\"@id\":\"https:\/\/termemarconi.it\/#\/schema\/logo\/image\/\",\"url\":\"http:\/\/termemarconi.it\/web\/wp-content\/uploads\/2022\/06\/marconi-logo.png\",\"contentUrl\":\"http:\/\/termemarconi.it\/web\/wp-content\/uploads\/2022\/06\/marconi-logo.png\",\"width\":275,\"height\":76,\"caption\":\"Hotel Terme Marconi - Hotel 3* a Montegrotto Terme\"},\"image\":{\"@id\":\"https:\/\/termemarconi.it\/#\/schema\/logo\/image\/\"},\"sameAs\":[\"https:\/\/www.facebook.com\/termemarconi\",\"https:\/\/www.instagram.com\/hotel_terme_marconi\/\"]}]}<\/script>\n<!-- \/ Yoast SEO plugin. -->","yoast_head_json":{"title":"Restaurant - Hotel Terme Marconi - Hotel 3* a Montegrotto Terme","description":"Cucina tradizionale italiana e mediterranea, che prevede tre importanti pasti, con ricette tradizionali e rivisitazioni internazionali.","robots":{"index":"index","follow":"follow","max-snippet":"max-snippet:-1","max-image-preview":"max-image-preview:large","max-video-preview":"max-video-preview:-1"},"canonical":"https:\/\/termemarconi.it\/de\/restaurant\/?lang=de","og_locale":"de_DE","og_type":"article","og_title":"Restaurant - Hotel Terme Marconi - Hotel 3* a Montegrotto Terme","og_description":"Cucina tradizionale italiana e mediterranea, che prevede tre importanti pasti, con ricette tradizionali e rivisitazioni internazionali.","og_url":"https:\/\/termemarconi.it\/restaurant\/?lang=de","og_site_name":"Hotel Terme Marconi - Hotel 3* a Montegrotto Terme","article_publisher":"https:\/\/www.facebook.com\/termemarconi","article_modified_time":"2022-08-30T13:18:09+00:00","twitter_card":"summary_large_image","twitter_misc":{"Gesch\u00e4tzte Lesezeit":"3\u00a0Minuten"},"schema":{"@context":"https:\/\/schema.org","@graph":[{"@type":"WebPage","@id":"https:\/\/termemarconi.it\/restaurant\/?lang=de","url":"https:\/\/termemarconi.it\/restaurant\/?lang=de","name":"Restaurant - Hotel Terme Marconi - Hotel 3* a Montegrotto Terme","isPartOf":{"@id":"https:\/\/termemarconi.it\/#website"},"datePublished":"2022-07-05T13:22:07+00:00","dateModified":"2022-08-30T13:18:09+00:00","description":"Cucina tradizionale italiana e mediterranea, che prevede tre importanti pasti, con ricette tradizionali e rivisitazioni internazionali.","breadcrumb":{"@id":"https:\/\/termemarconi.it\/restaurant\/?lang=de#breadcrumb"},"inLanguage":"de","potentialAction":[{"@type":"ReadAction","target":["https:\/\/termemarconi.it\/restaurant\/?lang=de"]}]},{"@type":"BreadcrumbList","@id":"https:\/\/termemarconi.it\/restaurant\/?lang=de#breadcrumb","itemListElement":[{"@type":"ListItem","position":1,"name":"Home","item":"https:\/\/termemarconi.it\/de\/"},{"@type":"ListItem","position":2,"name":"Restaurant"}]},{"@type":"WebSite","@id":"https:\/\/termemarconi.it\/#website","url":"https:\/\/termemarconi.it\/","name":"Hotel Terme Marconi - Hotel 3* a Montegrotto Terme","description":"Hotel Termale Spa e Piscine a Montegrotto Terme","publisher":{"@id":"https:\/\/termemarconi.it\/#organization"},"potentialAction":[{"@type":"SearchAction","target":{"@type":"EntryPoint","urlTemplate":"https:\/\/termemarconi.it\/?s={search_term_string}"},"query-input":"required name=search_term_string"}],"inLanguage":"de"},{"@type":"Organization","@id":"https:\/\/termemarconi.it\/#organization","name":"Hotel Terme Marconi - Hotel 3* a Montegrotto Terme","url":"https:\/\/termemarconi.it\/","logo":{"@type":"ImageObject","inLanguage":"de","@id":"https:\/\/termemarconi.it\/#\/schema\/logo\/image\/","url":"http:\/\/termemarconi.it\/web\/wp-content\/uploads\/2022\/06\/marconi-logo.png","contentUrl":"http:\/\/termemarconi.it\/web\/wp-content\/uploads\/2022\/06\/marconi-logo.png","width":275,"height":76,"caption":"Hotel Terme Marconi - Hotel 3* a Montegrotto Terme"},"image":{"@id":"https:\/\/termemarconi.it\/#\/schema\/logo\/image\/"},"sameAs":["https:\/\/www.facebook.com\/termemarconi","https:\/\/www.instagram.com\/hotel_terme_marconi\/"]}]}},"_links":{"self":[{"href":"https:\/\/termemarconi.it\/de\/wp-json\/wp\/v2\/pages\/3569","targetHints":{"allow":["GET"]}}],"collection":[{"href":"https:\/\/termemarconi.it\/de\/wp-json\/wp\/v2\/pages"}],"about":[{"href":"https:\/\/termemarconi.it\/de\/wp-json\/wp\/v2\/types\/page"}],"author":[{"embeddable":true,"href":"https:\/\/termemarconi.it\/de\/wp-json\/wp\/v2\/users\/2"}],"replies":[{"embeddable":true,"href":"https:\/\/termemarconi.it\/de\/wp-json\/wp\/v2\/comments?post=3569"}],"version-history":[{"count":5,"href":"https:\/\/termemarconi.it\/de\/wp-json\/wp\/v2\/pages\/3569\/revisions"}],"predecessor-version":[{"id":3572,"href":"https:\/\/termemarconi.it\/de\/wp-json\/wp\/v2\/pages\/3569\/revisions\/3572"}],"wp:attachment":[{"href":"https:\/\/termemarconi.it\/de\/wp-json\/wp\/v2\/media?parent=3569"}],"curies":[{"name":"wp","href":"https:\/\/api.w.org\/{rel}","templated":true}]}}