{"id":3558,"date":"2022-07-26T09:58:36","date_gmt":"2022-07-26T07:58:36","guid":{"rendered":"https:\/\/termemarconi.it\/piscine\/"},"modified":"2022-08-30T15:01:28","modified_gmt":"2022-08-30T13:01:28","slug":"schwimmbaeder","status":"publish","type":"page","link":"https:\/\/termemarconi.it\/de\/schwimmbaeder\/","title":{"rendered":"Schwimmb\u00e4der"},"content":{"rendered":"<p>[vc_row full_width=&#8220;stretch_row&#8220; parallax=&#8220;content-moving&#8220; parallax_image=&#8220;2798&#8243; css=&#8220;.vc_custom_1658827021267{margin-top: 0px !important;margin-bottom: 0px !important;border-top-width: 0px !important;border-bottom-width: 0px !important;padding-top: 0px !important;padding-bottom: 0px !important;}&#8220; el_class=&#8220;nd_options_vc_parallax_filter_2_5&#8243;][vc_column width=&#8220;1\/6&#8243;][\/vc_column][vc_column width=&#8220;2\/3&#8243; el_class=&#8220;nd_options_text_align_center&#8220;][vc_empty_space height=&#8220;200&#8243;] <h1 style=\"color:#ffffff;padding:px;text-align:center;font-size:95px;line-height:95px;letter-spacing: 2px;font-weight:lighter\" class=\"   nd_options_third_font \">Schwimmb\u00e4der<\/h1> <div style=\"background-color:;height: 30px\" class=\"nicdark_section  \"><\/div> <p style=\"color:#ffffff;padding:px;text-align:center;font-size:22px;line-height:33px;letter-spacing: 1px;font-weight:normal\" class=\"   nd_options_second_font \">Im Hotel Marconi gibt es vier Swimmingpools mit Thermalwasser, die bei Ihrem Aufenthalt immer im Mittelpunkt stehen, gleich ob f\u00fcr die Dauer eines einfachen Spa Days, f\u00fcr ein Wochenende oder l\u00e4ngere Zeitr\u00e4ume.<\/p> [vc_empty_space height=&#8220;200&#8243;]<div style=\"background-color:;height: 30px\" class=\"nicdark_section  \"><\/div>[\/vc_column][vc_column width=&#8220;1\/6&#8243;][\/vc_column][\/vc_row][vc_row css=&#8220;.vc_custom_1655978825926{margin-top: -110px !important;}&#8220;][vc_column width=&#8220;1\/2&#8243; css=&#8220;.vc_custom_1655978891941{margin-top: 10px !important;margin-bottom: 10px !important;}&#8220;][vc_single_image image=&#8220;1964&#8243; img_size=&#8220;large&#8220;]<div style=\"background-color:;height: 30px\" class=\"nicdark_section  \"><\/div> <h2 style=\"color:#eeeeee;padding:px;text-align:;font-size:70px;line-height:px;letter-spacing: px;font-weight:normal\" class=\"   nd_options_third_font \">Relax indoor<\/h2>  <h2 style=\"color:;padding:px;text-align:;font-size:42px;line-height:40px;letter-spacing: 2px;font-weight:lighter\" class=\"  nd_options_font_size_40_important_all_iphone nd_options_first_font \">DAS HALLENBAD<\/h2> <div style=\"background-color:;height: 30px\" class=\"nicdark_section  \"><\/div>[vc_column_text]Mit dem <strong>Bademantel<\/strong> bekleidet und das <strong>Badetuch<\/strong>, das Sie von uns erhalten, dabei, gelangen Sie mit den beiden bequemen Aufz\u00fcgen in der N\u00e4he des Spa-Bereichs nach unten. So k\u00f6nnen Sie das wohltuende Thermalwasser genie\u00dfen, ohne das Hotel verlassen zu m\u00fcssen. So stellt auch schlechtes Wetter kein Problem dar. Im Gegenteil, Sie werden das Vergn\u00fcgen entdecken, sich im <strong>warmem Wasser<\/strong> zu befinden und dabei vielleicht dem drau\u00dfen fallenden Regen oder Schnee zusehen. Das Hallenbad garantiert allen, die immer im Warmen bleiben m\u00f6chten, ein H\u00f6chstma\u00df an Schutz.[\/vc_column_text]<div style=\"background-color:;height: 60px\" class=\"nicdark_section  \"><\/div>[\/vc_column][vc_column width=&#8220;1\/2&#8243; css=&#8220;.vc_custom_1655978884312{margin-top: 10px !important;margin-bottom: 10px !important;}&#8220;][vc_single_image image=&#8220;2810&#8243; img_size=&#8220;large&#8220;]<div style=\"background-color:;height: 30px\" class=\"nicdark_section  \"><\/div> <h2 style=\"color:#eeeeee;padding:px;text-align:;font-size:70px;line-height:px;letter-spacing: px;font-weight:normal\" class=\"   nd_options_third_font \">Sprudelb\u00e4der<\/h2>  <h2 style=\"color:;padding:px;text-align:;font-size:42px;line-height:40px;letter-spacing: 2px;font-weight:lighter\" class=\"  nd_options_font_size_40_important_all_iphone nd_options_first_font \">AU\u1e9eENPOOLS<\/h2> <div style=\"background-color:;height: 30px\" class=\"nicdark_section  \"><\/div>[vc_column_text]Doch die Magie und die Bequemlichkeit dieses Schwimmbads liegen darin, dass man \u00fcber einen kurzen Flur darin zu einem Pool im Freien gelangt, der mit einer <strong>Whirlpoolstrecke<\/strong> ausgestattet ist, auf der das Wasser Sie angenehm massiert, und bei dem sich auch Liegen befinden, so dass man sich dort sonnen kann. Der letzte der vier Pools verf\u00fcgt rundum \u00fcber bequeme <strong>Whirlpool-Kabinen<\/strong>. Sobald Sie sich darin befinden, verfliegt die Zeit wie im Flug, vor allem wenn man ein wenig mit dem Gast in der Nebenkabine plaudert.[\/vc_column_text]<div style=\"background-color:;height: 70px\" class=\"nicdark_section  \"><\/div>[\/vc_column][\/vc_row][vc_row full_width=&#8220;stretch_row&#8220; parallax=&#8220;content-moving&#8220; css=&#8220;.vc_custom_1658822604976{padding-top: 80px !important;padding-bottom: 70px !important;background-color: #113d34 !important;background-position: 0 0;background-repeat: no-repeat !important;}&#8220;][vc_column css=&#8220;.vc_custom_1548861971286{background-position: center !important;background-repeat: no-repeat !important;background-size: cover !important;}&#8220;][vc_row_inner][vc_column_inner width=&#8220;1\/3&#8243; css=&#8220;.vc_custom_1655974412412{background-color: #113d34 !important;background-position: center !important;background-repeat: no-repeat !important;background-size: cover !important;}&#8220;] <h2 style=\"color:#ffffff;padding:px;text-align:;font-size:70px;line-height:70px;letter-spacing: px;font-weight:normal\" class=\"   nd_options_third_font \">Wohlverdiente Entspannung<\/h2> [vc_empty_space height=&#8220;15&#8243;][\/vc_column_inner][vc_column_inner width=&#8220;2\/3&#8243;][vc_empty_space height=&#8220;10&#8243;][vc_column_text]<\/p>\n<p style=\"color: #fff;\">Der gesamte Spa-Bereich ist sowohl im Hallenbad als auch im Gr\u00fcnen im Park f\u00fcr wohlverdiente Entspannung mit bequemen Liegen ausgestattet.<\/p>\n<p>[\/vc_column_text][\/vc_column_inner][\/vc_row_inner][\/vc_column][\/vc_row][vc_row full_width=&#8220;stretch_row_content&#8220; parallax=&#8220;content-moving&#8220; css=&#8220;.vc_custom_1658245789302{margin-top: 0px !important;border-top-width: 0px !important;padding-top: 0px !important;}&#8220;][vc_column css=&#8220;.vc_custom_1548861971286{background-position: center !important;background-repeat: no-repeat !important;background-size: cover !important;}&#8220;][vc_row_inner][vc_column_inner][vc_empty_space height=&#8220;15&#8243;][vc_masonry_media_grid element_width=&#8220;2&#8243; gap=&#8220;15&#8243; item=&#8220;mediaGrid_Default&#8220; grid_id=&#8220;vc_gid:1661864429961-6a443726-8bd0-6&#8243; include=&#8220;2812,2816,2821,2819,1882,2814&#8243;][vc_empty_space height=&#8220;95&#8243;][\/vc_column_inner][\/vc_row_inner][\/vc_column][\/vc_row][vc_row][vc_column width=&#8220;1\/2&#8243; css=&#8220;.vc_custom_1655978891941{margin-top: 10px !important;margin-bottom: 10px !important;}&#8220;] <h2 style=\"color:#eeeeee;padding:px;text-align:;font-size:70px;line-height:px;letter-spacing: px;font-weight:normal\" class=\"   nd_options_third_font \">Zum Schwimmen<\/h2>  <h2 style=\"color:;padding:px;text-align:;font-size:42px;line-height:40px;letter-spacing: 2px;font-weight:lighter\" class=\"  nd_options_font_size_40_important_all_iphone nd_options_first_font \">OLYMPIABECKEN<\/h2> <div style=\"background-color:;height: 30px\" class=\"nicdark_section  \"><\/div>[vc_column_text]Im <strong>Olympiabecken<\/strong> mitten im Gr\u00fcnen k\u00f6nnen Sie <strong>schwimmen<\/strong> oder mit dem bequemen und farbenfrohen schwimmenden Poolzubeh\u00f6r planschen, ganz zur Freude der Kinder und derer, die nicht schwimmen k\u00f6nnen. In allen Thermalbecken werden abh\u00e4ngig von den W\u00fcnschen der G\u00e4ste oder der Jahreszeit <strong>Hydrokinese, Aquafitness<\/strong> oder <strong>Rehabilitations\u00fcbungen angeboten<\/strong>. [\/vc_column_text]<div style=\"background-color:;height: 60px\" class=\"nicdark_section  \"><\/div>[\/vc_column][vc_column width=&#8220;1\/2&#8243; css=&#8220;.vc_custom_1655978884312{margin-top: 10px !important;margin-bottom: 10px !important;}&#8220;][vc_single_image image=&#8220;1878&#8243; img_size=&#8220;large&#8220;]<div style=\"background-color:;height: 70px\" class=\"nicdark_section  \"><\/div>[\/vc_column][\/vc_row][vc_row full_width=&#8220;stretch_row&#8220; parallax=&#8220;content-moving&#8220; css=&#8220;.vc_custom_1658837251214{padding-top: 60px !important;padding-bottom: 80px !important;background-color: #113d34 !important;background-position: 0 0;background-repeat: no-repeat !important;}&#8220;][vc_column css=&#8220;.vc_custom_1548861971286{background-position: center !important;background-repeat: no-repeat !important;background-size: cover !important;}&#8220;][vc_row_inner][vc_column_inner css=&#8220;.vc_custom_1655974412412{background-color: #113d34 !important;background-position: center !important;background-repeat: no-repeat !important;background-size: cover !important;}&#8220;] <h2 style=\"color:#ffffff;padding:px;text-align:center;font-size:70px;line-height:73px;letter-spacing: px;font-weight:normal\" class=\"   nd_options_third_font \">Der therapeutische Wert des Wassers<\/h2> [vc_empty_space height=&#8220;67&#8243;][\/vc_column_inner][\/vc_row_inner][\/vc_column][\/vc_row][vc_row css=&#8220;.vc_custom_1658144647164{margin-top: -75px !important;}&#8220;][vc_column width=&#8220;1\/3&#8243;][vc_masonry_media_grid element_width=&#8220;12&#8243; gap=&#8220;0&#8243; item=&#8220;mediaGrid_Default&#8220; grid_id=&#8220;vc_gid:1661864429974-2f1e7d68-b4a8-1&#8243; include=&#8220;2351&#8243;][vc_empty_space height=&#8220;30&#8243;] <h2 style=\"color:;padding:px;text-align:;font-size:42px;line-height:40px;letter-spacing: 2px;font-weight:lighter\" class=\"  nd_options_font_size_40_important_all_iphone nd_options_first_font \">HYDROKINESIO-THERAPIE<\/h2> [vc_empty_space height=&#8220;30&#8243;][vc_column_text]Ein zur Wiederherstellung der physiologischen Funktion von Muskeln und Gelenken, die Verletzungen erlitten haben, entwickeltes Programm.<\/p>\n<p>Dadurch dass die Behandlung im Thermalwasser durchgef\u00fchrt wird, kann sich der Patient leicht und frei bewegen, da der hydrostatische Druck den K\u00f6rper st\u00fctzt. Dank der sanften vom Thermalwasser ausge\u00fcbten Massage k\u00f6nnen sich die Muskeln entspannen und die Schmerzen werden gelindert. Die gesamte Behandlung erfolgt ohne Muskelstress.<\/p>\n<p>WATZU &#8211; SHIATSU IM THERMALWASSER<br \/>\nEs findet im lauwarmen (34-37\u00b0), flachen Wasser statt, der K\u00f6rper gleitet sanft, in den Armen des Therapeuten werden langsame Bewegungen auf die Meridiane ausge\u00fcbt, die die Lebensenergie leiten.<\/p>\n<p>Die Verbindung mit der Natur wird durch das Schwimmbecken im Freien gegeben. Es erzeugt einen Zustand der absoluten Losgel\u00f6stheit und Entspannung, reduziert die Muskelanspannung, baut Stress und Unruhe ab.[\/vc_column_text][vc_empty_space height=&#8220;27&#8243;][\/vc_column][vc_column width=&#8220;1\/3&#8243;][vc_masonry_media_grid element_width=&#8220;12&#8243; gap=&#8220;0&#8243; item=&#8220;mediaGrid_Default&#8220; grid_id=&#8220;vc_gid:1661864429976-15b0981f-a83e-10&#8243; include=&#8220;2356&#8243;][vc_empty_space height=&#8220;30&#8243;] <h2 style=\"color:;padding:px;text-align:;font-size:42px;line-height:40px;letter-spacing: 2px;font-weight:lighter\" class=\"  nd_options_font_size_40_important_all_iphone nd_options_first_font \">SCHWIMMEN<\/h2> [vc_empty_space height=&#8220;30&#8243;][vc_column_text]Schwimmen im Meer oder im See doch auch das Schwimmen in normalen Schwimmb\u00e4dern, in denen die Wassertemperatur im Schnitt bei 25\u00b0C liegt, erfordert h\u00e4ufig ein Aufw\u00e4rmen, ein abruptes Gew\u00f6hnen an die Wassertemperatur und Bewegungen bei schnelleren Rhythmen, was psychologisch h\u00e4ufig nicht f\u00fcr alle Personen machbar ist. Schwimmt man jedoch in Thermalwasser wie z. B. in unseren Pools, in denen das Wasser im Durchschnitt eine Temperatur von 35\u00b0C aufweist, kommt dieser Art \u00dcbungen besonders unter dem physiologischen Gesichtspunkt eine ganz besondere Bedeutung zu. Vor allem ist durch die Wassertemperatur kein Aufw\u00e4rmen vor den \u00dcbungen mehr notwendig, und es kann langsam begonnen und die Belastung allm\u00e4hlich gesteigert werden.<\/p>\n<p>Auch der Rhythmus kann weniger intensiv sein, so dass den angespannten Muskeln ein ausreichender Zeitraum der Entspannung zugestanden und dadurch eine gute physiologische Erholung erzielt wird. Das Schwimmen in Thermalwasser kann daher aufgrund seiner speziellen Eigenschaften an die jeweiligen individuellen Bed\u00fcrfnisse angepasst werden.[\/vc_column_text][vc_empty_space height=&#8220;27&#8243;][\/vc_column][vc_column width=&#8220;1\/3&#8243;][vc_masonry_media_grid element_width=&#8220;12&#8243; gap=&#8220;0&#8243; item=&#8220;mediaGrid_Default&#8220; grid_id=&#8220;vc_gid:1661864429978-05546087-ad66-4&#8243; include=&#8220;2350&#8243;][vc_empty_space height=&#8220;30&#8243;] <h2 style=\"color:;padding:px;text-align:;font-size:42px;line-height:40px;letter-spacing: 2px;font-weight:lighter\" class=\"  nd_options_font_size_40_important_all_iphone nd_options_first_font \">WASSER-GYMNASTIK<\/h2> [vc_empty_space height=&#8220;30&#8243;][vc_column_text]F\u00fcr alle geeignet. Eine vollst\u00e4ndige Gymnastik, die Tonus und Elastizit\u00e4t der Muskeln mit sehr einfachen \u00dcbungen verbessert. Gymnastik im Wasser zu machen ist anstrengender als in der Luft, somit reichen wenige Bewegungen aus, um die Muskulatur zu straffen und gleich viel fitter auszusehen. Wassergymnastik hilft beim Abnehmen und formt unseren K\u00f6rper, ohne dass er zu viel Muskelmasse ansetzt. Nach einer Wassergymnastikstunde sind die Muskeln st\u00e4rker und der K\u00f6rper sieht schlanker aus.<\/p>\n<p>Diese Art von Gymnastik nutzt die vom Wasser am K\u00f6rper durchgef\u00fchrte Massage aus. W\u00e4hrend der Gymnastik \u00fcbt der Druck des Wassers eine positive Wirkung auf das Fettgewebe aus, was wiederum der Cellulite entgegenwirkt. Aus diesem Grund ist Wassergymnastik auch besonders bei Frauen beliebt.<\/p>\n<p>Wassergymnastik hat aber noch weitere positive Wirkungen: sie verbessert den Blut- und den Lymphkreislauf, wirkt dem Schweregef\u00fchl in den Beinen entgegen, bek\u00e4mpft Krampfadern und Wasseransammlungen im Gewebe. Es ist nicht notwendig, schwimmen zu k\u00f6nnen, um diesen Sport auszu\u00fcben. Wassergymnastikkurse finden n\u00e4mlich meist in Nichtschwimmerbecken statt bzw. am Schwimmbeckenrand mit Schwimmrollen.<\/p>\n<p>Auch in der Schwangerschaft geeignet: Da weder Schwerkraft vorhanden ist, noch Sto\u00df- bzw. Aufprallgefahr besteht, ist diese T\u00e4tigkeit wirklich f\u00fcr jede werdende Mutter zu empfehlen. Da praktisch keine Verletzungsgefahr besteht ist Wassergymnastik auch ideal f\u00fcr alle, die unter Gelenkbeschwerden oder Wirbels\u00e4ulenproblemen leiden und ist auch f\u00fcr Arthrose-Patienten indiziert.<br \/>\nWassergymnastik ist ein Sport, der Spa\u00df macht, und ist somit nicht nur eine Wohltat f\u00fcr die Linie, sondern auch f\u00fcrs Gem\u00fct. Die \u00dcbungen werden in der Gruppe und im Rhythmus der begleitenden Musik ausgef\u00fchrt und sind ideal, um Anspannungen und Stress loszuwerden. Nach einer Wassergymnastikstunde f\u00fchlt man sich fitter, entspannter, heiter und gl\u00fccklich.[\/vc_column_text][vc_empty_space height=&#8220;27&#8243;][\/vc_column][\/vc_row][vc_row][vc_column][vc_empty_space height=&#8220;100&#8243;][\/vc_column][\/vc_row]<\/p>\n","protected":false},"excerpt":{"rendered":"<p>[vc_row full_width=&#8220;stretch_row&#8220; parallax=&#8220;content-moving&#8220; parallax_image=&#8220;2798&#8243; css=&#8220;.vc_custom_1658827021267{margin-top: 0px !important;margin-bottom: 0px !important;border-top-width: 0px !important;border-bottom-width: 0px !important;padding-top: 0px !important;padding-bottom: 0px !important;}&#8220; el_class=&#8220;nd_options_vc_parallax_filter_2_5&#8243;][vc_column width=&#8220;1\/6&#8243;][\/vc_column][vc_column width=&#8220;2\/3&#8243; el_class=&#8220;nd_options_text_align_center&#8220;][vc_empty_space height=&#8220;200&#8243;][vc_empty_space height=&#8220;200&#8243;][\/vc_column][vc_column width=&#8220;1\/6&#8243;][\/vc_column][\/vc_row][vc_row css=&#8220;.vc_custom_1655978825926{margin-top: -110px !important;}&#8220;][vc_column width=&#8220;1\/2&#8243; css=&#8220;.vc_custom_1655978891941{margin-top: 10px !important;margin-bottom: 10px !important;}&#8220;][vc_single_image image=&#8220;1964&#8243; img_size=&#8220;large&#8220;][vc_column_text]Mit dem Bademantel bekleidet und das Badetuch, das Sie von uns erhalten, dabei, gelangen Sie mit den beiden bequemen Aufz\u00fcgen in [&hellip;]<\/p>\n","protected":false},"author":2,"featured_media":0,"parent":0,"menu_order":0,"comment_status":"closed","ping_status":"closed","template":"","meta":{"footnotes":""},"class_list":["post-3558","page","type-page","status-publish","hentry"],"yoast_head":"<!-- This site is optimized with the Yoast SEO plugin v23.2 - https:\/\/yoast.com\/wordpress\/plugins\/seo\/ -->\n<title>Schwimmb\u00e4der - Hotel Terme Marconi - Hotel 3* a Montegrotto Terme<\/title>\n<meta name=\"description\" content=\"L&#039;Hotel dispone di 4 piscine termali, 3 esterne di cui una olimpionica ed una interna. Le piscine provviste di idromassaggi e cascate.\" \/>\n<meta name=\"robots\" content=\"index, follow, max-snippet:-1, max-image-preview:large, max-video-preview:-1\" \/>\n<link rel=\"canonical\" href=\"https:\/\/termemarconi.it\/de\/schwimmbaeder\/?lang=de\" \/>\n<meta property=\"og:locale\" content=\"de_DE\" \/>\n<meta property=\"og:type\" content=\"article\" \/>\n<meta property=\"og:title\" content=\"Schwimmb\u00e4der - Hotel Terme Marconi - Hotel 3* a Montegrotto Terme\" \/>\n<meta property=\"og:description\" content=\"L&#039;Hotel dispone di 4 piscine termali, 3 esterne di cui una olimpionica ed una interna. Le piscine provviste di idromassaggi e cascate.\" \/>\n<meta property=\"og:url\" content=\"https:\/\/termemarconi.it\/schwimmbaeder\/?lang=de\" \/>\n<meta property=\"og:site_name\" content=\"Hotel Terme Marconi - Hotel 3* a Montegrotto Terme\" \/>\n<meta property=\"article:publisher\" content=\"https:\/\/www.facebook.com\/termemarconi\" \/>\n<meta property=\"article:modified_time\" content=\"2022-08-30T13:01:28+00:00\" \/>\n<meta name=\"twitter:card\" content=\"summary_large_image\" \/>\n<meta name=\"twitter:label1\" content=\"Gesch\u00e4tzte Lesezeit\" \/>\n\t<meta name=\"twitter:data1\" content=\"6\u00a0Minuten\" \/>\n<script type=\"application\/ld+json\" class=\"yoast-schema-graph\">{\"@context\":\"https:\/\/schema.org\",\"@graph\":[{\"@type\":\"WebPage\",\"@id\":\"https:\/\/termemarconi.it\/schwimmbaeder\/?lang=de\",\"url\":\"https:\/\/termemarconi.it\/schwimmbaeder\/?lang=de\",\"name\":\"Schwimmb\u00e4der - Hotel Terme Marconi - Hotel 3* a Montegrotto Terme\",\"isPartOf\":{\"@id\":\"https:\/\/termemarconi.it\/#website\"},\"datePublished\":\"2022-07-26T07:58:36+00:00\",\"dateModified\":\"2022-08-30T13:01:28+00:00\",\"description\":\"L'Hotel dispone di 4 piscine termali, 3 esterne di cui una olimpionica ed una interna. Le piscine provviste di idromassaggi e cascate.\",\"breadcrumb\":{\"@id\":\"https:\/\/termemarconi.it\/schwimmbaeder\/?lang=de#breadcrumb\"},\"inLanguage\":\"de\",\"potentialAction\":[{\"@type\":\"ReadAction\",\"target\":[\"https:\/\/termemarconi.it\/schwimmbaeder\/?lang=de\"]}]},{\"@type\":\"BreadcrumbList\",\"@id\":\"https:\/\/termemarconi.it\/schwimmbaeder\/?lang=de#breadcrumb\",\"itemListElement\":[{\"@type\":\"ListItem\",\"position\":1,\"name\":\"Home\",\"item\":\"https:\/\/termemarconi.it\/de\/\"},{\"@type\":\"ListItem\",\"position\":2,\"name\":\"Schwimmb\u00e4der\"}]},{\"@type\":\"WebSite\",\"@id\":\"https:\/\/termemarconi.it\/#website\",\"url\":\"https:\/\/termemarconi.it\/\",\"name\":\"Hotel Terme Marconi - Hotel 3* a Montegrotto Terme\",\"description\":\"Hotel Termale Spa e Piscine a Montegrotto Terme\",\"publisher\":{\"@id\":\"https:\/\/termemarconi.it\/#organization\"},\"potentialAction\":[{\"@type\":\"SearchAction\",\"target\":{\"@type\":\"EntryPoint\",\"urlTemplate\":\"https:\/\/termemarconi.it\/?s={search_term_string}\"},\"query-input\":\"required name=search_term_string\"}],\"inLanguage\":\"de\"},{\"@type\":\"Organization\",\"@id\":\"https:\/\/termemarconi.it\/#organization\",\"name\":\"Hotel Terme Marconi - Hotel 3* a Montegrotto Terme\",\"url\":\"https:\/\/termemarconi.it\/\",\"logo\":{\"@type\":\"ImageObject\",\"inLanguage\":\"de\",\"@id\":\"https:\/\/termemarconi.it\/#\/schema\/logo\/image\/\",\"url\":\"http:\/\/termemarconi.it\/web\/wp-content\/uploads\/2022\/06\/marconi-logo.png\",\"contentUrl\":\"http:\/\/termemarconi.it\/web\/wp-content\/uploads\/2022\/06\/marconi-logo.png\",\"width\":275,\"height\":76,\"caption\":\"Hotel Terme Marconi - Hotel 3* a Montegrotto Terme\"},\"image\":{\"@id\":\"https:\/\/termemarconi.it\/#\/schema\/logo\/image\/\"},\"sameAs\":[\"https:\/\/www.facebook.com\/termemarconi\",\"https:\/\/www.instagram.com\/hotel_terme_marconi\/\"]}]}<\/script>\n<!-- \/ Yoast SEO plugin. -->","yoast_head_json":{"title":"Schwimmb\u00e4der - Hotel Terme Marconi - Hotel 3* a Montegrotto Terme","description":"L'Hotel dispone di 4 piscine termali, 3 esterne di cui una olimpionica ed una interna. Le piscine provviste di idromassaggi e cascate.","robots":{"index":"index","follow":"follow","max-snippet":"max-snippet:-1","max-image-preview":"max-image-preview:large","max-video-preview":"max-video-preview:-1"},"canonical":"https:\/\/termemarconi.it\/de\/schwimmbaeder\/?lang=de","og_locale":"de_DE","og_type":"article","og_title":"Schwimmb\u00e4der - Hotel Terme Marconi - Hotel 3* a Montegrotto Terme","og_description":"L'Hotel dispone di 4 piscine termali, 3 esterne di cui una olimpionica ed una interna. Le piscine provviste di idromassaggi e cascate.","og_url":"https:\/\/termemarconi.it\/schwimmbaeder\/?lang=de","og_site_name":"Hotel Terme Marconi - Hotel 3* a Montegrotto Terme","article_publisher":"https:\/\/www.facebook.com\/termemarconi","article_modified_time":"2022-08-30T13:01:28+00:00","twitter_card":"summary_large_image","twitter_misc":{"Gesch\u00e4tzte Lesezeit":"6\u00a0Minuten"},"schema":{"@context":"https:\/\/schema.org","@graph":[{"@type":"WebPage","@id":"https:\/\/termemarconi.it\/schwimmbaeder\/?lang=de","url":"https:\/\/termemarconi.it\/schwimmbaeder\/?lang=de","name":"Schwimmb\u00e4der - Hotel Terme Marconi - Hotel 3* a Montegrotto Terme","isPartOf":{"@id":"https:\/\/termemarconi.it\/#website"},"datePublished":"2022-07-26T07:58:36+00:00","dateModified":"2022-08-30T13:01:28+00:00","description":"L'Hotel dispone di 4 piscine termali, 3 esterne di cui una olimpionica ed una interna. Le piscine provviste di idromassaggi e cascate.","breadcrumb":{"@id":"https:\/\/termemarconi.it\/schwimmbaeder\/?lang=de#breadcrumb"},"inLanguage":"de","potentialAction":[{"@type":"ReadAction","target":["https:\/\/termemarconi.it\/schwimmbaeder\/?lang=de"]}]},{"@type":"BreadcrumbList","@id":"https:\/\/termemarconi.it\/schwimmbaeder\/?lang=de#breadcrumb","itemListElement":[{"@type":"ListItem","position":1,"name":"Home","item":"https:\/\/termemarconi.it\/de\/"},{"@type":"ListItem","position":2,"name":"Schwimmb\u00e4der"}]},{"@type":"WebSite","@id":"https:\/\/termemarconi.it\/#website","url":"https:\/\/termemarconi.it\/","name":"Hotel Terme Marconi - Hotel 3* a Montegrotto Terme","description":"Hotel Termale Spa e Piscine a Montegrotto Terme","publisher":{"@id":"https:\/\/termemarconi.it\/#organization"},"potentialAction":[{"@type":"SearchAction","target":{"@type":"EntryPoint","urlTemplate":"https:\/\/termemarconi.it\/?s={search_term_string}"},"query-input":"required name=search_term_string"}],"inLanguage":"de"},{"@type":"Organization","@id":"https:\/\/termemarconi.it\/#organization","name":"Hotel Terme Marconi - Hotel 3* a Montegrotto Terme","url":"https:\/\/termemarconi.it\/","logo":{"@type":"ImageObject","inLanguage":"de","@id":"https:\/\/termemarconi.it\/#\/schema\/logo\/image\/","url":"http:\/\/termemarconi.it\/web\/wp-content\/uploads\/2022\/06\/marconi-logo.png","contentUrl":"http:\/\/termemarconi.it\/web\/wp-content\/uploads\/2022\/06\/marconi-logo.png","width":275,"height":76,"caption":"Hotel Terme Marconi - Hotel 3* a Montegrotto Terme"},"image":{"@id":"https:\/\/termemarconi.it\/#\/schema\/logo\/image\/"},"sameAs":["https:\/\/www.facebook.com\/termemarconi","https:\/\/www.instagram.com\/hotel_terme_marconi\/"]}]}},"_links":{"self":[{"href":"https:\/\/termemarconi.it\/de\/wp-json\/wp\/v2\/pages\/3558","targetHints":{"allow":["GET"]}}],"collection":[{"href":"https:\/\/termemarconi.it\/de\/wp-json\/wp\/v2\/pages"}],"about":[{"href":"https:\/\/termemarconi.it\/de\/wp-json\/wp\/v2\/types\/page"}],"author":[{"embeddable":true,"href":"https:\/\/termemarconi.it\/de\/wp-json\/wp\/v2\/users\/2"}],"replies":[{"embeddable":true,"href":"https:\/\/termemarconi.it\/de\/wp-json\/wp\/v2\/comments?post=3558"}],"version-history":[{"count":8,"href":"https:\/\/termemarconi.it\/de\/wp-json\/wp\/v2\/pages\/3558\/revisions"}],"predecessor-version":[{"id":3568,"href":"https:\/\/termemarconi.it\/de\/wp-json\/wp\/v2\/pages\/3558\/revisions\/3568"}],"wp:attachment":[{"href":"https:\/\/termemarconi.it\/de\/wp-json\/wp\/v2\/media?parent=3558"}],"curies":[{"name":"wp","href":"https:\/\/api.w.org\/{rel}","templated":true}]}}