{"id":3541,"date":"2022-07-26T14:20:09","date_gmt":"2022-07-26T12:20:09","guid":{"rendered":"https:\/\/termemarconi.it\/palestra\/"},"modified":"2022-08-30T10:34:17","modified_gmt":"2022-08-30T08:34:17","slug":"fitnessraum","status":"publish","type":"page","link":"https:\/\/termemarconi.it\/de\/fitnessraum\/","title":{"rendered":"Fitnessraum"},"content":{"rendered":"<p>[vc_row full_width=&#8220;stretch_row&#8220; parallax=&#8220;content-moving&#8220; parallax_image=&#8220;2843&#8243; css=&#8220;.vc_custom_1658839772410{margin-top: 0px !important;margin-bottom: 0px !important;border-top-width: 0px !important;border-bottom-width: 0px !important;padding-top: 0px !important;padding-bottom: 0px !important;}&#8220; el_class=&#8220;nd_options_vc_parallax_filter_2_5&#8243;][vc_column width=&#8220;1\/6&#8243;][\/vc_column][vc_column width=&#8220;2\/3&#8243; el_class=&#8220;nd_options_text_align_center&#8220;][vc_empty_space height=&#8220;200&#8243;] <h1 style=\"color:#ffffff;padding:px;text-align:center;font-size:95px;line-height:95px;letter-spacing: 2px;font-weight:lighter\" class=\"   nd_options_third_font \">Fitnessraum<\/h1> <div style=\"background-color:;height: 30px\" class=\"nicdark_section  \"><\/div> <p style=\"color:#ffffff;padding:px;text-align:center;font-size:22px;line-height:33px;letter-spacing: 1px;font-weight:normal\" class=\"   nd_options_second_font \">Methode zur Verbesserung des Herz-Kreislaufapparats und des Atmungssystems durch Verwendung spezifischer Ger\u00e4te und konstante \u00dcberwachung der Herzfrequenz.<\/p> [vc_empty_space height=&#8220;200&#8243;]<div style=\"background-color:;height: 30px\" class=\"nicdark_section  \"><\/div>[\/vc_column][vc_column width=&#8220;1\/6&#8243;][\/vc_column][\/vc_row][vc_row css=&#8220;.vc_custom_1655978825926{margin-top: -110px !important;}&#8220;][vc_column width=&#8220;1\/2&#8243; css=&#8220;.vc_custom_1655978891941{margin-top: 10px !important;margin-bottom: 10px !important;}&#8220;][vc_single_image image=&#8220;2845&#8243; img_size=&#8220;large&#8220;]<div style=\"background-color:;height: 30px\" class=\"nicdark_section  \"><\/div> <h2 style=\"color:#eeeeee;padding:px;text-align:;font-size:70px;line-height:px;letter-spacing: px;font-weight:normal\" class=\"   nd_options_third_font \">Ausgestattete<\/h2>  <h2 style=\"color:;padding:px;text-align:;font-size:42px;line-height:40px;letter-spacing: 2px;font-weight:lighter\" class=\"  nd_options_font_size_40_important_all_iphone nd_options_first_font \">FITNESSRAUM<\/h2> <div style=\"background-color:;height: 30px\" class=\"nicdark_section  \"><\/div>[vc_column_text]Der gro\u00dfe, helle und voll ausgestattete <strong>Fitnessraum<\/strong> wird von Sportlern gesch\u00e4tzt, die auch bei einem Besuch der Thermen nicht auf ihr t\u00e4gliches <strong>Training<\/strong> verzichten m\u00f6chten, oder f\u00fcr diejenigen geeignet, die sich an ein paar Ger\u00e4ten versuchen m\u00f6chten.[\/vc_column_text]<div style=\"background-color:;height: 60px\" class=\"nicdark_section  \"><\/div>[\/vc_column][vc_column width=&#8220;1\/2&#8243; css=&#8220;.vc_custom_1655978884312{margin-top: 10px !important;margin-bottom: 10px !important;}&#8220;][vc_single_image image=&#8220;2846&#8243; img_size=&#8220;large&#8220;]<div style=\"background-color:;height: 30px\" class=\"nicdark_section  \"><\/div> <h2 style=\"color:#eeeeee;padding:px;text-align:;font-size:70px;line-height:px;letter-spacing: px;font-weight:normal\" class=\"   nd_options_third_font \">Trainer<\/h2>  <h2 style=\"color:;padding:px;text-align:;font-size:42px;line-height:40px;letter-spacing: 2px;font-weight:lighter\" class=\"  nd_options_font_size_40_important_all_iphone nd_options_first_font \">HALTUNGSGYMNASTIK<\/h2> <div style=\"background-color:;height: 30px\" class=\"nicdark_section  \"><\/div>[vc_column_text]Am Morgen kann ein <strong>Trainer<\/strong>, der auch auf Haltungsgymnastik spezialisiert ist, kleine Gruppen oder auf Wunsch private Einzelstunden mit gezielten <strong>Gymnastik\u00fcbungen<\/strong> begleiten, die auch ein hervorragendes<strong> Muskeltraining<\/strong> darstellen k\u00f6nnen, um den Tag besser in Angriff nehmen zu k\u00f6nnen.[\/vc_column_text]<div style=\"background-color:;height: 70px\" class=\"nicdark_section  \"><\/div>[\/vc_column][\/vc_row][vc_row full_width=&#8220;stretch_row&#8220; parallax=&#8220;content-moving&#8220; css=&#8220;.vc_custom_1658822604976{padding-top: 80px !important;padding-bottom: 70px !important;background-color: #113d34 !important;background-position: 0 0;background-repeat: no-repeat !important;}&#8220;][vc_column css=&#8220;.vc_custom_1548861971286{background-position: center !important;background-repeat: no-repeat !important;background-size: cover !important;}&#8220;][vc_row_inner][vc_column_inner width=&#8220;1\/3&#8243; css=&#8220;.vc_custom_1655974412412{background-color: #113d34 !important;background-position: center !important;background-repeat: no-repeat !important;background-size: cover !important;}&#8220;] <h2 style=\"color:#ffffff;padding:px;text-align:;font-size:70px;line-height:70px;letter-spacing: px;font-weight:normal\" class=\"   nd_options_third_font \">Finden Sie Zeit<\/h2> [vc_empty_space height=&#8220;15&#8243;][\/vc_column_inner][vc_column_inner width=&#8220;2\/3&#8243;][vc_empty_space height=&#8220;10&#8243;][vc_column_text]<\/p>\n<p style=\"color: #fff;\">Und so wird der Thermalaufenthalt zu einer wunderbaren Gelegenheit, das zu tun, wozu man zu Hause manchmal einfach nicht die Zeit findet.<\/p>\n<p>[\/vc_column_text][\/vc_column_inner][\/vc_row_inner][\/vc_column][\/vc_row][vc_row][vc_column][vc_empty_space height=&#8220;60&#8243;][\/vc_column][\/vc_row][vc_row][vc_column width=&#8220;1\/4&#8243;][vc_empty_space height=&#8220;30&#8243;] <h2 style=\"color:;padding:px;text-align:;font-size:42px;line-height:40px;letter-spacing: 2px;font-weight:lighter\" class=\"  nd_options_font_size_40_important_all_iphone nd_options_first_font \">R\u00dcCKEN-SCHULE<\/h2> [vc_empty_space height=&#8220;30&#8243;][vc_column_text]Eine auch langfristig wirksame Methode zur Behandlung von Wirbels\u00e4ulenschmerzen: Lumbalgie, Lumboischialgie, Dorsalgie und Zervikalalgie.<br \/>\nEin theoretisch-praktischer Kurs, der sich an alle richtet, die dazu tendieren, unter R\u00fcckenschmerzen zu leiden, sowie an alle, die diesen vorbeugen m\u00f6chten. Eine richtige Schule, um einen optimalen Umgang mit der eigenen Wirbels\u00e4ule zu lernen und sie durch spezifische \u00dcbungen zur Vorbeugung und motorischen Umerziehung bei der Aus\u00fcbung der verschiedenen Alltagst\u00e4tigkeiten zu sch\u00fctzen.[\/vc_column_text][vc_empty_space height=&#8220;27&#8243;][\/vc_column][vc_column width=&#8220;1\/4&#8243;][vc_empty_space height=&#8220;30&#8243;] <h2 style=\"color:;padding:px;text-align:;font-size:42px;line-height:40px;letter-spacing: 2px;font-weight:lighter\" class=\"  nd_options_font_size_40_important_all_iphone nd_options_first_font \">HALTUNGS-GYMNASTIK<\/h2> [vc_empty_space height=&#8220;30&#8243;][vc_column_text]Eine auch langfristig wirksame Methode, die durch spezifische \u00dcbungen die Ausrichtung des K\u00f6rpers im Raum, die K\u00f6rperhaltung und den Gebrauch, der von verschiedenen Haltungen gemacht wird, verbessert, zu einem besseren Kontrollverm\u00f6gen des K\u00f6rpers f\u00fchrt und die Elastizit\u00e4t der Muskeln sowie die T\u00e4tigkeit der Haltungsmuskeln verbessert.<br \/>\nDurch die Umschulung des Atmens und die sanften, langsamen Bewegungen, die mit Entspannungstechniken gekoppelt werden, werden zudem Muskelanspannungen gelockert.[\/vc_column_text][vc_empty_space height=&#8220;27&#8243;][\/vc_column][vc_column width=&#8220;1\/4&#8243;][vc_empty_space height=&#8220;30&#8243;] <h2 style=\"color:;padding:px;text-align:;font-size:42px;line-height:40px;letter-spacing: 2px;font-weight:lighter\" class=\"  nd_options_font_size_40_important_all_iphone nd_options_first_font \">STRETCHING<\/h2> [vc_empty_space height=&#8220;30&#8243;][vc_column_text]L\u00f6st Spannungen sowie Muskel- und Energieblockaden durch Dehnungs\u00fcbungen, die die Verbesserung der allgemeinen Flexibilit\u00e4t zum Ziel haben, d.h. der F\u00e4higkeit, im Alltag flie\u00dfende, koordinierte Bewegungen und Gesten auszuf\u00fchren, die kraftsparender und schonender sind. Gute Ergebnisse lassen sich auch durch Ausf\u00fchrung dieser \u00dcbungen im Thermalwasser erzielen.[\/vc_column_text][vc_empty_space height=&#8220;27&#8243;][\/vc_column][vc_column width=&#8220;1\/4&#8243;][vc_empty_space height=&#8220;30&#8243;] <h2 style=\"color:;padding:px;text-align:;font-size:42px;line-height:40px;letter-spacing: 2px;font-weight:lighter\" class=\"  nd_options_font_size_40_important_all_iphone nd_options_first_font \">PHYSIOTHERAPIE<\/h2> [vc_empty_space height=&#8220;30&#8243;][vc_column_text]Im Rahmen der physikalischen und rehabilitativen Medizin verf\u00fcgt das Hotel auch \u00fcber einen der Physiotherapie gewidmeten Bereich, in dem eine Reihe von Beschwerden, die motorische St\u00f6rungen mit sich bringen bzw. eine Reihe von invalidisierenden Krankheiten behandelt werden.<\/p>\n<p>Die Reha-Behandlungen werden oft auch mithilfe von verschiedenen Ger\u00e4ten durchgef\u00fchrt und wirken Beschwerden wie etwa Muskelstarre, Hypotrophie und Hypotonie der Muskeln, Schmerzen und Verspannungen, trophischen St\u00f6rungen, Kreislaufproblemen und neurologischen Defizits entgegen.<\/p>\n<p>Zugleich wirken sie auch positiv auf die Muskeln des Rumpfes und verbessern dadurch die Atmung.<br \/>\n[\/vc_column_text][vc_empty_space height=&#8220;27&#8243;][\/vc_column][\/vc_row][vc_row][vc_column][vc_empty_space height=&#8220;60&#8243;][\/vc_column][\/vc_row]<\/p>\n","protected":false},"excerpt":{"rendered":"<p>[vc_row full_width=&#8220;stretch_row&#8220; parallax=&#8220;content-moving&#8220; parallax_image=&#8220;2843&#8243; css=&#8220;.vc_custom_1658839772410{margin-top: 0px !important;margin-bottom: 0px !important;border-top-width: 0px !important;border-bottom-width: 0px !important;padding-top: 0px !important;padding-bottom: 0px !important;}&#8220; el_class=&#8220;nd_options_vc_parallax_filter_2_5&#8243;][vc_column width=&#8220;1\/6&#8243;][\/vc_column][vc_column width=&#8220;2\/3&#8243; el_class=&#8220;nd_options_text_align_center&#8220;][vc_empty_space height=&#8220;200&#8243;][vc_empty_space height=&#8220;200&#8243;][\/vc_column][vc_column width=&#8220;1\/6&#8243;][\/vc_column][\/vc_row][vc_row css=&#8220;.vc_custom_1655978825926{margin-top: -110px !important;}&#8220;][vc_column width=&#8220;1\/2&#8243; css=&#8220;.vc_custom_1655978891941{margin-top: 10px !important;margin-bottom: 10px !important;}&#8220;][vc_single_image image=&#8220;2845&#8243; img_size=&#8220;large&#8220;][vc_column_text]Der gro\u00dfe, helle und voll ausgestattete Fitnessraum wird von Sportlern gesch\u00e4tzt, die auch bei einem Besuch der Thermen nicht auf ihr [&hellip;]<\/p>\n","protected":false},"author":2,"featured_media":0,"parent":0,"menu_order":0,"comment_status":"closed","ping_status":"closed","template":"","meta":{"footnotes":""},"class_list":["post-3541","page","type-page","status-publish","hentry"],"yoast_head":"<!-- This site is optimized with the Yoast SEO plugin v23.2 - https:\/\/yoast.com\/wordpress\/plugins\/seo\/ -->\n<title>Fitnessraum - Hotel Terme Marconi - Hotel 3* a Montegrotto Terme<\/title>\n<meta name=\"description\" content=\"La palestra, spaziosa luminosa e attrezzata, \u00e8 un angolo per gli sportivi che non vogliono rinunciare al loro allenamento quotidiano.\" \/>\n<meta name=\"robots\" content=\"index, follow, max-snippet:-1, max-image-preview:large, max-video-preview:-1\" \/>\n<link rel=\"canonical\" href=\"https:\/\/termemarconi.it\/de\/fitnessraum\/?lang=de\" \/>\n<meta property=\"og:locale\" content=\"de_DE\" \/>\n<meta property=\"og:type\" content=\"article\" \/>\n<meta property=\"og:title\" content=\"Fitnessraum - Hotel Terme Marconi - Hotel 3* a Montegrotto Terme\" \/>\n<meta property=\"og:description\" content=\"La palestra, spaziosa luminosa e attrezzata, \u00e8 un angolo per gli sportivi che non vogliono rinunciare al loro allenamento quotidiano.\" \/>\n<meta property=\"og:url\" content=\"https:\/\/termemarconi.it\/fitnessraum\/?lang=de\" \/>\n<meta property=\"og:site_name\" content=\"Hotel Terme Marconi - Hotel 3* a Montegrotto Terme\" \/>\n<meta property=\"article:publisher\" content=\"https:\/\/www.facebook.com\/termemarconi\" \/>\n<meta property=\"article:modified_time\" content=\"2022-08-30T08:34:17+00:00\" \/>\n<meta name=\"twitter:card\" content=\"summary_large_image\" \/>\n<meta name=\"twitter:label1\" content=\"Gesch\u00e4tzte Lesezeit\" \/>\n\t<meta name=\"twitter:data1\" content=\"3\u00a0Minuten\" \/>\n<script type=\"application\/ld+json\" class=\"yoast-schema-graph\">{\"@context\":\"https:\/\/schema.org\",\"@graph\":[{\"@type\":\"WebPage\",\"@id\":\"https:\/\/termemarconi.it\/fitnessraum\/?lang=de\",\"url\":\"https:\/\/termemarconi.it\/fitnessraum\/?lang=de\",\"name\":\"Fitnessraum - Hotel Terme Marconi - Hotel 3* a Montegrotto Terme\",\"isPartOf\":{\"@id\":\"https:\/\/termemarconi.it\/#website\"},\"datePublished\":\"2022-07-26T12:20:09+00:00\",\"dateModified\":\"2022-08-30T08:34:17+00:00\",\"description\":\"La palestra, spaziosa luminosa e attrezzata, \u00e8 un angolo per gli sportivi che non vogliono rinunciare al loro allenamento quotidiano.\",\"breadcrumb\":{\"@id\":\"https:\/\/termemarconi.it\/fitnessraum\/?lang=de#breadcrumb\"},\"inLanguage\":\"de\",\"potentialAction\":[{\"@type\":\"ReadAction\",\"target\":[\"https:\/\/termemarconi.it\/fitnessraum\/?lang=de\"]}]},{\"@type\":\"BreadcrumbList\",\"@id\":\"https:\/\/termemarconi.it\/fitnessraum\/?lang=de#breadcrumb\",\"itemListElement\":[{\"@type\":\"ListItem\",\"position\":1,\"name\":\"Home\",\"item\":\"https:\/\/termemarconi.it\/de\/\"},{\"@type\":\"ListItem\",\"position\":2,\"name\":\"Fitnessraum\"}]},{\"@type\":\"WebSite\",\"@id\":\"https:\/\/termemarconi.it\/#website\",\"url\":\"https:\/\/termemarconi.it\/\",\"name\":\"Hotel Terme Marconi - Hotel 3* a Montegrotto Terme\",\"description\":\"Hotel Termale Spa e Piscine a Montegrotto Terme\",\"publisher\":{\"@id\":\"https:\/\/termemarconi.it\/#organization\"},\"potentialAction\":[{\"@type\":\"SearchAction\",\"target\":{\"@type\":\"EntryPoint\",\"urlTemplate\":\"https:\/\/termemarconi.it\/?s={search_term_string}\"},\"query-input\":\"required name=search_term_string\"}],\"inLanguage\":\"de\"},{\"@type\":\"Organization\",\"@id\":\"https:\/\/termemarconi.it\/#organization\",\"name\":\"Hotel Terme Marconi - Hotel 3* a Montegrotto Terme\",\"url\":\"https:\/\/termemarconi.it\/\",\"logo\":{\"@type\":\"ImageObject\",\"inLanguage\":\"de\",\"@id\":\"https:\/\/termemarconi.it\/#\/schema\/logo\/image\/\",\"url\":\"http:\/\/termemarconi.it\/web\/wp-content\/uploads\/2022\/06\/marconi-logo.png\",\"contentUrl\":\"http:\/\/termemarconi.it\/web\/wp-content\/uploads\/2022\/06\/marconi-logo.png\",\"width\":275,\"height\":76,\"caption\":\"Hotel Terme Marconi - Hotel 3* a Montegrotto Terme\"},\"image\":{\"@id\":\"https:\/\/termemarconi.it\/#\/schema\/logo\/image\/\"},\"sameAs\":[\"https:\/\/www.facebook.com\/termemarconi\",\"https:\/\/www.instagram.com\/hotel_terme_marconi\/\"]}]}<\/script>\n<!-- \/ Yoast SEO plugin. -->","yoast_head_json":{"title":"Fitnessraum - Hotel Terme Marconi - Hotel 3* a Montegrotto Terme","description":"La palestra, spaziosa luminosa e attrezzata, \u00e8 un angolo per gli sportivi che non vogliono rinunciare al loro allenamento quotidiano.","robots":{"index":"index","follow":"follow","max-snippet":"max-snippet:-1","max-image-preview":"max-image-preview:large","max-video-preview":"max-video-preview:-1"},"canonical":"https:\/\/termemarconi.it\/de\/fitnessraum\/?lang=de","og_locale":"de_DE","og_type":"article","og_title":"Fitnessraum - Hotel Terme Marconi - Hotel 3* a Montegrotto Terme","og_description":"La palestra, spaziosa luminosa e attrezzata, \u00e8 un angolo per gli sportivi che non vogliono rinunciare al loro allenamento quotidiano.","og_url":"https:\/\/termemarconi.it\/fitnessraum\/?lang=de","og_site_name":"Hotel Terme Marconi - Hotel 3* a Montegrotto Terme","article_publisher":"https:\/\/www.facebook.com\/termemarconi","article_modified_time":"2022-08-30T08:34:17+00:00","twitter_card":"summary_large_image","twitter_misc":{"Gesch\u00e4tzte Lesezeit":"3\u00a0Minuten"},"schema":{"@context":"https:\/\/schema.org","@graph":[{"@type":"WebPage","@id":"https:\/\/termemarconi.it\/fitnessraum\/?lang=de","url":"https:\/\/termemarconi.it\/fitnessraum\/?lang=de","name":"Fitnessraum - Hotel Terme Marconi - Hotel 3* a Montegrotto Terme","isPartOf":{"@id":"https:\/\/termemarconi.it\/#website"},"datePublished":"2022-07-26T12:20:09+00:00","dateModified":"2022-08-30T08:34:17+00:00","description":"La palestra, spaziosa luminosa e attrezzata, \u00e8 un angolo per gli sportivi che non vogliono rinunciare al loro allenamento quotidiano.","breadcrumb":{"@id":"https:\/\/termemarconi.it\/fitnessraum\/?lang=de#breadcrumb"},"inLanguage":"de","potentialAction":[{"@type":"ReadAction","target":["https:\/\/termemarconi.it\/fitnessraum\/?lang=de"]}]},{"@type":"BreadcrumbList","@id":"https:\/\/termemarconi.it\/fitnessraum\/?lang=de#breadcrumb","itemListElement":[{"@type":"ListItem","position":1,"name":"Home","item":"https:\/\/termemarconi.it\/de\/"},{"@type":"ListItem","position":2,"name":"Fitnessraum"}]},{"@type":"WebSite","@id":"https:\/\/termemarconi.it\/#website","url":"https:\/\/termemarconi.it\/","name":"Hotel Terme Marconi - Hotel 3* a Montegrotto Terme","description":"Hotel Termale Spa e Piscine a Montegrotto Terme","publisher":{"@id":"https:\/\/termemarconi.it\/#organization"},"potentialAction":[{"@type":"SearchAction","target":{"@type":"EntryPoint","urlTemplate":"https:\/\/termemarconi.it\/?s={search_term_string}"},"query-input":"required name=search_term_string"}],"inLanguage":"de"},{"@type":"Organization","@id":"https:\/\/termemarconi.it\/#organization","name":"Hotel Terme Marconi - Hotel 3* a Montegrotto Terme","url":"https:\/\/termemarconi.it\/","logo":{"@type":"ImageObject","inLanguage":"de","@id":"https:\/\/termemarconi.it\/#\/schema\/logo\/image\/","url":"http:\/\/termemarconi.it\/web\/wp-content\/uploads\/2022\/06\/marconi-logo.png","contentUrl":"http:\/\/termemarconi.it\/web\/wp-content\/uploads\/2022\/06\/marconi-logo.png","width":275,"height":76,"caption":"Hotel Terme Marconi - Hotel 3* a Montegrotto Terme"},"image":{"@id":"https:\/\/termemarconi.it\/#\/schema\/logo\/image\/"},"sameAs":["https:\/\/www.facebook.com\/termemarconi","https:\/\/www.instagram.com\/hotel_terme_marconi\/"]}]}},"_links":{"self":[{"href":"https:\/\/termemarconi.it\/de\/wp-json\/wp\/v2\/pages\/3541","targetHints":{"allow":["GET"]}}],"collection":[{"href":"https:\/\/termemarconi.it\/de\/wp-json\/wp\/v2\/pages"}],"about":[{"href":"https:\/\/termemarconi.it\/de\/wp-json\/wp\/v2\/types\/page"}],"author":[{"embeddable":true,"href":"https:\/\/termemarconi.it\/de\/wp-json\/wp\/v2\/users\/2"}],"replies":[{"embeddable":true,"href":"https:\/\/termemarconi.it\/de\/wp-json\/wp\/v2\/comments?post=3541"}],"version-history":[{"count":7,"href":"https:\/\/termemarconi.it\/de\/wp-json\/wp\/v2\/pages\/3541\/revisions"}],"predecessor-version":[{"id":3546,"href":"https:\/\/termemarconi.it\/de\/wp-json\/wp\/v2\/pages\/3541\/revisions\/3546"}],"wp:attachment":[{"href":"https:\/\/termemarconi.it\/de\/wp-json\/wp\/v2\/media?parent=3541"}],"curies":[{"name":"wp","href":"https:\/\/api.w.org\/{rel}","templated":true}]}}