{"id":3536,"date":"2022-07-21T14:17:37","date_gmt":"2022-07-21T12:17:37","guid":{"rendered":"https:\/\/termemarconi.it\/nordic-walking\/"},"modified":"2022-08-29T18:49:51","modified_gmt":"2022-08-29T16:49:51","slug":"nordic-walking","status":"publish","type":"page","link":"https:\/\/termemarconi.it\/de\/nordic-walking\/","title":{"rendered":"Nordic Walking"},"content":{"rendered":"<p>[vc_row full_width=&#8220;stretch_row&#8220; parallax=&#8220;content-moving&#8220; parallax_image=&#8220;2580&#8243; css=&#8220;.vc_custom_1658406630575{margin-top: 0px !important;margin-bottom: 0px !important;border-top-width: 0px !important;border-bottom-width: 0px !important;padding-top: 0px !important;padding-bottom: 0px !important;}&#8220; el_class=&#8220;nd_options_vc_parallax_filter_2_5&#8243;][vc_column width=&#8220;1\/6&#8243;][\/vc_column][vc_column width=&#8220;2\/3&#8243; el_class=&#8220;nd_options_text_align_center&#8220;][vc_empty_space height=&#8220;200&#8243;] <h1 style=\"color:#ffffff;padding:px;text-align:center;font-size:95px;line-height:95px;letter-spacing: 2px;font-weight:lighter\" class=\"   nd_options_third_font \">Nordic Walking<\/h1> <div style=\"background-color:;height: 30px\" class=\"nicdark_section  \"><\/div> <p style=\"color:#ffffff;padding:px;text-align:center;font-size:22px;line-height:33px;letter-spacing: 1px;font-weight:normal\" class=\"   nd_options_second_font \">Eine wunderbare, Wohlbefinden verbreitende Sportart im Freien, die vor vielen Jahren von finnischen Langl\u00e4ufern entwickelt wurde, welche diese Methode zum Sommertraining benutzten.<\/p> [vc_empty_space height=&#8220;200&#8243;]<div style=\"background-color:;height: 30px\" class=\"nicdark_section  \"><\/div>[\/vc_column][vc_column width=&#8220;1\/6&#8243;][\/vc_column][\/vc_row][vc_row css=&#8220;.vc_custom_1655978825926{margin-top: -110px !important;}&#8220;][vc_column width=&#8220;1\/2&#8243; css=&#8220;.vc_custom_1655978891941{margin-top: 10px !important;margin-bottom: 10px !important;}&#8220;][vc_single_image image=&#8220;2574&#8243; img_size=&#8220;large&#8220;]<div style=\"background-color:;height: 30px\" class=\"nicdark_section  \"><\/div> <h2 style=\"color:#eeeeee;padding:px;text-align:;font-size:70px;line-height:px;letter-spacing: px;font-weight:normal\" class=\"   nd_options_third_font \">Sport im Freien<\/h2>  <h2 style=\"color:;padding:px;text-align:;font-size:42px;line-height:40px;letter-spacing: 2px;font-weight:lighter\" class=\"  nd_options_font_size_40_important_all_iphone nd_options_first_font \">NORDIC WALKING<\/h2> <div style=\"background-color:;height: 30px\" class=\"nicdark_section  \"><\/div>[vc_column_text]Eine sanfte k\u00f6rperliche Bet\u00e4tigung, die die Muskulatur kr\u00e4ftigt, f\u00fcr eine korrekte K\u00f6rperhaltung sorgt, die Gelenke schont und daher wirklich von jedem und in jedem Alter ausge\u00fcbt werden kann.[\/vc_column_text]<div style=\"background-color:;height: 60px\" class=\"nicdark_section  \"><\/div>[\/vc_column][vc_column width=&#8220;1\/2&#8243; css=&#8220;.vc_custom_1655978884312{margin-top: 10px !important;margin-bottom: 10px !important;}&#8220;][vc_single_image image=&#8220;2571&#8243; img_size=&#8220;large&#8220;]<div style=\"background-color:;height: 30px\" class=\"nicdark_section  \"><\/div> <h2 style=\"color:#eeeeee;padding:px;text-align:;font-size:70px;line-height:px;letter-spacing: px;font-weight:normal\" class=\"   nd_options_third_font \">Nordic Walking<\/h2>  <h2 style=\"color:;padding:px;text-align:;font-size:42px;line-height:40px;letter-spacing: 2px;font-weight:lighter\" class=\"  nd_options_font_size_40_important_all_iphone nd_options_first_font \">WOHLTUENDE WIRKUNGEN<\/h2> <div style=\"background-color:;height: 30px\" class=\"nicdark_section  \"><\/div>[vc_column_text]Nordic Walking ist 40% wirksamer als das gehen ohne St\u00f6cke. Es erh\u00f6ht den Energieverbrauch, reduziert die Belastung des Bewegungsapparats, verbessert die Sauerstoffversorgung des ganzen K\u00f6rpers, erh\u00e4lt rundum fit \u2013 Ausdauer, Kraft, Beweglichkeit und Koordination-, l\u00f6st Anspannungen im Nacken- und Schulterbereich, verlangsamt den Alterungsprozess, macht die vom Herzen geleistete Arbeit effizienter, st\u00e4rkt das Immunsystem und wirkt Stress entgegen.<br \/>\n[\/vc_column_text]<div style=\"background-color:;height: 70px\" class=\"nicdark_section  \"><\/div>[\/vc_column][\/vc_row][vc_row full_width=&#8220;stretch_row&#8220; parallax=&#8220;content-moving&#8220; css=&#8220;.vc_custom_1657805097557{padding-top: 80px !important;padding-bottom: 80px !important;background-color: #113d34 !important;background-position: 0 0;background-repeat: no-repeat !important;}&#8220;][vc_column css=&#8220;.vc_custom_1548861971286{background-position: center !important;background-repeat: no-repeat !important;background-size: cover !important;}&#8220;][vc_row_inner][vc_column_inner width=&#8220;1\/3&#8243; css=&#8220;.vc_custom_1655974412412{background-color: #113d34 !important;background-position: center !important;background-repeat: no-repeat !important;background-size: cover !important;}&#8220;][vc_empty_space height=&#8220;20&#8243;] <h2 style=\"color:#ffffff;padding:px;text-align:;font-size:70px;line-height:px;letter-spacing: px;font-weight:normal\" class=\"   nd_options_third_font \">Soft Sport<\/h2> [vc_empty_space height=&#8220;27&#8243;][\/vc_column_inner][vc_column_inner width=&#8220;2\/3&#8243;][vc_column_text]<\/p>\n<p style=\"color: #ffffff; text-align: left; padding: 0px 20px 0px 0px;\">\u2026Aus diesen Gr\u00fcnden ist es ausgezeichnet f\u00fcr Menschen geeignet, die gerade von einer Krankheit oder einer Operation genesen und sich durch diesen Sport schneller erholen k\u00f6nnen.<br \/>\nDie Rad- und Wanderwege werden auch intensiv von Nordic Walking-Begeisterten genutzt. Das Hotel stellt den G\u00e4sten neben einem ausgebildeten Lehrer, der Unterricht erteilen oder Gruppen begleiten kann, um diese Disziplin auch im Hotelpark des Marconi auszu\u00fcben, die <strong>St\u00f6cke<\/strong> zur<strong> Verf\u00fcgung<\/strong>.<\/p>\n<p>[\/vc_column_text][\/vc_column_inner][\/vc_row_inner][\/vc_column][\/vc_row][vc_row full_width=&#8220;stretch_row_content&#8220; parallax=&#8220;content-moving&#8220; css=&#8220;.vc_custom_1658406813579{margin-top: 0px !important;border-top-width: 0px !important;padding-top: 0px !important;}&#8220;][vc_column css=&#8220;.vc_custom_1548861971286{background-position: center !important;background-repeat: no-repeat !important;background-size: cover !important;}&#8220;][vc_row_inner][vc_column_inner][vc_empty_space height=&#8220;15&#8243;][vc_masonry_media_grid element_width=&#8220;3&#8243; gap=&#8220;15&#8243; item=&#8220;mediaGrid_Default&#8220; grid_id=&#8220;vc_gid:1661791751777-a59d04d4-0462-8&#8243; include=&#8220;2574,2578,2571,2174&#8243;][vc_empty_space height=&#8220;15&#8243;][\/vc_column_inner][\/vc_row_inner][\/vc_column][\/vc_row]<\/p>\n","protected":false},"excerpt":{"rendered":"<p>[vc_row full_width=&#8220;stretch_row&#8220; parallax=&#8220;content-moving&#8220; parallax_image=&#8220;2580&#8243; css=&#8220;.vc_custom_1658406630575{margin-top: 0px !important;margin-bottom: 0px !important;border-top-width: 0px !important;border-bottom-width: 0px !important;padding-top: 0px !important;padding-bottom: 0px !important;}&#8220; el_class=&#8220;nd_options_vc_parallax_filter_2_5&#8243;][vc_column width=&#8220;1\/6&#8243;][\/vc_column][vc_column width=&#8220;2\/3&#8243; el_class=&#8220;nd_options_text_align_center&#8220;][vc_empty_space height=&#8220;200&#8243;][vc_empty_space height=&#8220;200&#8243;][\/vc_column][vc_column width=&#8220;1\/6&#8243;][\/vc_column][\/vc_row][vc_row css=&#8220;.vc_custom_1655978825926{margin-top: -110px !important;}&#8220;][vc_column width=&#8220;1\/2&#8243; css=&#8220;.vc_custom_1655978891941{margin-top: 10px !important;margin-bottom: 10px !important;}&#8220;][vc_single_image image=&#8220;2574&#8243; img_size=&#8220;large&#8220;][vc_column_text]Eine sanfte k\u00f6rperliche Bet\u00e4tigung, die die Muskulatur kr\u00e4ftigt, f\u00fcr eine korrekte K\u00f6rperhaltung sorgt, die Gelenke schont und daher wirklich von jedem [&hellip;]<\/p>\n","protected":false},"author":2,"featured_media":0,"parent":0,"menu_order":0,"comment_status":"closed","ping_status":"closed","template":"","meta":{"footnotes":""},"class_list":["post-3536","page","type-page","status-publish","hentry"],"yoast_head":"<!-- This site is optimized with the Yoast SEO plugin v23.2 - https:\/\/yoast.com\/wordpress\/plugins\/seo\/ -->\n<title>Nordic Walking - Hotel Terme Marconi - Hotel 3* a Montegrotto Terme<\/title>\n<meta name=\"description\" content=\"L\u2019Hotel mette a disposizione degli ospiti i bastoncini, e un\u2019insegnante diplomata che pu\u00f2 dare lezioni per praticare anche nel grande parco.\" \/>\n<meta name=\"robots\" content=\"index, follow, max-snippet:-1, max-image-preview:large, max-video-preview:-1\" \/>\n<link rel=\"canonical\" href=\"https:\/\/termemarconi.it\/de\/nordic-walking\/?lang=de\" \/>\n<meta property=\"og:locale\" content=\"de_DE\" \/>\n<meta property=\"og:type\" content=\"article\" \/>\n<meta property=\"og:title\" content=\"Nordic Walking - Hotel Terme Marconi - Hotel 3* a Montegrotto Terme\" \/>\n<meta property=\"og:description\" content=\"L\u2019Hotel mette a disposizione degli ospiti i bastoncini, e un\u2019insegnante diplomata che pu\u00f2 dare lezioni per praticare anche nel grande parco.\" \/>\n<meta property=\"og:url\" content=\"https:\/\/termemarconi.it\/nordic-walking\/?lang=de\" \/>\n<meta property=\"og:site_name\" content=\"Hotel Terme Marconi - Hotel 3* a Montegrotto Terme\" \/>\n<meta property=\"article:publisher\" content=\"https:\/\/www.facebook.com\/termemarconi\" \/>\n<meta property=\"article:modified_time\" content=\"2022-08-29T16:49:51+00:00\" \/>\n<meta name=\"twitter:card\" content=\"summary_large_image\" \/>\n<meta name=\"twitter:label1\" content=\"Gesch\u00e4tzte Lesezeit\" \/>\n\t<meta name=\"twitter:data1\" content=\"2\u00a0Minuten\" \/>\n<script type=\"application\/ld+json\" class=\"yoast-schema-graph\">{\"@context\":\"https:\/\/schema.org\",\"@graph\":[{\"@type\":\"WebPage\",\"@id\":\"https:\/\/termemarconi.it\/nordic-walking\/?lang=de\",\"url\":\"https:\/\/termemarconi.it\/nordic-walking\/?lang=de\",\"name\":\"Nordic Walking - Hotel Terme Marconi - Hotel 3* a Montegrotto Terme\",\"isPartOf\":{\"@id\":\"https:\/\/termemarconi.it\/#website\"},\"datePublished\":\"2022-07-21T12:17:37+00:00\",\"dateModified\":\"2022-08-29T16:49:51+00:00\",\"description\":\"L\u2019Hotel mette a disposizione degli ospiti i bastoncini, e un\u2019insegnante diplomata che pu\u00f2 dare lezioni per praticare anche nel grande parco.\",\"breadcrumb\":{\"@id\":\"https:\/\/termemarconi.it\/nordic-walking\/?lang=de#breadcrumb\"},\"inLanguage\":\"de\",\"potentialAction\":[{\"@type\":\"ReadAction\",\"target\":[\"https:\/\/termemarconi.it\/nordic-walking\/?lang=de\"]}]},{\"@type\":\"BreadcrumbList\",\"@id\":\"https:\/\/termemarconi.it\/nordic-walking\/?lang=de#breadcrumb\",\"itemListElement\":[{\"@type\":\"ListItem\",\"position\":1,\"name\":\"Home\",\"item\":\"https:\/\/termemarconi.it\/de\/\"},{\"@type\":\"ListItem\",\"position\":2,\"name\":\"Nordic Walking\"}]},{\"@type\":\"WebSite\",\"@id\":\"https:\/\/termemarconi.it\/#website\",\"url\":\"https:\/\/termemarconi.it\/\",\"name\":\"Hotel Terme Marconi - Hotel 3* a Montegrotto Terme\",\"description\":\"Hotel Termale Spa e Piscine a Montegrotto Terme\",\"publisher\":{\"@id\":\"https:\/\/termemarconi.it\/#organization\"},\"potentialAction\":[{\"@type\":\"SearchAction\",\"target\":{\"@type\":\"EntryPoint\",\"urlTemplate\":\"https:\/\/termemarconi.it\/?s={search_term_string}\"},\"query-input\":\"required name=search_term_string\"}],\"inLanguage\":\"de\"},{\"@type\":\"Organization\",\"@id\":\"https:\/\/termemarconi.it\/#organization\",\"name\":\"Hotel Terme Marconi - Hotel 3* a Montegrotto Terme\",\"url\":\"https:\/\/termemarconi.it\/\",\"logo\":{\"@type\":\"ImageObject\",\"inLanguage\":\"de\",\"@id\":\"https:\/\/termemarconi.it\/#\/schema\/logo\/image\/\",\"url\":\"http:\/\/termemarconi.it\/web\/wp-content\/uploads\/2022\/06\/marconi-logo.png\",\"contentUrl\":\"http:\/\/termemarconi.it\/web\/wp-content\/uploads\/2022\/06\/marconi-logo.png\",\"width\":275,\"height\":76,\"caption\":\"Hotel Terme Marconi - Hotel 3* a Montegrotto Terme\"},\"image\":{\"@id\":\"https:\/\/termemarconi.it\/#\/schema\/logo\/image\/\"},\"sameAs\":[\"https:\/\/www.facebook.com\/termemarconi\",\"https:\/\/www.instagram.com\/hotel_terme_marconi\/\"]}]}<\/script>\n<!-- \/ Yoast SEO plugin. -->","yoast_head_json":{"title":"Nordic Walking - Hotel Terme Marconi - Hotel 3* a Montegrotto Terme","description":"L\u2019Hotel mette a disposizione degli ospiti i bastoncini, e un\u2019insegnante diplomata che pu\u00f2 dare lezioni per praticare anche nel grande parco.","robots":{"index":"index","follow":"follow","max-snippet":"max-snippet:-1","max-image-preview":"max-image-preview:large","max-video-preview":"max-video-preview:-1"},"canonical":"https:\/\/termemarconi.it\/de\/nordic-walking\/?lang=de","og_locale":"de_DE","og_type":"article","og_title":"Nordic Walking - Hotel Terme Marconi - Hotel 3* a Montegrotto Terme","og_description":"L\u2019Hotel mette a disposizione degli ospiti i bastoncini, e un\u2019insegnante diplomata che pu\u00f2 dare lezioni per praticare anche nel grande parco.","og_url":"https:\/\/termemarconi.it\/nordic-walking\/?lang=de","og_site_name":"Hotel Terme Marconi - Hotel 3* a Montegrotto Terme","article_publisher":"https:\/\/www.facebook.com\/termemarconi","article_modified_time":"2022-08-29T16:49:51+00:00","twitter_card":"summary_large_image","twitter_misc":{"Gesch\u00e4tzte Lesezeit":"2\u00a0Minuten"},"schema":{"@context":"https:\/\/schema.org","@graph":[{"@type":"WebPage","@id":"https:\/\/termemarconi.it\/nordic-walking\/?lang=de","url":"https:\/\/termemarconi.it\/nordic-walking\/?lang=de","name":"Nordic Walking - Hotel Terme Marconi - Hotel 3* a Montegrotto Terme","isPartOf":{"@id":"https:\/\/termemarconi.it\/#website"},"datePublished":"2022-07-21T12:17:37+00:00","dateModified":"2022-08-29T16:49:51+00:00","description":"L\u2019Hotel mette a disposizione degli ospiti i bastoncini, e un\u2019insegnante diplomata che pu\u00f2 dare lezioni per praticare anche nel grande parco.","breadcrumb":{"@id":"https:\/\/termemarconi.it\/nordic-walking\/?lang=de#breadcrumb"},"inLanguage":"de","potentialAction":[{"@type":"ReadAction","target":["https:\/\/termemarconi.it\/nordic-walking\/?lang=de"]}]},{"@type":"BreadcrumbList","@id":"https:\/\/termemarconi.it\/nordic-walking\/?lang=de#breadcrumb","itemListElement":[{"@type":"ListItem","position":1,"name":"Home","item":"https:\/\/termemarconi.it\/de\/"},{"@type":"ListItem","position":2,"name":"Nordic Walking"}]},{"@type":"WebSite","@id":"https:\/\/termemarconi.it\/#website","url":"https:\/\/termemarconi.it\/","name":"Hotel Terme Marconi - Hotel 3* a Montegrotto Terme","description":"Hotel Termale Spa e Piscine a Montegrotto Terme","publisher":{"@id":"https:\/\/termemarconi.it\/#organization"},"potentialAction":[{"@type":"SearchAction","target":{"@type":"EntryPoint","urlTemplate":"https:\/\/termemarconi.it\/?s={search_term_string}"},"query-input":"required name=search_term_string"}],"inLanguage":"de"},{"@type":"Organization","@id":"https:\/\/termemarconi.it\/#organization","name":"Hotel Terme Marconi - Hotel 3* a Montegrotto Terme","url":"https:\/\/termemarconi.it\/","logo":{"@type":"ImageObject","inLanguage":"de","@id":"https:\/\/termemarconi.it\/#\/schema\/logo\/image\/","url":"http:\/\/termemarconi.it\/web\/wp-content\/uploads\/2022\/06\/marconi-logo.png","contentUrl":"http:\/\/termemarconi.it\/web\/wp-content\/uploads\/2022\/06\/marconi-logo.png","width":275,"height":76,"caption":"Hotel Terme Marconi - Hotel 3* a Montegrotto Terme"},"image":{"@id":"https:\/\/termemarconi.it\/#\/schema\/logo\/image\/"},"sameAs":["https:\/\/www.facebook.com\/termemarconi","https:\/\/www.instagram.com\/hotel_terme_marconi\/"]}]}},"_links":{"self":[{"href":"https:\/\/termemarconi.it\/de\/wp-json\/wp\/v2\/pages\/3536","targetHints":{"allow":["GET"]}}],"collection":[{"href":"https:\/\/termemarconi.it\/de\/wp-json\/wp\/v2\/pages"}],"about":[{"href":"https:\/\/termemarconi.it\/de\/wp-json\/wp\/v2\/types\/page"}],"author":[{"embeddable":true,"href":"https:\/\/termemarconi.it\/de\/wp-json\/wp\/v2\/users\/2"}],"replies":[{"embeddable":true,"href":"https:\/\/termemarconi.it\/de\/wp-json\/wp\/v2\/comments?post=3536"}],"version-history":[{"count":3,"href":"https:\/\/termemarconi.it\/de\/wp-json\/wp\/v2\/pages\/3536\/revisions"}],"predecessor-version":[{"id":3538,"href":"https:\/\/termemarconi.it\/de\/wp-json\/wp\/v2\/pages\/3536\/revisions\/3538"}],"wp:attachment":[{"href":"https:\/\/termemarconi.it\/de\/wp-json\/wp\/v2\/media?parent=3536"}],"curies":[{"name":"wp","href":"https:\/\/api.w.org\/{rel}","templated":true}]}}