{"id":3509,"date":"2022-07-20T16:58:49","date_gmt":"2022-07-20T14:58:49","guid":{"rendered":"http:\/\/termemarconi.it\/web\/massaggi-e-wellness\/"},"modified":"2025-03-21T17:09:40","modified_gmt":"2025-03-21T16:09:40","slug":"massagen-und-wellness","status":"publish","type":"page","link":"https:\/\/termemarconi.it\/de\/massagen-und-wellness\/","title":{"rendered":"Massagen und Wellness"},"content":{"rendered":"<p>[vc_row full_width=&#8220;stretch_row&#8220; parallax=&#8220;content-moving&#8220; parallax_image=&#8220;2473&#8243; css=&#8220;.vc_custom_1658396948669{margin-top: 0px !important;margin-bottom: 0px !important;border-top-width: 0px !important;border-bottom-width: 0px !important;padding-top: 0px !important;padding-bottom: 0px !important;}&#8220; el_class=&#8220;nd_options_vc_parallax_filter_2_5&#8243;][vc_column width=&#8220;1\/6&#8243;][\/vc_column][vc_column width=&#8220;2\/3&#8243; el_class=&#8220;nd_options_text_align_center&#8220;][vc_empty_space height=&#8220;200&#8243;] <h1 style=\"color:#ffffff;padding:px;text-align:center;font-size:95px;line-height:95px;letter-spacing: 2px;font-weight:lighter\" class=\"   nd_options_third_font \">Massagen und Behandlungen<\/h1> <div style=\"background-color:;height: 30px\" class=\"nicdark_section  \"><\/div> <p style=\"color:#ffffff;padding:px;text-align:center;font-size:22px;line-height:33px;letter-spacing: 1px;font-weight:normal\" class=\"   nd_options_second_font \">Im Hotel befindet sich unsere hoch gesch\u00e4tzte Spa, in der alle spezifischen K\u00f6rperbehandlungen Behandlungen, verschiedenste Massagen durchgef\u00fchrt werden.<\/p> [vc_empty_space height=&#8220;200&#8243;]<div style=\"background-color:;height: 30px\" class=\"nicdark_section  \"><\/div>[\/vc_column][vc_column width=&#8220;1\/6&#8243;][\/vc_column][\/vc_row][vc_row full_width=&#8220;stretch_row_content&#8220; equal_height=&#8220;yes&#8220; content_placement=&#8220;middle&#8220; css=&#8220;.vc_custom_1658329263001{margin-top: 15px !important;}&#8220;][vc_column parallax=&#8220;content-moving&#8220; width=&#8220;1\/3&#8243; css=&#8220;.vc_custom_1658397077834{margin-right: 7px !important;background-image: url(http:\/\/termemarconi.it\/web\/wp-content\/uploads\/2022\/07\/trattamento-schiena.jpg?id=2476) !important;background-position: center !important;background-repeat: no-repeat !important;background-size: cover !important;}&#8220; el_class=&#8220;nd_options_margin_0_first_div_important_responsive&#8220;]<div style=\"background-color:;height: 180px\" class=\"nicdark_section  \"><\/div> <h2 style=\"color:#ffffff;padding:px;text-align:center;font-size:70px;line-height:px;letter-spacing: px;font-weight:normal\" class=\"  nd_options_font_size_60_important_all_iphone nd_options_third_font \">Therapeutische<\/h2> <div style=\"background-color:;height: 25px\" class=\"nicdark_section  \"><\/div> <h3 style=\"color:#ffffff;padding:px;text-align:center;font-size:20px;line-height:20px;letter-spacing: 2px;font-weight:normal\" class=\"   nd_options_first_font \">MASSAGEN<\/h3> <div style=\"background-color:;height: 40px\" class=\"nicdark_section  \"><\/div>[\/vc_column][vc_column width=&#8220;1\/3&#8243; css=&#8220;.vc_custom_1658397072617{margin-right: 7px !important;margin-left: 7px !important;background-image: url(http:\/\/termemarconi.it\/web\/wp-content\/uploads\/2022\/07\/trattamento-piedi.jpg?id=2475) !important;background-position: center !important;background-repeat: no-repeat !important;background-size: cover !important;}&#8220; el_class=&#8220;nd_options_margin_0_first_div_important_responsive&#8220;]<div style=\"background-color:;height: 180px\" class=\"nicdark_section  \"><\/div> <h2 style=\"color:#ffffff;padding:px;text-align:center;font-size:70px;line-height:px;letter-spacing: px;font-weight:normal\" class=\"  nd_options_font_size_60_important_all_iphone nd_options_third_font \">Orientalische<\/h2> <div style=\"background-color:;height: 25px\" class=\"nicdark_section  \"><\/div> <h3 style=\"color:#ffffff;padding:px;text-align:center;font-size:20px;line-height:20px;letter-spacing: 2px;font-weight:normal\" class=\"   nd_options_first_font \">BEHANDLUNGEN<\/h3> <div style=\"background-color:;height: 40px\" class=\"nicdark_section  \"><\/div>[\/vc_column][vc_column width=&#8220;1\/3&#8243; css=&#8220;.vc_custom_1658329910246{margin-left: 7px !important;background-image: url(http:\/\/termemarconi.it\/web\/wp-content\/uploads\/2022\/07\/banner-beauty4.jpg?id=2494) !important;background-position: center !important;background-repeat: no-repeat !important;background-size: cover !important;}&#8220; el_class=&#8220;nd_options_margin_0_first_div_important_responsive&#8220;]<div style=\"background-color:;height: 180px\" class=\"nicdark_section  \"><\/div> <h2 style=\"color:#ffffff;padding:px;text-align:center;font-size:70px;line-height:px;letter-spacing: px;font-weight:normal\" class=\"  nd_options_font_size_60_important_all_iphone nd_options_third_font \">Spezifischen<\/h2> <div style=\"background-color:;height: 25px\" class=\"nicdark_section  \"><\/div> <h3 style=\"color:#ffffff;padding:px;text-align:center;font-size:20px;line-height:20px;letter-spacing: 2px;font-weight:normal\" class=\"   nd_options_first_font \">BEHANDLUNGEN<\/h3> <div style=\"background-color:;height: 40px\" class=\"nicdark_section  \"><\/div>[\/vc_column][\/vc_row][vc_row][vc_column][vc_empty_space height=&#8220;15&#8243;][\/vc_column][\/vc_row][vc_row full_width=&#8220;stretch_row&#8220; parallax=&#8220;content-moving&#8220; css=&#8220;.vc_custom_1657805097557{padding-top: 80px !important;padding-bottom: 80px !important;background-color: #113d34 !important;background-position: 0 0;background-repeat: no-repeat !important;}&#8220;][vc_column css=&#8220;.vc_custom_1548861971286{background-position: center !important;background-repeat: no-repeat !important;background-size: cover !important;}&#8220;][vc_row_inner][vc_column_inner width=&#8220;1\/3&#8243; css=&#8220;.vc_custom_1655974412412{background-color: #113d34 !important;background-position: center !important;background-repeat: no-repeat !important;background-size: cover !important;}&#8220;][vc_empty_space height=&#8220;20&#8243;] <h2 style=\"color:#ffffff;padding:px;text-align:;font-size:70px;line-height:70px;letter-spacing: px;font-weight:normal\" class=\"   nd_options_third_font \">Massagen und Behandlungen<\/h2> [vc_empty_space height=&#8220;27&#8243;][\/vc_column_inner][vc_column_inner width=&#8220;2\/3&#8243;][vc_column_text]<\/p>\n<p style=\"color: #fff;\"><strong>Buchungen und Infos:<br \/>\n<\/strong>Reception Hotel Marconi<\/p>\n<p>&nbsp;<\/p>\n<p style=\"color: #fff; line-height: 19px; font-weight: light;\">F\u00fcr alle Behandlungen ist eine Reservierung erforderlich. Alle nicht wahrgenommene Termine ohne Abmeldung 24h vorher, werden direkt abgebucht auf Ihrem Zimmer.<br \/>\nTeam dankt Ihnen fuer Ihre Verstaendnis.<\/p>\n<p>[\/vc_column_text][\/vc_column_inner][\/vc_row_inner][\/vc_column][\/vc_row][vc_row][vc_column][vc_empty_space height=&#8220;15&#8243;][\/vc_column][\/vc_row][vc_row full_width=&#8220;stretch_row&#8220; parallax=&#8220;content-moving&#8220; parallax_image=&#8220;2198&#8243; css=&#8220;.vc_custom_1658329124269{margin-top: 0px !important;border-top-width: 0px !important;padding-top: 0px !important;}&#8220; el_class=&#8220;nd_options_vc_parallax_filter_2_5&#8243;][vc_column css=&#8220;.vc_custom_1658244984710{padding-right: 30px !important;padding-left: 30px !important;}&#8220;][vc_row_inner css=&#8220;.vc_custom_1658245145463{padding-top: 40px !important;padding-right: 40px !important;padding-bottom: 40px !important;padding-left: 40px !important;background-position: center !important;background-repeat: no-repeat !important;background-size: cover !important;}&#8220;][vc_column_inner width=&#8220;2\/3&#8243;]\n\n    <div class=\"nd_options_section nd_options_position_relative home_calltoaction_service\">\n\n        <img decoding=\"async\" style=\"top:5px\" alt=\"\" class=\"nd_options_position_absolute nd_options_left_0\" width=\"50\" src=\"https:\/\/termemarconi.it\/web\/wp-content\/uploads\/2019\/01\/ico-05.png\">\n\n        <div style=\"padding-left:70px\" class=\"nd_options_section nd_options_box_sizing_border_box\">\n            \n            <h3 class=\"nd_options_first_font underline_phone \" style=\"margin:;color:#ffffff;font-size:30px;line-height:30px\">PREISLISTE<\/h3> \n            <p class=\"nd_options_second_font  \" style=\"margin:10px 0px 0px 0px;color:#ffffff;font-size:17px;line-height:27px\">MASSAGEN UND BEHANDLUNGEN<\/p> \n            \n\n        <\/div>\n\n    <\/div>\n\n  [\/vc_column_inner][vc_column_inner el_class=&#8220;nd_options_text_align_right&#8220; width=&#8220;1\/3&#8243;]<div style=\"background-color:;height: 8px\" class=\"nicdark_section  \"><\/div>\n\t\n\t<a style=\"border: px solid;border-radius:0px;letter-spacing:1px;line-height:17px;font-size:17px;background-color:#ffffff;padding:15px 35px;margin:;color:#113d34\" rel=\"\" target=\"_blank\" href=\"\/web\/wp-content\/uploads\/pdf\/Listino-Massaggi-Trattamenti-Hotel-Marconi-DEU.pdf\" class=\"nicdark_display_inline_block nd_options_float_left nd_options_font_weight_normal nd_options_first_font home_calltoaction_service_button \">BROSCH\u00dcRE HERUNTERLADEN<\/a>\n\t\n[\/vc_column_inner][\/vc_row_inner][\/vc_column][\/vc_row][vc_row][vc_column][vc_empty_space height=&#8220;15&#8243;][\/vc_column][\/vc_row][vc_row full_width=&#8220;stretch_row&#8220; parallax=&#8220;content-moving&#8220; parallax_image=&#8220;2198&#8243; css=&#8220;.vc_custom_1658329124269{margin-top: 0px !important;border-top-width: 0px !important;padding-top: 0px !important;}&#8220; el_class=&#8220;nd_options_vc_parallax_filter_2_5&#8243;][vc_column css=&#8220;.vc_custom_1658244984710{padding-right: 30px !important;padding-left: 30px !important;}&#8220;][vc_row_inner css=&#8220;.vc_custom_1658245145463{padding-top: 40px !important;padding-right: 40px !important;padding-bottom: 40px !important;padding-left: 40px !important;background-position: center !important;background-repeat: no-repeat !important;background-size: cover !important;}&#8220;][vc_column_inner width=&#8220;2\/3&#8243;]\n\n    <div class=\"nd_options_section nd_options_position_relative home_calltoaction_service\">\n\n        <img decoding=\"async\" style=\"top:5px\" alt=\"\" class=\"nd_options_position_absolute nd_options_left_0\" width=\"50\" src=\"https:\/\/termemarconi.it\/web\/wp-content\/uploads\/2019\/01\/ico-05.png\">\n\n        <div style=\"padding-left:70px\" class=\"nd_options_section nd_options_box_sizing_border_box\">\n            \n            <h3 class=\"nd_options_first_font underline_phone \" style=\"margin:;color:#ffffff;font-size:30px;line-height:30px\">DIE BROSCH\u00dcRE<\/h3> \n            <p class=\"nd_options_second_font  \" style=\"margin:10px 0px 0px 0px;color:#ffffff;font-size:17px;line-height:27px\">GESUNDHEIT UND WOHLBEFINDEN<\/p> \n            \n\n        <\/div>\n\n    <\/div>\n\n  [\/vc_column_inner][vc_column_inner el_class=&#8220;nd_options_text_align_right&#8220; width=&#8220;1\/3&#8243;]<div style=\"background-color:;height: 8px\" class=\"nicdark_section  \"><\/div>\n\t\n\t<a style=\"border: px solid;border-radius:0px;letter-spacing:1px;line-height:17px;font-size:17px;background-color:#ffffff;padding:15px 35px;margin:;color:#113d34\" rel=\"\" target=\"_blank\" href=\"\/web\/wp-content\/uploads\/pdf\/Brochure-Marconi-Le-Cure-DE.pdf\" class=\"nicdark_display_inline_block nd_options_float_left nd_options_font_weight_normal nd_options_first_font home_calltoaction_service_button \">BROSCH\u00dcRE HERUNTERLADEN<\/a>\n\t\n[\/vc_column_inner][\/vc_row_inner][\/vc_column][\/vc_row][vc_row full_width=&#8220;stretch_row_content&#8220; parallax=&#8220;content-moving&#8220; css=&#8220;.vc_custom_1658245789302{margin-top: 0px !important;border-top-width: 0px !important;padding-top: 0px !important;}&#8220;][vc_column css=&#8220;.vc_custom_1548861971286{background-position: center !important;background-repeat: no-repeat !important;background-size: cover !important;}&#8220;][vc_row_inner][vc_column_inner][vc_empty_space height=&#8220;15&#8243;][vc_masonry_media_grid gap=&#8220;15&#8243; item=&#8220;mediaGrid_Default&#8220; grid_id=&#8220;vc_gid:1742573363212-181c4318-4e51-10&#8243; include=&#8220;2475,2476,2858&#8243;][vc_empty_space height=&#8220;15&#8243;][\/vc_column_inner][\/vc_row_inner][\/vc_column][\/vc_row]<\/p>\n","protected":false},"excerpt":{"rendered":"<p>[vc_row full_width=&#8220;stretch_row&#8220; parallax=&#8220;content-moving&#8220; parallax_image=&#8220;2473&#8243; css=&#8220;.vc_custom_1658396948669{margin-top: 0px !important;margin-bottom: 0px !important;border-top-width: 0px !important;border-bottom-width: 0px !important;padding-top: 0px !important;padding-bottom: 0px !important;}&#8220; el_class=&#8220;nd_options_vc_parallax_filter_2_5&#8243;][vc_column width=&#8220;1\/6&#8243;][\/vc_column][vc_column width=&#8220;2\/3&#8243; el_class=&#8220;nd_options_text_align_center&#8220;][vc_empty_space height=&#8220;200&#8243;][vc_empty_space height=&#8220;200&#8243;][\/vc_column][vc_column width=&#8220;1\/6&#8243;][\/vc_column][\/vc_row][vc_row full_width=&#8220;stretch_row_content&#8220; equal_height=&#8220;yes&#8220; content_placement=&#8220;middle&#8220; css=&#8220;.vc_custom_1658329263001{margin-top: 15px !important;}&#8220;][vc_column parallax=&#8220;content-moving&#8220; width=&#8220;1\/3&#8243; css=&#8220;.vc_custom_1658397077834{margin-right: 7px !important;background-image: url(http:\/\/termemarconi.it\/web\/wp-content\/uploads\/2022\/07\/trattamento-schiena.jpg?id=2476) !important;background-position: center !important;background-repeat: no-repeat !important;background-size: cover !important;}&#8220; el_class=&#8220;nd_options_margin_0_first_div_important_responsive&#8220;][\/vc_column][vc_column width=&#8220;1\/3&#8243; css=&#8220;.vc_custom_1658397072617{margin-right: 7px !important;margin-left: 7px !important;background-image: url(http:\/\/termemarconi.it\/web\/wp-content\/uploads\/2022\/07\/trattamento-piedi.jpg?id=2475) !important;background-position: center !important;background-repeat: no-repeat [&hellip;]<\/p>\n","protected":false},"author":2,"featured_media":0,"parent":0,"menu_order":0,"comment_status":"closed","ping_status":"closed","template":"","meta":{"footnotes":""},"class_list":["post-3509","page","type-page","status-publish","hentry"],"yoast_head":"<!-- This site is optimized with the Yoast SEO plugin v23.2 - https:\/\/yoast.com\/wordpress\/plugins\/seo\/ -->\n<title>Massagen und Wellness - Hotel Terme Marconi - Hotel 3* a Montegrotto Terme<\/title>\n<meta name=\"description\" content=\"All\u2019interno dell\u2019hotel si svolgono molteplici e innovativi massaggi e trattamenti per il relax e la salute di viso e corpo.\" \/>\n<meta name=\"robots\" content=\"index, follow, max-snippet:-1, max-image-preview:large, max-video-preview:-1\" \/>\n<link rel=\"canonical\" href=\"https:\/\/termemarconi.it\/de\/massagen-und-wellness\/\" \/>\n<meta property=\"og:locale\" content=\"de_DE\" \/>\n<meta property=\"og:type\" content=\"article\" \/>\n<meta property=\"og:title\" content=\"Massagen und Wellness - Hotel Terme Marconi - Hotel 3* a Montegrotto Terme\" \/>\n<meta property=\"og:description\" content=\"All\u2019interno dell\u2019hotel si svolgono molteplici e innovativi massaggi e trattamenti per il relax e la salute di viso e corpo.\" \/>\n<meta property=\"og:url\" content=\"https:\/\/termemarconi.it\/de\/massagen-und-wellness\/\" \/>\n<meta property=\"og:site_name\" content=\"Hotel Terme Marconi - Hotel 3* a Montegrotto Terme\" \/>\n<meta property=\"article:publisher\" content=\"https:\/\/www.facebook.com\/termemarconi\" \/>\n<meta property=\"article:modified_time\" content=\"2025-03-21T16:09:40+00:00\" \/>\n<meta name=\"twitter:card\" content=\"summary_large_image\" \/>\n<meta name=\"twitter:label1\" content=\"Gesch\u00e4tzte Lesezeit\" \/>\n\t<meta name=\"twitter:data1\" content=\"4\u00a0Minuten\" \/>\n<script type=\"application\/ld+json\" class=\"yoast-schema-graph\">{\"@context\":\"https:\/\/schema.org\",\"@graph\":[{\"@type\":\"WebPage\",\"@id\":\"https:\/\/termemarconi.it\/de\/massagen-und-wellness\/\",\"url\":\"https:\/\/termemarconi.it\/de\/massagen-und-wellness\/\",\"name\":\"Massagen und Wellness - Hotel Terme Marconi - Hotel 3* a Montegrotto Terme\",\"isPartOf\":{\"@id\":\"https:\/\/termemarconi.it\/#website\"},\"datePublished\":\"2022-07-20T14:58:49+00:00\",\"dateModified\":\"2025-03-21T16:09:40+00:00\",\"description\":\"All\u2019interno dell\u2019hotel si svolgono molteplici e innovativi massaggi e trattamenti per il relax e la salute di viso e corpo.\",\"breadcrumb\":{\"@id\":\"https:\/\/termemarconi.it\/de\/massagen-und-wellness\/#breadcrumb\"},\"inLanguage\":\"de\",\"potentialAction\":[{\"@type\":\"ReadAction\",\"target\":[\"https:\/\/termemarconi.it\/de\/massagen-und-wellness\/\"]}]},{\"@type\":\"BreadcrumbList\",\"@id\":\"https:\/\/termemarconi.it\/de\/massagen-und-wellness\/#breadcrumb\",\"itemListElement\":[{\"@type\":\"ListItem\",\"position\":1,\"name\":\"Home\",\"item\":\"https:\/\/termemarconi.it\/de\/\"},{\"@type\":\"ListItem\",\"position\":2,\"name\":\"Massagen und Wellness\"}]},{\"@type\":\"WebSite\",\"@id\":\"https:\/\/termemarconi.it\/#website\",\"url\":\"https:\/\/termemarconi.it\/\",\"name\":\"Hotel Terme Marconi - Hotel 3* a Montegrotto Terme\",\"description\":\"Hotel Termale Spa e Piscine a Montegrotto Terme\",\"publisher\":{\"@id\":\"https:\/\/termemarconi.it\/#organization\"},\"potentialAction\":[{\"@type\":\"SearchAction\",\"target\":{\"@type\":\"EntryPoint\",\"urlTemplate\":\"https:\/\/termemarconi.it\/?s={search_term_string}\"},\"query-input\":\"required name=search_term_string\"}],\"inLanguage\":\"de\"},{\"@type\":\"Organization\",\"@id\":\"https:\/\/termemarconi.it\/#organization\",\"name\":\"Hotel Terme Marconi - Hotel 3* a Montegrotto Terme\",\"url\":\"https:\/\/termemarconi.it\/\",\"logo\":{\"@type\":\"ImageObject\",\"inLanguage\":\"de\",\"@id\":\"https:\/\/termemarconi.it\/#\/schema\/logo\/image\/\",\"url\":\"http:\/\/termemarconi.it\/web\/wp-content\/uploads\/2022\/06\/marconi-logo.png\",\"contentUrl\":\"http:\/\/termemarconi.it\/web\/wp-content\/uploads\/2022\/06\/marconi-logo.png\",\"width\":275,\"height\":76,\"caption\":\"Hotel Terme Marconi - Hotel 3* a Montegrotto Terme\"},\"image\":{\"@id\":\"https:\/\/termemarconi.it\/#\/schema\/logo\/image\/\"},\"sameAs\":[\"https:\/\/www.facebook.com\/termemarconi\",\"https:\/\/www.instagram.com\/hotel_terme_marconi\/\"]}]}<\/script>\n<!-- \/ Yoast SEO plugin. -->","yoast_head_json":{"title":"Massagen und Wellness - Hotel Terme Marconi - Hotel 3* a Montegrotto Terme","description":"All\u2019interno dell\u2019hotel si svolgono molteplici e innovativi massaggi e trattamenti per il relax e la salute di viso e corpo.","robots":{"index":"index","follow":"follow","max-snippet":"max-snippet:-1","max-image-preview":"max-image-preview:large","max-video-preview":"max-video-preview:-1"},"canonical":"https:\/\/termemarconi.it\/de\/massagen-und-wellness\/","og_locale":"de_DE","og_type":"article","og_title":"Massagen und Wellness - Hotel Terme Marconi - Hotel 3* a Montegrotto Terme","og_description":"All\u2019interno dell\u2019hotel si svolgono molteplici e innovativi massaggi e trattamenti per il relax e la salute di viso e corpo.","og_url":"https:\/\/termemarconi.it\/de\/massagen-und-wellness\/","og_site_name":"Hotel Terme Marconi - Hotel 3* a Montegrotto Terme","article_publisher":"https:\/\/www.facebook.com\/termemarconi","article_modified_time":"2025-03-21T16:09:40+00:00","twitter_card":"summary_large_image","twitter_misc":{"Gesch\u00e4tzte Lesezeit":"4\u00a0Minuten"},"schema":{"@context":"https:\/\/schema.org","@graph":[{"@type":"WebPage","@id":"https:\/\/termemarconi.it\/de\/massagen-und-wellness\/","url":"https:\/\/termemarconi.it\/de\/massagen-und-wellness\/","name":"Massagen und Wellness - Hotel Terme Marconi - Hotel 3* a Montegrotto Terme","isPartOf":{"@id":"https:\/\/termemarconi.it\/#website"},"datePublished":"2022-07-20T14:58:49+00:00","dateModified":"2025-03-21T16:09:40+00:00","description":"All\u2019interno dell\u2019hotel si svolgono molteplici e innovativi massaggi e trattamenti per il relax e la salute di viso e corpo.","breadcrumb":{"@id":"https:\/\/termemarconi.it\/de\/massagen-und-wellness\/#breadcrumb"},"inLanguage":"de","potentialAction":[{"@type":"ReadAction","target":["https:\/\/termemarconi.it\/de\/massagen-und-wellness\/"]}]},{"@type":"BreadcrumbList","@id":"https:\/\/termemarconi.it\/de\/massagen-und-wellness\/#breadcrumb","itemListElement":[{"@type":"ListItem","position":1,"name":"Home","item":"https:\/\/termemarconi.it\/de\/"},{"@type":"ListItem","position":2,"name":"Massagen und Wellness"}]},{"@type":"WebSite","@id":"https:\/\/termemarconi.it\/#website","url":"https:\/\/termemarconi.it\/","name":"Hotel Terme Marconi - Hotel 3* a Montegrotto Terme","description":"Hotel Termale Spa e Piscine a Montegrotto Terme","publisher":{"@id":"https:\/\/termemarconi.it\/#organization"},"potentialAction":[{"@type":"SearchAction","target":{"@type":"EntryPoint","urlTemplate":"https:\/\/termemarconi.it\/?s={search_term_string}"},"query-input":"required name=search_term_string"}],"inLanguage":"de"},{"@type":"Organization","@id":"https:\/\/termemarconi.it\/#organization","name":"Hotel Terme Marconi - Hotel 3* a Montegrotto Terme","url":"https:\/\/termemarconi.it\/","logo":{"@type":"ImageObject","inLanguage":"de","@id":"https:\/\/termemarconi.it\/#\/schema\/logo\/image\/","url":"http:\/\/termemarconi.it\/web\/wp-content\/uploads\/2022\/06\/marconi-logo.png","contentUrl":"http:\/\/termemarconi.it\/web\/wp-content\/uploads\/2022\/06\/marconi-logo.png","width":275,"height":76,"caption":"Hotel Terme Marconi - Hotel 3* a Montegrotto Terme"},"image":{"@id":"https:\/\/termemarconi.it\/#\/schema\/logo\/image\/"},"sameAs":["https:\/\/www.facebook.com\/termemarconi","https:\/\/www.instagram.com\/hotel_terme_marconi\/"]}]}},"_links":{"self":[{"href":"https:\/\/termemarconi.it\/de\/wp-json\/wp\/v2\/pages\/3509","targetHints":{"allow":["GET"]}}],"collection":[{"href":"https:\/\/termemarconi.it\/de\/wp-json\/wp\/v2\/pages"}],"about":[{"href":"https:\/\/termemarconi.it\/de\/wp-json\/wp\/v2\/types\/page"}],"author":[{"embeddable":true,"href":"https:\/\/termemarconi.it\/de\/wp-json\/wp\/v2\/users\/2"}],"replies":[{"embeddable":true,"href":"https:\/\/termemarconi.it\/de\/wp-json\/wp\/v2\/comments?post=3509"}],"version-history":[{"count":15,"href":"https:\/\/termemarconi.it\/de\/wp-json\/wp\/v2\/pages\/3509\/revisions"}],"predecessor-version":[{"id":4991,"href":"https:\/\/termemarconi.it\/de\/wp-json\/wp\/v2\/pages\/3509\/revisions\/4991"}],"wp:attachment":[{"href":"https:\/\/termemarconi.it\/de\/wp-json\/wp\/v2\/media?parent=3509"}],"curies":[{"name":"wp","href":"https:\/\/api.w.org\/{rel}","templated":true}]}}