{"id":3502,"date":"2022-07-15T17:06:09","date_gmt":"2022-07-15T15:06:09","guid":{"rendered":"http:\/\/termemarconi.it\/web\/inalazioni\/"},"modified":"2022-08-29T12:06:10","modified_gmt":"2022-08-29T10:06:10","slug":"inhalationen","status":"publish","type":"page","link":"https:\/\/termemarconi.it\/de\/inhalationen\/","title":{"rendered":"Inhalationen"},"content":{"rendered":"<p>[vc_row full_width=&#8220;stretch_row&#8220; parallax=&#8220;content-moving&#8220; parallax_image=&#8220;2292&#8243; css=&#8220;.vc_custom_1657899834358{margin-top: 0px !important;margin-bottom: 0px !important;border-top-width: 0px !important;border-bottom-width: 0px !important;padding-top: 0px !important;padding-bottom: 0px !important;}&#8220; el_class=&#8220;nd_options_vc_parallax_filter_2_5&#8243;][vc_column width=&#8220;1\/6&#8243;][\/vc_column][vc_column width=&#8220;2\/3&#8243; el_class=&#8220;nd_options_text_align_center&#8220;][vc_empty_space height=&#8220;200&#8243;] <h1 style=\"color:#ffffff;padding:px;text-align:center;font-size:95px;line-height:95px;letter-spacing: 2px;font-weight:lighter\" class=\"   nd_options_third_font \">Inhalationen<\/h1> <div style=\"background-color:;height: 30px\" class=\"nicdark_section  \"><\/div> <p style=\"color:#ffffff;padding:px;text-align:center;font-size:22px;line-height:33px;letter-spacing: 1px;font-weight:normal\" class=\"   nd_options_second_font \">Inhalationsbehandlungen und Aerosol mit Thermalwasser. Das Hotel Marconi stellt eine hauseigene Inhalationen-Abteilung zur Verf\u00fcgung.<\/p> [vc_empty_space height=&#8220;200&#8243;]<div style=\"background-color:;height: 30px\" class=\"nicdark_section  \"><\/div>[\/vc_column][vc_column width=&#8220;1\/6&#8243;][\/vc_column][\/vc_row][vc_row][vc_column][vc_empty_space height=&#8220;130&#8243;][\/vc_column][\/vc_row][vc_row][vc_column width=&#8220;1\/2&#8243;] <h2 style=\"color:#eeeeee;padding:px;text-align:;font-size:70px;line-height:px;letter-spacing: px;font-weight:normal\" class=\"   nd_options_third_font \">Thermalwasser<\/h2>  <h2 style=\"color:;padding:px;text-align:;font-size:42px;line-height:40px;letter-spacing: 2px;font-weight:lighter\" class=\"  nd_options_font_size_40_important_all_iphone nd_options_first_font \">INHALATIONSTHERAPIEN UND AEROSOL<\/h2> <div style=\"background-color:;height: 30px\" class=\"nicdark_section  \"><\/div>[vc_column_text]Die thermalen Inhalationstherapien sind wissenschaftlich anerkannt und werden traditionsgem\u00e4\u00df zur Behandlung und Vorbeugung von Atemwegserkrankungen wie <strong>Rhinitis, Pharyngitis, Sinusitis, Bronchitis, Lungenerkrankungen usw. verwendet<\/strong>.<br \/>\nEin wahres Wundermittel f\u00fcr alle, die in einem smog- und schadstoffreichen Ambiente arbeiten und\/oder aktivem und passivem Rauchen ausgesetzt sind.<br \/>\nSpezielle Ger\u00e4te zerteilen das Mineralwasser in feinste Partikel und zerst\u00e4uben es dann zu einem Nebel. So kann es zu einer effizienten Behandlung f\u00fcr die Erkrankungen der oberen und unteren Atemwege, zur Vorbeugung und zur <strong>Behandlung von chronischen Krankheiten eingesetzt werden.<\/strong>[\/vc_column_text]<div style=\"background-color:;height: 60px\" class=\"nicdark_section  \"><\/div>[\/vc_column][vc_column width=&#8220;1\/2&#8243;][vc_single_image image=&#8220;2293&#8243; img_size=&#8220;large&#8220;][\/vc_column][\/vc_row][vc_row][vc_column][vc_empty_space height=&#8220;100&#8243;][\/vc_column][\/vc_row][vc_row full_width=&#8220;stretch_row&#8220; parallax=&#8220;content-moving&#8220; css=&#8220;.vc_custom_1657899583913{margin-bottom: 0px !important;border-bottom-width: 0px !important;padding-top: 80px !important;padding-bottom: 80px !important;background-color: #113d34 !important;background-position: 0 0;background-repeat: no-repeat !important;}&#8220;][vc_column css=&#8220;.vc_custom_1548861971286{background-position: center !important;background-repeat: no-repeat !important;background-size: cover !important;}&#8220;][vc_row_inner][vc_column_inner width=&#8220;1\/3&#8243; css=&#8220;.vc_custom_1655974412412{background-color: #113d34 !important;background-position: center !important;background-repeat: no-repeat !important;background-size: cover !important;}&#8220;] <h2 style=\"color:#ffffff;padding:px;text-align:;font-size:70px;line-height:70px;letter-spacing: px;font-weight:normal\" class=\"   nd_options_third_font \">Die therapeutischen Ergebnisse<\/h2> [vc_empty_space height=&#8220;27&#8243;][\/vc_column_inner][vc_column_inner width=&#8220;2\/3&#8243;][vc_column_text]<\/p>\n<p style=\"color: #ffffff; text-align: left; padding: 0px 20px 0px 0px;\">Die therapeutischen Ergebnisse, die mit der Inhalationstherapie erreicht werden k\u00f6nnen sind vielf\u00e4ltig:<\/p>\n<ul>\n<li style=\"color: #ffffff; text-align: left;\">Antiseptische Wirkung<\/li>\n<li style=\"color: #ffffff; text-align: left;\">Stimulation des Flimmerepithels<\/li>\n<li style=\"color: #ffffff; text-align: left;\">Verfl\u00fcssigung des Sekrets<\/li>\n<li style=\"color: #ffffff; text-align: left;\">Normalisierung der Beschaffenheit der Schleimh\u00e4ute<\/li>\n<li style=\"color: #ffffff; text-align: left;\">Reduzierung der mikrobiologischen, nicht physiologischen Komponente<\/li>\n<\/ul>\n<p>[\/vc_column_text][\/vc_column_inner][\/vc_row_inner][\/vc_column][\/vc_row][vc_row][vc_column][vc_empty_space height=&#8220;15&#8243;][\/vc_column][\/vc_row]<\/p>\n","protected":false},"excerpt":{"rendered":"<p>[vc_row full_width=&#8220;stretch_row&#8220; parallax=&#8220;content-moving&#8220; parallax_image=&#8220;2292&#8243; css=&#8220;.vc_custom_1657899834358{margin-top: 0px !important;margin-bottom: 0px !important;border-top-width: 0px !important;border-bottom-width: 0px !important;padding-top: 0px !important;padding-bottom: 0px !important;}&#8220; el_class=&#8220;nd_options_vc_parallax_filter_2_5&#8243;][vc_column width=&#8220;1\/6&#8243;][\/vc_column][vc_column width=&#8220;2\/3&#8243; el_class=&#8220;nd_options_text_align_center&#8220;][vc_empty_space height=&#8220;200&#8243;][vc_empty_space height=&#8220;200&#8243;][\/vc_column][vc_column width=&#8220;1\/6&#8243;][\/vc_column][\/vc_row][vc_row][vc_column][vc_empty_space height=&#8220;130&#8243;][\/vc_column][\/vc_row][vc_row][vc_column width=&#8220;1\/2&#8243;][vc_column_text]Die thermalen Inhalationstherapien sind wissenschaftlich anerkannt und werden traditionsgem\u00e4\u00df zur Behandlung und Vorbeugung von Atemwegserkrankungen wie Rhinitis, Pharyngitis, Sinusitis, Bronchitis, Lungenerkrankungen usw. verwendet. Ein wahres Wundermittel f\u00fcr alle, die in [&hellip;]<\/p>\n","protected":false},"author":2,"featured_media":0,"parent":0,"menu_order":0,"comment_status":"closed","ping_status":"closed","template":"","meta":{"footnotes":""},"class_list":["post-3502","page","type-page","status-publish","hentry"],"yoast_head":"<!-- This site is optimized with the Yoast SEO plugin v23.2 - https:\/\/yoast.com\/wordpress\/plugins\/seo\/ -->\n<title>Inhalationen - Hotel Terme Marconi - Hotel 3* a Montegrotto Terme<\/title>\n<meta name=\"description\" content=\"L&#039;Hotel Terme Marconi \u00e8 dotato di un reparto cure inalatorie. Indicate nella prevenzione delle patologie come riniti, faringiti, sinusiti.\" \/>\n<meta name=\"robots\" content=\"index, follow, max-snippet:-1, max-image-preview:large, max-video-preview:-1\" \/>\n<link rel=\"canonical\" href=\"https:\/\/termemarconi.it\/de\/inhalationen\/\" \/>\n<meta property=\"og:locale\" content=\"de_DE\" \/>\n<meta property=\"og:type\" content=\"article\" \/>\n<meta property=\"og:title\" content=\"Inhalationen - Hotel Terme Marconi - Hotel 3* a Montegrotto Terme\" \/>\n<meta property=\"og:description\" content=\"L&#039;Hotel Terme Marconi \u00e8 dotato di un reparto cure inalatorie. Indicate nella prevenzione delle patologie come riniti, faringiti, sinusiti.\" \/>\n<meta property=\"og:url\" content=\"https:\/\/termemarconi.it\/de\/inhalationen\/\" \/>\n<meta property=\"og:site_name\" content=\"Hotel Terme Marconi - Hotel 3* a Montegrotto Terme\" \/>\n<meta property=\"article:publisher\" content=\"https:\/\/www.facebook.com\/termemarconi\" \/>\n<meta property=\"article:modified_time\" content=\"2022-08-29T10:06:10+00:00\" \/>\n<meta name=\"twitter:card\" content=\"summary_large_image\" \/>\n<meta name=\"twitter:label1\" content=\"Gesch\u00e4tzte Lesezeit\" \/>\n\t<meta name=\"twitter:data1\" content=\"2\u00a0Minuten\" \/>\n<script type=\"application\/ld+json\" class=\"yoast-schema-graph\">{\"@context\":\"https:\/\/schema.org\",\"@graph\":[{\"@type\":\"WebPage\",\"@id\":\"https:\/\/termemarconi.it\/de\/inhalationen\/\",\"url\":\"https:\/\/termemarconi.it\/de\/inhalationen\/\",\"name\":\"Inhalationen - Hotel Terme Marconi - Hotel 3* a Montegrotto Terme\",\"isPartOf\":{\"@id\":\"https:\/\/termemarconi.it\/#website\"},\"datePublished\":\"2022-07-15T15:06:09+00:00\",\"dateModified\":\"2022-08-29T10:06:10+00:00\",\"description\":\"L'Hotel Terme Marconi \u00e8 dotato di un reparto cure inalatorie. Indicate nella prevenzione delle patologie come riniti, faringiti, sinusiti.\",\"breadcrumb\":{\"@id\":\"https:\/\/termemarconi.it\/de\/inhalationen\/#breadcrumb\"},\"inLanguage\":\"de\",\"potentialAction\":[{\"@type\":\"ReadAction\",\"target\":[\"https:\/\/termemarconi.it\/de\/inhalationen\/\"]}]},{\"@type\":\"BreadcrumbList\",\"@id\":\"https:\/\/termemarconi.it\/de\/inhalationen\/#breadcrumb\",\"itemListElement\":[{\"@type\":\"ListItem\",\"position\":1,\"name\":\"Home\",\"item\":\"https:\/\/termemarconi.it\/de\/\"},{\"@type\":\"ListItem\",\"position\":2,\"name\":\"Inhalationen\"}]},{\"@type\":\"WebSite\",\"@id\":\"https:\/\/termemarconi.it\/#website\",\"url\":\"https:\/\/termemarconi.it\/\",\"name\":\"Hotel Terme Marconi - Hotel 3* a Montegrotto Terme\",\"description\":\"Hotel Termale Spa e Piscine a Montegrotto Terme\",\"publisher\":{\"@id\":\"https:\/\/termemarconi.it\/#organization\"},\"potentialAction\":[{\"@type\":\"SearchAction\",\"target\":{\"@type\":\"EntryPoint\",\"urlTemplate\":\"https:\/\/termemarconi.it\/?s={search_term_string}\"},\"query-input\":\"required name=search_term_string\"}],\"inLanguage\":\"de\"},{\"@type\":\"Organization\",\"@id\":\"https:\/\/termemarconi.it\/#organization\",\"name\":\"Hotel Terme Marconi - Hotel 3* a Montegrotto Terme\",\"url\":\"https:\/\/termemarconi.it\/\",\"logo\":{\"@type\":\"ImageObject\",\"inLanguage\":\"de\",\"@id\":\"https:\/\/termemarconi.it\/#\/schema\/logo\/image\/\",\"url\":\"http:\/\/termemarconi.it\/web\/wp-content\/uploads\/2022\/06\/marconi-logo.png\",\"contentUrl\":\"http:\/\/termemarconi.it\/web\/wp-content\/uploads\/2022\/06\/marconi-logo.png\",\"width\":275,\"height\":76,\"caption\":\"Hotel Terme Marconi - Hotel 3* a Montegrotto Terme\"},\"image\":{\"@id\":\"https:\/\/termemarconi.it\/#\/schema\/logo\/image\/\"},\"sameAs\":[\"https:\/\/www.facebook.com\/termemarconi\",\"https:\/\/www.instagram.com\/hotel_terme_marconi\/\"]}]}<\/script>\n<!-- \/ Yoast SEO plugin. -->","yoast_head_json":{"title":"Inhalationen - Hotel Terme Marconi - Hotel 3* a Montegrotto Terme","description":"L'Hotel Terme Marconi \u00e8 dotato di un reparto cure inalatorie. Indicate nella prevenzione delle patologie come riniti, faringiti, sinusiti.","robots":{"index":"index","follow":"follow","max-snippet":"max-snippet:-1","max-image-preview":"max-image-preview:large","max-video-preview":"max-video-preview:-1"},"canonical":"https:\/\/termemarconi.it\/de\/inhalationen\/","og_locale":"de_DE","og_type":"article","og_title":"Inhalationen - Hotel Terme Marconi - Hotel 3* a Montegrotto Terme","og_description":"L'Hotel Terme Marconi \u00e8 dotato di un reparto cure inalatorie. Indicate nella prevenzione delle patologie come riniti, faringiti, sinusiti.","og_url":"https:\/\/termemarconi.it\/de\/inhalationen\/","og_site_name":"Hotel Terme Marconi - Hotel 3* a Montegrotto Terme","article_publisher":"https:\/\/www.facebook.com\/termemarconi","article_modified_time":"2022-08-29T10:06:10+00:00","twitter_card":"summary_large_image","twitter_misc":{"Gesch\u00e4tzte Lesezeit":"2\u00a0Minuten"},"schema":{"@context":"https:\/\/schema.org","@graph":[{"@type":"WebPage","@id":"https:\/\/termemarconi.it\/de\/inhalationen\/","url":"https:\/\/termemarconi.it\/de\/inhalationen\/","name":"Inhalationen - Hotel Terme Marconi - Hotel 3* a Montegrotto Terme","isPartOf":{"@id":"https:\/\/termemarconi.it\/#website"},"datePublished":"2022-07-15T15:06:09+00:00","dateModified":"2022-08-29T10:06:10+00:00","description":"L'Hotel Terme Marconi \u00e8 dotato di un reparto cure inalatorie. Indicate nella prevenzione delle patologie come riniti, faringiti, sinusiti.","breadcrumb":{"@id":"https:\/\/termemarconi.it\/de\/inhalationen\/#breadcrumb"},"inLanguage":"de","potentialAction":[{"@type":"ReadAction","target":["https:\/\/termemarconi.it\/de\/inhalationen\/"]}]},{"@type":"BreadcrumbList","@id":"https:\/\/termemarconi.it\/de\/inhalationen\/#breadcrumb","itemListElement":[{"@type":"ListItem","position":1,"name":"Home","item":"https:\/\/termemarconi.it\/de\/"},{"@type":"ListItem","position":2,"name":"Inhalationen"}]},{"@type":"WebSite","@id":"https:\/\/termemarconi.it\/#website","url":"https:\/\/termemarconi.it\/","name":"Hotel Terme Marconi - Hotel 3* a Montegrotto Terme","description":"Hotel Termale Spa e Piscine a Montegrotto Terme","publisher":{"@id":"https:\/\/termemarconi.it\/#organization"},"potentialAction":[{"@type":"SearchAction","target":{"@type":"EntryPoint","urlTemplate":"https:\/\/termemarconi.it\/?s={search_term_string}"},"query-input":"required name=search_term_string"}],"inLanguage":"de"},{"@type":"Organization","@id":"https:\/\/termemarconi.it\/#organization","name":"Hotel Terme Marconi - Hotel 3* a Montegrotto Terme","url":"https:\/\/termemarconi.it\/","logo":{"@type":"ImageObject","inLanguage":"de","@id":"https:\/\/termemarconi.it\/#\/schema\/logo\/image\/","url":"http:\/\/termemarconi.it\/web\/wp-content\/uploads\/2022\/06\/marconi-logo.png","contentUrl":"http:\/\/termemarconi.it\/web\/wp-content\/uploads\/2022\/06\/marconi-logo.png","width":275,"height":76,"caption":"Hotel Terme Marconi - Hotel 3* a Montegrotto Terme"},"image":{"@id":"https:\/\/termemarconi.it\/#\/schema\/logo\/image\/"},"sameAs":["https:\/\/www.facebook.com\/termemarconi","https:\/\/www.instagram.com\/hotel_terme_marconi\/"]}]}},"_links":{"self":[{"href":"https:\/\/termemarconi.it\/de\/wp-json\/wp\/v2\/pages\/3502","targetHints":{"allow":["GET"]}}],"collection":[{"href":"https:\/\/termemarconi.it\/de\/wp-json\/wp\/v2\/pages"}],"about":[{"href":"https:\/\/termemarconi.it\/de\/wp-json\/wp\/v2\/types\/page"}],"author":[{"embeddable":true,"href":"https:\/\/termemarconi.it\/de\/wp-json\/wp\/v2\/users\/2"}],"replies":[{"embeddable":true,"href":"https:\/\/termemarconi.it\/de\/wp-json\/wp\/v2\/comments?post=3502"}],"version-history":[{"count":5,"href":"https:\/\/termemarconi.it\/de\/wp-json\/wp\/v2\/pages\/3502\/revisions"}],"predecessor-version":[{"id":3504,"href":"https:\/\/termemarconi.it\/de\/wp-json\/wp\/v2\/pages\/3502\/revisions\/3504"}],"wp:attachment":[{"href":"https:\/\/termemarconi.it\/de\/wp-json\/wp\/v2\/media?parent=3502"}],"curies":[{"name":"wp","href":"https:\/\/api.w.org\/{rel}","templated":true}]}}