{"id":3479,"date":"2022-07-15T12:27:05","date_gmt":"2022-07-15T10:27:05","guid":{"rendered":"http:\/\/termemarconi.it\/web\/fangoterapia\/"},"modified":"2022-08-29T17:29:30","modified_gmt":"2022-08-29T15:29:30","slug":"fangotherapie","status":"publish","type":"page","link":"https:\/\/termemarconi.it\/de\/fangotherapie\/","title":{"rendered":"Fangotherapie"},"content":{"rendered":"<p>[vc_row full_width=&#8220;stretch_row&#8220; parallax=&#8220;content-moving&#8220; parallax_image=&#8220;2209&#8243; css=&#8220;.vc_custom_1661436768650{margin-top: 0px !important;margin-bottom: 0px !important;border-top-width: 0px !important;border-bottom-width: 0px !important;padding-top: 0px !important;padding-bottom: 0px !important;}&#8220; el_class=&#8220;nd_options_vc_parallax_filter_2_5&#8243;][vc_column width=&#8220;1\/6&#8243;][\/vc_column][vc_column width=&#8220;2\/3&#8243; el_class=&#8220;nd_options_text_align_center&#8220;][vc_empty_space height=&#8220;200&#8243;] <h1 style=\"color:#ffffff;padding:px;text-align:center;font-size:95px;line-height:95px;letter-spacing: 2px;font-weight:lighter\" class=\"   nd_options_third_font \">Die Fangotherapie<\/h1> <div style=\"background-color:;height: 30px\" class=\"nicdark_section  \"><\/div> <p style=\"color:#ffffff;padding:px;text-align:center;font-size:22px;line-height:33px;letter-spacing: 1px;font-weight:normal\" class=\"   nd_options_second_font \">Ein jahrtausendealtes, absolut nat\u00fcrliches Heilmittel. Der Fango wird - bedeckt vom spontan aus dem vulkanischen Boden entspringenden Thermalwasser - etwa 60 Tage in eigens daf\u00fcr vorgesehenen Becken \u201ereifen\u201c gelassen. Nach Abschluss dieses Reifungsprozesses hat sich der Fango, was seine organischen Bestandteile betrifft, zutiefst ver\u00e4ndert, seine w\u00e4rmeisolierenden Eigenschaften haben sich verbessert und er ist mit Proteinen angereichert.<\/p> [vc_empty_space height=&#8220;200&#8243;]<div style=\"background-color:;height: 30px\" class=\"nicdark_section  \"><\/div>[\/vc_column][vc_column width=&#8220;1\/6&#8243;][\/vc_column][\/vc_row][vc_row][vc_column][vc_empty_space height=&#8220;150&#8243;][\/vc_column][\/vc_row][vc_row][vc_column width=&#8220;1\/2&#8243;] <h2 style=\"color:#eeeeee;padding:px;text-align:;font-size:70px;line-height:px;letter-spacing: px;font-weight:normal\" class=\"   nd_options_third_font \">Der Thermalschlamm<\/h2>  <h2 style=\"color:;padding:px;text-align:;font-size:42px;line-height:40px;letter-spacing: 2px;font-weight:lighter\" class=\"  nd_options_font_size_40_important_all_iphone nd_options_first_font \">THERAPEUTISCHE HAUPTINDIKATIONEN<\/h2> <div style=\"background-color:;height: 30px\" class=\"nicdark_section  \"><\/div>[vc_column_text]Rheuma, Arthritis und Arthrose in ihren unterschiedlichen Erscheinungsformen, Ischialgie, Lumbalgie, Folgeerscheinungen von Br\u00fcchen, Prellungen, Verstauchungen und Verrenkungen. Ausgezeichnet zur Vorbeugung von Verletzungen und zur St\u00e4rkung des Immunsystems. Der Fango beseitigt Giftstoffe, wirkt Stress und vorzeitiger Alterung entgegen und tr\u00e4gt zum Erhalt einer sch\u00f6nen Haut bei. Genau dies sind die Gr\u00fcnde, weshalb auch immer j\u00fcngere Personen, die nat\u00fcrliche Behandlungen ohne Kontraindikationen bevorzugen, begeistert die Fangotherapie in Anspruch nehmen.[\/vc_column_text]<div style=\"background-color:;height: 60px\" class=\"nicdark_section  \"><\/div>[\/vc_column][vc_column width=&#8220;1\/2&#8243;][vc_single_image image=&#8220;2649&#8243; img_size=&#8220;large&#8220;][\/vc_column][\/vc_row][vc_row][vc_column][vc_empty_space height=&#8220;100&#8243;][\/vc_column][\/vc_row][vc_row][vc_column width=&#8220;1\/2&#8243;][vc_single_image image=&#8220;2329&#8243; img_size=&#8220;large&#8220;][\/vc_column][vc_column width=&#8220;1\/2&#8243;] <h2 style=\"color:#eeeeee;padding:px;text-align:;font-size:70px;line-height:px;letter-spacing: px;font-weight:normal\" class=\"   nd_options_third_font \">Sch\u00f6nheit und Wellness<\/h2>  <h2 style=\"color:;padding:px;text-align:;font-size:42px;line-height:40px;letter-spacing: 2px;font-weight:lighter\" class=\"  nd_options_font_size_40_important_all_iphone nd_options_first_font \">SCHLAMM F\u00dcR DIE SCH\u00d6NHEIT<\/h2> <div style=\"background-color:;height: 30px\" class=\"nicdark_section  \"><\/div>[vc_column_text]Der Thermalschlamm wirkt als Regenerator und Antioxidans der Haut und ist eine ausgezeichnete nat\u00fcrliche Maske f\u00fcr das Gesicht. All diesen Inhaltsstoffen und ihren Vorteilen ist es zu verdanken, dass spezifische Anti-Aging-, Restrukturierungs-, Feuchtigkeits-, Straffungs- und Schlankheitsprogramme entwickelt werden, um Ihre k\u00f6rperliche Form in der Entspannung wiederherzustellen. Dar\u00fcber hinaus gibt es auch Haarbehandlungen durch einen erfahrenen Friseur.[\/vc_column_text]<div style=\"background-color:;height: 60px\" class=\"nicdark_section  \"><\/div>[\/vc_column][\/vc_row][vc_row][vc_column][vc_empty_space height=&#8220;100&#8243;][\/vc_column][\/vc_row][vc_row full_width=&#8220;stretch_row&#8220; parallax=&#8220;content-moving&#8220; css=&#8220;.vc_custom_1657805097557{padding-top: 80px !important;padding-bottom: 80px !important;background-color: #113d34 !important;background-position: 0 0;background-repeat: no-repeat !important;}&#8220;][vc_column css=&#8220;.vc_custom_1548861971286{background-position: center !important;background-repeat: no-repeat !important;background-size: cover !important;}&#8220;][vc_row_inner][vc_column_inner width=&#8220;1\/3&#8243; css=&#8220;.vc_custom_1655974412412{background-color: #113d34 !important;background-position: center !important;background-repeat: no-repeat !important;background-size: cover !important;}&#8220;] <h2 style=\"color:#ffffff;padding:px;text-align:;font-size:70px;line-height:70px;letter-spacing: px;font-weight:normal\" class=\"   nd_options_third_font \">Wie wird eine Fangopackung gemacht?<\/h2> [vc_empty_space height=&#8220;27&#8243;][\/vc_column_inner][vc_column_inner width=&#8220;2\/3&#8243;][vc_column_text]<\/p>\n<p style=\"color: #ffffff; text-align: left; padding: 0px 20px 0px 0px;\">Die Fangotherapie erfolgt in der Kurabteilung des Hotels und wird von spezialisiertem Personal durchgef\u00fchrt. Der Fango wird direkt auf die zu behandelnden K\u00f6rperpartien aufgetragen. Temperatur und Dauer der Anwendung werden vom Hotelarzt vorgeschrieben. Sobald die verschriebene Einwirkungszeit verstrichen ist, wird der Fango entfernt. Darauf folgt eine Thermaldusche und dann ein OZONBAD in Einzelwannen, in fast K\u00f6rpertemperatur warmem Thermalwasser. Das Ozon aktiviert und regt den Blutkreislauf der feuchten Haut an und erreicht selbst die tiefsten Gewebeschichten, die durch das warme Wasser durchl\u00e4ssiger gemacht werden.<br \/>\nDa das Ozon-Thermalbad den Kreislauf und den Zellstoffwechsel anregt, ist es besonders bei Nervosit\u00e4t, Arteriosklerose, Fettleibigkeit, Gicht, Depression, Kreislaufproblemen oder Gelenkbeschwerden empfehlenswert.<br \/>\nAufgrund des gleichm\u00e4\u00dfig verteilten Wasserdrucks ist das Thermalbad ideal f\u00fcr die Gelenke, f\u00fcr Schmerzen und Muskelschwund und ist eine \u00e4u\u00dferst wichtige Therapie in Rehabilitationsprogrammen nach Traumata, Knochenbr\u00fcchen und chirurgischen Eingriffen. Dar\u00fcber hinaus f\u00f6rdert die chemische Zusammensetzung des Wassers die Heilung von chronischen Entz\u00fcndungen und zahlreichen Arten von Hautkrankheiten.<\/p>\n<p>[\/vc_column_text][\/vc_column_inner][\/vc_row_inner][\/vc_column][\/vc_row][vc_row full_width=&#8220;stretch_row_content&#8220; parallax=&#8220;content-moving&#8220; css=&#8220;.vc_custom_1657895386711{margin-top: 0px !important;margin-bottom: 0px !important;border-top-width: 0px !important;border-bottom-width: 0px !important;padding-top: 0px !important;padding-bottom: 0px !important;}&#8220;][vc_column css=&#8220;.vc_custom_1548861971286{background-position: center !important;background-repeat: no-repeat !important;background-size: cover !important;}&#8220;][vc_row_inner css=&#8220;.vc_custom_1657895391231{margin-bottom: 0px !important;border-bottom-width: 0px !important;padding-bottom: 0px !important;}&#8220;][vc_column_inner][vc_empty_space height=&#8220;15&#8243;][vc_masonry_media_grid gap=&#8220;15&#8243; item=&#8220;mediaGrid_Default&#8220; grid_id=&#8220;vc_gid:1661786964052-7c4490dc-60a9-10&#8243; include=&#8220;2209,2207,2646&#8243;][vc_empty_space height=&#8220;15&#8243;][\/vc_column_inner][\/vc_row_inner][\/vc_column][\/vc_row]<\/p>\n","protected":false},"excerpt":{"rendered":"<p>[vc_row full_width=&#8220;stretch_row&#8220; parallax=&#8220;content-moving&#8220; parallax_image=&#8220;2209&#8243; css=&#8220;.vc_custom_1661436768650{margin-top: 0px !important;margin-bottom: 0px !important;border-top-width: 0px !important;border-bottom-width: 0px !important;padding-top: 0px !important;padding-bottom: 0px !important;}&#8220; el_class=&#8220;nd_options_vc_parallax_filter_2_5&#8243;][vc_column width=&#8220;1\/6&#8243;][\/vc_column][vc_column width=&#8220;2\/3&#8243; el_class=&#8220;nd_options_text_align_center&#8220;][vc_empty_space height=&#8220;200&#8243;][vc_empty_space height=&#8220;200&#8243;][\/vc_column][vc_column width=&#8220;1\/6&#8243;][\/vc_column][\/vc_row][vc_row][vc_column][vc_empty_space height=&#8220;150&#8243;][\/vc_column][\/vc_row][vc_row][vc_column width=&#8220;1\/2&#8243;][vc_column_text]Rheuma, Arthritis und Arthrose in ihren unterschiedlichen Erscheinungsformen, Ischialgie, Lumbalgie, Folgeerscheinungen von Br\u00fcchen, Prellungen, Verstauchungen und Verrenkungen. Ausgezeichnet zur Vorbeugung von Verletzungen und zur St\u00e4rkung des Immunsystems. Der Fango beseitigt [&hellip;]<\/p>\n","protected":false},"author":2,"featured_media":0,"parent":0,"menu_order":0,"comment_status":"closed","ping_status":"closed","template":"","meta":{"footnotes":""},"class_list":["post-3479","page","type-page","status-publish","hentry"],"yoast_head":"<!-- This site is optimized with the Yoast SEO plugin v23.2 - https:\/\/yoast.com\/wordpress\/plugins\/seo\/ -->\n<title>Fangotherapie - Hotel Terme Marconi - Hotel 3* a Montegrotto Terme<\/title>\n<meta name=\"description\" content=\"L&#039;hotel dispone di centro termale fangoterapico. La Fangoterapia \u00e8 indicata per reumatismi, artriti ed artrosi, sciatica, lombaggine.\" \/>\n<meta name=\"robots\" content=\"index, follow, max-snippet:-1, max-image-preview:large, max-video-preview:-1\" \/>\n<link rel=\"canonical\" href=\"https:\/\/termemarconi.it\/de\/fangotherapie\/?lang=de\" \/>\n<meta property=\"og:locale\" content=\"de_DE\" \/>\n<meta property=\"og:type\" content=\"article\" \/>\n<meta property=\"og:title\" content=\"Fangotherapie - Hotel Terme Marconi - Hotel 3* a Montegrotto Terme\" \/>\n<meta property=\"og:description\" content=\"L&#039;hotel dispone di centro termale fangoterapico. La Fangoterapia \u00e8 indicata per reumatismi, artriti ed artrosi, sciatica, lombaggine.\" \/>\n<meta property=\"og:url\" content=\"https:\/\/termemarconi.it\/fangotherapie\/?lang=de\" \/>\n<meta property=\"og:site_name\" content=\"Hotel Terme Marconi - Hotel 3* a Montegrotto Terme\" \/>\n<meta property=\"article:publisher\" content=\"https:\/\/www.facebook.com\/termemarconi\" \/>\n<meta property=\"article:modified_time\" content=\"2022-08-29T15:29:30+00:00\" \/>\n<meta name=\"twitter:card\" content=\"summary_large_image\" \/>\n<meta name=\"twitter:label1\" content=\"Gesch\u00e4tzte Lesezeit\" \/>\n\t<meta name=\"twitter:data1\" content=\"3\u00a0Minuten\" \/>\n<script type=\"application\/ld+json\" class=\"yoast-schema-graph\">{\"@context\":\"https:\/\/schema.org\",\"@graph\":[{\"@type\":\"WebPage\",\"@id\":\"https:\/\/termemarconi.it\/fangotherapie\/?lang=de\",\"url\":\"https:\/\/termemarconi.it\/fangotherapie\/?lang=de\",\"name\":\"Fangotherapie - Hotel Terme Marconi - Hotel 3* a Montegrotto Terme\",\"isPartOf\":{\"@id\":\"https:\/\/termemarconi.it\/#website\"},\"datePublished\":\"2022-07-15T10:27:05+00:00\",\"dateModified\":\"2022-08-29T15:29:30+00:00\",\"description\":\"L'hotel dispone di centro termale fangoterapico. La Fangoterapia \u00e8 indicata per reumatismi, artriti ed artrosi, sciatica, lombaggine.\",\"breadcrumb\":{\"@id\":\"https:\/\/termemarconi.it\/fangotherapie\/?lang=de#breadcrumb\"},\"inLanguage\":\"de\",\"potentialAction\":[{\"@type\":\"ReadAction\",\"target\":[\"https:\/\/termemarconi.it\/fangotherapie\/?lang=de\"]}]},{\"@type\":\"BreadcrumbList\",\"@id\":\"https:\/\/termemarconi.it\/fangotherapie\/?lang=de#breadcrumb\",\"itemListElement\":[{\"@type\":\"ListItem\",\"position\":1,\"name\":\"Home\",\"item\":\"https:\/\/termemarconi.it\/de\/\"},{\"@type\":\"ListItem\",\"position\":2,\"name\":\"Fangotherapie\"}]},{\"@type\":\"WebSite\",\"@id\":\"https:\/\/termemarconi.it\/#website\",\"url\":\"https:\/\/termemarconi.it\/\",\"name\":\"Hotel Terme Marconi - Hotel 3* a Montegrotto Terme\",\"description\":\"Hotel Termale Spa e Piscine a Montegrotto Terme\",\"publisher\":{\"@id\":\"https:\/\/termemarconi.it\/#organization\"},\"potentialAction\":[{\"@type\":\"SearchAction\",\"target\":{\"@type\":\"EntryPoint\",\"urlTemplate\":\"https:\/\/termemarconi.it\/?s={search_term_string}\"},\"query-input\":\"required name=search_term_string\"}],\"inLanguage\":\"de\"},{\"@type\":\"Organization\",\"@id\":\"https:\/\/termemarconi.it\/#organization\",\"name\":\"Hotel Terme Marconi - Hotel 3* a Montegrotto Terme\",\"url\":\"https:\/\/termemarconi.it\/\",\"logo\":{\"@type\":\"ImageObject\",\"inLanguage\":\"de\",\"@id\":\"https:\/\/termemarconi.it\/#\/schema\/logo\/image\/\",\"url\":\"http:\/\/termemarconi.it\/web\/wp-content\/uploads\/2022\/06\/marconi-logo.png\",\"contentUrl\":\"http:\/\/termemarconi.it\/web\/wp-content\/uploads\/2022\/06\/marconi-logo.png\",\"width\":275,\"height\":76,\"caption\":\"Hotel Terme Marconi - Hotel 3* a Montegrotto Terme\"},\"image\":{\"@id\":\"https:\/\/termemarconi.it\/#\/schema\/logo\/image\/\"},\"sameAs\":[\"https:\/\/www.facebook.com\/termemarconi\",\"https:\/\/www.instagram.com\/hotel_terme_marconi\/\"]}]}<\/script>\n<!-- \/ Yoast SEO plugin. -->","yoast_head_json":{"title":"Fangotherapie - Hotel Terme Marconi - Hotel 3* a Montegrotto Terme","description":"L'hotel dispone di centro termale fangoterapico. La Fangoterapia \u00e8 indicata per reumatismi, artriti ed artrosi, sciatica, lombaggine.","robots":{"index":"index","follow":"follow","max-snippet":"max-snippet:-1","max-image-preview":"max-image-preview:large","max-video-preview":"max-video-preview:-1"},"canonical":"https:\/\/termemarconi.it\/de\/fangotherapie\/?lang=de","og_locale":"de_DE","og_type":"article","og_title":"Fangotherapie - Hotel Terme Marconi - Hotel 3* a Montegrotto Terme","og_description":"L'hotel dispone di centro termale fangoterapico. La Fangoterapia \u00e8 indicata per reumatismi, artriti ed artrosi, sciatica, lombaggine.","og_url":"https:\/\/termemarconi.it\/fangotherapie\/?lang=de","og_site_name":"Hotel Terme Marconi - Hotel 3* a Montegrotto Terme","article_publisher":"https:\/\/www.facebook.com\/termemarconi","article_modified_time":"2022-08-29T15:29:30+00:00","twitter_card":"summary_large_image","twitter_misc":{"Gesch\u00e4tzte Lesezeit":"3\u00a0Minuten"},"schema":{"@context":"https:\/\/schema.org","@graph":[{"@type":"WebPage","@id":"https:\/\/termemarconi.it\/fangotherapie\/?lang=de","url":"https:\/\/termemarconi.it\/fangotherapie\/?lang=de","name":"Fangotherapie - Hotel Terme Marconi - Hotel 3* a Montegrotto Terme","isPartOf":{"@id":"https:\/\/termemarconi.it\/#website"},"datePublished":"2022-07-15T10:27:05+00:00","dateModified":"2022-08-29T15:29:30+00:00","description":"L'hotel dispone di centro termale fangoterapico. La Fangoterapia \u00e8 indicata per reumatismi, artriti ed artrosi, sciatica, lombaggine.","breadcrumb":{"@id":"https:\/\/termemarconi.it\/fangotherapie\/?lang=de#breadcrumb"},"inLanguage":"de","potentialAction":[{"@type":"ReadAction","target":["https:\/\/termemarconi.it\/fangotherapie\/?lang=de"]}]},{"@type":"BreadcrumbList","@id":"https:\/\/termemarconi.it\/fangotherapie\/?lang=de#breadcrumb","itemListElement":[{"@type":"ListItem","position":1,"name":"Home","item":"https:\/\/termemarconi.it\/de\/"},{"@type":"ListItem","position":2,"name":"Fangotherapie"}]},{"@type":"WebSite","@id":"https:\/\/termemarconi.it\/#website","url":"https:\/\/termemarconi.it\/","name":"Hotel Terme Marconi - Hotel 3* a Montegrotto Terme","description":"Hotel Termale Spa e Piscine a Montegrotto Terme","publisher":{"@id":"https:\/\/termemarconi.it\/#organization"},"potentialAction":[{"@type":"SearchAction","target":{"@type":"EntryPoint","urlTemplate":"https:\/\/termemarconi.it\/?s={search_term_string}"},"query-input":"required name=search_term_string"}],"inLanguage":"de"},{"@type":"Organization","@id":"https:\/\/termemarconi.it\/#organization","name":"Hotel Terme Marconi - Hotel 3* a Montegrotto Terme","url":"https:\/\/termemarconi.it\/","logo":{"@type":"ImageObject","inLanguage":"de","@id":"https:\/\/termemarconi.it\/#\/schema\/logo\/image\/","url":"http:\/\/termemarconi.it\/web\/wp-content\/uploads\/2022\/06\/marconi-logo.png","contentUrl":"http:\/\/termemarconi.it\/web\/wp-content\/uploads\/2022\/06\/marconi-logo.png","width":275,"height":76,"caption":"Hotel Terme Marconi - Hotel 3* a Montegrotto Terme"},"image":{"@id":"https:\/\/termemarconi.it\/#\/schema\/logo\/image\/"},"sameAs":["https:\/\/www.facebook.com\/termemarconi","https:\/\/www.instagram.com\/hotel_terme_marconi\/"]}]}},"_links":{"self":[{"href":"https:\/\/termemarconi.it\/de\/wp-json\/wp\/v2\/pages\/3479","targetHints":{"allow":["GET"]}}],"collection":[{"href":"https:\/\/termemarconi.it\/de\/wp-json\/wp\/v2\/pages"}],"about":[{"href":"https:\/\/termemarconi.it\/de\/wp-json\/wp\/v2\/types\/page"}],"author":[{"embeddable":true,"href":"https:\/\/termemarconi.it\/de\/wp-json\/wp\/v2\/users\/2"}],"replies":[{"embeddable":true,"href":"https:\/\/termemarconi.it\/de\/wp-json\/wp\/v2\/comments?post=3479"}],"version-history":[{"count":4,"href":"https:\/\/termemarconi.it\/de\/wp-json\/wp\/v2\/pages\/3479\/revisions"}],"predecessor-version":[{"id":3525,"href":"https:\/\/termemarconi.it\/de\/wp-json\/wp\/v2\/pages\/3479\/revisions\/3525"}],"wp:attachment":[{"href":"https:\/\/termemarconi.it\/de\/wp-json\/wp\/v2\/media?parent=3479"}],"curies":[{"name":"wp","href":"https:\/\/api.w.org\/{rel}","templated":true}]}}