{"id":3467,"date":"2022-08-24T15:45:57","date_gmt":"2022-08-24T13:45:57","guid":{"rendered":"http:\/\/termemarconi.it\/web\/cicloturismo\/"},"modified":"2022-08-26T16:48:00","modified_gmt":"2022-08-26T14:48:00","slug":"fahrradtourismus","status":"publish","type":"page","link":"https:\/\/termemarconi.it\/de\/fahrradtourismus\/","title":{"rendered":"Fahrradtourismus"},"content":{"rendered":"<p>[vc_row full_width=&#8220;stretch_row&#8220; parallax=&#8220;content-moving&#8220; parallax_image=&#8220;3299&#8243; css=&#8220;.vc_custom_1661350136318{margin-top: 0px !important;margin-bottom: 0px !important;border-top-width: 0px !important;border-bottom-width: 0px !important;padding-top: 0px !important;padding-bottom: 0px !important;}&#8220; el_class=&#8220;nd_options_vc_parallax_filter_2_4&#8243;][vc_column width=&#8220;1\/6&#8243;][\/vc_column][vc_column width=&#8220;2\/3&#8243; el_class=&#8220;nd_options_text_align_center&#8220;][vc_empty_space height=&#8220;200&#8243;] <h1 style=\"color:#ffffff;padding:px;text-align:center;font-size:95px;line-height:95px;letter-spacing: 2px;font-weight:lighter\" class=\"   nd_options_third_font \">Fahrradtourismus<\/h1> <div style=\"background-color:;height: 30px\" class=\"nicdark_section  \"><\/div> <p style=\"color:#ffffff;padding:px;text-align:center;font-size:22px;line-height:33px;letter-spacing: 1px;font-weight:normal\" class=\"   nd_options_second_font \">Fahrradtourismus - Radwege<\/p> [vc_empty_space height=&#8220;200&#8243;][\/vc_column][vc_column width=&#8220;1\/6&#8243;][\/vc_column][\/vc_row][vc_row][vc_column][vc_empty_space height=&#8220;70&#8243;][\/vc_column][\/vc_row][vc_row][vc_column] <h2 style=\"color:;padding:px;text-align:;font-size:42px;line-height:40px;letter-spacing: 2px;font-weight:lighter\" class=\"  nd_options_font_size_40_important_all_iphone nd_options_first_font \">Rundstrecke der Euganeischen H\u00fcgel ``E2``<\/h2> <div style=\"background-color:;height: 30px\" class=\"nicdark_section  \"><\/div>[vc_column_text]100 Meter vom Hotel Marconi entfernt f\u00fchrt die Rundstrecke der Euganeischen H\u00fcgel &#8222;E2&#8243; vorbei. Es handelt sich um einen ebenen Rad- und Wanderweg von insgesamt 63 km, der am Regionalpark der Euganeischen H\u00fcgel entlang f\u00fchrt und sowohl mit dem Fahrrad als auch zu Fu\u00df bew\u00e4ltigt werden kann. Eine ideale Strecke f\u00fcr Wander- oder Fahrradbegeisterte inmitten der Natur. Au\u00dfer der gesamten Rundstrecke, die einen ganzen Tag in Anspruch nimmt und eine gute k\u00f6rperliche Verfassung voraussetzt, k\u00f6nnen auch kleine Abschnitte gew\u00e4hlt werden.[\/vc_column_text][vc_empty_space height=&#8220;30&#8243;][vc_masonry_media_grid gap=&#8220;15&#8243; item=&#8220;mediaGrid_Default&#8220; grid_id=&#8220;vc_gid:1661525060200-126e0b38-b344-8&#8243; include=&#8220;3321,3269,3319&#8243;][\/vc_column][\/vc_row][vc_row][vc_column][vc_empty_space height=&#8220;65&#8243;][\/vc_column][\/vc_row][vc_row full_width=&#8220;stretch_row&#8220; parallax=&#8220;content-moving&#8220; css=&#8220;.vc_custom_1657805097557{padding-top: 80px !important;padding-bottom: 80px !important;background-color: #113d34 !important;background-position: 0 0;background-repeat: no-repeat !important;}&#8220;][vc_column css=&#8220;.vc_custom_1548861971286{background-position: center !important;background-repeat: no-repeat !important;background-size: cover !important;}&#8220;][vc_row_inner][vc_column_inner css=&#8220;.vc_custom_1655974412412{background-color: #113d34 !important;background-position: center !important;background-repeat: no-repeat !important;background-size: cover !important;}&#8220;] <h2 style=\"color:#ffffff;padding:px;text-align:center;font-size:70px;line-height:70px;letter-spacing: px;font-weight:normal\" class=\"   nd_options_third_font \">Denn nur wenige Kilometer vom Hotel<\/h2> [vc_column_text]<\/p>\n<p style=\"color: #ffffff; padding: 0px 20px 0px 0px; text-align: center;\">entfernt kann man Folgendes besichtigen:<\/p>\n<p>[\/vc_column_text][vc_empty_space height=&#8220;27&#8243;][\/vc_column_inner][\/vc_row_inner][\/vc_column][\/vc_row][vc_row css=&#8220;.vc_custom_1661351687319{margin-top: -50px !important;}&#8220;][vc_column width=&#8220;1\/3&#8243;][vc_single_image image=&#8220;3338&#8243; img_size=&#8220;large&#8220;]<div style=\"background-color:;height: 30px\" class=\"nicdark_section  \"><\/div> <h2 style=\"color:;padding:px;text-align:;font-size:42px;line-height:40px;letter-spacing: 2px;font-weight:lighter\" class=\"  nd_options_font_size_40_important_all_iphone nd_options_first_font \">Das Landhaus der Villa Draghi<\/h2> <div style=\"background-color:;height: 30px\" class=\"nicdark_section  \"><\/div>[vc_column_text]in Montegrotto Terme in ca. 2 km Entfernung. Au\u00dfer der Villa kann man auf Waldwegen wandern, die auf einer Fl\u00e4che von ca. 32 Hektar darum herum verlaufen.<br \/>\n<strong><a href=\"http:\/\/www.associazionevilladraghi.org\" target=\"_blank\" rel=\"noopener\">www.associazionevilladraghi.org<\/a><\/strong>[\/vc_column_text]<div style=\"background-color:;height: 44px\" class=\"nicdark_section  \"><\/div>[\/vc_column][vc_column width=&#8220;1\/3&#8243;][vc_single_image image=&#8220;3334&#8243; img_size=&#8220;large&#8220;]<div style=\"background-color:;height: 30px\" class=\"nicdark_section  \"><\/div> <h2 style=\"color:;padding:px;text-align:;font-size:42px;line-height:40px;letter-spacing: 2px;font-weight:lighter\" class=\"  nd_options_font_size_40_important_all_iphone nd_options_first_font \"> Das Kloster von San Daniele<\/h2> <div style=\"background-color:;height: 30px\" class=\"nicdark_section  \"><\/div>[vc_column_text]in Abano Terme in ca. 4,5 km Entfernung. Es handelt sich um ein Geb\u00e4ude vom Beginn des 11. Jahrhunderts, das auf dem Gipfel des gleichnamigen H\u00fcgels erbaut wurde und vom Radrundweg aus gut erkennbar ist. Nach verschiedenen Wechself\u00e4llen sind dort seit 1948 die Benediktinerinnen von Fiume zuhause. In seinem Inneren befinden sich eine kleine Kirche, ein Museum und eine Verkaufsstelle f\u00fcr Naturprodukte mit Kr\u00e4utern und den Fr\u00fcchten der Arbeit der Bienen.<br \/>\n<strong><a href=\"http:\/\/www.monasterosandaniele.it\" target=\"_blank\" rel=\"noopener\">www.monasterosandaniele.it<\/a><\/strong>[\/vc_column_text]<div style=\"background-color:;height: 44px\" class=\"nicdark_section  \"><\/div>[\/vc_column][vc_column width=&#8220;1\/3&#8243;][vc_single_image image=&#8220;3340&#8243; img_size=&#8220;large&#8220;]<div style=\"background-color:;height: 30px\" class=\"nicdark_section  \"><\/div> <h2 style=\"color:;padding:px;text-align:;font-size:42px;line-height:40px;letter-spacing: 2px;font-weight:lighter\" class=\"  nd_options_font_size_40_important_all_iphone nd_options_first_font \">Die Abtei von Praglia<\/h2> <div style=\"background-color:;height: 30px\" class=\"nicdark_section  \"><\/div>[vc_column_text]in der Gemeinde von Teolo in ca. 9 km Entfernung. Es handelt sich um ein zwischen dem 11. und 12. Jahrhundert erbautes Geb\u00e4ude, in dem eine Gemeinschaft von Benediktinern ihren Sitz hat.<br \/>\n<strong><a href=\"http:\/\/www.praglia.it\" target=\"_blank\" rel=\"noopener\">www.praglia.it<\/a><\/strong>[\/vc_column_text]<div style=\"background-color:;height: 44px\" class=\"nicdark_section  \"><\/div>[\/vc_column][\/vc_row][vc_row][vc_column width=&#8220;1\/3&#8243;][vc_single_image image=&#8220;3337&#8243; img_size=&#8220;large&#8220;]<div style=\"background-color:;height: 30px\" class=\"nicdark_section  \"><\/div> <h2 style=\"color:;padding:px;text-align:;font-size:42px;line-height:40px;letter-spacing: 2px;font-weight:lighter\" class=\"  nd_options_font_size_40_important_all_iphone nd_options_first_font \">Das Castello del Catajo<\/h2> <div style=\"background-color:;height: 30px\" class=\"nicdark_section  \"><\/div>[vc_column_text]in Battaglia Terme in ca. 4 km Entfernung. Es handelt sich um ein denkmalhistorisches Geb\u00e4ude, mit dessen Bau zu Beginn des 16. Jahrhunderts begonnen wurde, um den Prunk der Obizzi zu zelebrieren. In seinem Inneren befinden sich 350 Zimmer, der &#8222;Giardino delle delizie&#8220; (Garten der Freuden) und das 40 Hektar gro\u00dfe dazugeh\u00f6rige Grundst\u00fcck. Das Castello del Catajo wird als einer der wichtigsten europ\u00e4ischen historischen Wohnsitze betrachtet.<strong><a href=\"http:\/\/www.castellodelcatajo.it\" target=\"_blank\" rel=\"noopener\">www.castellodelcatajo.it<\/a><\/strong>[\/vc_column_text]<div style=\"background-color:;height: 44px\" class=\"nicdark_section  \"><\/div>[\/vc_column][vc_column width=&#8220;1\/3&#8243;][vc_single_image image=&#8220;3339&#8243; img_size=&#8220;large&#8220;]<div style=\"background-color:;height: 30px\" class=\"nicdark_section  \"><\/div> <h2 style=\"color:;padding:px;text-align:;font-size:42px;line-height:40px;letter-spacing: 2px;font-weight:lighter\" class=\"  nd_options_font_size_40_important_all_iphone nd_options_first_font \">Die Stadt Monselice<\/h2> <div style=\"background-color:;height: 30px\" class=\"nicdark_section  \"><\/div>[vc_column_text]die Burg Cini mit der Festung und dem Pfad der 7 kleinen Kirchen in ca. 11 km Entfernung.<br \/>\n<strong><a href=\"http:\/\/www.castellodimonselice.it\" target=\"_blank\" rel=\"noopener\">www.castellodimonselice.it<\/a><\/strong>[\/vc_column_text]<div style=\"background-color:;height: 44px\" class=\"nicdark_section  \"><\/div>[\/vc_column][vc_column width=&#8220;1\/3&#8243;][vc_single_image image=&#8220;3341&#8243; img_size=&#8220;large&#8220;]<div style=\"background-color:;height: 30px\" class=\"nicdark_section  \"><\/div> <h2 style=\"color:;padding:px;text-align:;font-size:42px;line-height:40px;letter-spacing: 2px;font-weight:lighter\" class=\"  nd_options_font_size_40_important_all_iphone nd_options_first_font \">Villa dei Vescovi<\/h2> <div style=\"background-color:;height: 30px\" class=\"nicdark_section  \"><\/div>[vc_column_text]in ca. 8 km Entfernung Die zu Beginn des 16. Jahrhunderts von Alvise Cornaro im Auftrag des Bischofs von Padua erbaute Villa wurde 2005 der FAI (gemeinn\u00fctzige Stiftung f\u00fcr Denkmalpflege und Naturschutz) geschenkt.<br \/>\n<strong><a href=\"http:\/\/www.fondoambiente.it\/luoghi\/villa-dei-vescovi\" target=\"_blank\" rel=\"noopener\">www.fondoambiente.it\/luoghi\/villa-dei-vescovi<\/a><\/strong>[\/vc_column_text]<div style=\"background-color:;height: 44px\" class=\"nicdark_section  \"><\/div>[\/vc_column][\/vc_row][vc_row full_width=&#8220;stretch_row&#8220; parallax=&#8220;content-moving&#8220; css=&#8220;.vc_custom_1657805097557{padding-top: 80px !important;padding-bottom: 80px !important;background-color: #113d34 !important;background-position: 0 0;background-repeat:-repeat !important;}&#8220;][vc_column css=&#8220;.vc_custom_1548861971286{background-position: center !important;background-repeat: no-repeat !important;background-size: cover !important;}&#8220;][vc_row_inner][vc_column_inner width=&#8220;1\/3&#8243; css=&#8220;.vc_custom_1655974412412{background-color: #113d34 !important;background-position: center !important;background-repeat: no-repeat !important;background-size: cover !important;}&#8220;] <h2 style=\"color:#ffffff;padding:px;text-align:;font-size:70px;line-height:70px;letter-spacing: px;font-weight:normal\" class=\"   nd_options_third_font \">Die Kulisse der Euganeischen H\u00fcgel<\/h2> [vc_empty_space height=&#8220;27&#8243;][\/vc_column_inner][vc_column_inner width=&#8220;2\/3&#8243;][vc_column_text]<\/p>\n<p style=\"color: #ffffff; text-align: left; padding: 0px 20px 0px 0px;\">Die Kulisse der Euganeischen H\u00fcgel dient den Strecken als Hintergrund, w\u00e4hrend man inmitten einer Landschaft aus bestellten Feldern und bl\u00fchenden B\u00e4umen l\u00e4uft oder wandert. Entlang der Stecke kann man auch Halt machen, um ein paar typische Produkte des Gebiets zu verkosten.<br \/>\nIm Hotel Marconi bieten wir die M\u00f6glichkeit, Fahrr\u00e4der unterzustellen, sollten Sie diese dabeihaben oder mieten (am Haupteingang des Hotels gibt es einen Fahrradverleih).<br \/>\nDie Rad- und Wanderwege werden auch intensiv von Nordic Walking-Begeisterten genutzt. Das Hotel stellt den G\u00e4sten neben einem ausgebildeten Lehrer, der Unterricht erteilen oder Gruppen begleiten kann, um diese Disziplin auch im Hotelpark des Marconi auszu\u00fcben, die St\u00f6cke zur Verf\u00fcgung.<\/p>\n<p style=\"color: #ffffff; text-align: left; padding: 0px 20px 0px 0px;\"><strong><a style=\"color: #ffffff;\" href=\"http:\/\/www.piste-ciclabili.com\/comune-montegrotto_terme\" target=\"_blank\" rel=\"noopener\">www.piste-ciclabili.com\/comune-montegrotto_terme<\/a><\/strong><\/p>\n<p>[\/vc_column_text][\/vc_column_inner][\/vc_row_inner][\/vc_column][\/vc_row][vc_row full_width=&#8220;stretch_row_content&#8220;][vc_column][vc_empty_space height=&#8220;15&#8243;][vc_masonry_media_grid gap=&#8220;15&#8243; grid_id=&#8220;vc_gid:1661525060217-1a63888c-fad7-5&#8243; include=&#8220;3268,3309,2578&#8243;][vc_empty_space height=&#8220;15&#8243;][\/vc_column][\/vc_row]<\/p>\n","protected":false},"excerpt":{"rendered":"<p>[vc_row full_width=&#8220;stretch_row&#8220; parallax=&#8220;content-moving&#8220; parallax_image=&#8220;3299&#8243; css=&#8220;.vc_custom_1661350136318{margin-top: 0px !important;margin-bottom: 0px !important;border-top-width: 0px !important;border-bottom-width: 0px !important;padding-top: 0px !important;padding-bottom: 0px !important;}&#8220; el_class=&#8220;nd_options_vc_parallax_filter_2_4&#8243;][vc_column width=&#8220;1\/6&#8243;][\/vc_column][vc_column width=&#8220;2\/3&#8243; el_class=&#8220;nd_options_text_align_center&#8220;][vc_empty_space height=&#8220;200&#8243;][vc_empty_space height=&#8220;200&#8243;][\/vc_column][vc_column width=&#8220;1\/6&#8243;][\/vc_column][\/vc_row][vc_row][vc_column][vc_empty_space height=&#8220;70&#8243;][\/vc_column][\/vc_row][vc_row][vc_column][vc_column_text]100 Meter vom Hotel Marconi entfernt f\u00fchrt die Rundstrecke der Euganeischen H\u00fcgel &#8222;E2&#8243; vorbei. Es handelt sich um einen ebenen Rad- und Wanderweg von insgesamt 63 km, der am Regionalpark der [&hellip;]<\/p>\n","protected":false},"author":2,"featured_media":0,"parent":0,"menu_order":0,"comment_status":"closed","ping_status":"closed","template":"","meta":{"footnotes":""},"class_list":["post-3467","page","type-page","status-publish","hentry"],"yoast_head":"<!-- This site is optimized with the Yoast SEO plugin v23.2 - https:\/\/yoast.com\/wordpress\/plugins\/seo\/ -->\n<title>Fahrradtourismus - Hotel Terme Marconi - Hotel 3* a Montegrotto Terme<\/title>\n<meta name=\"description\" content=\"L&#039;Hotel Terme Marconi da la possibilit\u00e0 di noleggiare la bicicletta per percorsi sui Colli Euganei e citt\u00e0 d&#039;arte.\" \/>\n<meta name=\"robots\" content=\"index, follow, max-snippet:-1, max-image-preview:large, max-video-preview:-1\" \/>\n<link rel=\"canonical\" href=\"https:\/\/termemarconi.it\/de\/fahrradtourismus\/\" \/>\n<meta property=\"og:locale\" content=\"de_DE\" \/>\n<meta property=\"og:type\" content=\"article\" \/>\n<meta property=\"og:title\" content=\"Fahrradtourismus - Hotel Terme Marconi - Hotel 3* a Montegrotto Terme\" \/>\n<meta property=\"og:description\" content=\"L&#039;Hotel Terme Marconi da la possibilit\u00e0 di noleggiare la bicicletta per percorsi sui Colli Euganei e citt\u00e0 d&#039;arte.\" \/>\n<meta property=\"og:url\" content=\"https:\/\/termemarconi.it\/de\/fahrradtourismus\/\" \/>\n<meta property=\"og:site_name\" content=\"Hotel Terme Marconi - Hotel 3* a Montegrotto Terme\" \/>\n<meta property=\"article:publisher\" content=\"https:\/\/www.facebook.com\/termemarconi\" \/>\n<meta property=\"article:modified_time\" content=\"2022-08-26T14:48:00+00:00\" \/>\n<meta name=\"twitter:card\" content=\"summary_large_image\" \/>\n<meta name=\"twitter:label1\" content=\"Gesch\u00e4tzte Lesezeit\" \/>\n\t<meta name=\"twitter:data1\" content=\"4\u00a0Minuten\" \/>\n<script type=\"application\/ld+json\" class=\"yoast-schema-graph\">{\"@context\":\"https:\/\/schema.org\",\"@graph\":[{\"@type\":\"WebPage\",\"@id\":\"https:\/\/termemarconi.it\/de\/fahrradtourismus\/\",\"url\":\"https:\/\/termemarconi.it\/de\/fahrradtourismus\/\",\"name\":\"Fahrradtourismus - Hotel Terme Marconi - Hotel 3* a Montegrotto Terme\",\"isPartOf\":{\"@id\":\"https:\/\/termemarconi.it\/#website\"},\"datePublished\":\"2022-08-24T13:45:57+00:00\",\"dateModified\":\"2022-08-26T14:48:00+00:00\",\"description\":\"L'Hotel Terme Marconi da la possibilit\u00e0 di noleggiare la bicicletta per percorsi sui Colli Euganei e citt\u00e0 d'arte.\",\"breadcrumb\":{\"@id\":\"https:\/\/termemarconi.it\/de\/fahrradtourismus\/#breadcrumb\"},\"inLanguage\":\"de\",\"potentialAction\":[{\"@type\":\"ReadAction\",\"target\":[\"https:\/\/termemarconi.it\/de\/fahrradtourismus\/\"]}]},{\"@type\":\"BreadcrumbList\",\"@id\":\"https:\/\/termemarconi.it\/de\/fahrradtourismus\/#breadcrumb\",\"itemListElement\":[{\"@type\":\"ListItem\",\"position\":1,\"name\":\"Home\",\"item\":\"https:\/\/termemarconi.it\/de\/\"},{\"@type\":\"ListItem\",\"position\":2,\"name\":\"Fahrradtourismus\"}]},{\"@type\":\"WebSite\",\"@id\":\"https:\/\/termemarconi.it\/#website\",\"url\":\"https:\/\/termemarconi.it\/\",\"name\":\"Hotel Terme Marconi - Hotel 3* a Montegrotto Terme\",\"description\":\"Hotel Termale Spa e Piscine a Montegrotto Terme\",\"publisher\":{\"@id\":\"https:\/\/termemarconi.it\/#organization\"},\"potentialAction\":[{\"@type\":\"SearchAction\",\"target\":{\"@type\":\"EntryPoint\",\"urlTemplate\":\"https:\/\/termemarconi.it\/?s={search_term_string}\"},\"query-input\":\"required name=search_term_string\"}],\"inLanguage\":\"de\"},{\"@type\":\"Organization\",\"@id\":\"https:\/\/termemarconi.it\/#organization\",\"name\":\"Hotel Terme Marconi - Hotel 3* a Montegrotto Terme\",\"url\":\"https:\/\/termemarconi.it\/\",\"logo\":{\"@type\":\"ImageObject\",\"inLanguage\":\"de\",\"@id\":\"https:\/\/termemarconi.it\/#\/schema\/logo\/image\/\",\"url\":\"http:\/\/termemarconi.it\/web\/wp-content\/uploads\/2022\/06\/marconi-logo.png\",\"contentUrl\":\"http:\/\/termemarconi.it\/web\/wp-content\/uploads\/2022\/06\/marconi-logo.png\",\"width\":275,\"height\":76,\"caption\":\"Hotel Terme Marconi - Hotel 3* a Montegrotto Terme\"},\"image\":{\"@id\":\"https:\/\/termemarconi.it\/#\/schema\/logo\/image\/\"},\"sameAs\":[\"https:\/\/www.facebook.com\/termemarconi\",\"https:\/\/www.instagram.com\/hotel_terme_marconi\/\"]}]}<\/script>\n<!-- \/ Yoast SEO plugin. -->","yoast_head_json":{"title":"Fahrradtourismus - Hotel Terme Marconi - Hotel 3* a Montegrotto Terme","description":"L'Hotel Terme Marconi da la possibilit\u00e0 di noleggiare la bicicletta per percorsi sui Colli Euganei e citt\u00e0 d'arte.","robots":{"index":"index","follow":"follow","max-snippet":"max-snippet:-1","max-image-preview":"max-image-preview:large","max-video-preview":"max-video-preview:-1"},"canonical":"https:\/\/termemarconi.it\/de\/fahrradtourismus\/","og_locale":"de_DE","og_type":"article","og_title":"Fahrradtourismus - Hotel Terme Marconi - Hotel 3* a Montegrotto Terme","og_description":"L'Hotel Terme Marconi da la possibilit\u00e0 di noleggiare la bicicletta per percorsi sui Colli Euganei e citt\u00e0 d'arte.","og_url":"https:\/\/termemarconi.it\/de\/fahrradtourismus\/","og_site_name":"Hotel Terme Marconi - Hotel 3* a Montegrotto Terme","article_publisher":"https:\/\/www.facebook.com\/termemarconi","article_modified_time":"2022-08-26T14:48:00+00:00","twitter_card":"summary_large_image","twitter_misc":{"Gesch\u00e4tzte Lesezeit":"4\u00a0Minuten"},"schema":{"@context":"https:\/\/schema.org","@graph":[{"@type":"WebPage","@id":"https:\/\/termemarconi.it\/de\/fahrradtourismus\/","url":"https:\/\/termemarconi.it\/de\/fahrradtourismus\/","name":"Fahrradtourismus - Hotel Terme Marconi - Hotel 3* a Montegrotto Terme","isPartOf":{"@id":"https:\/\/termemarconi.it\/#website"},"datePublished":"2022-08-24T13:45:57+00:00","dateModified":"2022-08-26T14:48:00+00:00","description":"L'Hotel Terme Marconi da la possibilit\u00e0 di noleggiare la bicicletta per percorsi sui Colli Euganei e citt\u00e0 d'arte.","breadcrumb":{"@id":"https:\/\/termemarconi.it\/de\/fahrradtourismus\/#breadcrumb"},"inLanguage":"de","potentialAction":[{"@type":"ReadAction","target":["https:\/\/termemarconi.it\/de\/fahrradtourismus\/"]}]},{"@type":"BreadcrumbList","@id":"https:\/\/termemarconi.it\/de\/fahrradtourismus\/#breadcrumb","itemListElement":[{"@type":"ListItem","position":1,"name":"Home","item":"https:\/\/termemarconi.it\/de\/"},{"@type":"ListItem","position":2,"name":"Fahrradtourismus"}]},{"@type":"WebSite","@id":"https:\/\/termemarconi.it\/#website","url":"https:\/\/termemarconi.it\/","name":"Hotel Terme Marconi - Hotel 3* a Montegrotto Terme","description":"Hotel Termale Spa e Piscine a Montegrotto Terme","publisher":{"@id":"https:\/\/termemarconi.it\/#organization"},"potentialAction":[{"@type":"SearchAction","target":{"@type":"EntryPoint","urlTemplate":"https:\/\/termemarconi.it\/?s={search_term_string}"},"query-input":"required name=search_term_string"}],"inLanguage":"de"},{"@type":"Organization","@id":"https:\/\/termemarconi.it\/#organization","name":"Hotel Terme Marconi - Hotel 3* a Montegrotto Terme","url":"https:\/\/termemarconi.it\/","logo":{"@type":"ImageObject","inLanguage":"de","@id":"https:\/\/termemarconi.it\/#\/schema\/logo\/image\/","url":"http:\/\/termemarconi.it\/web\/wp-content\/uploads\/2022\/06\/marconi-logo.png","contentUrl":"http:\/\/termemarconi.it\/web\/wp-content\/uploads\/2022\/06\/marconi-logo.png","width":275,"height":76,"caption":"Hotel Terme Marconi - Hotel 3* a Montegrotto Terme"},"image":{"@id":"https:\/\/termemarconi.it\/#\/schema\/logo\/image\/"},"sameAs":["https:\/\/www.facebook.com\/termemarconi","https:\/\/www.instagram.com\/hotel_terme_marconi\/"]}]}},"_links":{"self":[{"href":"https:\/\/termemarconi.it\/de\/wp-json\/wp\/v2\/pages\/3467","targetHints":{"allow":["GET"]}}],"collection":[{"href":"https:\/\/termemarconi.it\/de\/wp-json\/wp\/v2\/pages"}],"about":[{"href":"https:\/\/termemarconi.it\/de\/wp-json\/wp\/v2\/types\/page"}],"author":[{"embeddable":true,"href":"https:\/\/termemarconi.it\/de\/wp-json\/wp\/v2\/users\/2"}],"replies":[{"embeddable":true,"href":"https:\/\/termemarconi.it\/de\/wp-json\/wp\/v2\/comments?post=3467"}],"version-history":[{"count":2,"href":"https:\/\/termemarconi.it\/de\/wp-json\/wp\/v2\/pages\/3467\/revisions"}],"predecessor-version":[{"id":3471,"href":"https:\/\/termemarconi.it\/de\/wp-json\/wp\/v2\/pages\/3467\/revisions\/3471"}],"wp:attachment":[{"href":"https:\/\/termemarconi.it\/de\/wp-json\/wp\/v2\/media?parent=3467"}],"curies":[{"name":"wp","href":"https:\/\/api.w.org\/{rel}","templated":true}]}}