{"id":3463,"date":"2022-07-21T15:39:34","date_gmt":"2022-07-21T13:39:34","guid":{"rendered":"http:\/\/termemarconi.it\/web\/camere\/"},"modified":"2024-08-29T11:00:06","modified_gmt":"2024-08-29T09:00:06","slug":"zimmer","status":"publish","type":"page","link":"https:\/\/termemarconi.it\/de\/zimmer\/","title":{"rendered":"Zimmer"},"content":{"rendered":"<p>[vc_row full_width=&#8220;stretch_row&#8220; parallax=&#8220;content-moving&#8220; parallax_image=&#8220;4804&#8243; css=&#8220;.vc_custom_1724921927251{margin-top: 0px !important;margin-bottom: 0px !important;border-top-width: 0px !important;border-bottom-width: 0px !important;padding-top: 0px !important;padding-bottom: 0px !important;}&#8220; el_class=&#8220;nd_options_vc_parallax_filter_2_5&#8243;][vc_column width=&#8220;1\/6&#8243;][\/vc_column][vc_column width=&#8220;2\/3&#8243; el_class=&#8220;nd_options_text_align_center&#8220;][vc_empty_space height=&#8220;200&#8243;] <h1 style=\"color:#ffffff;padding:px;text-align:center;font-size:95px;line-height:95px;letter-spacing: 2px;font-weight:lighter\" class=\"   nd_options_third_font \">Zimmer<\/h1> <div style=\"background-color:;height: 30px\" class=\"nicdark_section  \"><\/div> <p style=\"color:#ffffff;padding:px;text-align:center;font-size:22px;line-height:33px;letter-spacing: 1px;font-weight:normal\" class=\"   nd_options_second_font \">Im Hotel Marconi gibt es verschiedene Zimmerkategorien, die alle gleicherma\u00dfen komfortabel und einladend sind und sich f\u00fcr eine verdiente Erholung w\u00e4hrend oder am Ende eines Tages in den Thermen eignen.<\/p> [vc_empty_space height=&#8220;200&#8243;]<div style=\"background-color:;height: 30px\" class=\"nicdark_section  \"><\/div>[\/vc_column][vc_column width=&#8220;1\/6&#8243;][\/vc_column][\/vc_row][vc_row css=&#8220;.vc_custom_1658410828457{margin-top: -95px !important;background-position: 0 0 !important;background-repeat: no-repeat !important;}&#8220;][vc_column width=&#8220;2\/3&#8243; css=&#8220;.vc_custom_1548405352794{padding-top: 70px !important;padding-right: 70px !important;padding-bottom: 70px !important;padding-left: 70px !important;}&#8220; el_class=&#8220;nd_options_home_4_section_1 nd_options_padding_20_first_div_important_responsive&#8220;]<div style=\"background-color:;height: 110px\" class=\"nicdark_section  \"><\/div> <h2 style=\"color:#eeeeee;padding:px;text-align:;font-size:70px;line-height:px;letter-spacing: 0px;font-weight:normal\" class=\"   nd_options_third_font \">Entspannen<\/h2>  <h1 style=\"color:;padding:px;text-align:;font-size:50px;line-height:px;letter-spacing: 2px;font-weight:lighter\" class=\"  nd_options_font_size_40_important_all_iphone nd_options_first_font \">ZIMMER<\/h1> <div style=\"background-color:;height: 35px\" class=\"nicdark_section  \"><\/div>[vc_row_inner][vc_column_inner width=&#8220;1\/2&#8243;][vc_column_text]Alle sind mit eigenem Badezimmer, Klimaanlage und weiteren unverzichtbaren kostenlosen Annehmlichkeiten wie Satellitenfernsehen, Sicherheitsfach, K\u00fchlschrank auf Wunsch,[\/vc_column_text][\/vc_column_inner][vc_column_inner width=&#8220;1\/2&#8243;][vc_column_text]F\u00f6n, Wi-Fi-Internetverbindung und einem gro\u00dfen Schreibtisch f\u00fcr diejenigen ausgestattet, die, auch wenn sie im Urlaub sind, immer irgendeine Arbeit erledigen m\u00fcssen.[\/vc_column_text][\/vc_column_inner][\/vc_row_inner]<div style=\"background-color:;height: 35px\" class=\"nicdark_section  \"><\/div>\n\t\n\t<a style=\"border: px solid;border-radius:3px;letter-spacing:2px;line-height:16px;font-size:16px;background-color:#113d34;padding:15px 35px;margin:;color:#ffffff\" rel=\"\" href=\"\/de\/kontakt\/\" class=\"nicdark_display_inline_block nd_options_float_left nd_options_font_weight_normal nd_options_first_font  \">BUCHEN SIE IHR ZIMMER<\/a>\n\t\n<div style=\"background-color:;height: 25px\" class=\"nicdark_section  \"><\/div>[\/vc_column][vc_column width=&#8220;1\/3&#8243; css=&#8220;.vc_custom_1724921947653{margin-top: 25px !important;background-image: url(https:\/\/termemarconi.it\/web\/wp-content\/uploads\/2024\/08\/camera-vert-2.webp?id=4809) !important;background-position: center !important;background-repeat: no-repeat !important;background-size: cover !important;}&#8220;]<div style=\"background-color:;height: 200px\" class=\"nicdark_section  \"><\/div><div style=\"background-color:;height: 250px\" class=\"nicdark_section  \"><\/div>[\/vc_column][\/vc_row][vc_row full_width=&#8220;stretch_row&#8220; parallax=&#8220;content-moving&#8220; css=&#8220;.vc_custom_1658909557670{padding-top: 80px !important;padding-bottom: 90px !important;background-color: #113d34 !important;background-position: 0 0;background-repeat: no-repeat !important;}&#8220;][vc_column css=&#8220;.vc_custom_1548861971286{background-position: center !important;background-repeat: no-repeat !important;background-size: cover !important;}&#8220;][vc_row_inner][vc_column_inner width=&#8220;1\/3&#8243; css=&#8220;.vc_custom_1655974412412{background-color: #113d34 !important;background-position: center !important;background-repeat: no-repeat !important;background-size: cover !important;}&#8220;][vc_empty_space height=&#8220;20&#8243;] <h2 style=\"color:#ffffff;padding:px;text-align:;font-size:60px;line-height:px;letter-spacing: px;font-weight:normal\" class=\"   nd_options_third_font \">Alle Zimmer...<\/h2> [vc_empty_space height=&#8220;27&#8243;][\/vc_column_inner][vc_column_inner width=&#8220;2\/3&#8243;][vc_column_text]<\/p>\n<p style=\"color: #ffffff; text-align: left; padding: 0px 20px 0px 0px;\">Alle Zimmer sind hell und luftig und mit einer Fenstert\u00fcr ausgestattet, die auf eine sch\u00f6ne Terrasse f\u00fchrt, auf der man entspannt sitzen und den Blick auf die Euganeischen H\u00fcgel, die Pools mit Whirlpool, das Gr\u00fcn des Parks und des Gartens oder einen Teil von Montegrotto Terme mit der charakteristischen gro\u00dfen Kuppel des Doms genie\u00dfen kann. Der Blick \u00e4ndert sich abh\u00e4ngig von der Position, in der die Zimmer sich befinden. Alle sind bequem und komfortabel, nur die Kategorie \u00e4ndert sich. Diese lassen wir unsere G\u00e4ste abh\u00e4ngig von ihren Bed\u00fcrfnissen w\u00e4hlen.<\/p>\n<p>[\/vc_column_text][vc_empty_space height=&#8220;27&#8243;][\/vc_column_inner][\/vc_row_inner][\/vc_column][\/vc_row][vc_row full_width=&#8220;stretch_row_content&#8220; css=&#8220;.vc_custom_1658759252260{margin-top: -77px !important;padding-right: 50px !important;padding-left: 50px !important;}&#8220;][vc_column width=&#8220;1\/3&#8243;][vc_masonry_media_grid element_width=&#8220;12&#8243; gap=&#8220;0&#8243; item=&#8220;masonryMedia_BorderedScale&#8220; grid_id=&#8220;vc_gid:1724921827297-77df55f5-308b-7&#8243; include=&#8220;4755&#8243;][vc_empty_space height=&#8220;3&#8243;][vc_masonry_media_grid gap=&#8220;3&#8243; item=&#8220;masonryMedia_BorderedScale&#8220; grid_id=&#8220;vc_gid:1724921827298-1615b25a-377a-3&#8243; include=&#8220;4775,4770,4765,4760,4650,4655&#8243;]<div style=\"background-color:;height: 15px\" class=\"nicdark_section  \"><\/div> <h2 style=\"color:#eeeeee;padding:px;text-align:;font-size:70px;line-height:px;letter-spacing: 0px;font-weight:normal\" class=\"   nd_options_third_font \">Zimmer<\/h2>  <h1 style=\"color:;padding:px;text-align:;font-size:40px;line-height:px;letter-spacing: 2px;font-weight:lighter\" class=\"  nd_options_font_size_40_important_all_iphone nd_options_first_font \">COMFORT<\/h1> <div style=\"background-color:;height: 25px\" class=\"nicdark_section  \"><\/div>[vc_column_text]Die Comfort-Zimmer sind alle mit zwei Betten ausgestattet, die gem\u00e4\u00df der W\u00fcnsche der G\u00e4ste entweder getrennt oder als Doppelbett zur Verf\u00fcgung gestellt werden. Alleinreisende k\u00f6nnen diese Zimmer auch als Einzelzimmer buchen.[\/vc_column_text]<div style=\"background-color:;height: 32px\" class=\"nicdark_section  \"><\/div>[\/vc_column][vc_column width=&#8220;1\/3&#8243;][vc_masonry_media_grid element_width=&#8220;12&#8243; gap=&#8220;0&#8243; item=&#8220;masonryMedia_BorderedScale&#8220; grid_id=&#8220;vc_gid:1724921827305-a03270c7-bbd6-4&#8243; include=&#8220;4665&#8243;][vc_empty_space height=&#8220;3&#8243;][vc_masonry_media_grid gap=&#8220;3&#8243; item=&#8220;masonryMedia_BorderedScale&#8220; grid_id=&#8220;vc_gid:1724921827306-dcc5d826-baf6-5&#8243; include=&#8220;4670,4675,4680,4685,4690,4695&#8243;]<div style=\"background-color:;height: 15px\" class=\"nicdark_section  \"><\/div> <h2 style=\"color:#eeeeee;padding:px;text-align:;font-size:70px;line-height:px;letter-spacing: 0px;font-weight:normal\" class=\"   nd_options_third_font \">Zimmer<\/h2>  <h1 style=\"color:;padding:px;text-align:;font-size:40px;line-height:px;letter-spacing: 2px;font-weight:lighter\" class=\"  nd_options_font_size_40_important_all_iphone nd_options_first_font \">JUNIOR SUITE<\/h1> <div style=\"background-color:;height: 25px\" class=\"nicdark_section  \"><\/div>[vc_column_text]Die Junior Suite (32 qm) gibt es erst seit kurzem. Sie ist das modernste Zimmer, sowohl was die Wandverkleidungen als auch was die M\u00f6bel betrifft. Sie ist mit Doppelbett und einem bequemen Sofa ausgestattet, das sich im Bedarfsfall in ein Schlafsofa verwandelt (f\u00fcr einen dritten Gast). Die Junior Suite hat Blick auf den Garten.[\/vc_column_text]<div style=\"background-color:;height: 32px\" class=\"nicdark_section  \"><\/div>[\/vc_column][vc_column width=&#8220;1\/3&#8243;][vc_masonry_media_grid element_width=&#8220;12&#8243; gap=&#8220;0&#8243; item=&#8220;masonryMedia_BorderedScale&#8220; grid_id=&#8220;vc_gid:1724921827311-63f87615-e6d3-4&#8243; include=&#8220;4725&#8243;][vc_empty_space height=&#8220;3&#8243;][vc_masonry_media_grid gap=&#8220;3&#8243; item=&#8220;masonryMedia_BorderedScale&#8220; grid_id=&#8220;vc_gid:1724921827312-638ab543-dcb8-2&#8243; include=&#8220;4715,4720,4740,4745,4750,4785&#8243;]<div style=\"background-color:;height: 15px\" class=\"nicdark_section  \"><\/div> <h2 style=\"color:#eeeeee;padding:px;text-align:;font-size:70px;line-height:px;letter-spacing: 0px;font-weight:normal\" class=\"   nd_options_third_font \">Zimmer<\/h2>  <h1 style=\"color:;padding:px;text-align:;font-size:40px;line-height:px;letter-spacing: 2px;font-weight:lighter\" class=\"  nd_options_font_size_40_important_all_iphone nd_options_first_font \">SUITE<\/h1> <div style=\"background-color:;height: 25px\" class=\"nicdark_section  \"><\/div>[vc_column_text]Die Suiten (42 qm) eignen sich f\u00fcr alle, die es ganz besonders bequem haben m\u00f6chten. Sie sind im Vergleich zu den Confort-Zimmern mit einem gro\u00dfz\u00fcgigeren Eingang und Badezimmer und immer mit K\u00fchlschrank ausgestattet und verf\u00fcgen \u00fcber ein gem\u00fctliches kleines Wohnzimmer, in dem man es sich wie zu Hause im Sessel oder auf dem Sofa bequem machen und vielleicht in aller Ruhe eine Fernsehsendung ansehen kann. Der Wohnzimmerbereich ist vom Schlafbereich getrennt, um die beiden Bereiche voneinander unabh\u00e4ngig zu machen. Die Suite ist ein bei Familien sehr gefragter Zimmertyp, wenn jeder seinen eigenen Raum ben\u00f6tigt.<br \/>\nEinige Suiten sind eher kleine Wohnungen und ger\u00e4umiger (60 qm). Sie eigen sich f\u00fcr mehrk\u00f6pfige Familien, doch auch f\u00fcr G\u00e4ste, die bei einem l\u00e4ngeren Aufenthalt Bedarf an einem Winkel des Hotels ganz f\u00fcr sich allein haben. Von der Suite aus hat man nicht nur Blick auf die Pools, sondern gelangt auch in den Genuss, das Schauspiel der feurigen Sonnenunterg\u00e4nge auf den H\u00fcgeln zu beobachten.[\/vc_column_text]<div style=\"background-color:;height: 32px\" class=\"nicdark_section  \"><\/div>[\/vc_column][\/vc_row][vc_row][vc_column][vc_empty_space height=&#8220;40&#8243;][\/vc_column][\/vc_row][vc_row full_width=&#8220;stretch_row&#8220; css=&#8220;.vc_custom_1724921909348{background-image: url(https:\/\/termemarconi.it\/web\/wp-content\/uploads\/2024\/08\/accappatoio-sfondo.webp?id=4798) !important;background-position: center !important;background-repeat: no-repeat !important;background-size: cover !important;}&#8220;][vc_column css=&#8220;.vc_custom_1491985274415{padding-right: 30px !important;padding-left: 30px !important;}&#8220;][vc_row_inner css=&#8220;.vc_custom_1658413052199{padding-top: 40px !important;padding-right: 40px !important;padding-bottom: 40px !important;padding-left: 40px !important;background-position: center !important;background-repeat: no-repeat !important;background-size: cover !important;}&#8220;][vc_column_inner width=&#8220;2\/3&#8243;]\n\n    <div class=\"nd_options_section nd_options_position_relative home_calltoaction_service\">\n\n        <img decoding=\"async\" style=\"top:5px\" alt=\"\" class=\"nd_options_position_absolute nd_options_left_0\" width=\"50\" src=\"https:\/\/termemarconi.it\/web\/wp-content\/uploads\/2019\/01\/ico-05.png\">\n\n        <div style=\"padding-left:70px\" class=\"nd_options_section nd_options_box_sizing_border_box\">\n            \n            <h3 class=\"nd_options_first_font underline_phone \" style=\"margin:;color:#ffffff;font-size:30px;line-height:30px\">BUCHEN SIE IHR ZIMMER<\/h3> \n            <p class=\"nd_options_second_font  \" style=\"margin:10px 0px 0px 0px;color:#ffffff;font-size:17px;line-height:27px\">Senden Sie uns eine Anfrage, wir schicken Ihnen das beste Angebot!<\/p> \n            \n\n        <\/div>\n\n    <\/div>\n\n  [\/vc_column_inner][vc_column_inner el_class=&#8220;nd_options_text_align_right&#8220; width=&#8220;1\/3&#8243;]<div style=\"background-color:;height: 8px\" class=\"nicdark_section  \"><\/div>\n\t\n\t<a style=\"border: px solid;border-radius:3px;letter-spacing:px;line-height:16px;font-size:16px;background-color:#ffffff;padding:15px 35px;margin:;color:#113d34\" rel=\"\" href=\"\/de\/kontakt\/\" class=\"nicdark_display_inline_block nd_options_float_right nd_options_font_weight_normal nd_options_first_font home_calltoaction_service_button \">SENDEN SIE IHRE ANFRAGE<\/a>\n\t\n[\/vc_column_inner][\/vc_row_inner][\/vc_column][\/vc_row]<\/p>\n","protected":false},"excerpt":{"rendered":"<p>[vc_row full_width=&#8220;stretch_row&#8220; parallax=&#8220;content-moving&#8220; parallax_image=&#8220;4804&#8243; css=&#8220;.vc_custom_1724921927251{margin-top: 0px !important;margin-bottom: 0px !important;border-top-width: 0px !important;border-bottom-width: 0px !important;padding-top: 0px !important;padding-bottom: 0px !important;}&#8220; el_class=&#8220;nd_options_vc_parallax_filter_2_5&#8243;][vc_column width=&#8220;1\/6&#8243;][\/vc_column][vc_column width=&#8220;2\/3&#8243; el_class=&#8220;nd_options_text_align_center&#8220;][vc_empty_space height=&#8220;200&#8243;][vc_empty_space height=&#8220;200&#8243;][\/vc_column][vc_column width=&#8220;1\/6&#8243;][\/vc_column][\/vc_row][vc_row css=&#8220;.vc_custom_1658410828457{margin-top: -95px !important;background-position: 0 0 !important;background-repeat: no-repeat !important;}&#8220;][vc_column width=&#8220;2\/3&#8243; css=&#8220;.vc_custom_1548405352794{padding-top: 70px !important;padding-right: 70px !important;padding-bottom: 70px !important;padding-left: 70px !important;}&#8220; el_class=&#8220;nd_options_home_4_section_1 nd_options_padding_20_first_div_important_responsive&#8220;][vc_row_inner][vc_column_inner width=&#8220;1\/2&#8243;][vc_column_text]Alle sind mit eigenem Badezimmer, Klimaanlage und weiteren unverzichtbaren kostenlosen Annehmlichkeiten [&hellip;]<\/p>\n","protected":false},"author":2,"featured_media":0,"parent":0,"menu_order":0,"comment_status":"closed","ping_status":"closed","template":"","meta":{"footnotes":""},"class_list":["post-3463","page","type-page","status-publish","hentry"],"yoast_head":"<!-- This site is optimized with the Yoast SEO plugin v23.2 - https:\/\/yoast.com\/wordpress\/plugins\/seo\/ -->\n<title>Zimmer - Hotel Terme Marconi - Hotel 3* a Montegrotto Terme<\/title>\n<meta name=\"description\" content=\"All\u2019Hotel Marconi ci sono diverse tipologie di camere, tutte ugualmente confortevoli e accoglienti, con vista panoramica sui Colli Euganei.\" \/>\n<meta name=\"robots\" content=\"index, follow, max-snippet:-1, max-image-preview:large, max-video-preview:-1\" \/>\n<link rel=\"canonical\" href=\"https:\/\/termemarconi.it\/de\/zimmer\/\" \/>\n<meta property=\"og:locale\" content=\"de_DE\" \/>\n<meta property=\"og:type\" content=\"article\" \/>\n<meta property=\"og:title\" content=\"Zimmer - Hotel Terme Marconi - Hotel 3* a Montegrotto Terme\" \/>\n<meta property=\"og:description\" content=\"All\u2019Hotel Marconi ci sono diverse tipologie di camere, tutte ugualmente confortevoli e accoglienti, con vista panoramica sui Colli Euganei.\" \/>\n<meta property=\"og:url\" content=\"https:\/\/termemarconi.it\/de\/zimmer\/\" \/>\n<meta property=\"og:site_name\" content=\"Hotel Terme Marconi - Hotel 3* a Montegrotto Terme\" \/>\n<meta property=\"article:publisher\" content=\"https:\/\/www.facebook.com\/termemarconi\" \/>\n<meta property=\"article:modified_time\" content=\"2024-08-29T09:00:06+00:00\" \/>\n<meta name=\"twitter:card\" content=\"summary_large_image\" \/>\n<meta name=\"twitter:label1\" content=\"Gesch\u00e4tzte Lesezeit\" \/>\n\t<meta name=\"twitter:data1\" content=\"4\u00a0Minuten\" \/>\n<script type=\"application\/ld+json\" class=\"yoast-schema-graph\">{\"@context\":\"https:\/\/schema.org\",\"@graph\":[{\"@type\":\"WebPage\",\"@id\":\"https:\/\/termemarconi.it\/de\/zimmer\/\",\"url\":\"https:\/\/termemarconi.it\/de\/zimmer\/\",\"name\":\"Zimmer - Hotel Terme Marconi - Hotel 3* a Montegrotto Terme\",\"isPartOf\":{\"@id\":\"https:\/\/termemarconi.it\/#website\"},\"datePublished\":\"2022-07-21T13:39:34+00:00\",\"dateModified\":\"2024-08-29T09:00:06+00:00\",\"description\":\"All\u2019Hotel Marconi ci sono diverse tipologie di camere, tutte ugualmente confortevoli e accoglienti, con vista panoramica sui Colli Euganei.\",\"breadcrumb\":{\"@id\":\"https:\/\/termemarconi.it\/de\/zimmer\/#breadcrumb\"},\"inLanguage\":\"de\",\"potentialAction\":[{\"@type\":\"ReadAction\",\"target\":[\"https:\/\/termemarconi.it\/de\/zimmer\/\"]}]},{\"@type\":\"BreadcrumbList\",\"@id\":\"https:\/\/termemarconi.it\/de\/zimmer\/#breadcrumb\",\"itemListElement\":[{\"@type\":\"ListItem\",\"position\":1,\"name\":\"Home\",\"item\":\"https:\/\/termemarconi.it\/de\/\"},{\"@type\":\"ListItem\",\"position\":2,\"name\":\"Zimmer\"}]},{\"@type\":\"WebSite\",\"@id\":\"https:\/\/termemarconi.it\/#website\",\"url\":\"https:\/\/termemarconi.it\/\",\"name\":\"Hotel Terme Marconi - Hotel 3* a Montegrotto Terme\",\"description\":\"Hotel Termale Spa e Piscine a Montegrotto Terme\",\"publisher\":{\"@id\":\"https:\/\/termemarconi.it\/#organization\"},\"potentialAction\":[{\"@type\":\"SearchAction\",\"target\":{\"@type\":\"EntryPoint\",\"urlTemplate\":\"https:\/\/termemarconi.it\/?s={search_term_string}\"},\"query-input\":\"required name=search_term_string\"}],\"inLanguage\":\"de\"},{\"@type\":\"Organization\",\"@id\":\"https:\/\/termemarconi.it\/#organization\",\"name\":\"Hotel Terme Marconi - Hotel 3* a Montegrotto Terme\",\"url\":\"https:\/\/termemarconi.it\/\",\"logo\":{\"@type\":\"ImageObject\",\"inLanguage\":\"de\",\"@id\":\"https:\/\/termemarconi.it\/#\/schema\/logo\/image\/\",\"url\":\"http:\/\/termemarconi.it\/web\/wp-content\/uploads\/2022\/06\/marconi-logo.png\",\"contentUrl\":\"http:\/\/termemarconi.it\/web\/wp-content\/uploads\/2022\/06\/marconi-logo.png\",\"width\":275,\"height\":76,\"caption\":\"Hotel Terme Marconi - Hotel 3* a Montegrotto Terme\"},\"image\":{\"@id\":\"https:\/\/termemarconi.it\/#\/schema\/logo\/image\/\"},\"sameAs\":[\"https:\/\/www.facebook.com\/termemarconi\",\"https:\/\/www.instagram.com\/hotel_terme_marconi\/\"]}]}<\/script>\n<!-- \/ Yoast SEO plugin. -->","yoast_head_json":{"title":"Zimmer - Hotel Terme Marconi - Hotel 3* a Montegrotto Terme","description":"All\u2019Hotel Marconi ci sono diverse tipologie di camere, tutte ugualmente confortevoli e accoglienti, con vista panoramica sui Colli Euganei.","robots":{"index":"index","follow":"follow","max-snippet":"max-snippet:-1","max-image-preview":"max-image-preview:large","max-video-preview":"max-video-preview:-1"},"canonical":"https:\/\/termemarconi.it\/de\/zimmer\/","og_locale":"de_DE","og_type":"article","og_title":"Zimmer - Hotel Terme Marconi - Hotel 3* a Montegrotto Terme","og_description":"All\u2019Hotel Marconi ci sono diverse tipologie di camere, tutte ugualmente confortevoli e accoglienti, con vista panoramica sui Colli Euganei.","og_url":"https:\/\/termemarconi.it\/de\/zimmer\/","og_site_name":"Hotel Terme Marconi - Hotel 3* a Montegrotto Terme","article_publisher":"https:\/\/www.facebook.com\/termemarconi","article_modified_time":"2024-08-29T09:00:06+00:00","twitter_card":"summary_large_image","twitter_misc":{"Gesch\u00e4tzte Lesezeit":"4\u00a0Minuten"},"schema":{"@context":"https:\/\/schema.org","@graph":[{"@type":"WebPage","@id":"https:\/\/termemarconi.it\/de\/zimmer\/","url":"https:\/\/termemarconi.it\/de\/zimmer\/","name":"Zimmer - Hotel Terme Marconi - Hotel 3* a Montegrotto Terme","isPartOf":{"@id":"https:\/\/termemarconi.it\/#website"},"datePublished":"2022-07-21T13:39:34+00:00","dateModified":"2024-08-29T09:00:06+00:00","description":"All\u2019Hotel Marconi ci sono diverse tipologie di camere, tutte ugualmente confortevoli e accoglienti, con vista panoramica sui Colli Euganei.","breadcrumb":{"@id":"https:\/\/termemarconi.it\/de\/zimmer\/#breadcrumb"},"inLanguage":"de","potentialAction":[{"@type":"ReadAction","target":["https:\/\/termemarconi.it\/de\/zimmer\/"]}]},{"@type":"BreadcrumbList","@id":"https:\/\/termemarconi.it\/de\/zimmer\/#breadcrumb","itemListElement":[{"@type":"ListItem","position":1,"name":"Home","item":"https:\/\/termemarconi.it\/de\/"},{"@type":"ListItem","position":2,"name":"Zimmer"}]},{"@type":"WebSite","@id":"https:\/\/termemarconi.it\/#website","url":"https:\/\/termemarconi.it\/","name":"Hotel Terme Marconi - Hotel 3* a Montegrotto Terme","description":"Hotel Termale Spa e Piscine a Montegrotto Terme","publisher":{"@id":"https:\/\/termemarconi.it\/#organization"},"potentialAction":[{"@type":"SearchAction","target":{"@type":"EntryPoint","urlTemplate":"https:\/\/termemarconi.it\/?s={search_term_string}"},"query-input":"required name=search_term_string"}],"inLanguage":"de"},{"@type":"Organization","@id":"https:\/\/termemarconi.it\/#organization","name":"Hotel Terme Marconi - Hotel 3* a Montegrotto Terme","url":"https:\/\/termemarconi.it\/","logo":{"@type":"ImageObject","inLanguage":"de","@id":"https:\/\/termemarconi.it\/#\/schema\/logo\/image\/","url":"http:\/\/termemarconi.it\/web\/wp-content\/uploads\/2022\/06\/marconi-logo.png","contentUrl":"http:\/\/termemarconi.it\/web\/wp-content\/uploads\/2022\/06\/marconi-logo.png","width":275,"height":76,"caption":"Hotel Terme Marconi - Hotel 3* a Montegrotto Terme"},"image":{"@id":"https:\/\/termemarconi.it\/#\/schema\/logo\/image\/"},"sameAs":["https:\/\/www.facebook.com\/termemarconi","https:\/\/www.instagram.com\/hotel_terme_marconi\/"]}]}},"_links":{"self":[{"href":"https:\/\/termemarconi.it\/de\/wp-json\/wp\/v2\/pages\/3463","targetHints":{"allow":["GET"]}}],"collection":[{"href":"https:\/\/termemarconi.it\/de\/wp-json\/wp\/v2\/pages"}],"about":[{"href":"https:\/\/termemarconi.it\/de\/wp-json\/wp\/v2\/types\/page"}],"author":[{"embeddable":true,"href":"https:\/\/termemarconi.it\/de\/wp-json\/wp\/v2\/users\/2"}],"replies":[{"embeddable":true,"href":"https:\/\/termemarconi.it\/de\/wp-json\/wp\/v2\/comments?post=3463"}],"version-history":[{"count":6,"href":"https:\/\/termemarconi.it\/de\/wp-json\/wp\/v2\/pages\/3463\/revisions"}],"predecessor-version":[{"id":4822,"href":"https:\/\/termemarconi.it\/de\/wp-json\/wp\/v2\/pages\/3463\/revisions\/4822"}],"wp:attachment":[{"href":"https:\/\/termemarconi.it\/de\/wp-json\/wp\/v2\/media?parent=3463"}],"curies":[{"name":"wp","href":"https:\/\/api.w.org\/{rel}","templated":true}]}}